{"id":1149,"date":"2019-03-23T21:01:02","date_gmt":"2019-03-23T20:01:02","guid":{"rendered":"http:\/\/la-revolution-therapie.universcghe.fr\/cghe-dt\/hypnotherapie-et-hypnocoaching-formations-2\/"},"modified":"2023-02-07T13:34:10","modified_gmt":"2023-02-07T12:34:10","slug":"hypnotherapie-et-hypnocoachingpnl-formations","status":"publish","type":"page","link":"https:\/\/la-revolution-therapie.universcghe.fr\/cghe-dt\/hypnotherapie-et-hypnocoachingpnl-formations\/","title":{"rendered":"Hypnoth\u00e9rapie et Hypnocoaching+ PNL"},"content":{"rendered":"<p><img fetchpriority=\"high\" decoding=\"async\" class=\"alignnone wp-image-576 size-full\" src=\"http:\/\/la-revolution-therapie.universcghe.fr\/cghe-dt\/wp-content\/uploads\/sites\/12\/2018\/10\/hypnoth\u00e9rapie-et-hypnocoaching.png\" alt=\"\" width=\"1416\" height=\"326\" srcset=\"https:\/\/la-revolution-therapie.universcghe.fr\/cghe-dt\/wp-content\/uploads\/sites\/12\/2018\/10\/hypnoth\u00e9rapie-et-hypnocoaching.png 1416w, https:\/\/la-revolution-therapie.universcghe.fr\/cghe-dt\/wp-content\/uploads\/sites\/12\/2018\/10\/hypnoth\u00e9rapie-et-hypnocoaching-300x69.png 300w, https:\/\/la-revolution-therapie.universcghe.fr\/cghe-dt\/wp-content\/uploads\/sites\/12\/2018\/10\/hypnoth\u00e9rapie-et-hypnocoaching-768x177.png 768w, https:\/\/la-revolution-therapie.universcghe.fr\/cghe-dt\/wp-content\/uploads\/sites\/12\/2018\/10\/hypnoth\u00e9rapie-et-hypnocoaching-1024x236.png 1024w\" sizes=\"(max-width: 1416px) 100vw, 1416px\" \/><\/p>\n<p style=\"text-align: center;\">\n<table id=\"tablepress-6\" class=\"tablepress tablepress-id-6\">\n<thead>\n<tr class=\"row-1\">\n\t<th class=\"column-1\"><h3 style=\"text-align: center;\"><span style=\"color: #000080;\"><strong>FORMATION HYPNOSE PLUSSS<\/strong><\/span><\/h3><\/th>\n<\/tr>\n<\/thead>\n<tbody class=\"row-striping row-hover\">\n<tr class=\"row-2\">\n\t<td class=\"column-1\"><br \/>\n<h3 style=\"text-align: center;\"><strong>Objectifs<\/strong><\/h3><\/td>\n<\/tr>\n<tr class=\"row-3\">\n\t<td class=\"column-1\"><strong>\u00ab Technicien 1 \u00bb Les Bases de l\u2019Hypnose :<br \/>\n<\/strong>A l\u2019Issue de ce Module, Chaque Participant sera en mesure de pratiquer une S\u00e9ance d\u2019Hypnose Ericksonnienne et Humaniste.<br \/>\n<br \/>\n<strong>\u00ab Praticien 1 \u00bb HYPNOCOACHING :<\/strong><br \/>\nA l\u2019Issue de ce Module, Chaque Participant aura acquis le Savoir Etre de l\u2019Hypnocoach et  Saura Effectuer des Interventions de Qualit\u00e9s en Exploitant les Comp\u00e9tences Acquises en Hypnocoaching. <br \/>\n<br \/>\n<strong>\u00ab Praticien 2 \u00bb HYPNOTHERAPIE :<br \/>\n<\/strong>A l\u2019Issue de ce Module, Chaque Participant aura acquis le Savoir Etre de l\u2019Hypnoth\u00e9rapeute et  Saura Effectuer des Interventions de Qualit\u00e9s en Exploitant les Comp\u00e9tences Acquises en Hypnoth\u00e9rapie. <br \/>\n<br \/>\n<strong>Supervision : \u00ab Validation des Acquis \u00bb<\/strong><br \/>\nObtenir la Validation des Acquis<br \/>\nA l'issue de cette Supervision, Chaque Participant sera \u00c9valu\u00e9  sur ses Acquis Th\u00e9oriques par  un examen \u00e0 l'\u00e9crit et sur sa Pratique par une mise en Situation r\u00e9elle, valid\u00e9e gr\u00e2ce \u00e0 une grille de Crit\u00e8res pr\u00e9cise de l'Observation d'une S\u00e9ance.<br \/>\n<br \/>\nLa R\u00e9ussite \u00e0 cette Supervision sera Valid\u00e9 par un Dipl\u00f4me d\u00e9livr\u00e9 par le CGHE<br \/>\n<br \/>\n<strong>PNL : \u00ab Exceller dans Sa Communication \u00bb<\/strong><br \/>\n<br \/>\nSur le Chemin de Ton Evolution Humaine, Tu vas D\u00e9couvrir les Cl\u00e9s de Ton Fonctionnement et de Celui des Autres et Acqu\u00e9rir des Strat\u00e9gies Puissantes et Efficaces pour Mieux Communiquer et donc Mettre en Commun avec Toi M\u2019Aime, Tes Proches et les Autres : D\u00e9tenir les Cl\u00e9s de l\u2019Intelligence Relationnelle : Cl\u00e9s de l\u2019Intelligence et de la Performance.<br \/>\n<br \/>\n<br \/>\n<strong>LES 5 LOIS M\u00c9TAPHYSIQUES : \u00ab Comprendre le Syst\u00e8me Vibratoire Universel et en B\u00e9n\u00e9ficier \u00bb<\/strong><br \/>\n<br \/>\nTu vas Pouvoir aussi Comprendre le Syst\u00e8me Vibratoire Universel et en B\u00e9n\u00e9ficier. En Appliquant les 5 Lois M\u00e9taphysiques au Quotidien, Tu vas T\u2019Elever en Grande Conscience et Savoir Faire des Liens entre le Fonctionnement des Energies Vibratoires de l\u2019Univers et sa Manifestation en Toi, pour Toi, avec Tes Proches, les Autres, l\u2019Humanit\u00e9, la Nature, la Terre, l\u2019Invisible...<br \/>\nTa Compr\u00e9hension va te Relier \u00e0 une Dimension plus Grande, plus Noble, plus Forte, plus Sereine et Rassurante comme une \u00c9vidence du Bon Sens...<br \/>\nTu Vas Ma\u00eetriser Ta Prise de Responsabilit\u00e9 pour Toi, envers l\u2019Univers et Rendre \u00e0 Chacun sa Part de Responsabilit\u00e9 pour Grandir.<br \/>\n<\/td>\n<\/tr>\n<tr class=\"row-4\">\n\t<td class=\"column-1\"><h3 style=\"text-align: center;\"><strong>Comp\u00e9tences Associ\u00e9es<\/strong><\/h3><\/td>\n<\/tr>\n<tr class=\"row-5\">\n\t<td class=\"column-1\"><br \/>\n<strong>\u00ab Technicien 1 \u00bb Les Bases de l\u2019Hypnose :<\/strong><br \/>\nD\u00e9finir L\u2019Hypnose<br \/>\nDistinguer les diff\u00e9rents types d\u2019Hypnose<br \/>\nAcqu\u00e9rir l\u2019Esprit de Pratique<br \/>\nMa\u00eetriser les Outils Indispensables<br \/>\nAppliquer le Protocole d\u2019une S\u00e9ance<br \/>\nRespecter le D\u00e9roulement de la premi\u00e8re S\u00e9ance<strong>\u00ab Technicien 1 \u00bb Les Bases de l\u2019Hypnose :<\/strong><br \/>\nD\u00e9finir L\u2019Hypnose<br \/>\nDistinguer les diff\u00e9rents types d\u2019Hypnose<br \/>\nAcqu\u00e9rir l\u2019Esprit de Pratique<br \/>\nMa\u00eetriser les Outils Indispensables<br \/>\nAppliquer le Protocole d\u2019une S\u00e9ance<br \/>\nRespecter le D\u00e9roulement de la premi\u00e8re S\u00e9ance<br \/>\nSavoir Mener Efficacement la 2eme S\u00e9ance<br \/>\n<br \/>\n<br \/>\n<strong>\u00ab Praticien 1 \u00bb HYPNOCOACHING :<\/strong><br \/>\n-Pr\u00e9senter les Cas d\u2019esp\u00e8ces avec suivis<br \/>\nPr\u00e9senter les Cas d\u2019esp\u00e8ces avec suivis<br \/>\nApprofondir les Compr\u00e9hensions Pratiques<br \/>\nPratiquer l\u2019Hypnose par Skype<br \/>\nR\u00e9aliser une S\u00e9ance avec les Enfants<br \/>\nCompr\u00e9hension du Coaching<br \/>\nEtudier des cas Sp\u00e9cifiques d\u2019Hypno-Coaching (Examens, Concours, Permis de Conduire,pr\u00e9paration \u00e0 l\u2019accouchement, Domaines Sportif, Artistique et Financier\u2026)<br \/>\n<br \/>\n<br \/>\n<strong>\u00ab Praticien 2 \u00bb HYPNOTHERAPIE :<\/strong><br \/>\nMa\u00eetriser l\u2019Auto-Hypnose pour le transmettre aux Patients (Pathologies Lourdes, Gestion de la Douleur, Pr\u00e9paration aux examens et concours, Optimisation de Ressources Sportives, Artistiques, etc\u2026)<br \/>\nAccompagner efficacement la Grossesse et pr\u00e9parer l\u2019accouchement<br \/>\nAppliquer le Protocole pour les personnes victimes du Cancer et autres Maladies Lourdes<br \/>\nTraiter les Addictions (Cigarette, Drogues, Alcool, etc\u2026)<br \/>\nMa\u00eetriser le d\u00e9roulement des S\u00e9ances Th\u00e9rapeutiques et Coaching<br \/>\n<br \/>\n<br \/>\n<strong>Supervision : \u00ab Validation des Acquis \u00bb<\/strong><br \/>\nA l'issue de cette Supervision, Chaque Participant sera \u00c9valu\u00e9  sur ses Acquis Th\u00e9oriques par  un examen \u00e0 l'\u00e9crit et sur sa Pratique par une mise en Situation r\u00e9elle, valid\u00e9e gr\u00e2ce \u00e0 une grille de Crit\u00e8res pr\u00e9cise de l'Observation d'une S\u00e9ance.<br \/>\n<br \/>\nLa R\u00e9ussite \u00e0 cette Supervision sera Valid\u00e9 par un Dipl\u00f4me d\u00e9livr\u00e9 par le CGHE<br \/>\n<br \/>\n<strong>PNL : \u00ab Exceller Dans Sa Communication \u00bb<\/strong><br \/>\n<br \/>\nComprendre Son Propre Mode de Fonctionnement.<br \/>\nReconna\u00eetre le Mode de Fonctionnement de Son Interlocuteur.<br \/>\nMa\u00eetriser les Fonctionnements Verbaux et Non Verbaux en Mati\u00e8re de Communication.<br \/>\nNeutraliser et G\u00e9rer Ses \u00c9motions.<br \/>\nInstaller des Strat\u00e9gies Relationnelles de Succ\u00e8s.<br \/>\nDiriger Efficacement un \u00c9change Relationnel \u00e0 Deux ou en Groupe.<br \/>\nRenforcer Son Assertivit\u00e9 en Mati\u00e8re de Communication<br \/>\n<br \/>\n<br \/>\n<strong>LES 5 LOIS M\u00c9TAPHYSIQUES : \u00ab Comprendre le Syst\u00e8me Vibratoire Universel et en B\u00e9n\u00e9ficier \u00bb<\/strong><br \/>\nIdentifier la Relation entre l\u2019Homme et L\u2019Univers<br \/>\nComprendre et Ma\u00eetriser le Fonctionnement des Lois Universelles<br \/>\nAppliquer Le Code Universel<br \/>\nSavoir B\u00e9n\u00e9ficier des 5 Lois au Quotidien<\/td>\n<\/tr>\n<tr class=\"row-6\">\n\t<td class=\"column-1\"><h3 style=\"text-align: center;\"><strong>Population<\/strong><\/h3><\/td>\n<\/tr>\n<tr class=\"row-7\">\n\t<td class=\"column-1\"><strong>Des Professionnels :<br \/>\n<\/strong>Qui Occupent une Fonction dans la Relation d\u2019Aide et le Domaine de la Sant\u00e9\u2026<br \/>\n<br \/>\n<strong>Secteur M\u00e9dical et Para m\u00e9dical :<\/strong><br \/>\n-M\u00e9decins, G\u00e9n\u00e9ralistes, Sp\u00e9cialistes, Psychiatres, Psychologues, Infirmiers\u2026<br \/>\n-Psychoth\u00e9rapeutes, Th\u00e9rapeutes\u2026<br \/>\n<br \/>\n<strong>Secteur Social :<\/strong><br \/>\n-Conseill\u00e8res Conjugales, Assistantes Sociales, Educateurs Sp\u00e9cialis\u00e9s\u2026<br \/>\n<br \/>\n<strong>Secteur Coaching :<\/strong><br \/>\n<br \/>\n<strong>Des Particuliers :<br \/>\n<\/strong>Toute Personne qui Souhaite Acqu\u00e9rir une Technique Efficace pour aider et guider vers le Mieux-Etre dans un Cadre Professionnel ou Personnel de Relation d\u2019Aide\u2026<br \/>\n<br \/>\n<strong>Pr\u00e9 requis N\u00e9cessaire :<\/strong><br \/>\nAvoir Eu Un Contact avec Martine Clavelli ou un membre de son Equipe<\/td>\n<\/tr>\n<tr class=\"row-8\">\n\t<td class=\"column-1\"><h3 style=\"text-align: center;\"><strong>Contenu<\/strong><\/h3><\/td>\n<\/tr>\n<tr class=\"row-9\">\n\t<td class=\"column-1\"><strong>3 Niveaux et Une Supervision sont Propos\u00e9s :<br \/>\n<\/strong>Technicien 1<br \/>\nPraticien 1<br \/>\nPraticien 2<br \/>\nSupervision : \u00ab Validation des Acquis \u00bb<br \/>\nPNL<br \/>\nLois M\u00e9taphysiques<br \/>\n<br \/>\n<strong>La Formation est d\u00e9compos\u00e9e suivant le plan P\u00e9dagogique suivant :<br \/>\n<\/strong><br \/>\n<br \/>\n<strong>21 Journ\u00e9es de Formation \u00ab Hypnoth\u00e9rapie et Hypno-Coaching\u00bb<\/strong><br \/>\n<br \/>\n-Ma\u00eetriser les Outils Efficaces pour bien Communiquer<br \/>\n-Appliquer le D\u00e9roulement d\u2019une S\u00e9ance<br \/>\n-\u00c9valuer les V\u00e9ritables Besoins de son Interlocuteur<br \/>\n-Accompagner et Guider son Client<br \/>\n-Cr\u00e9er Son Mieux-Etre Physiologique, Psychologique et Bien d\u2019autres Choses Encore !!!<br \/>\n-Installer des Strat\u00e9gies Relationnelles de Succ\u00e8s<br \/>\n-Diriger Efficacement les suivis de S\u00e9ances<br \/>\n-Renforcer son Assertivit\u00e9<br \/>\n-Exceller de par Votre Engagement<br \/>\n<br \/>\n<strong>11 Journ\u00e9es pour \u00ab Exceller dans Sa Communication\u00bb Soit 88 heures de Formation<\/strong><br \/>\nSavoir D\u00e9coder le Fonctionnement Verbal et Non Verbal pour une Communication Appropri\u00e9e.<br \/>\nR\u00e9aliser des Interventions de Qualit\u00e9s par une Communication Active et Efficace.<br \/>\nMettre en Pratique les Connaissances Acquises dans les Liens Contextuels.<br \/>\n<br \/>\n-Savoir D\u00e9coder le Fonctionnement Verbal et Non Verbal pour une Communication Appropri\u00e9e<br \/>\n-R\u00e9aliser des Interventions de Qualit\u00e9s par une Communication Active et Efficace.<br \/>\n-Mettre en Pratique les Connaissances Acquises dans les Liens Contextuels<br \/>\n<br \/>\n<br \/>\n<strong>6 Journ\u00e9es pour \"Comprendre le Syst\u00e8me Vibratoire Universel et en B\u00e9n\u00e9ficier\" soit 48 heures de Formation<\/strong><br \/>\n<br \/>\n5 Journ\u00e9es d\u2019Apprentissage Pour Int\u00e9grer les 5 Lois Universelles<br \/>\n1 Journ\u00e9e de Constellations pour B\u00e9n\u00e9ficier de leurs Energies dans le But de Concr\u00e9tiser Son Objectif<\/td>\n<\/tr>\n<tr class=\"row-10\">\n\t<td class=\"column-1\"><h3 style=\"text-align: center;\"><strong>Dur\u00e9e<\/strong><\/h3><\/td>\n<\/tr>\n<tr class=\"row-11\">\n\t<td class=\"column-1\">Technicien 1 : 6 Jours, soit 48 heures<br \/>\n<br \/>\nPraticien 1 : 6 Jours, soit 48 heures<br \/>\n<br \/>\nPraticien 2 : 6 Jours, soit 48 heures<br \/>\n<br \/>\nSupervision : 4 Jours, soit 32 heures<br \/>\n<br \/>\nPNL : 11 jours, soit 88 heures<br \/>\n<br \/>\nLes 5 Lois M\u00e9taphysiques : 6 jours, soit 48 heures<br \/>\n<\/td>\n<\/tr>\n<tr class=\"row-12\">\n\t<td class=\"column-1\"><h3 style=\"text-align: center;\"><strong>Tarifs<\/strong><\/h3><\/td>\n<\/tr>\n<tr class=\"row-13\">\n\t<td class=\"column-1\"><strong>Formation en Hypnose PLUSSS <\/strong><br \/>\n<br \/>\nPrix: 10300 \u20ac*.<br \/>\n30% d\u2019acompte \u00e0 l\u2019inscription soit 3090\u20ac<br \/>\n<br \/>\nPossibilit\u00e9s de Payer le Solde (apr\u00e8s acompte) en :<br \/>\n<br \/>\n-1 fois \u2026\u2026\u2026\u2026\u2026\u2026\u2026\u2026\u2026\u2026\u2026\u2026\u2026\u2026\u2026\u2026\u2026\u2026\u2026\u2026\u2026\u2026\u2026\u2026\u20267210 \u20ac<br \/>\n-3 fois\u2026\u2026\u2026\u2026\u2026\u2026\u2026\u2026\u2026\u2026\u2026\u2026\u2026\u2026\u2026\u2026\u2026\u2026\u2026\u2026\u2026\u2026\u2026\u2026\u2026.2403 \u20ac<br \/>\n-6 fois\u2026\u2026\u2026\u2026\u2026\u2026\u2026\u2026\u2026\u2026\u2026\u2026\u2026\u2026\u2026\u2026\u2026\u2026\u2026\u2026\u2026\u2026\u2026\u2026....1222 \u20ac**<br \/>\n* Les frais de 50 \u20ac du support de m\u00e9morisation sont en plus, pour chaque Niveau soit 150\u20ac<br \/>\n** Dont 20\u20ac de Frais\/mensuel<\/td>\n<\/tr>\n<\/tbody>\n<\/table>\n<\/p>\n<p>&nbsp;<\/p>\n<p style=\"text-align: center;\"><span style=\"color: #3366ff;\">Clique <strong><a href=\"http:\/\/coaching-developpement-personnel.fr\/Programme_de_Formation\/Hypnose\/Programme-Hypnose-Plusss.pdf\">ICI<\/a> <\/strong>pour t\u00e9l\u00e9charger le programme complet<\/span>.<\/p>\n<p><a href=\"http:\/\/coaching-developpement-personnel.fr\/Programme_de_Formation\/Hypnose\/Programme-Hypnose-Plusss.pdf\"><img decoding=\"async\" class=\"size-full wp-image-1139 aligncenter\" src=\"http:\/\/la-revolution-therapie.universcghe.fr\/cghe-dt\/wp-content\/uploads\/sites\/12\/2019\/03\/klipper_dock.png\" alt=\"\" width=\"128\" height=\"128\" \/><\/a><\/p>\n<hr \/>\n<div class=\"StyleWrapper__StyledWrapper-s8u5u3-0 hOuKeU\" style=\"text-align: center;\">\n<div class=\"TextUi-pgl2n6-0 ejWHYI\">\n<div>\n<p><span style=\"color: #ff0000;\"><strong>Tu veux en Savoir Plus&#8230;<br \/>\n<\/strong><strong>Prends RDV avec Moi en cliquant sur le t\u00e9l\u00e9phone ci-dessous et r\u00e9serve le cr\u00e9neau Horaire qui te Convient !!!!<\/strong><\/span><\/p>\n<p><a href=\"https:\/\/martine-clavelli-23.youcanbook.me\"><del><img decoding=\"async\" class=\"aligncenter wp-image-16092\" src=\"https:\/\/la-revolution-therapie.universcghe.fr\/wp-content\/uploads\/2023\/02\/smiley-tel-1.png\" alt=\"\" width=\"253\" height=\"203\" \/><\/del><\/a><\/p>\n<\/div>\n<\/div>\n<\/div>\n<p style=\"text-align: center;\"><span style=\"color: #ff0000;\"><strong>Je t&rsquo;Explique Tout !!!&#8230;<\/strong><\/span><\/p>\n<hr \/>\n<h1><a href=\"https:\/\/martine-clavelli.com\/webinaire-gratuit\"><img loading=\"lazy\" decoding=\"async\" class=\"size-medium wp-image-5643 aligncenter\" src=\"http:\/\/la-revolution-therapie.universcghe.fr\/wp-content\/uploads\/2017\/05\/En-savoir-plus2-300x109.png\" alt=\"\" width=\"300\" height=\"109\" \/><\/a><\/h1>\n","protected":false},"excerpt":{"rendered":"<p>&nbsp; Clique ICI pour t\u00e9l\u00e9charger le programme complet. Tu veux en Savoir Plus&#8230; Prends RDV avec Moi en cliquant sur<\/p>\n","protected":false},"author":5,"featured_media":0,"parent":0,"menu_order":0,"comment_status":"open","ping_status":"closed","template":"","meta":{"footnotes":""},"class_list":["post-1149","page","type-page","status-publish","hentry"],"aioseo_notices":[],"_links":{"self":[{"href":"https:\/\/la-revolution-therapie.universcghe.fr\/cghe-dt\/wp-json\/wp\/v2\/pages\/1149","targetHints":{"allow":["GET"]}}],"collection":[{"href":"https:\/\/la-revolution-therapie.universcghe.fr\/cghe-dt\/wp-json\/wp\/v2\/pages"}],"about":[{"href":"https:\/\/la-revolution-therapie.universcghe.fr\/cghe-dt\/wp-json\/wp\/v2\/types\/page"}],"author":[{"embeddable":true,"href":"https:\/\/la-revolution-therapie.universcghe.fr\/cghe-dt\/wp-json\/wp\/v2\/users\/5"}],"replies":[{"embeddable":true,"href":"https:\/\/la-revolution-therapie.universcghe.fr\/cghe-dt\/wp-json\/wp\/v2\/comments?post=1149"}],"version-history":[{"count":0,"href":"https:\/\/la-revolution-therapie.universcghe.fr\/cghe-dt\/wp-json\/wp\/v2\/pages\/1149\/revisions"}],"wp:attachment":[{"href":"https:\/\/la-revolution-therapie.universcghe.fr\/cghe-dt\/wp-json\/wp\/v2\/media?parent=1149"}],"curies":[{"name":"wp","href":"https:\/\/api.w.org\/{rel}","templated":true}]}}