{"id":435,"date":"2018-10-27T17:59:34","date_gmt":"2018-10-27T15:59:04","guid":{"rendered":"http:\/\/la-revolution-therapie.universcghe.fr\/cghe-dt\/dup-chantal-viala\/"},"modified":"2018-11-18T19:31:21","modified_gmt":"2018-11-18T18:31:21","slug":"nadege-luyat","status":"publish","type":"page","link":"https:\/\/la-revolution-therapie.universcghe.fr\/cghe-dt\/nadege-luyat\/","title":{"rendered":"Nad\u00e8ge Luyat"},"content":{"rendered":"<img fetchpriority=\"high\" decoding=\"async\" src=\"http:\/\/la-revolution-therapie.universcghe.fr\/cghe-dt\/wp-content\/uploads\/sites\/12\/2018\/10\/DT-Hypnose-1-1024x233.png\" sizes=\"(max-width: 800px) 100vw, 800px\" srcset=\"http:\/\/la-revolution-therapie.universcghe.fr\/cghe-dt\/wp-content\/uploads\/sites\/12\/2018\/10\/DT-Hypnose-1-1024x233.png 1024w, http:\/\/la-revolution-therapie.universcghe.fr\/cghe-dt\/wp-content\/uploads\/sites\/12\/2018\/10\/DT-Hypnose-1-300x68.png 300w, http:\/\/la-revolution-therapie.universcghe.fr\/cghe-dt\/wp-content\/uploads\/sites\/12\/2018\/10\/DT-Hypnose-1-768x174.png 768w, http:\/\/la-revolution-therapie.universcghe.fr\/cghe-dt\/wp-content\/uploads\/sites\/12\/2018\/10\/DT-Hypnose-1.png 1413w\" alt=\"DT et Hypnose\" width=\"800\" height=\"182\" \/>\r\n\r\n<img decoding=\"async\" class=\"wp-image-521 alignleft\" src=\"http:\/\/la-revolution-therapie.universcghe.fr\/cghe-dt\/wp-content\/uploads\/sites\/12\/2018\/10\/Photo-Nade\u0300ge-Luyat-1-2-213x300.jpg\" alt=\"\" width=\"110\" height=\"155\" srcset=\"https:\/\/la-revolution-therapie.universcghe.fr\/cghe-dt\/wp-content\/uploads\/sites\/12\/2018\/10\/Photo-Nade\u0300ge-Luyat-1-2-213x300.jpg 213w, https:\/\/la-revolution-therapie.universcghe.fr\/cghe-dt\/wp-content\/uploads\/sites\/12\/2018\/10\/Photo-Nade\u0300ge-Luyat-1-2.jpg 275w\" sizes=\"(max-width: 110px) 100vw, 110px\" \/>Je suis Nad\u00e8ge Luyat, Neuroth\u00e9rapeute des D\u00e9tachements des Traumatismes\u00ae, Hypnoth\u00e9rapeute et Hypnocoach, et <strong>Sp\u00e9cialis\u00e9e dans la Pose de l\u2019Anneau Gastrique Virtuel<\/strong>, une m\u00e9thode R\u00e9volutionnaire et d\u2019une Grande Efficacit\u00e9\u00a0!!!\r\n<p style=\"text-align: center;\"><span style=\"color: #ff00ff;\"><strong><em>\u00ab\u00a0Il n\u2019y a qu\u2019une chose qui puisse rendre un R\u00eave impossible,\r\nc\u2019est la peur d\u2019\u00e9chouer\u00bb\r\nL\u2019Alchimiste Paulo Coelho<\/em><\/strong><\/span><\/p>\r\n<em>\u00a0<\/em>\r\n\r\nNous sommes de Magnifiques Cr\u00e9ateurs, et en cette p\u00e9riode de Transition, l\u2019\u00c8re du Verseau, il ne tient qu\u2019\u00e0 Chacun d\u2019Entre Nous, de Prendre sa Place. C\u2019est l\u2019\u00c8re de la Responsabilit\u00e9 Individuelle, et OUI, nous pouvons Tout Changer et R\u00e9aliser la Vie de nos R\u00eaves. Pour cela, il faut en avoir Envie, et je peux vous Accompagner sur ce Merveilleux Chemin plein de Belles Surprises Agr\u00e9ables !!!&#8230;\r\n\r\nIl est \u00e9galement important, pour moi, de Partager avec Vous ma Foi In\u00e9branlable en la Vie, en nos Potentialit\u00e9s, dans le Respect de notre Corps et de notre \u00c2me, de qui vous \u00cates R\u00e9ellement, pour Vous Lib\u00e9rer de vos anciennes croyances d\u2019autrefois saboteuses, pour que vous puissiez vous Reconnecter \u00e0 Toute Votre Puissance Cr\u00e9atrice dans l\u2019Amour et le Respect de Vous M\u2019Aime.\r\n\r\n<img decoding=\"async\" class=\"wp-image-522 alignleft\" src=\"http:\/\/la-revolution-therapie.universcghe.fr\/cghe-dt\/wp-content\/uploads\/sites\/12\/2018\/10\/Image-Anneau-Gastric-Virtuel-300x267.jpg\" alt=\"\" width=\"160\" height=\"142\" srcset=\"https:\/\/la-revolution-therapie.universcghe.fr\/cghe-dt\/wp-content\/uploads\/sites\/12\/2018\/10\/Image-Anneau-Gastric-Virtuel-300x267.jpg 300w, https:\/\/la-revolution-therapie.universcghe.fr\/cghe-dt\/wp-content\/uploads\/sites\/12\/2018\/10\/Image-Anneau-Gastric-Virtuel.jpg 539w\" sizes=\"(max-width: 160px) 100vw, 160px\" \/>Sp\u00e9cialis\u00e9e \u00e9galement dans la pose de l\u2019Anneau Gastrique Virtuel, m\u00e9thode R\u00e9volutionnaire et d\u2019une Grande Efficacit\u00e9 dans l\u2019Amour et le Respect de Votre Humanit\u00e9. Stop aux Mutilations\u00a0!!!\r\n\r\nVous avez d\u00e9j\u00e0 tout essay\u00e9\u00a0? Les R\u00e9gimes prot\u00e9in\u00e9s, les jeunes, le comptage des calories, les substituts alimentaires et bien d\u2019autres choses encore\u2026 Vous avez faim, vous \u00eates frustr\u00e9s par les r\u00e9gimes\u2026\r\n\r\n<strong>L\u2019anneau Gastrique Virtuel est fait pour Vous\u00a0!!!<\/strong>\r\n\r\nC\u2019est une Technique non chirurgicale, qui utilise le Pouvoir de l\u2019Hypnose pour changer Efficacement et Durablement vos habitudes alimentaires et votre\u00a0 niveau de Sati\u00e9t\u00e9\u00a0!!!\r\n\r\nBienvenue dans le monde des Plaisirs, des Saveurs, en petite quantit\u00e9, toujours Rassasi\u00e9(e) !!!\r\n\r\nD\u00e9gustez ce qui vous fait Plaisirs et Affinez vous, Facilement, Efficacement et Durablement, dans le Respect de votre Corps, de votre Sant\u00e9 et C\u2019EST FACILE\u00a0! 95% de R\u00e9ussite\u00a0!!!\r\n\r\nC\u2019est un programme Fiable et Complet qui s\u2019adresse \u00e0 tout le monde car l\u2019Hypnose est un \u00c9tat Naturel, Agr\u00e9able et d\u2019une Grande Efficacit\u00e9\u00a0! C\u2019est la partie immerg\u00e9e de l\u2019\u00a0iceberg\u00a0!\r\n\r\n<em>\u00a0<\/em><em>Alors Osez, Contactez-Moi\u00a0!!!<\/em>\r\n<p style=\"text-align: center;\"><strong><span style=\"color: #ff00ff;\"><em>\u00a0\u00cates-Vous pr\u00eat \u00e0 vous Lib\u00e9rer et \u00e0 Devenir Le Cr\u00e9ateur de Votre Vie\u00a0?<\/em><\/span><\/strong><\/p>\r\n<em>\u00a0<\/em>Nad\u00e8ge LUYAT\r\n\r\nReconnexion A soi M\u2019Aime\r\n06-65-35-71-15\r\n\r\n<a href=\"mailto:nadegeluyat.neurotherapeute@gmail.com\">nadegeluyat.neurotherapeute@gmail.com<\/a>\r\nFacebook : @ReconnexionASoiMAime\r\n\r\nM\u00e9tro Cordeliers\r\n33B Rue de la R\u00e9publique\r\n69002 LYON\r\n<p style=\"text-align: center;\"><span style=\"color: #ff0000;\"><strong>Cliquez sur l&rsquo;image ci-dessous et faites votre Test Inconscient\u2026<\/strong><\/span>\r\n<span style=\"color: #ff0000;\"><strong>Un Cadeau vous attend !!!<\/strong><\/span><\/p>\r\n\r\n<div class=\"wp-block-image\">\r\n<figure class=\"aligncenter is-resized\"><a href=\"https:\/\/goo.gl\/forms\/V9N6oEEkwzxVKqkE3\"><img loading=\"lazy\" decoding=\"async\" class=\"wp-image-872 aligncenter\" src=\"http:\/\/la-revolution-therapie.universcghe.fr\/cghe-dt\/wp-content\/uploads\/sites\/12\/2018\/11\/Test-Inconscients.png\" alt=\"Cliquez pour faire Votre Test Inconscient\" width=\"289\" height=\"146\" \/><\/a><\/figure>\r\n<\/div>\r\n","protected":false},"excerpt":{"rendered":"<p>Je suis Nad\u00e8ge Luyat, Neuroth\u00e9rapeute des D\u00e9tachements des Traumatismes\u00ae, Hypnoth\u00e9rapeute et Hypnocoach, et Sp\u00e9cialis\u00e9e dans la Pose de l\u2019Anneau Gastrique<\/p>\n","protected":false},"author":1,"featured_media":0,"parent":0,"menu_order":0,"comment_status":"open","ping_status":"closed","template":"","meta":{"footnotes":""},"class_list":["post-435","page","type-page","status-publish","hentry"],"aioseo_notices":[],"_links":{"self":[{"href":"https:\/\/la-revolution-therapie.universcghe.fr\/cghe-dt\/wp-json\/wp\/v2\/pages\/435","targetHints":{"allow":["GET"]}}],"collection":[{"href":"https:\/\/la-revolution-therapie.universcghe.fr\/cghe-dt\/wp-json\/wp\/v2\/pages"}],"about":[{"href":"https:\/\/la-revolution-therapie.universcghe.fr\/cghe-dt\/wp-json\/wp\/v2\/types\/page"}],"author":[{"embeddable":true,"href":"https:\/\/la-revolution-therapie.universcghe.fr\/cghe-dt\/wp-json\/wp\/v2\/users\/1"}],"replies":[{"embeddable":true,"href":"https:\/\/la-revolution-therapie.universcghe.fr\/cghe-dt\/wp-json\/wp\/v2\/comments?post=435"}],"version-history":[{"count":0,"href":"https:\/\/la-revolution-therapie.universcghe.fr\/cghe-dt\/wp-json\/wp\/v2\/pages\/435\/revisions"}],"wp:attachment":[{"href":"https:\/\/la-revolution-therapie.universcghe.fr\/cghe-dt\/wp-json\/wp\/v2\/media?parent=435"}],"curies":[{"name":"wp","href":"https:\/\/api.w.org\/{rel}","templated":true}]}}