{"id":469,"date":"2018-10-27T17:59:34","date_gmt":"2018-10-27T15:59:04","guid":{"rendered":"http:\/\/la-revolution-therapie.universcghe.fr\/cghe-dt\/dup-sandra-giraud\/"},"modified":"2018-11-18T19:26:42","modified_gmt":"2018-11-18T18:26:42","slug":"julien-bazire","status":"publish","type":"page","link":"https:\/\/la-revolution-therapie.universcghe.fr\/cghe-dt\/julien-bazire\/","title":{"rendered":"Julien Bazire"},"content":{"rendered":"<img fetchpriority=\"high\" decoding=\"async\" class=\"alignnone wp-image-459 size-full\" src=\"http:\/\/la-revolution-therapie.universcghe.fr\/cghe-dt\/wp-content\/uploads\/sites\/12\/2018\/10\/DT.png\" alt=\"\" width=\"1416\" height=\"324\" srcset=\"https:\/\/la-revolution-therapie.universcghe.fr\/cghe-dt\/wp-content\/uploads\/sites\/12\/2018\/10\/DT.png 1416w, https:\/\/la-revolution-therapie.universcghe.fr\/cghe-dt\/wp-content\/uploads\/sites\/12\/2018\/10\/DT-300x69.png 300w, https:\/\/la-revolution-therapie.universcghe.fr\/cghe-dt\/wp-content\/uploads\/sites\/12\/2018\/10\/DT-768x176.png 768w, https:\/\/la-revolution-therapie.universcghe.fr\/cghe-dt\/wp-content\/uploads\/sites\/12\/2018\/10\/DT-1024x234.png 1024w\" sizes=\"(max-width: 1416px) 100vw, 1416px\" \/>\r\n\r\n<img decoding=\"async\" class=\"wp-image-862 alignleft\" src=\"http:\/\/la-revolution-therapie.universcghe.fr\/cghe-dt\/wp-content\/uploads\/sites\/12\/2018\/11\/Julien-Bazire1-1-199x300.jpg\" alt=\"\" width=\"140\" height=\"211\" srcset=\"https:\/\/la-revolution-therapie.universcghe.fr\/cghe-dt\/wp-content\/uploads\/sites\/12\/2018\/11\/Julien-Bazire1-1-199x300.jpg 199w, https:\/\/la-revolution-therapie.universcghe.fr\/cghe-dt\/wp-content\/uploads\/sites\/12\/2018\/11\/Julien-Bazire1-1-768x1159.jpg 768w, https:\/\/la-revolution-therapie.universcghe.fr\/cghe-dt\/wp-content\/uploads\/sites\/12\/2018\/11\/Julien-Bazire1-1-679x1024.jpg 679w, https:\/\/la-revolution-therapie.universcghe.fr\/cghe-dt\/wp-content\/uploads\/sites\/12\/2018\/11\/Julien-Bazire1-1.jpg 800w\" sizes=\"(max-width: 140px) 100vw, 140px\" \/>Depuis tout petit j\u2019\u00e9tais en recherche d\u2019Identit\u00e9, je cherchai mes Racines, A Qui ? A Quoi ? J\u2019\u00e9tais rattach\u00e9 ?\r\nJ\u2019\u00e9tais V\u00e9ritablement en Qu\u00eate de Sens..!!\r\n\r\nJe Grandis avec Ces Recherches Constantes en Moi\u2026 Mes Valises N\u00e9gatives mais aussi celles de mes parents\u2026 Et Oui..!!!\r\n\r\nVers 8 ans mes parents m\u2019ont demand\u00e9 de faire un Choix entre eux car ils divor\u00e7aient.. Impossible pour Moi de le Faire, je suivis ma s\u0153ur, par d\u00e9faut..\r\n\r\nJe travaillais peu \u00e0 l\u2019\u00e9cole et me suis vite retrouv\u00e9 en \u00e9chec scolaire, la Qu\u00eate de Sens et ma recherche d\u2019Identit\u00e9 me pesaient de plus en plus, je Buvais et prenais de la Drogue depuis le d\u00e9but du coll\u00e8ge.\r\n\r\nJe me suis vite retrouv\u00e9 \u00e0 travailler dans diff\u00e9rents domaines, pour aller voir ce qui me Plaisait..\r\n\r\nChaque jour je me levais et allais au travail \u00e0 reculons !!!\r\nJe ne sais comment, mon \u00c9veil arrivait de plus en plus et je m\u2019Ouvrais aux Th\u00e9rapies Alternatives..\r\nJe me suis form\u00e9 au Re\u00efki (soins \u00e9nerg\u00e9tique) pour m\u2019en faire sur moi et aussi sur les Autres !!!\r\n\r\nJ\u2019\u00e9voluais, mais je voulais trouver une Th\u00e9rapie encore Plus Puissante, encore Plus Rapide sur Moi d\u2019Abord et ensuite pour Vous\u2026 Pouvoir Redonner \u00e0 chacun de Vous ce que Je Vivais !!\r\n\r\nC\u2019est \u00e0 une journ\u00e9e partage que j\u2019ai rencontr\u00e9 une Neuroth\u00e9rapeute de D\u00e9tachement de Traumatismes\u00ae, elle m\u2019a fait remplir un Test Inconscient et me l\u2019a Interpr\u00e9t\u00e9..\r\n\r\nJ\u2019ai \u00e9t\u00e9 Bluff\u00e9, Totalement Bluff\u00e9 par Tout ce qu\u2019elle m\u2019a dit !!!&#8230;\r\nGr\u00e2ce \u00e0 ce Test, elle a mis des Mots sur ce que je Ressentais tout au Fond de Moi&#8230;\r\nJe me suis dit que si elle avait pu m\u2019en dire autant sur Moi, elle allait bien pouvoir m\u2019aider \u00e0 me Lib\u00e9rer..!!!!\r\n\r\nJ\u2019ai Pris Rendez-Vous, et suis arriv\u00e9 \u00e0 la S\u00e9ance tr\u00e8s Enthousiaste, j\u2019\u00e9tais Pr\u00eat !!!\r\n\r\nElle m\u2019a expliqu\u00e9 le r\u00f4le des 2 H\u00e9misph\u00e8res, Inconscient et Conscient, \u00e0 partir de Qui et de Quoi ils s\u2019activaient, et ce que \u00e7a Conditionnait dans Ma Vie..!!!\r\n\r\nA ce Moment, La Lumi\u00e8re s\u2019est Allum\u00e9e en Moi, A ce Moment, j\u2019avais d\u00e9j\u00e0 des R\u00e9ponses aux Questions que je me posais depuis des Ann\u00e9es, c\u2019\u00e9tait G\u00e9ant !!!\r\n\r\nFin de S\u00e9ance, je m\u2019\u00e9tais Enti\u00e8rement D\u00e9tach\u00e9 d\u2019une Grosse Probl\u00e9matique, j\u2019\u00e9tais Une Nouvelle Fois Bluff\u00e9 !!!!\r\nJ\u2019ai Compris que cette Formation \u00e9tait pour Moi, pour me Lib\u00e9rer Moi, Et Aussi Pour vous Lib\u00e9rez-Vous\u2026!!!!!\r\n\r\nJ\u2019ai Toujours voulu Aider l\u2019Humain, le Fait d\u2019Aider l\u2019Autre me Passionne, Vos Mots et Vos Maux !!!\r\n\r\nLib\u00e9rez-Vous pour Vous, pour les Autres et pour Nous, L\u2019Uni-Vers un Monde \u00c9veill\u00e9.!!\r\n\r\nLa Vie est Belle, Autorisez Vous \u00e0 Vivre Pleinement la Vie de Vos R\u00eaves..!!\r\n<p style=\"text-align: center;\"><strong><span style=\"color: #ff00ff;\">Aujourd\u2019hui.!! Autorisez Vous \u00e0 \u00catre Vous M\u2019Aime.!!!<\/span><\/strong><\/p>\r\nAujourd\u2019hui.!! Je suis ici avec Vous pour Vous Aider sur Votre Chemin d\u2019\u00c9volution..!!!\r\n\r\nAujourd\u2019hui.!! Osez.!! Contactez-Moi..!!!!\r\n\r\nJulien Bazire, Neuroth\u00e9rapeute de D\u00e9tachement de Traumatismes\u00ae\r\n\r\n22 Route de Saint-L\u00f4\r\n50420 Tessy Bocage\r\n<p style=\"text-align: left;\">06-79-33-95-05\r\n<a href=\"mailto:julienbazire.dt@gmail.com\">julienbazire.dt@gmail.com<\/a><\/p>\r\n<p style=\"text-align: center;\"><strong><span style=\"color: #ff0000;\">Cliquez sur l&rsquo;image ci-dessous et faites votre Test Inconscient\u2026<\/span><\/strong>\r\n<span style=\"color: #ff0000;\"><strong>Un Cadeau vous attend !!!<\/strong><\/span><\/p>\r\n\r\n<div class=\"wp-block-image\">\r\n<figure class=\"aligncenter is-resized\"><a href=\"https:\/\/goo.gl\/forms\/uQsjZbp60hmpOZD53\"><img decoding=\"async\" class=\"wp-image-872 aligncenter\" src=\"http:\/\/la-revolution-therapie.universcghe.fr\/cghe-dt\/wp-content\/uploads\/sites\/12\/2018\/11\/Test-Inconscients.png\" alt=\"Cliquez pour faire Votre Test Inconscient\" width=\"289\" height=\"146\" \/><\/a><\/figure>\r\n<\/div>\r\n","protected":false},"excerpt":{"rendered":"<p>Depuis tout petit j\u2019\u00e9tais en recherche d\u2019Identit\u00e9, je cherchai mes Racines, A Qui ? A Quoi ? J\u2019\u00e9tais rattach\u00e9 ?<\/p>\n","protected":false},"author":1,"featured_media":0,"parent":0,"menu_order":0,"comment_status":"open","ping_status":"closed","template":"","meta":{"footnotes":""},"class_list":["post-469","page","type-page","status-publish","hentry"],"aioseo_notices":[],"_links":{"self":[{"href":"https:\/\/la-revolution-therapie.universcghe.fr\/cghe-dt\/wp-json\/wp\/v2\/pages\/469","targetHints":{"allow":["GET"]}}],"collection":[{"href":"https:\/\/la-revolution-therapie.universcghe.fr\/cghe-dt\/wp-json\/wp\/v2\/pages"}],"about":[{"href":"https:\/\/la-revolution-therapie.universcghe.fr\/cghe-dt\/wp-json\/wp\/v2\/types\/page"}],"author":[{"embeddable":true,"href":"https:\/\/la-revolution-therapie.universcghe.fr\/cghe-dt\/wp-json\/wp\/v2\/users\/1"}],"replies":[{"embeddable":true,"href":"https:\/\/la-revolution-therapie.universcghe.fr\/cghe-dt\/wp-json\/wp\/v2\/comments?post=469"}],"version-history":[{"count":0,"href":"https:\/\/la-revolution-therapie.universcghe.fr\/cghe-dt\/wp-json\/wp\/v2\/pages\/469\/revisions"}],"wp:attachment":[{"href":"https:\/\/la-revolution-therapie.universcghe.fr\/cghe-dt\/wp-json\/wp\/v2\/media?parent=469"}],"curies":[{"name":"wp","href":"https:\/\/api.w.org\/{rel}","templated":true}]}}