{"id":482,"date":"2018-10-27T17:59:34","date_gmt":"2018-10-27T15:59:04","guid":{"rendered":"http:\/\/la-revolution-therapie.universcghe.fr\/cghe-dt\/dup-claude-guyon\/"},"modified":"2020-12-17T15:54:34","modified_gmt":"2020-12-17T14:54:34","slug":"pascale-viala","status":"publish","type":"page","link":"https:\/\/la-revolution-therapie.universcghe.fr\/cghe-dt\/pascale-viala\/","title":{"rendered":"Pascale Viala"},"content":{"rendered":"<p><img fetchpriority=\"high\" decoding=\"async\" class=\"alignnone wp-image-459 size-full\" src=\"http:\/\/la-revolution-therapie.universcghe.fr\/cghe-dt\/wp-content\/uploads\/sites\/12\/2018\/10\/DT.png\" alt=\"\" width=\"1416\" height=\"324\" srcset=\"https:\/\/la-revolution-therapie.universcghe.fr\/cghe-dt\/wp-content\/uploads\/sites\/12\/2018\/10\/DT.png 1416w, https:\/\/la-revolution-therapie.universcghe.fr\/cghe-dt\/wp-content\/uploads\/sites\/12\/2018\/10\/DT-300x69.png 300w, https:\/\/la-revolution-therapie.universcghe.fr\/cghe-dt\/wp-content\/uploads\/sites\/12\/2018\/10\/DT-768x176.png 768w, https:\/\/la-revolution-therapie.universcghe.fr\/cghe-dt\/wp-content\/uploads\/sites\/12\/2018\/10\/DT-1024x234.png 1024w\" sizes=\"(max-width: 1416px) 100vw, 1416px\" \/> <img decoding=\"async\" class=\" wp-image-1207 alignleft\" src=\"https:\/\/la-revolution-therapie.universcghe.fr\/cghe-dt\/wp-content\/uploads\/sites\/12\/2020\/12\/Photo1-PascaleV-1-227x300.jpg\" alt=\"\" width=\"171\" height=\"226\" srcset=\"https:\/\/la-revolution-therapie.universcghe.fr\/cghe-dt\/wp-content\/uploads\/sites\/12\/2020\/12\/Photo1-PascaleV-1-227x300.jpg 227w, https:\/\/la-revolution-therapie.universcghe.fr\/cghe-dt\/wp-content\/uploads\/sites\/12\/2020\/12\/Photo1-PascaleV-1-776x1024.jpg 776w, https:\/\/la-revolution-therapie.universcghe.fr\/cghe-dt\/wp-content\/uploads\/sites\/12\/2020\/12\/Photo1-PascaleV-1-768x1013.jpg 768w, https:\/\/la-revolution-therapie.universcghe.fr\/cghe-dt\/wp-content\/uploads\/sites\/12\/2020\/12\/Photo1-PascaleV-1-1165x1536.jpg 1165w, https:\/\/la-revolution-therapie.universcghe.fr\/cghe-dt\/wp-content\/uploads\/sites\/12\/2020\/12\/Photo1-PascaleV-1.jpg 1458w\" sizes=\"(max-width: 171px) 100vw, 171px\" \/>BienVenue !!<\/p>\r\n<div>\r\n<p>&nbsp;<\/p>\r\n<p>J\u2019accompagne les gens \u00e0 \u201cd\u00e9programmer\u201d les \u00e9motions n\u00e9gatives de leur Vie, tout ce qui les emp\u00eache de s\u2019\u00e9panouir et d\u2019\u00eatre authentiques :<br \/>\u00e7a peut \u00eatre des souvenirs douloureux, des blocages, \u00e9checs, deuils, peurs tristesses ou col\u00e8res intenses\u2026 Ou toute autre chose encore<\/p>\r\n<p>En s\u00e9ance on se d\u00e9barrasse une fois pour toutes des valises et blessures qui te retiennent d\u2019avancer et de te r\u00e9aliser pleinement.<br \/>Comment ? En d\u00e9programmant le cerveau\u2026<br \/>En se basant sur le fonctionnement de l\u2019Inconscient, et en agissant sur les neurones par des stimuli sur les genoux.<br \/>On travaille aussi bien sur des souvenirs conscients qu\u2019avec du symbolisme.<\/p>\r\n<p>Si tu es curieux(se) contacte-moi pour faire ton Test Inconscient, c\u2019est gratuit\u00a0?<\/p>\r\n<p>Un mot sur moi :<br \/>J\u2019ai toujours eu la vocation de r\u00e9soudre les probl\u00e8mes et prendre soin des autres !!<br \/>J\u2019ai d\u2019abord \u00e9t\u00e9 prestataire informatique en entreprise.<br \/>J\u2019aimais \u00e9couter, comprendre les besoins, reformuler, proposer, solutionner, transmettre et recommencer.<br \/>Mais avec mes programmes financiers il manquait l\u2019impact sur la vie concr\u00e8te des gens, et j\u2019ai pu constater la violence relationnelle qui r\u00e8gne parfois dans le monde professionnel.<br \/>J\u2019ai r\u00e9orient\u00e9 ma vie et mes outils pour que les programmes que j\u2019aide \u00e0 modifier soient maintenant ceux des \u00e9motions trop pesantes pour les humains.<\/p>\r\n<p>Contacte-moi pour un Rdv, des questions ou pour avoir ton test inconscient interpr\u00e9t\u00e9.<br \/>Je re\u00e7ois dans le Pays de Gex proche de Gen\u00e8ve (\u00e0 partir de 7 ans).<\/p>\r\n<\/div>\r\n<div>\u00a0<\/div>\r\n<div>Pascale Viala<br \/>Praticienne du DT\u00ae<br \/>+33(0)6 09 94 17 52<br \/>165 rue Cl\u00e9ment Ader,<br \/>01630 Saint Genis Pouilly\r\n<p>&nbsp;<\/p>\r\n<p><b><a href=\"https:\/\/www.facebook.com\/RevolutionneToi\/\" target=\"_blank\" rel=\"noopener\">Suis-moi sur Facebook<\/a><\/b><\/p>\r\n<\/div>\r\n<p style=\"text-align: center;\"><span style=\"color: #ff0000;\"><strong>Cliquez sur l&rsquo;image ci-dessous et faites votre Test Inconscient\u2026<\/strong><\/span> <span style=\"color: #ff0000;\"><strong>Un Cadeau vous attend !!!<\/strong><\/span><\/p>\r\n<div>\r\n<div class=\"gmail_signature\" dir=\"ltr\">\r\n<div dir=\"ltr\">\r\n<div>\r\n<div dir=\"ltr\">\r\n<div>\r\n<div dir=\"ltr\">\r\n<div>\r\n<div dir=\"ltr\">\r\n<div>\r\n<div dir=\"ltr\">\r\n<div>\r\n<div dir=\"ltr\">\r\n<div>\r\n<div dir=\"ltr\">\r\n<div>\r\n<div dir=\"ltr\">\r\n<div>\r\n<div dir=\"ltr\">\r\n<div>\r\n<div dir=\"ltr\">\r\n<div>\r\n<div dir=\"ltr\">\r\n<div dir=\"ltr\">\r\n<div>\u00a0<\/div>\r\n<\/div>\r\n<\/div>\r\n<\/div>\r\n<\/div>\r\n<\/div>\r\n<\/div>\r\n<\/div>\r\n<\/div>\r\n<\/div>\r\n<\/div>\r\n<\/div>\r\n<\/div>\r\n<\/div>\r\n<\/div>\r\n<\/div>\r\n<\/div>\r\n<\/div>\r\n<\/div>\r\n<\/div>\r\n<\/div>\r\n<\/div>\r\n<\/div>\r\n<\/div>\r\n<\/div>\r\n\r\n<div class=\"wp-block-image\">\r\n<figure class=\"aligncenter is-resized\"><a href=\"https:\/\/goo.gl\/forms\/kqKf26fnzvc01fOt2\"><img decoding=\"async\" class=\"wp-image-872 aligncenter\" src=\"http:\/\/la-revolution-therapie.universcghe.fr\/cghe-dt\/wp-content\/uploads\/sites\/12\/2018\/11\/Test-Inconscients.png\" alt=\"Cliquez pour faire Votre Test Inconscient\" width=\"289\" height=\"146\" \/><\/a><\/figure>\r\n<\/div>\r\n","protected":false},"excerpt":{"rendered":"<p>BienVenue !! &nbsp; J\u2019accompagne les gens \u00e0 \u201cd\u00e9programmer\u201d les \u00e9motions n\u00e9gatives de leur Vie, tout ce qui les emp\u00eache de<\/p>\n","protected":false},"author":1,"featured_media":0,"parent":0,"menu_order":0,"comment_status":"open","ping_status":"closed","template":"","meta":{"footnotes":""},"class_list":["post-482","page","type-page","status-publish","hentry"],"aioseo_notices":[],"_links":{"self":[{"href":"https:\/\/la-revolution-therapie.universcghe.fr\/cghe-dt\/wp-json\/wp\/v2\/pages\/482","targetHints":{"allow":["GET"]}}],"collection":[{"href":"https:\/\/la-revolution-therapie.universcghe.fr\/cghe-dt\/wp-json\/wp\/v2\/pages"}],"about":[{"href":"https:\/\/la-revolution-therapie.universcghe.fr\/cghe-dt\/wp-json\/wp\/v2\/types\/page"}],"author":[{"embeddable":true,"href":"https:\/\/la-revolution-therapie.universcghe.fr\/cghe-dt\/wp-json\/wp\/v2\/users\/1"}],"replies":[{"embeddable":true,"href":"https:\/\/la-revolution-therapie.universcghe.fr\/cghe-dt\/wp-json\/wp\/v2\/comments?post=482"}],"version-history":[{"count":0,"href":"https:\/\/la-revolution-therapie.universcghe.fr\/cghe-dt\/wp-json\/wp\/v2\/pages\/482\/revisions"}],"wp:attachment":[{"href":"https:\/\/la-revolution-therapie.universcghe.fr\/cghe-dt\/wp-json\/wp\/v2\/media?parent=482"}],"curies":[{"name":"wp","href":"https:\/\/api.w.org\/{rel}","templated":true}]}}