{"id":579,"date":"2018-10-28T15:45:34","date_gmt":"2018-10-28T14:45:13","guid":{"rendered":"http:\/\/la-revolution-therapie.universcghe.fr\/cghe-dt\/dup-le-detachement-des-traumatismes\/"},"modified":"2018-11-04T17:15:31","modified_gmt":"2018-11-04T16:15:31","slug":"hypnotherapie-et-hypnocoaching","status":"publish","type":"page","link":"https:\/\/la-revolution-therapie.universcghe.fr\/cghe-dt\/hypnotherapie-et-hypnocoaching\/","title":{"rendered":"Hypnoth\u00e9rapie et Hypnocoaching"},"content":{"rendered":"<p><img fetchpriority=\"high\" decoding=\"async\" class=\"alignnone wp-image-576 size-full\" src=\"http:\/\/la-revolution-therapie.universcghe.fr\/cghe-dt\/wp-content\/uploads\/sites\/12\/2018\/10\/hypnoth\u00e9rapie-et-hypnocoaching.png\" alt=\"\" width=\"1416\" height=\"326\" srcset=\"https:\/\/la-revolution-therapie.universcghe.fr\/cghe-dt\/wp-content\/uploads\/sites\/12\/2018\/10\/hypnoth\u00e9rapie-et-hypnocoaching.png 1416w, https:\/\/la-revolution-therapie.universcghe.fr\/cghe-dt\/wp-content\/uploads\/sites\/12\/2018\/10\/hypnoth\u00e9rapie-et-hypnocoaching-300x69.png 300w, https:\/\/la-revolution-therapie.universcghe.fr\/cghe-dt\/wp-content\/uploads\/sites\/12\/2018\/10\/hypnoth\u00e9rapie-et-hypnocoaching-768x177.png 768w, https:\/\/la-revolution-therapie.universcghe.fr\/cghe-dt\/wp-content\/uploads\/sites\/12\/2018\/10\/hypnoth\u00e9rapie-et-hypnocoaching-1024x236.png 1024w\" sizes=\"(max-width: 1416px) 100vw, 1416px\" \/><\/p>\n<p align=\"justify\"><strong>L\u2019Hypnose<\/strong> fascine et fait peur \u00e0 la fois!!!\u2026 Bien qu\u2019aujourd\u2019hui le corps m\u00e9dical l\u2019utilise de plus en plus pour des anesth\u00e9sies au bloc op\u00e9ratoire\u2026Pour les douleurs\u2026Pour les pr\u00e9parations \u00e0 l\u2019accouchement et bien d\u2019autres choses encore\u2026<\/p>\n<p align=\"justify\">Mais qu\u2019en est-il v\u00e9ritablement?\u2026Qu\u2019est-ce que l\u2019Hypnose?\u2026<\/p>\n<p align=\"justify\">Tout d\u2019abord <strong>Hypnose<\/strong> vient du grec <strong>Hypnosis<\/strong> qui signifie le \u00ab\u00a0Dieu du sommeil\u00a0\u00bb<\/p>\n<p align=\"left\">En effet\u2026De fa\u00e7on tout \u00e0 fait M\u00e9taphorique\u2026L\u2019hypnose \u00e9voque l\u2019id\u00e9e selon laquelle la Divinit\u00e9 sommeille en nous\u2026<br \/>\nEntendons nous bien\u2026Divinit\u00e9\u2026Puissance\u2026\u00c9nergie\u2026<strong>Potentiel<\/strong>\u2026 Richesses\u2026<strong>Inconscient<\/strong>\u2026<strong>Subconscient<\/strong> etc.\u2026Signifient la m\u00eame chose.<\/p>\n<p align=\"justify\"><strong>L\u2019Inconscient<\/strong> a une logique globale diff\u00e9rente du C<strong>onscient<\/strong>, avec de nombreux possibles inexploit\u00e9s.<\/p>\n<p align=\"justify\"><strong>L\u2019Hypnose<\/strong> consiste donc \u00e0 ce qu\u2019une personne sugg\u00e8re \u00e0 cette partie qui est en vous les <strong>Objectifs<\/strong> que vous d\u00e9sirez:<\/p>\n<ul>\n<li>\n<div align=\"justify\">Comp\u00e9tences<\/div>\n<\/li>\n<li>\n<div align=\"justify\">Ressources<\/div>\n<\/li>\n<li>\n<div align=\"justify\">Capacit\u00e9s<\/div>\n<\/li>\n<li>\n<div align=\"justify\">Attitudes<\/div>\n<\/li>\n<li>\n<div align=\"justify\">Comportements<\/div>\n<\/li>\n<li>\n<div align=\"justify\">Et bien d\u2019autres choses encore\u2026<\/div>\n<\/li>\n<\/ul>\n<p align=\"justify\">L\u2019Hypnose d\u00e9signe <strong>\u201cla Technique<\/strong> <strong>par les mots<\/strong>\u201d par laquelle une personne met une autre personne en \u00e9tat modifi\u00e9 de conscience (<strong>EMC<\/strong>), <strong>\u201cpour la Lib\u00e9rer de ses Maux\u201d.<\/strong><\/p>\n<p><strong>L\u2019hypnose est un Etat Naturel<br \/>\n<\/strong>En effet, nous sommes tous plusieurs fois par jour en EMC\u2026<br \/>\nDes exemples ? Quand vous \u00eates dans la lune\u2026Quand le feu passe au vert, vous le voyez passer au vert, vous \u00eates l\u00e0 sans \u00eatre l\u00e0, c\u2019est le klaxon du voisin, qui vous ram\u00e8ne \u00e0 la conscience bien ici et maintenant.<\/p>\n<p><strong>L\u2019Hypnose est Tout sauf une forme de sommeil<\/strong><br \/>\nLes recherches \u00e9lectro-enc\u00e9phalographiques ne r\u00e9v\u00e8lent aucune similitude entre <strong>l\u2019hypnose<\/strong> et le <strong>sommeil profond<\/strong> ou <strong>paradoxal<\/strong>.<br \/>\nEn EMC, la personne reste consciente d\u2019un bout \u00e0 l\u2019autre de la s\u00e9ance d\u2019hypnose. La partie inconsciente de son esprit peut se charger d\u2019une <strong>amn\u00e9sie partielle<\/strong> des moments-cl\u00e9s.<\/p>\n<p align=\"justify\"><strong>L\u2019Hypnose est une Technique qui s\u2019apprend<br \/>\n<\/strong>La pratique de l\u2019hypnose est accessible \u00e0 tous par simple apprentissage, aucun charme ensorcelant\u2026 Il suffit d\u2019avoir une ouverture d\u2019esprit, de la foi, de la pr\u00e9cision, de l\u2019humanisme et de l\u2019engagement\u2026<\/p>\n<p><strong>L\u2019Hypnose c\u2019est de la Manipulation<br \/>\n<\/strong>Oui, l\u2019Hypnoth\u00e9rapeute ou l&rsquo;Hypnocoach\u00a0 vous manipule pour atteindre vos objectifs comme le kin\u00e9sith\u00e9rapeute vous manipule pour vous soulager de vos maux.<br \/>\nTout est une question de Confiance et d\u2019\u00c9thique\u2026 Mais comme pour toute profession !!!<\/p>\n<p><strong>L\u2019hypnose demande un Engagement Conscient<br \/>\n<\/strong><br \/>\n<strong>L\u2019Hypnose n\u2019est que des Mots pour panser les Maux<br \/>\n<\/strong><br \/>\n<strong>L\u2019hypnose Th\u00e9rapeutique consiste \u00e0 utiliser cette technique pour am\u00e9liorer la vie du patient\u2026<br \/>\n<\/strong>(extraits du livre Hypnose d&rsquo;Olivier Lockert qui m&rsquo;a form\u00e9 \u00e0 l&rsquo;Hypnose Ericksonnienne et Humaniste, Merci Olivier)<strong><br \/>\n<\/strong><\/p>\n<p align=\"justify\"><strong>Il y a diff\u00e9rents types d\u2019hypnose:<\/strong><\/p>\n<ul>\n<li>\n<div align=\"justify\"><strong>L\u2019hypnose Classique (M\u00e9dicale, spectacle, de rue\u2026)<\/strong><\/div>\n<\/li>\n<li>\n<div align=\"justify\"><strong>L\u2019hypnose Ericksonnienne<\/strong><\/div>\n<\/li>\n<li>\n<div align=\"justify\"><strong>La nouvelle Hypnose<\/strong><\/div>\n<\/li>\n<li>\n<div align=\"justify\"><strong>L\u2019hypnose Humaniste<\/strong><\/div>\n<\/li>\n<\/ul>\n<p align=\"justify\">On peut utiliser l\u2019Hypnose soit pour de la Th\u00e9rapie (Maux de Corps, Douleurs Physiques, Psychiques\u2026)<br \/>\nPar exemple : D\u00e9pression, verrues, poids, cigarette, accompagnement lors d\u2019un Cancer\u2026<\/p>\n<p align=\"justify\">ou pour du Coaching (acquisition de Ressources, Comp\u00e9tences, Attitudes, Comportements, Besoins:<br \/>\nPar exemple: Pr\u00e9paration examens, concours, oraux, \u00e9crits, code, conduite, sports, artistiques, financiers\u2026<\/p>\n<p align=\"justify\">Nous organisons chaque ann\u00e9e une Formation en Hypnose\u2026 Restez connect\u00e9(e)\u2026<\/p>\n<p align=\"justify\">Donnez-moi vos avis, commentaires, exp\u00e9riences et laissez-moi vos questions, interrogations sur le sujet.<br \/>\nJe me ferai un Plaisir de vous r\u00e9pondre.<\/p>\n<p style=\"text-align: center;\" align=\"justify\"><span style=\"color: #ff00ff;\"><strong>Aux Plaisirs de Vous Aider sur Votre Chemin d\u2019\u00c9volution et de R\u00e9alisation !!!&#8230;<\/strong><\/span><\/p>\n<p align=\"justify\">Martine Clavelli<\/p>\n","protected":false},"excerpt":{"rendered":"<p>L\u2019Hypnose fascine et fait peur \u00e0 la fois!!!\u2026 Bien qu\u2019aujourd\u2019hui le corps m\u00e9dical l\u2019utilise de plus en plus pour des<\/p>\n","protected":false},"author":1,"featured_media":0,"parent":0,"menu_order":0,"comment_status":"open","ping_status":"closed","template":"","meta":{"footnotes":""},"class_list":["post-579","page","type-page","status-publish","hentry"],"aioseo_notices":[],"_links":{"self":[{"href":"https:\/\/la-revolution-therapie.universcghe.fr\/cghe-dt\/wp-json\/wp\/v2\/pages\/579","targetHints":{"allow":["GET"]}}],"collection":[{"href":"https:\/\/la-revolution-therapie.universcghe.fr\/cghe-dt\/wp-json\/wp\/v2\/pages"}],"about":[{"href":"https:\/\/la-revolution-therapie.universcghe.fr\/cghe-dt\/wp-json\/wp\/v2\/types\/page"}],"author":[{"embeddable":true,"href":"https:\/\/la-revolution-therapie.universcghe.fr\/cghe-dt\/wp-json\/wp\/v2\/users\/1"}],"replies":[{"embeddable":true,"href":"https:\/\/la-revolution-therapie.universcghe.fr\/cghe-dt\/wp-json\/wp\/v2\/comments?post=579"}],"version-history":[{"count":0,"href":"https:\/\/la-revolution-therapie.universcghe.fr\/cghe-dt\/wp-json\/wp\/v2\/pages\/579\/revisions"}],"wp:attachment":[{"href":"https:\/\/la-revolution-therapie.universcghe.fr\/cghe-dt\/wp-json\/wp\/v2\/media?parent=579"}],"curies":[{"name":"wp","href":"https:\/\/api.w.org\/{rel}","templated":true}]}}