{"id":584,"date":"2018-10-28T15:45:34","date_gmt":"2018-10-28T14:45:13","guid":{"rendered":"http:\/\/la-revolution-therapie.universcghe.fr\/cghe-dt\/dup-le-detachement-des-traumatismes\/"},"modified":"2023-02-07T08:22:34","modified_gmt":"2023-02-07T07:22:34","slug":"le-detachement-des-traumatismes-formations","status":"publish","type":"page","link":"https:\/\/la-revolution-therapie.universcghe.fr\/cghe-dt\/le-detachement-des-traumatismes-formations\/","title":{"rendered":"Le D\u00e9tachement des Traumatismes"},"content":{"rendered":"<p><img fetchpriority=\"high\" decoding=\"async\" class=\"alignnone wp-image-577 size-full\" src=\"http:\/\/la-revolution-therapie.universcghe.fr\/cghe-dt\/wp-content\/uploads\/sites\/12\/2018\/10\/le-detachement-des-traumatismes-1.png\" alt=\"\" width=\"1416\" height=\"325\" srcset=\"https:\/\/la-revolution-therapie.universcghe.fr\/cghe-dt\/wp-content\/uploads\/sites\/12\/2018\/10\/le-detachement-des-traumatismes-1.png 1416w, https:\/\/la-revolution-therapie.universcghe.fr\/cghe-dt\/wp-content\/uploads\/sites\/12\/2018\/10\/le-detachement-des-traumatismes-1-300x69.png 300w, https:\/\/la-revolution-therapie.universcghe.fr\/cghe-dt\/wp-content\/uploads\/sites\/12\/2018\/10\/le-detachement-des-traumatismes-1-768x176.png 768w, https:\/\/la-revolution-therapie.universcghe.fr\/cghe-dt\/wp-content\/uploads\/sites\/12\/2018\/10\/le-detachement-des-traumatismes-1-1024x235.png 1024w\" sizes=\"(max-width: 1416px) 100vw, 1416px\" \/><\/p>\n<p style=\"text-align: center;\"><span style=\"color: #0000ff;\">\n<table id=\"tablepress-5\" class=\"tablepress tablepress-id-5\">\n<thead>\n<tr class=\"row-1\">\n\t<th class=\"column-1\"><h3 style=\"text-align: center;\"><span style=\"color: #000080;\"><strong>FORMATION DE D\u00c9TACHEMENT DES TRAUMATISMES\u00ae<\/strong><\/span><\/h3><\/th>\n<\/tr>\n<\/thead>\n<tbody class=\"row-striping row-hover\">\n<tr class=\"row-2\">\n\t<td class=\"column-1\"><h3 style=\"text-align: center;\"><strong>Objectif<\/strong><\/h3><\/td>\n<\/tr>\n<tr class=\"row-3\">\n\t<td class=\"column-1\">A l\u2019Issue de cette Formation, Chaque Participant Saura Effectuer des Interventions de Qualit\u00e9s en Exploitant les Comp\u00e9tences Acquises<\/td>\n<\/tr>\n<tr class=\"row-4\">\n\t<td class=\"column-1\"><h3 style=\"text-align: center;\"><strong>Comp\u00e9tences Associ\u00e9es<\/strong><\/h3><\/td>\n<\/tr>\n<tr class=\"row-5\">\n\t<td class=\"column-1\">-Ma\u00eetriser les Outils Efficaces pour bien Communiquer.<br \/>\n-Appliquer le D\u00e9roulement d\u2019une S\u00e9ance.<br \/>\n-Evaluer les V\u00e9ritables Besoins de son Interlocuteur.<br \/>\n-Identifier et Isoler le Sentiment N\u00e9gatif<br \/>\n-Traiter le Traumatisme.<br \/>\n-Installer des Strat\u00e9gies Relationnelles de Succ\u00e8s.<br \/>\n-Diriger Efficacement une S\u00e9ance de D\u00e9tachement des Traumatismes\u00ae et son Suivi.<br \/>\n-Traiter Efficacement les Probl\u00e8mes de : Deuil...Phobie\u2026Allergies\u2026Cigarette\u2026Poids et Prosp\u00e9rit\u00e9 Financi\u00e8re<br \/>\n-Renforcer son Assertivit\u00e9.<br \/>\n-Comprendre Son Propre Mode de Fonctionnement.<br \/>\n-Reconna\u00eetre le Mode de Fonctionnement de Son Interlocuteur.<br \/>\n-Ma\u00eetriser les Fonctionnements Verbaux et Non Verbaux en Mati\u00e8re de Communication.<br \/>\n-Neutraliser et G\u00e9rer Ses \u00c9motions.<br \/>\n-Installer des Strat\u00e9gies Relationnelles de Succ\u00e8s.<br \/>\n-Diriger Efficacement un Echange Relationnel \u00e0 Deux ou en Groupe.<br \/>\n-Renforcer Son Assertivit\u00e9 en Mati\u00e8re de Communication.<br \/>\n-Ma\u00eetriser toutes les Techniques d\u2019Accompagnement du Couple.<br \/>\n-Identifier la Relation entre l\u2019Homme et L\u2019Univers.<br \/>\n-Comprendre et Ma\u00eetriser le Fonctionnement des Lois Universelles.<br \/>\n-Appliquer Le Code Universel.<br \/>\n-B\u00e9n\u00e9ficier des 5 Lois au Quotidien.<br \/>\n-Transmettre les B\u00e9n\u00e9fices des 5 Lois.<br \/>\n-Renforcer ses Acquis.<br \/>\n<br \/>\nD\u2019autre part, \u00e0 l\u2019issue de cette Offre, Chaque Participant aura b\u00e9n\u00e9fici\u00e9 de 10 S\u00e9ances Individualis\u00e9es Personnelles Guid\u00e9es.<br \/>\n<br \/>\nDe plus, Chaque Participant repartira avec :<br \/>\n-Le Pack de Tous les Documents de S\u00e9ance pr\u00eats \u00e0 l\u2019emploi, pour son Activit\u00e9.<br \/>\n-Le Pack de Toutes les D\u00e9marches Administratives pour s\u2019installer.<\/td>\n<\/tr>\n<tr class=\"row-6\">\n\t<td class=\"column-1\"><h3 style=\"text-align: center;\"><strong>Population<\/strong><\/h3><\/td>\n<\/tr>\n<tr class=\"row-7\">\n\t<td class=\"column-1\"><strong>Des professionnels<br \/>\n<\/strong>Qui Occupent une Fonction dans la Relation d\u2019Aide et le Domaine de la Sant\u00e9\u2026<br \/>\n-Secteur M\u00e9dical et Para m\u00e9dical :<br \/>\n-M\u00e9decins, G\u00e9n\u00e9ralistes, Sp\u00e9cialistes, Psychiatres, Psychologues\u2026<br \/>\n-Psychoth\u00e9rapeutes, Th\u00e9rapeutes\u2026<br \/>\n-Secteur Social :<br \/>\n-Conseill\u00e8res Conjugales, Assistantes Sociales, \u00c9ducateurs Sp\u00e9cialis\u00e9s\u2026<br \/>\n<br \/>\n<strong>Des particuliers<\/strong><br \/>\nToute Personne qui Souhaite Commencer une Nouvelle Activit\u00e9 dans la Relation d\u2019Aide<br \/>\nToute Personne retrait\u00e9e qui Souhaite D\u00e9velopper une Activit\u00e9 annexe et Contribuer au mieux-\u00eatre de l\u2019Humanit\u00e9\u2026<br \/>\n<br \/>\n<strong>Pr\u00e9 requis n\u00e9cessaire<\/strong><br \/>\nEntretien avec Martine Clavelli<\/td>\n<\/tr>\n<tr class=\"row-8\">\n\t<td class=\"column-1\"><h3 style=\"text-align: center;\"><strong>Contenu<\/strong><\/h3><\/td>\n<\/tr>\n<tr class=\"row-9\">\n\t<td class=\"column-1\"><strong>D\u00e9tachement des Traumatismes\u00ae :<br \/>\n<\/strong>-Niveau 1 : \u00ab Technicien de D\u00e9tachement des Traumatismes \u00bb<br \/>\n-Niveau 2 : \u00ab Praticien de D\u00e9tachement des Traumatismes \u00bb<br \/>\n-Supervision : \u00ab Validation des Acquis \u00bb<br \/>\n<br \/>\n<strong>11 Journ\u00e9es de Formation \u00ab Les Ateliers PNL\u00bb<br \/>\n<\/strong>-Savoir D\u00e9coder le Fonctionnement Verbal et Non Verbal pour une Communication Appropri\u00e9e<br \/>\n-R\u00e9aliser des Interventions de Qualit\u00e9s par une Communication Active et Efficace.<br \/>\n-Mettre en Pratique les Connaissances Acquises dans les Liens Contextuels<br \/>\n<br \/>\n<strong>6 Journ\u00e9es de Formation \u00ab Les Lois M\u00e9taphysiques \u00bb<br \/>\n<\/strong>-5 Journ\u00e9es d\u2019Apprentissage Pour Int\u00e9grer les Lois Universelles<br \/>\n-1 Journ\u00e9e de Constellations pour B\u00e9n\u00e9ficier de leurs \u00c9nergies dans le But de Concr\u00e9tiser Son Objectif<br \/>\n<br \/>\n<strong>10 S\u00e9ances Individualis\u00e9es Personnelles guid\u00e9es<\/strong><br \/>\n<br \/>\n<br \/>\n<strong>1 Pack \u00ab Documents de S\u00e9ance \u00bb pr\u00eat \u00e0 l\u2019emploi<\/strong><br \/>\n<br \/>\n<strong>1 Pack \u00ab D\u00e9marches Administratives \u00bb<\/strong><br \/>\n<br \/>\n<strong>R\u00e9ussite Couple<br \/>\n<\/strong>3 Journ\u00e9es de Formation pour Ma\u00eetriser toutes les Techniques d\u2019Accompagnement du Couple<\/td>\n<\/tr>\n<tr class=\"row-10\">\n\t<td class=\"column-1\"><h3 style=\"text-align: center;\"><strong>Dur\u00e9e<\/strong><\/h3><\/td>\n<\/tr>\n<tr class=\"row-11\">\n\t<td class=\"column-1\"><strong>D\u00e9tachement des Traumatismes\u00ae :<br \/>\n<\/strong>-Niveau 1 : \u00ab Technicien \u00bb 8 Jours, soit 64 heures<br \/>\n-Niveau 2 : \u00ab Praticien \u00bb 7 Jours, soit 56 heures<br \/>\n-Supervision : \u00ab Validation des Acquis \u00bb 2 Jours, soit 16 heures<br \/>\n<br \/>\n<strong>Formation \u00ab Les Ateliers PNL\u00bb<br \/>\n<\/strong>-11 Jours, soit 88 heures<br \/>\n<br \/>\n<strong>Formation \u00ab Les Lois M\u00e9taphysiques \u00bb<br \/>\n<\/strong>-6 Jours, soit 48 heures<br \/>\n<br \/>\n<strong>10 Consultations Th\u00e9rapeutiques Personnelles<br \/>\n<\/strong>-1 fois Tous les 2 Mois<br \/>\n<br \/>\n<br \/>\n<strong>Th\u00e9rapie de Couple<br \/>\n<\/strong>-3 Jours, soit 24 heures<\/td>\n<\/tr>\n<tr class=\"row-12\">\n\t<td class=\"column-1\"><h3 style=\"text-align: center;\"><strong>Tarif<\/strong><\/h3><\/td>\n<\/tr>\n<tr class=\"row-13\">\n\t<td class=\"column-1\"><strong>Offre Expert : <\/strong><br \/>\n<br \/>\nPrix:<br \/>\n<strong>Formation \u00ab DT\u00ae \u00bb<\/strong><br \/>\n .....................................................................................\u2026\u2026\u2026\u2026\u2026\u2026\u2026\u2026\u2026\u2026.\u2026\u2026..3745\u20ac<br \/>\n<br \/>\n<strong>Formation \u00ab Les Ateliers PNL \u00bb<\/strong><br \/>\n .....................................................................................\u2026\u2026\u2026\u2026\u2026\u2026\u2026\u2026\u2026\u2026.\u2026\u2026..2100\u20ac<br \/>\n<br \/>\n<strong>Formation \u00ab Th\u00e9rapie de Couple \u00bb<\/strong><br \/>\n .....................................................................................\u2026\u2026\u2026\u2026\u2026\u2026\u2026\u2026\u2026\u2026.\u2026.\u2026....815\u20ac<br \/>\n<br \/>\n<strong>Formation \u00ab Les Lois M\u00e9taphysiques \u00bb<\/strong><br \/>\n .....................................................................................\u2026\u2026\u2026\u2026\u2026\u2026\u2026\u2026\u2026\u2026.\u2026.....1300\u20ac<br \/>\n<br \/>\n<strong>10 Consultations Th\u00e9rapeutiques Personnelles guid\u00e9es<\/strong><br \/>\n .....................................................................................\u2026\u2026\u2026\u2026\u2026\u2026\u2026\u2026\u2026\u2026.\u2026\u2026..1600\u20ac<br \/>\n<br \/>\n<br \/>\n<strong>Pack \u00ab Documents Th\u00e9rapeutiques \u00bb pr\u00eats \u00e0 l\u2019emploi<\/strong><br \/>\n .....................................................................................\u2026\u2026\u2026\u2026\u2026\u2026\u2026\u2026\u2026\u2026.\u2026\u2026....800\u20ac<br \/>\n<br \/>\n<strong>Pack \u00ab D\u00e9marches Administratives \u00bb <\/strong><br \/>\n .....................................................................................\u2026\u2026\u2026\u2026\u2026\u2026\u2026\u2026\u2026\u2026.\u2026\u2026....700\u20ac<br \/>\n<br \/>\nTotal\u2026\u2026\u2026\u2026\u2026\u2026\u2026\u2026\u2026\u2026\u2026\u2026\u2026...........................................................................11060\u20ac<br \/>\n<br \/>\n30% d\u2019acompte \u00e0 l\u2019inscription soit 3318\u20ac<br \/>\n*+310\u20ac frais de supports p\u00e9dagogiques<br \/>\nPossibilit\u00e9s de Payer le Solde (apr\u00e8s acompte) en :<br \/>\n<br \/>\n1 fois \u2026\u2026\u2026\u2026\u2026\u2026\u2026\u2026\u2026\u2026\u2026\u2026\u2026\u2026\u2026\u2026\u2026\u2026\u2026\u2026\u2026.........\u2026\u2026\u2026\u20267742\u20ac<br \/>\n3 fois\u2026\u2026\u2026\u2026\u2026\u2026\u2026\u2026\u2026\u2026\u2026\u2026\u2026\u2026\u2026\u2026\u2026\u2026\u2026\u2026\u2026\u2026\u2026\u2026.........\u2026.2581\u20ac<br \/>\n6 fois\u2026\u2026\u2026\u2026\u2026\u2026\u2026\u2026\u2026\u2026\u2026\u2026\u2026\u2026\u2026\u2026\u2026\u2026\u2026\u2026\u2026\u2026\u2026\u2026.........\u20261310\u20ac**<br \/>\n**(Dont 20\u20ac de frais\/mensuel)<br \/>\n<br \/>\nAlors \u2026 Osez !!<br \/>\nEt<br \/>\nAux Plaisirs de Vous Accueillir et de Vous Aider sur Votre Chemin de R\u00e9alisation\u2026<br \/>\n<br \/>\nPour Tous Renseignements et Inscriptions\u2026 Contactez-Nous :<br \/>\nTel : 04 76 55 92 63\/ 06 14 89 97 05<br \/>\nE-Mail : martine.clavelli@cghe.fr<\/td>\n<\/tr>\n<\/tbody>\n<\/table>\n<br \/>\n<\/span><span style=\"color: #0000ff;\">Clique <strong><a href=\"http:\/\/coaching-developpement-personnel.fr\/Programme_de_Formation\/DT\/Programme-Offre-Expert.pdf\">ICI<\/a> <\/strong>pour t\u00e9l\u00e9charger le programme complet.<\/span><\/p>\n<p><a href=\"http:\/\/coaching-developpement-personnel.fr\/Programme_de_Formation\/DT\/Programme-Offre-Expert.pdf\"><img decoding=\"async\" class=\"size-full wp-image-1139 aligncenter\" src=\"http:\/\/la-revolution-therapie.universcghe.fr\/cghe-dt\/wp-content\/uploads\/sites\/12\/2019\/03\/klipper_dock.png\" alt=\"\" width=\"128\" height=\"128\" \/><\/a><\/p>\n<hr \/>\n<div class=\"StyleWrapper__StyledWrapper-s8u5u3-0 hOuKeU\">\n<div class=\"TextUi-pgl2n6-0 ejWHYI\">\n<div>\n<p style=\"text-align: center;\"><span style=\"color: #ff0000;\"><strong>Tu veux en Savoir Plus&#8230;<br \/>\n<\/strong><strong>Prends RDV avec Moi en cliquant sur le t\u00e9l\u00e9phone ci-dessous et r\u00e9serve le cr\u00e9neau Horaire qui te Convient !!!!<\/strong><\/span><\/p>\n<p><a href=\"https:\/\/martine-clavelli-23.youcanbook.me\"><img decoding=\"async\" class=\"aligncenter wp-image-16092\" src=\"https:\/\/la-revolution-therapie.universcghe.fr\/wp-content\/uploads\/2023\/02\/smiley-tel-1.png\" alt=\"\" width=\"242\" height=\"195\" \/><\/a><\/p>\n<\/div>\n<\/div>\n<\/div>\n<p style=\"text-align: center;\"><span style=\"color: #ff0000;\"><strong>Je t&rsquo;Explique Tout !!!&#8230;<\/strong><\/span><\/p>\n<h1 style=\"text-align: center;\"><\/h1>\n<hr \/>\n<h1 style=\"text-align: center;\"><a href=\"https:\/\/martine-clavelli.com\/webinaire-gratuit\"><img loading=\"lazy\" decoding=\"async\" class=\"size-medium wp-image-5643 aligncenter\" src=\"http:\/\/la-revolution-therapie.universcghe.fr\/wp-content\/uploads\/2017\/05\/En-savoir-plus2-300x109.png\" alt=\"\" width=\"300\" height=\"109\" \/><\/a><\/h1>\n","protected":false},"excerpt":{"rendered":"<p>Clique ICI pour t\u00e9l\u00e9charger le programme complet. Tu veux en Savoir Plus&#8230; Prends RDV avec Moi en cliquant sur le<\/p>\n","protected":false},"author":1,"featured_media":0,"parent":0,"menu_order":0,"comment_status":"open","ping_status":"closed","template":"","meta":{"footnotes":""},"class_list":["post-584","page","type-page","status-publish","hentry"],"aioseo_notices":[],"_links":{"self":[{"href":"https:\/\/la-revolution-therapie.universcghe.fr\/cghe-dt\/wp-json\/wp\/v2\/pages\/584","targetHints":{"allow":["GET"]}}],"collection":[{"href":"https:\/\/la-revolution-therapie.universcghe.fr\/cghe-dt\/wp-json\/wp\/v2\/pages"}],"about":[{"href":"https:\/\/la-revolution-therapie.universcghe.fr\/cghe-dt\/wp-json\/wp\/v2\/types\/page"}],"author":[{"embeddable":true,"href":"https:\/\/la-revolution-therapie.universcghe.fr\/cghe-dt\/wp-json\/wp\/v2\/users\/1"}],"replies":[{"embeddable":true,"href":"https:\/\/la-revolution-therapie.universcghe.fr\/cghe-dt\/wp-json\/wp\/v2\/comments?post=584"}],"version-history":[{"count":0,"href":"https:\/\/la-revolution-therapie.universcghe.fr\/cghe-dt\/wp-json\/wp\/v2\/pages\/584\/revisions"}],"wp:attachment":[{"href":"https:\/\/la-revolution-therapie.universcghe.fr\/cghe-dt\/wp-json\/wp\/v2\/media?parent=584"}],"curies":[{"name":"wp","href":"https:\/\/api.w.org\/{rel}","templated":true}]}}