{"id":599,"date":"2018-10-28T15:45:34","date_gmt":"2018-10-28T14:45:13","guid":{"rendered":"http:\/\/la-revolution-therapie.universcghe.fr\/cghe-dt\/dup-la-pnl\/"},"modified":"2018-11-15T21:33:30","modified_gmt":"2018-11-15T20:33:30","slug":"formation-les-lois-metaphysiques","status":"publish","type":"page","link":"https:\/\/la-revolution-therapie.universcghe.fr\/cghe-dt\/formation-les-lois-metaphysiques\/","title":{"rendered":"Les Lois M\u00e9taphysiques"},"content":{"rendered":"<p><img fetchpriority=\"high\" decoding=\"async\" class=\"alignnone wp-image-601 size-full\" src=\"http:\/\/la-revolution-therapie.universcghe.fr\/cghe-dt\/wp-content\/uploads\/sites\/12\/2018\/10\/Les-Lois-M\u00e9taphysiques.png\" alt=\"\" width=\"1413\" height=\"324\" srcset=\"https:\/\/la-revolution-therapie.universcghe.fr\/cghe-dt\/wp-content\/uploads\/sites\/12\/2018\/10\/Les-Lois-M\u00e9taphysiques.png 1413w, https:\/\/la-revolution-therapie.universcghe.fr\/cghe-dt\/wp-content\/uploads\/sites\/12\/2018\/10\/Les-Lois-M\u00e9taphysiques-300x69.png 300w, https:\/\/la-revolution-therapie.universcghe.fr\/cghe-dt\/wp-content\/uploads\/sites\/12\/2018\/10\/Les-Lois-M\u00e9taphysiques-768x176.png 768w, https:\/\/la-revolution-therapie.universcghe.fr\/cghe-dt\/wp-content\/uploads\/sites\/12\/2018\/10\/Les-Lois-M\u00e9taphysiques-1024x235.png 1024w\" sizes=\"(max-width: 1413px) 100vw, 1413px\" \/><\/p>\n<p style=\"text-align: center;\">\n<table id=\"tablepress-8\" class=\"tablepress tablepress-id-8\">\n<thead>\n<tr class=\"row-1\">\n\t<th class=\"column-1\"><h3 style=\"text-align: center;\"><span style=\"color: #000080;\"><strong>STAGE LOIS METAPHYSIQUES<\/strong><\/span><\/h3><\/th>\n<\/tr>\n<\/thead>\n<tbody class=\"row-striping row-hover\">\n<tr class=\"row-2\">\n\t<td class=\"column-1\"><h3 style=\"text-align: center;\"><strong>Objectifs<\/strong><\/h3><\/td>\n<\/tr>\n<tr class=\"row-3\">\n\t<td class=\"column-1\">A l\u2019issue de ce Stage\u2026chaque Participant sera en mesure d\u2019Appliquer les Lois Universelles au Quotidien afin de B\u00e9n\u00e9ficier de leur Puissance dans la Concr\u00e9tisation de Ses Objectifs et d\u2019\u00catre en Harmonie Avec le Code de Fonctionnement de l\u2019Univers... Inter Reli\u00e9 \u00e0 l\u2019\u00c9nergie Universelle\u2026<\/td>\n<\/tr>\n<tr class=\"row-4\">\n\t<td class=\"column-1\"><h3 style=\"text-align: center;\"><strong>Comp\u00e9tences Associ\u00e9es<\/strong><\/h3><\/td>\n<\/tr>\n<tr class=\"row-5\">\n\t<td class=\"column-1\">-Identifier la Relation entre l\u2019Homme et L\u2019Univers<br \/>\n-Comprendre et Maitriser le Fonctionnement des Lois Universelles<br \/>\n-Appliquer Le Code Universel<br \/>\n-Savoir B\u00e9n\u00e9ficier des 5 Lois au Quotidien<\/td>\n<\/tr>\n<tr class=\"row-6\">\n\t<td class=\"column-1\"><h3 style=\"text-align: center;\"><strong>Population<\/strong><\/h3><\/td>\n<\/tr>\n<tr class=\"row-7\">\n\t<td class=\"column-1\"><strong>Toute Personne<\/strong> qui Souhaite Conna\u00eetre le code qui R\u00e9git l\u2019Univers\u2026Apprendre et Respecter Ses Lois Universelles Qui s\u2019Imposent \u00e0 Chaque Etre Humain\u2026Afin d\u2019Agir et de Mieux Vivre au quotidien\u2026<br \/>\n<br \/>\n<strong><u>Pr\u00e9 requis N\u00e9cessaire <\/u>:<\/strong> Aucun<\/td>\n<\/tr>\n<tr class=\"row-8\">\n\t<td class=\"column-1\"><h3 style=\"text-align: center;\"><strong>Contenu<\/strong><\/h3><\/td>\n<\/tr>\n<tr class=\"row-9\">\n\t<td class=\"column-1\"><strong>6 Journ\u00e9es de stage sont Propos\u00e9es<\/strong><br \/>\n<br \/>\n<strong>-<\/strong>Savoir D\u00e9coder le Fonctionnement Verbal et Non Verbal pour une Communication Appropri\u00e9e<br \/>\nComprendre le Fonctionnement de l\u2019Univers<br \/>\n-La Loi de l\u2019Attraction<br \/>\n-La Loi du Clan<br \/>\n-La loi de l\u2019Action\/R\u00e9action et la Loi du Retour<br \/>\n-La Loi de l\u2019Amplitude et La Pens\u00e9e Cr\u00e9atrice<br \/>\n-B\u00e9n\u00e9ficier des Energies de l\u2019Univers : Constellations<br \/>\n<br \/>\n<\/td>\n<\/tr>\n<tr class=\"row-10\">\n\t<td class=\"column-1\"><h3 style=\"text-align: center;\"><strong>Dur\u00e9e<\/strong><\/h3><\/td>\n<\/tr>\n<tr class=\"row-11\">\n\t<td class=\"column-1\">5 Journ\u00e9es d\u2019Apprentissage Pour Int\u00e9grer les Lois Universelles<br \/>\n1 Journ\u00e9e de Constellation pour B\u00e9n\u00e9ficier de leurs Energies dans le But de Concr\u00e9tiser Son Objectif<br \/>\n<\/td>\n<\/tr>\n<tr class=\"row-12\">\n\t<td class=\"column-1\"><h3 style=\"text-align: center;\"><strong>Tarifs<\/strong><\/h3><\/td>\n<\/tr>\n<tr class=\"row-13\">\n\t<td class=\"column-1\">Soit 960\u20ac* pour la Totalit\u00e9 du stage<br \/>\n*+50 \u20ac de support de m\u00e9morisation <br \/>\n<br \/>\n30% Acompte \u00e0 l\u2019inscription soit 288\u20ac<br \/>\n<br \/>\nPossibilit\u00e9 de payer le Solde apr\u00e8s acompte en :<br \/>\n<br \/>\n1 fois\u2026\u2026\u2026\u2026\u2026\u2026\u2026\u2026\u2026\u2026\u2026..\u2026\u2026...672\u20ac<br \/>\n2 fois\u2026\u2026\u2026\u2026\u2026\u2026\u2026\u2026\u2026\u2026.\u2026\u2026\u2026... 336\u20ac<br \/>\n3 fois\u2026\u2026\u2026\u2026\u2026\u2026\u2026\u2026\u2026\u2026\u2026\u2026.\u2026... 224\u20ac<br \/>\n<br \/>\n<\/td>\n<\/tr>\n<\/tbody>\n<\/table>\n<\/p>\n<p style=\"text-align: left;\">Cliquez <strong><a title=\"Pack Formation Th\u00e9rapie offre Expert\" href=\"http:\/\/coaching-developpement-personnel.fr\/Programme_de_Formation\/Pack-Therapies\/Programme-Offre-Expert.pdf\" target=\"_self\">ICI<\/a> <\/strong>pour t\u00e9l\u00e9charger le programme complet.<br \/>\n<a href=\"https:\/\/martine-clavelli.youcanbook.me\/\">Renseignements Formations: prenez un RDV t\u00e9l\u00e9phonique avec Martine Clavelli<\/a><\/p>\n<h1><a href=\"http:\/\/la-revolution-therapie.universcghe.fr\/les-5-lois-universelles\/page-de-vente-lmp-tn\/\"><img decoding=\"async\" class=\"size-medium wp-image-5643 aligncenter\" src=\"http:\/\/la-revolution-therapie.universcghe.fr\/wp-content\/uploads\/2017\/05\/En-savoir-plus2-300x109.png\" alt=\"\" width=\"300\" height=\"109\" \/><\/a><\/h1>\n","protected":false},"excerpt":{"rendered":"<p>Cliquez ICI pour t\u00e9l\u00e9charger le programme complet. Renseignements Formations: prenez un RDV t\u00e9l\u00e9phonique avec Martine Clavelli<\/p>\n","protected":false},"author":1,"featured_media":0,"parent":0,"menu_order":0,"comment_status":"open","ping_status":"closed","template":"","meta":{"footnotes":""},"class_list":["post-599","page","type-page","status-publish","hentry"],"aioseo_notices":[],"_links":{"self":[{"href":"https:\/\/la-revolution-therapie.universcghe.fr\/cghe-dt\/wp-json\/wp\/v2\/pages\/599","targetHints":{"allow":["GET"]}}],"collection":[{"href":"https:\/\/la-revolution-therapie.universcghe.fr\/cghe-dt\/wp-json\/wp\/v2\/pages"}],"about":[{"href":"https:\/\/la-revolution-therapie.universcghe.fr\/cghe-dt\/wp-json\/wp\/v2\/types\/page"}],"author":[{"embeddable":true,"href":"https:\/\/la-revolution-therapie.universcghe.fr\/cghe-dt\/wp-json\/wp\/v2\/users\/1"}],"replies":[{"embeddable":true,"href":"https:\/\/la-revolution-therapie.universcghe.fr\/cghe-dt\/wp-json\/wp\/v2\/comments?post=599"}],"version-history":[{"count":0,"href":"https:\/\/la-revolution-therapie.universcghe.fr\/cghe-dt\/wp-json\/wp\/v2\/pages\/599\/revisions"}],"wp:attachment":[{"href":"https:\/\/la-revolution-therapie.universcghe.fr\/cghe-dt\/wp-json\/wp\/v2\/media?parent=599"}],"curies":[{"name":"wp","href":"https:\/\/api.w.org\/{rel}","templated":true}]}}