{"id":960,"date":"2018-10-27T17:59:34","date_gmt":"2018-10-27T15:59:34","guid":{"rendered":"http:\/\/la-revolution-therapie.universcghe.fr\/cghe-dt\/dup-marion-roche\/"},"modified":"2019-01-08T20:31:59","modified_gmt":"2019-01-08T19:31:59","slug":"nathalie-deverrewaere","status":"publish","type":"page","link":"https:\/\/la-revolution-therapie.universcghe.fr\/cghe-dt\/nathalie-deverrewaere\/","title":{"rendered":"Nathalie Deverrewaere"},"content":{"rendered":"<p><em><img fetchpriority=\"high\" decoding=\"async\" class=\"alignnone wp-image-459 size-full\" src=\"http:\/\/la-revolution-therapie.universcghe.fr\/cghe-dt\/wp-content\/uploads\/sites\/12\/2018\/10\/DT.png\" alt=\"\" width=\"1416\" height=\"324\" srcset=\"https:\/\/la-revolution-therapie.universcghe.fr\/cghe-dt\/wp-content\/uploads\/sites\/12\/2018\/10\/DT.png 1416w, https:\/\/la-revolution-therapie.universcghe.fr\/cghe-dt\/wp-content\/uploads\/sites\/12\/2018\/10\/DT-300x69.png 300w, https:\/\/la-revolution-therapie.universcghe.fr\/cghe-dt\/wp-content\/uploads\/sites\/12\/2018\/10\/DT-768x176.png 768w, https:\/\/la-revolution-therapie.universcghe.fr\/cghe-dt\/wp-content\/uploads\/sites\/12\/2018\/10\/DT-1024x234.png 1024w\" sizes=\"(max-width: 1416px) 100vw, 1416px\" \/><img decoding=\"async\" class=\" wp-image-966 alignleft\" src=\"http:\/\/la-revolution-therapie.universcghe.fr\/cghe-dt\/wp-content\/uploads\/sites\/12\/2018\/11\/Nathalie-D-1-213x300.jpg\" alt=\"\" width=\"121\" height=\"171\" srcset=\"https:\/\/la-revolution-therapie.universcghe.fr\/cghe-dt\/wp-content\/uploads\/sites\/12\/2018\/11\/Nathalie-D-1-213x300.jpg 213w, https:\/\/la-revolution-therapie.universcghe.fr\/cghe-dt\/wp-content\/uploads\/sites\/12\/2018\/11\/Nathalie-D-1-768x1081.jpg 768w, https:\/\/la-revolution-therapie.universcghe.fr\/cghe-dt\/wp-content\/uploads\/sites\/12\/2018\/11\/Nathalie-D-1-727x1024.jpg 727w, https:\/\/la-revolution-therapie.universcghe.fr\/cghe-dt\/wp-content\/uploads\/sites\/12\/2018\/11\/Nathalie-D-1.jpg 1294w\" sizes=\"(max-width: 121px) 100vw, 121px\" \/><\/em>Apr\u00e8s avoir b\u00e9n\u00e9fici\u00e9 de la th\u00e9rapie du D\u00e9tachement de Traumatismes\u00ae qui m\u2019a radicalement <strong>transform\u00e9e<\/strong> et <strong>lib\u00e9r\u00e9e<\/strong> de nombreux fardeaux et comportements r\u00e9p\u00e9titifs, j\u2019ai voulu, \u00e0 mon tour, donner la possibilit\u00e9 \u00e0 d\u2019autres de vivre ce <strong>changement b\u00e9n\u00e9fique<\/strong> vers le mieux-\u00eatre.<\/p>\r\n<p>En faisant l\u2019inventaire de mes <strong>comp\u00e9tences<\/strong> et <strong>talents naturels<\/strong> tourn\u00e9s vers les autres, je me suis rendu compte que j\u2019avais d\u00e9j\u00e0 de solides bases qui ne demandaient qu\u2019\u00e0 s\u2019\u00e9toffer. J\u2019ai donc suivi une <strong>formation<\/strong> tr\u00e8s compl\u00e8te sur cette nouvelle technique th\u00e9rapeutique issue de l\u2019EMDR (mouvements oculaires) et am\u00e9lior\u00e9e il y a presque 20 ans par Martine Clavelli.<\/p>\r\n<p>Cette <strong>th\u00e9rapie br\u00e8ve<\/strong> permet de d\u00e9programmer les \u00e9motions n\u00e9gatives enregistr\u00e9es au niveau inconscient par notre cerveau afin de se lib\u00e9rer de ce qui nous emp\u00eache d\u2019avancer. Au del\u00e0\u00a0 de cet apprentissage, cette formation m\u2019a aussi permis de prendre conscience de la contribution que je pouvais apporter \u00e0 l\u2019\u00e9volution d\u2019un <strong>monde meilleur<\/strong>, en accompagnant l\u2019individu vers une \u00e9l\u00e9vation de soi. <strong>Le D\u00e9tachement des Traumatismes\u00ae <\/strong> <u>Pour qui? <\/u><\/p>\r\n<ul>\r\n<li>Vous avez des <strong>\u00e9motions n\u00e9gatives<\/strong> qui vous emp\u00eachent de vivre sereinement<\/li>\r\n<li>Vous avez perdu un \u00eatre cher et\u2028cette p\u00e9riode de <strong>deuil<\/strong> vous semble insurmontable<\/li>\r\n<li><strong>Obtenez un mieux \u00eatre <\/strong><\/li>\r\n<\/ul>\r\n<p><strong>\u00a0<\/strong><\/p>\r\n<ul>\r\n<li>Vous avez des <strong>addictions<\/strong> (alcool, tabac, drogues, jeux&#8230;) dont vous aimeriez vous lib\u00e9rer<\/li>\r\n<li>Vous avez un <strong>probl\u00e8me de poids<\/strong> (Anorexie, Ob\u00e9sit\u00e9, Boulimie) dont vous souhaitez vous d\u00e9barrasser<\/li>\r\n<li>Votre <strong>Mal-Etre<\/strong> fini par se r\u00e9percuter sur votre sant\u00e9 avec de nombreux sympt\u00f4mes<\/li>\r\n<li><strong>Gardez la sant\u00e9 <\/strong><\/li>\r\n<\/ul>\r\n<p><strong>\u00a0<\/strong><\/p>\r\n<ul>\r\n<li>Vous souffrez de <strong>phobies<\/strong> qui vous empoisonnent la vie<\/li>\r\n<li><strong>Vous paniquez<\/strong> \u00e0 l\u2019approche d\u2019un \u00e9v\u00e9nement (examen, intervention chirurgicale, voyage en avion)<\/li>\r\n<li>Vous faites toujours le m\u00eame <strong>cauchemar <\/strong>qui vous terrorise ou un seul a \u00e9t\u00e9 extr\u00eamement perturbant<\/li>\r\n<li><strong>Sentez-vous lib\u00e9r\u00e9 <\/strong><\/li>\r\n<\/ul>\r\n<ul>\r\n<li>Votre <strong>enfant<\/strong> a des difficult\u00e9s de relations avec vous ou avec les autres, ou des blocages \u00e0 l\u2019\u00e9cole<\/li>\r\n<li>Vous avez l\u2019impression que <strong>tout va de travers<\/strong> dans votre vie<\/li>\r\n<li>Votre <strong>couple<\/strong> traverse une crise et vous souhaitez vous faire aider.<\/li>\r\n<li>Vous avez des <strong>probl\u00e8mes d\u2019argent<\/strong> r\u00e9current et vous aimeriez que \u00e7a change<\/li>\r\n<li>Vous \u00eates perdu(e) et vous ne savez plus quelle direction prendre<\/li>\r\n<li><strong>\u00c9vitez de rester englu\u00e9 dans les difficult\u00e9s<\/strong><\/li>\r\n<\/ul>\r\n<p><strong>Autorisez vous !!\u2026 <\/strong> <strong>\u00a0<\/strong><strong>Le D\u00e9tachement de Traumatismes\u00ae <\/strong>est une technique Th\u00e9rapeutique<strong> R\u00e9volutionnaire<\/strong> cr\u00e9e, il y a presque 20 ans par <strong>Martine Clavelli<\/strong>. C\u2019est un outil tr\u00e8s efficace et tr\u00e8s puissant pour vous aider \u00e0 <strong>d\u00e9programmer<\/strong> les anciens sch\u00e9mas inconscients et <strong>d\u00e9sactiver <\/strong>d\u00e9finitivement\u00a0 les ressentis n\u00e9gatifs li\u00e9s \u00e0 ce que nous avons v\u00e9cu il y a 5, 10, 15, 20, 30 ans voir m\u00eame plus\u2026 <strong>\u00a0<\/strong><\/p>\r\n<p>Avec le D\u00e9tachement de Traumatismes\u00ae, les enfants, d\u00e8s l\u2019\u00e2ge de 7ans, les ados, les adultes, les couples\u2026 peuvent b\u00e9n\u00e9ficier d\u2019une th\u00e9rapie br\u00e8ve et efficace d\u00e8s la premi\u00e8re s\u00e9ance. <strong>\u00a0<\/strong><strong>\u00a0<\/strong><\/p>\r\n<p>Je vous propose l\u2019interpr\u00e9tation de votre test inconscient gratuitement pour faire le point sur vos besoins, \u00e7a vous int\u00e9resse ? \u00a0<\/p>\r\n<p><strong>Alors Osez\u00a0!!<\/strong> <strong>\u00a0<\/strong>Contactez moi\u00a0:<\/p>\r\n<p><strong>Nathalie DEVERREWAERE <\/strong><strong>Neuro-th\u00e9rapeute de D\u00e9tachement de Traumatismes\u00ae <br \/><\/strong><strong>Mont\u00e9limar (26200)<\/strong> <br \/>Mail\u00a0: <a href=\"mailto:Nathalie.dev10@hotmail.com\">Nathalie.dev10@hotmail.com<\/a> <br \/>T\u00e9l\u00a0: <strong>07 81 55 88 35<\/strong><\/p>\r\n<p style=\"text-align: center;\"><span style=\"color: #ff0000;\"><strong>Cliquez sur l&rsquo;image ci-dessous et faites votre Test Inconscient\u2026<\/strong><\/span> <span style=\"color: #ff0000;\"><strong>Un Cadeau vous attend !!!<\/strong><\/span><\/p>\r\n\r\n<div class=\"wp-block-image\">\r\n<figure class=\"aligncenter is-resized\"><a href=\"https:\/\/goo.gl\/forms\/ieVoQ7twNGRcb5mc2\"><img decoding=\"async\" class=\"wp-image-872 aligncenter\" src=\"http:\/\/la-revolution-therapie.universcghe.fr\/cghe-dt\/wp-content\/uploads\/sites\/12\/2018\/11\/Test-Inconscients.png\" alt=\"Cliquez pour faire Votre Test Inconscient\" width=\"289\" height=\"146\" \/><\/a><\/figure>\r\n<\/div>\r\n<p><em><\/em><\/p>","protected":false},"excerpt":{"rendered":"<p>Apr\u00e8s avoir b\u00e9n\u00e9fici\u00e9 de la th\u00e9rapie du D\u00e9tachement de Traumatismes\u00ae qui m\u2019a radicalement transform\u00e9e et lib\u00e9r\u00e9e de nombreux fardeaux et<\/p>\n","protected":false},"author":1,"featured_media":0,"parent":0,"menu_order":0,"comment_status":"open","ping_status":"closed","template":"","meta":{"footnotes":""},"class_list":["post-960","page","type-page","status-publish","hentry"],"aioseo_notices":[],"_links":{"self":[{"href":"https:\/\/la-revolution-therapie.universcghe.fr\/cghe-dt\/wp-json\/wp\/v2\/pages\/960","targetHints":{"allow":["GET"]}}],"collection":[{"href":"https:\/\/la-revolution-therapie.universcghe.fr\/cghe-dt\/wp-json\/wp\/v2\/pages"}],"about":[{"href":"https:\/\/la-revolution-therapie.universcghe.fr\/cghe-dt\/wp-json\/wp\/v2\/types\/page"}],"author":[{"embeddable":true,"href":"https:\/\/la-revolution-therapie.universcghe.fr\/cghe-dt\/wp-json\/wp\/v2\/users\/1"}],"replies":[{"embeddable":true,"href":"https:\/\/la-revolution-therapie.universcghe.fr\/cghe-dt\/wp-json\/wp\/v2\/comments?post=960"}],"version-history":[{"count":0,"href":"https:\/\/la-revolution-therapie.universcghe.fr\/cghe-dt\/wp-json\/wp\/v2\/pages\/960\/revisions"}],"wp:attachment":[{"href":"https:\/\/la-revolution-therapie.universcghe.fr\/cghe-dt\/wp-json\/wp\/v2\/media?parent=960"}],"curies":[{"name":"wp","href":"https:\/\/api.w.org\/{rel}","templated":true}]}}