{"id":99,"date":"2018-10-25T15:31:34","date_gmt":"2018-10-25T13:31:38","guid":{"rendered":"http:\/\/la-revolution-therapie.universcghe.fr\/cghe-dt\/?page_id=99"},"modified":"2018-11-04T17:08:49","modified_gmt":"2018-11-04T16:08:49","slug":"therapies","status":"publish","type":"page","link":"https:\/\/la-revolution-therapie.universcghe.fr\/cghe-dt\/therapies\/","title":{"rendered":"Th\u00e9rapies"},"content":{"rendered":"<p><img fetchpriority=\"high\" decoding=\"async\" class=\"alignnone wp-image-634 size-full\" src=\"http:\/\/la-revolution-therapie.universcghe.fr\/cghe-dt\/wp-content\/uploads\/sites\/12\/2018\/10\/La-Th\u00e9rapie.png\" alt=\"\" width=\"1409\" height=\"322\" srcset=\"https:\/\/la-revolution-therapie.universcghe.fr\/cghe-dt\/wp-content\/uploads\/sites\/12\/2018\/10\/La-Th\u00e9rapie.png 1409w, https:\/\/la-revolution-therapie.universcghe.fr\/cghe-dt\/wp-content\/uploads\/sites\/12\/2018\/10\/La-Th\u00e9rapie-300x69.png 300w, https:\/\/la-revolution-therapie.universcghe.fr\/cghe-dt\/wp-content\/uploads\/sites\/12\/2018\/10\/La-Th\u00e9rapie-768x176.png 768w, https:\/\/la-revolution-therapie.universcghe.fr\/cghe-dt\/wp-content\/uploads\/sites\/12\/2018\/10\/La-Th\u00e9rapie-1024x234.png 1024w\" sizes=\"(max-width: 1409px) 100vw, 1409px\" \/><\/p>\n<ul>\n<li><u>Le Monde de Votre Changement<\/u>:<\/li>\n<\/ul>\n<p>Jusqu&rsquo;\u00e0 nos jours&#8230; Il \u00e9tait de coutume de croire que le Changement Psychologique d\u2019un Individu ne pouvait se faire que sur une th\u00e9rapie \u00e0 long terme&#8230; Co\u00fbteuse&#8230; Et difficile. Au CGHE nous Reconnaissons \u00e0 l\u2019\u00catre Humain (C\u0153ur\u2026 Esprit \u2026Corps\u2026) l\u2019Aptitude d\u2019Encoder et de D\u00e9coder&#8230; De D\u00e9programmer et de Reprogrammer&#8230; Efficacement\u2026Rapidement et Simplement\u2026. C\u2019est Possible\u00a0!!!<\/p>\n<p>Il Suffit de Changer Votre Perception Consciemment et Inconsciemment !!!<\/p>\n<p><u>\u00a0Les Membres du CGHE<\/u>:<\/p>\n<p><u>\u00a0<\/u>Vous Re\u00e7oivent en Consultation Individuelle&#8230; Couple&#8230; Famille ou en Groupe.<\/p>\n<p>Nous Utilisons Tous\u00a0:<\/p>\n<ul>\n<li>La M\u00eame Passion\u2026Vous Aider \u00e0 \u00c9voluer<\/li>\n<li>Le M\u00eame Langage\u2026Orient\u00e9 Solution<\/li>\n<li>Les M\u00eames Outils\u2026En trame de fond&#8230; La Neuro Science<\/li>\n<li>PNL-Hypnose-Coaching-D\u00e9tachement des Traumatismes\u00ae-\u00c9nergies<\/li>\n<\/ul>\n<p><u>Quels Sont Nos Objectifs<\/u>?<\/p>\n<ul>\n<li>Contribuer \u00e0 la R\u00e9ussite de Votre \u00c9volution Relationnelle avec Vous-M\u00eame et les Autres Pour Vous Permettre d\u2019Acc\u00e9der \u00e0 un Monde Meilleur\u2026<\/li>\n<\/ul>\n<p>Nous Vous Aidons \u00e0\u00a0:<\/p>\n<ul>\n<li>Identifier Vos Programmes Inconscients d\u2019Ordre Mental&#8230; Emotionnel ou Comportemental qui Vous D\u00e9rangent.<\/li>\n<li>Activer des Programmes Inconscients et Conscients Efficaces et Satisfaisants pour Vous.<\/li>\n<li>Ancrer Vos Changements B\u00e9n\u00e9fiques&#8230; Qu\u2019ils Soient Physiques&#8230; \u00c9motionnels\u00a0 ou Comportementaux etc.\u2026.<\/li>\n<\/ul>\n<p>&nbsp;<\/p>\n","protected":false},"excerpt":{"rendered":"<p>Le Monde de Votre Changement: Jusqu&rsquo;\u00e0 nos jours&#8230; Il \u00e9tait de coutume de croire que le Changement Psychologique d\u2019un Individu<\/p>\n","protected":false},"author":1,"featured_media":0,"parent":0,"menu_order":0,"comment_status":"open","ping_status":"closed","template":"","meta":{"footnotes":""},"class_list":["post-99","page","type-page","status-publish","hentry"],"aioseo_notices":[],"_links":{"self":[{"href":"https:\/\/la-revolution-therapie.universcghe.fr\/cghe-dt\/wp-json\/wp\/v2\/pages\/99","targetHints":{"allow":["GET"]}}],"collection":[{"href":"https:\/\/la-revolution-therapie.universcghe.fr\/cghe-dt\/wp-json\/wp\/v2\/pages"}],"about":[{"href":"https:\/\/la-revolution-therapie.universcghe.fr\/cghe-dt\/wp-json\/wp\/v2\/types\/page"}],"author":[{"embeddable":true,"href":"https:\/\/la-revolution-therapie.universcghe.fr\/cghe-dt\/wp-json\/wp\/v2\/users\/1"}],"replies":[{"embeddable":true,"href":"https:\/\/la-revolution-therapie.universcghe.fr\/cghe-dt\/wp-json\/wp\/v2\/comments?post=99"}],"version-history":[{"count":0,"href":"https:\/\/la-revolution-therapie.universcghe.fr\/cghe-dt\/wp-json\/wp\/v2\/pages\/99\/revisions"}],"wp:attachment":[{"href":"https:\/\/la-revolution-therapie.universcghe.fr\/cghe-dt\/wp-json\/wp\/v2\/media?parent=99"}],"curies":[{"name":"wp","href":"https:\/\/api.w.org\/{rel}","templated":true}]}}