{"id":1712,"date":"2018-02-21T15:37:42","date_gmt":"2018-02-21T14:37:42","guid":{"rendered":"http:\/\/la-revolution-therapie.universcghe.fr\/formation-dt\/espace-membre\/dup-ressources\/"},"modified":"2020-01-15T22:59:43","modified_gmt":"2020-01-15T21:59:43","slug":"espace-dt","status":"publish","type":"page","link":"https:\/\/la-revolution-therapie.universcghe.fr\/formation-dt\/espace-membre\/espace-dt\/","title":{"rendered":"Espace DT\u00ae"},"content":{"rendered":"\t\t<div data-elementor-type=\"wp-post\" data-elementor-id=\"1712\" class=\"elementor elementor-1712\" data-elementor-post-type=\"page\">\n\t\t\t\t\t\t<section class=\"elementor-section elementor-top-section elementor-element elementor-element-1d976a6 elementor-section-stretched elementor-section-boxed elementor-section-height-default elementor-section-height-default\" data-id=\"1d976a6\" data-element_type=\"section\" data-settings=\"{&quot;stretch_section&quot;:&quot;section-stretched&quot;}\">\n\t\t\t\t\t\t<div class=\"elementor-container elementor-column-gap-default\">\n\t\t\t\t\t<div class=\"elementor-column elementor-col-100 elementor-top-column elementor-element elementor-element-e35ae9d\" data-id=\"e35ae9d\" data-element_type=\"column\">\n\t\t\t<div class=\"elementor-widget-wrap elementor-element-populated\">\n\t\t\t\t\t\t<div class=\"elementor-element elementor-element-6d05ca0b elementor-widget elementor-widget-text-editor\" data-id=\"6d05ca0b\" data-element_type=\"widget\" data-widget_type=\"text-editor.default\">\n\t\t\t\t<div class=\"elementor-widget-container\">\n\t\t\t\t\t\t\t\t\t<p><\/p>\n<h1 style=\"text-align: center;\"><em><strong><span style=\"color: #0000ff;\">ESPACE DT\u00ae<\/span><br><\/strong><\/em><\/h1>\n<p><br><\/p>\n<p><img fetchpriority=\"high\" fetchpriority=\"high\" decoding=\"async\" class=\"aligncenter\" src=\"http:\/\/la-revolution-therapie.universcghe.fr\/formation-dt\/wp-content\/uploads\/sites\/2\/2018\/02\/Ressources-300x300.jpg\" sizes=\"(max-width: 300px) 100vw, 300px\" srcset=\"http:\/\/la-revolution-therapie.universcghe.fr\/formation-dt\/wp-content\/uploads\/sites\/2\/2018\/02\/Ressources-300x300.jpg 300w, http:\/\/la-revolution-therapie.universcghe.fr\/formation-dt\/wp-content\/uploads\/sites\/2\/2018\/02\/Ressources-150x150.jpg 150w, http:\/\/la-revolution-therapie.universcghe.fr\/formation-dt\/wp-content\/uploads\/sites\/2\/2018\/02\/Ressources.jpg 640w\" alt=\"\" width=\"300\" height=\"300\"><br><\/p>\n<h3 style=\"text-align: center;\"><em><strong>Ces Espaces sont R\u00e9serv\u00e9s aux Neuroth\u00e9rapeutes<br>de<br>D\u00e9tachement des Traumatismes\u00ae en Formation ou en activit\u00e9\u2026Titulaire d&rsquo;un PASS VIP<br><\/strong><\/em><\/h3>\n<p><em><strong>Pour en Savoir Plus sur cette technique Th\u00e9rapeutique:<\/strong><\/em><\/p>\n<p><a href=\"http:\/\/la-revolution-therapie.universcghe.fr\/detachement-des-traumatismes\/\">http:\/\/la-revolution-therapie.universcghe.fr\/detachement-des-traumatismes\/<br><\/a><br><em><strong>Pour en Savoir plus sur Sa Cr\u00e9atrice: Martine Clavelli<\/strong><\/em><br><a href=\"http:\/\/la-revolution-therapie.universcghe.fr\/a-propos\/\">http:\/\/la-revolution-therapie.universcghe.fr\/a-propos\/<br><\/a><br><em><strong>Le Calendrier :<\/strong><\/em><br><a href=\"http:\/\/la-revolution-therapie.universcghe.fr\/calendrier-evenements\/\">http:\/\/la-revolution-therapie.universcghe.fr\/calendrier-evenements\/<br><\/a><br><em><strong>Modalit\u00e9s Pratique de la Formation:<\/strong><\/em><br><a href=\"http:\/\/la-revolution-therapie.universcghe.fr\/fiche-dt\/\">http:\/\/la-revolution-therapie.universcghe.fr\/fiche-dt\/<\/a><\/p>\n<p><\/p>\n<p><\/p>\t\t\t\t\t\t\t\t<\/div>\n\t\t\t\t<\/div>\n\t\t\t\t\t<\/div>\n\t\t<\/div>\n\t\t\t\t\t<\/div>\n\t\t<\/section>\n\t\t\t\t<\/div>\n\t\t","protected":false},"excerpt":{"rendered":"<p>ESPACE DT\u00ae &nbsp;<\/p>\n","protected":false},"author":1,"featured_media":0,"parent":703,"menu_order":1,"comment_status":"closed","ping_status":"closed","template":"","meta":{"_et_pb_use_builder":"","_et_pb_old_content":"","_et_gb_content_width":"","footnotes":""},"class_list":["post-1712","page","type-page","status-publish","hentry"],"aioseo_notices":[],"jetpack_sharing_enabled":true,"_links":{"self":[{"href":"https:\/\/la-revolution-therapie.universcghe.fr\/formation-dt\/wp-json\/wp\/v2\/pages\/1712","targetHints":{"allow":["GET"]}}],"collection":[{"href":"https:\/\/la-revolution-therapie.universcghe.fr\/formation-dt\/wp-json\/wp\/v2\/pages"}],"about":[{"href":"https:\/\/la-revolution-therapie.universcghe.fr\/formation-dt\/wp-json\/wp\/v2\/types\/page"}],"author":[{"embeddable":true,"href":"https:\/\/la-revolution-therapie.universcghe.fr\/formation-dt\/wp-json\/wp\/v2\/users\/1"}],"replies":[{"embeddable":true,"href":"https:\/\/la-revolution-therapie.universcghe.fr\/formation-dt\/wp-json\/wp\/v2\/comments?post=1712"}],"version-history":[{"count":0,"href":"https:\/\/la-revolution-therapie.universcghe.fr\/formation-dt\/wp-json\/wp\/v2\/pages\/1712\/revisions"}],"up":[{"embeddable":true,"href":"https:\/\/la-revolution-therapie.universcghe.fr\/formation-dt\/wp-json\/wp\/v2\/pages\/703"}],"wp:attachment":[{"href":"https:\/\/la-revolution-therapie.universcghe.fr\/formation-dt\/wp-json\/wp\/v2\/media?parent=1712"}],"curies":[{"name":"wp","href":"https:\/\/api.w.org\/{rel}","templated":true}]}}