{"id":1742,"date":"2018-06-04T15:56:31","date_gmt":"2018-06-04T14:56:31","guid":{"rendered":"http:\/\/la-revolution-therapie.universcghe.fr\/formation-dt\/?page_id=1742"},"modified":"2019-09-20T20:27:46","modified_gmt":"2019-09-20T19:27:46","slug":"page-offres-espaces-vip","status":"publish","type":"page","link":"https:\/\/la-revolution-therapie.universcghe.fr\/formation-dt\/page-offres-espaces-vip\/","title":{"rendered":"Page Offres Espaces VIP"},"content":{"rendered":"\t\t<div data-elementor-type=\"wp-post\" data-elementor-id=\"1742\" class=\"elementor elementor-1742\" data-elementor-post-type=\"page\">\n\t\t\t\t\t\t<section class=\"elementor-section elementor-top-section elementor-element elementor-element-c371774 elementor-section-boxed elementor-section-height-default elementor-section-height-default\" data-id=\"c371774\" data-element_type=\"section\">\n\t\t\t\t\t\t<div class=\"elementor-container elementor-column-gap-default\">\n\t\t\t\t\t<div class=\"elementor-column elementor-col-100 elementor-top-column elementor-element elementor-element-4683767\" data-id=\"4683767\" data-element_type=\"column\">\n\t\t\t<div class=\"elementor-widget-wrap elementor-element-populated\">\n\t\t\t\t\t\t<div class=\"elementor-element elementor-element-ba74cc0 elementor-widget elementor-widget-image\" data-id=\"ba74cc0\" data-element_type=\"widget\" data-widget_type=\"image.default\">\n\t\t\t\t<div class=\"elementor-widget-container\">\n\t\t\t\t\t\t\t\t\t\t\t\t\t\t\t<img fetchpriority=\"high\" fetchpriority=\"high\" decoding=\"async\" width=\"768\" height=\"280\" src=\"https:\/\/la-revolution-therapie.universcghe.fr\/formation-dt\/wp-content\/uploads\/sites\/2\/2018\/06\/Espace-VIP-768x280.png\" class=\"attachment-medium_large size-medium_large wp-image-1754\" alt=\"\" srcset=\"https:\/\/la-revolution-therapie.universcghe.fr\/formation-dt\/wp-content\/uploads\/sites\/2\/2018\/06\/Espace-VIP-768x280.png 768w, https:\/\/la-revolution-therapie.universcghe.fr\/formation-dt\/wp-content\/uploads\/sites\/2\/2018\/06\/Espace-VIP-300x109.png 300w, https:\/\/la-revolution-therapie.universcghe.fr\/formation-dt\/wp-content\/uploads\/sites\/2\/2018\/06\/Espace-VIP-1024x373.png 1024w, https:\/\/la-revolution-therapie.universcghe.fr\/formation-dt\/wp-content\/uploads\/sites\/2\/2018\/06\/Espace-VIP.png 1315w\" sizes=\"(max-width: 768px) 100vw, 768px\" \/>\t\t\t\t\t\t\t\t\t\t\t\t\t\t\t<\/div>\n\t\t\t\t<\/div>\n\t\t\t\t<div class=\"elementor-element elementor-element-1605bb1 elementor-widget elementor-widget-image\" data-id=\"1605bb1\" data-element_type=\"widget\" data-widget_type=\"image.default\">\n\t\t\t\t<div class=\"elementor-widget-container\">\n\t\t\t\t\t\t\t\t\t\t\t\t\t\t\t<img decoding=\"async\" width=\"1024\" height=\"123\" src=\"https:\/\/la-revolution-therapie.universcghe.fr\/formation-dt\/wp-content\/uploads\/sites\/2\/2018\/06\/Excellence-1024x123.png\" class=\"attachment-large size-large wp-image-1756\" alt=\"\" srcset=\"https:\/\/la-revolution-therapie.universcghe.fr\/formation-dt\/wp-content\/uploads\/sites\/2\/2018\/06\/Excellence-1024x123.png 1024w, https:\/\/la-revolution-therapie.universcghe.fr\/formation-dt\/wp-content\/uploads\/sites\/2\/2018\/06\/Excellence-300x36.png 300w, https:\/\/la-revolution-therapie.universcghe.fr\/formation-dt\/wp-content\/uploads\/sites\/2\/2018\/06\/Excellence-768x92.png 768w, https:\/\/la-revolution-therapie.universcghe.fr\/formation-dt\/wp-content\/uploads\/sites\/2\/2018\/06\/Excellence.png 1741w\" sizes=\"(max-width: 1024px) 100vw, 1024px\" \/>\t\t\t\t\t\t\t\t\t\t\t\t\t\t\t<\/div>\n\t\t\t\t<\/div>\n\t\t\t\t<div class=\"elementor-element elementor-element-c4ff2d1 elementor-widget elementor-widget-image\" data-id=\"c4ff2d1\" data-element_type=\"widget\" data-widget_type=\"image.default\">\n\t\t\t\t<div class=\"elementor-widget-container\">\n\t\t\t\t\t\t\t\t\t\t\t\t\t\t\t<img decoding=\"async\" width=\"213\" height=\"300\" src=\"https:\/\/la-revolution-therapie.universcghe.fr\/formation-dt\/wp-content\/uploads\/sites\/2\/2018\/06\/Martine-213x300.png\" class=\"attachment-medium size-medium wp-image-1750\" alt=\"\" srcset=\"https:\/\/la-revolution-therapie.universcghe.fr\/formation-dt\/wp-content\/uploads\/sites\/2\/2018\/06\/Martine-213x300.png 213w, https:\/\/la-revolution-therapie.universcghe.fr\/formation-dt\/wp-content\/uploads\/sites\/2\/2018\/06\/Martine.png 367w\" sizes=\"(max-width: 213px) 100vw, 213px\" \/>\t\t\t\t\t\t\t\t\t\t\t\t\t\t\t<\/div>\n\t\t\t\t<\/div>\n\t\t\t\t<div class=\"elementor-element elementor-element-29a63e5 elementor-widget elementor-widget-text-editor\" data-id=\"29a63e5\" data-element_type=\"widget\" data-widget_type=\"text-editor.default\">\n\t\t\t\t<div class=\"elementor-widget-container\">\n\t\t\t\t\t\t\t\t\t<p>Forte de Mon Exp\u00e9rience de Plus de 20 Ans en Neuroth\u00e9rapie de DT\u00ae, Hypnoth\u00e9rapie et Hypnocoaching, Formatrice, Coach et Cr\u00e9atrice du DT\u00ae<\/p><p>Gr\u00e2ce aux milliers d&rsquo;heures pass\u00e9es au contact de mes Patients, mes Clients et mes Stagiaires.<\/p><p>Et apr\u00e8s avoir form\u00e9 plus de 160 Neuroth\u00e9rapeutes de DT\u00ae et 50 Hynoth\u00e9rapeutes et Hypnocoach, en \u00e9tant \u00e0 l&rsquo;\u00e9coute de Tes pr\u00e9occupations au quotidien, j&rsquo;ai constat\u00e9 Ton besoin de Partager, d&rsquo;exposer certains de Tes Cas afin d&rsquo;avoir des retours de la part de Tes Coll\u00e8gues et de moi m\u00eame, devant la difficult\u00e9 \u00e0 mettre ce Syst\u00e8me en Place (Facebook, Forum, Mails, Supervision Trimestrielle&#8230;)<\/p><p>J&rsquo;ai cherch\u00e9 la Meilleure Solution pour :\u00a0<\/p>\t\t\t\t\t\t\t\t<\/div>\n\t\t\t\t<\/div>\n\t\t\t\t<div class=\"elementor-element elementor-element-ae9a03a elementor-icon-list--layout-traditional elementor-list-item-link-full_width elementor-widget elementor-widget-icon-list\" data-id=\"ae9a03a\" data-element_type=\"widget\" data-widget_type=\"icon-list.default\">\n\t\t\t\t<div class=\"elementor-widget-container\">\n\t\t\t\t\t\t\t<ul class=\"elementor-icon-list-items\">\n\t\t\t\t\t\t\t<li class=\"elementor-icon-list-item\">\n\t\t\t\t\t\t\t\t\t\t\t<span class=\"elementor-icon-list-icon\">\n\t\t\t\t\t\t\t\t\t\t\t\t\t\t\t\t<i class=\"fa fa-check\" aria-hidden=\"true\"><\/i>\n\t\t\t\t\t\t\t\t\t\t\t\t\t<\/span>\n\t\t\t\t\t\t\t\t\t\t<span class=\"elementor-icon-list-text\">T'Accompagner au Quotidien<\/span>\n\t\t\t\t\t\t\t\t\t<\/li>\n\t\t\t\t\t\t\t\t<li class=\"elementor-icon-list-item\">\n\t\t\t\t\t\t\t\t\t\t\t<span class=\"elementor-icon-list-icon\">\n\t\t\t\t\t\t\t\t\t\t\t\t\t\t\t\t<i class=\"fa fa-check\" aria-hidden=\"true\"><\/i>\n\t\t\t\t\t\t\t\t\t\t\t\t\t<\/span>\n\t\t\t\t\t\t\t\t\t\t<span class=\"elementor-icon-list-text\">R\u00e9pondre \u00e0 Toutes Tes Questions<\/span>\n\t\t\t\t\t\t\t\t\t<\/li>\n\t\t\t\t\t\t\t\t<li class=\"elementor-icon-list-item\">\n\t\t\t\t\t\t\t\t\t\t\t<span class=\"elementor-icon-list-icon\">\n\t\t\t\t\t\t\t\t\t\t\t\t\t\t\t\t<i class=\"fa fa-check\" aria-hidden=\"true\"><\/i>\n\t\t\t\t\t\t\t\t\t\t\t\t\t<\/span>\n\t\t\t\t\t\t\t\t\t\t<span class=\"elementor-icon-list-text\">Acc\u00e9der Facilement et en Toute s\u00e9curit\u00e9 au contenu des ces \u00c9changes Enrichissants<\/span>\n\t\t\t\t\t\t\t\t\t<\/li>\n\t\t\t\t\t\t\t\t<li class=\"elementor-icon-list-item\">\n\t\t\t\t\t\t\t\t\t\t\t<span class=\"elementor-icon-list-icon\">\n\t\t\t\t\t\t\t\t\t\t\t\t\t\t\t\t<i class=\"fa fa-check\" aria-hidden=\"true\"><\/i>\n\t\t\t\t\t\t\t\t\t\t\t\t\t<\/span>\n\t\t\t\t\t\t\t\t\t\t<span class=\"elementor-icon-list-text\">T' \u00c9lever dans la Compr\u00e9hension de la Logique Inconsciente et Exceller dans Ses Liens et Son Fonctionnement<\/span>\n\t\t\t\t\t\t\t\t\t<\/li>\n\t\t\t\t\t\t<\/ul>\n\t\t\t\t\t\t<\/div>\n\t\t\t\t<\/div>\n\t\t\t\t<div class=\"elementor-element elementor-element-f81c10d elementor-widget elementor-widget-image\" data-id=\"f81c10d\" data-element_type=\"widget\" data-widget_type=\"image.default\">\n\t\t\t\t<div class=\"elementor-widget-container\">\n\t\t\t\t\t\t\t\t\t\t\t\t\t\t\t<img decoding=\"async\" src=\"https:\/\/la-revolution-therapie.universcghe.fr\/formation-dt\/wp-content\/uploads\/sites\/2\/elementor\/thumbs\/ecran-nr6tvknl7axlwc1ozrivdt0jusvtk5lkc72v00fs90.png\" title=\"ecran\" alt=\"ecran\" loading=\"lazy\" \/>\t\t\t\t\t\t\t\t\t\t\t\t\t\t\t<\/div>\n\t\t\t\t<\/div>\n\t\t\t\t<div class=\"elementor-element elementor-element-704aa5c elementor-widget elementor-widget-text-editor\" data-id=\"704aa5c\" data-element_type=\"widget\" data-widget_type=\"text-editor.default\">\n\t\t\t\t<div class=\"elementor-widget-container\">\n\t\t\t\t\t\t\t\t\t<p>C&rsquo;est pourquoi Aujourd&rsquo;hui, je suis Extr\u00eamement Fi\u00e8re et <span style=\"color: #339966;\"><strong>Honor\u00e9e de Te Pr\u00e9senter les Espaces DUO VIP<\/strong><\/span>, en Effet un Double Espace pour Toi la Personne la Plus Importante !!! Alors comment \u00e7a va bien se passer ?<\/p>\t\t\t\t\t\t\t\t<\/div>\n\t\t\t\t<\/div>\n\t\t\t\t<div class=\"elementor-element elementor-element-4b8f13c elementor-icon-list--layout-traditional elementor-list-item-link-full_width elementor-widget elementor-widget-icon-list\" data-id=\"4b8f13c\" data-element_type=\"widget\" data-widget_type=\"icon-list.default\">\n\t\t\t\t<div class=\"elementor-widget-container\">\n\t\t\t\t\t\t\t<ul class=\"elementor-icon-list-items\">\n\t\t\t\t\t\t\t<li class=\"elementor-icon-list-item\">\n\t\t\t\t\t\t\t\t\t\t\t<span class=\"elementor-icon-list-icon\">\n\t\t\t\t\t\t\t\t\t\t\t\t\t\t\t\t<i class=\"fa fa-check\" aria-hidden=\"true\"><\/i>\n\t\t\t\t\t\t\t\t\t\t\t\t\t<\/span>\n\t\t\t\t\t\t\t\t\t\t<span class=\"elementor-icon-list-text\">Je Te retrouve une Fois par semaine, le soir \u00e0 Partir de 21h00<\/span>\n\t\t\t\t\t\t\t\t\t<\/li>\n\t\t\t\t\t\t\t\t<li class=\"elementor-icon-list-item\">\n\t\t\t\t\t\t\t\t\t\t\t<span class=\"elementor-icon-list-icon\">\n\t\t\t\t\t\t\t\t\t\t\t\t\t\t\t\t<i class=\"fa fa-check\" aria-hidden=\"true\"><\/i>\n\t\t\t\t\t\t\t\t\t\t\t\t\t<\/span>\n\t\t\t\t\t\t\t\t\t\t<span class=\"elementor-icon-list-text\">Le Calendrier sera mis en Ligne pour que Tu r\u00e9serves Tes Soir\u00e9es<\/span>\n\t\t\t\t\t\t\t\t\t<\/li>\n\t\t\t\t\t\t\t\t<li class=\"elementor-icon-list-item\">\n\t\t\t\t\t\t\t\t\t\t\t<span class=\"elementor-icon-list-icon\">\n\t\t\t\t\t\t\t\t\t\t\t\t\t\t\t\t<i class=\"fa fa-check\" aria-hidden=\"true\"><\/i>\n\t\t\t\t\t\t\t\t\t\t\t\t\t<\/span>\n\t\t\t\t\t\t\t\t\t\t<span class=\"elementor-icon-list-text\">Tu M'envoies 2 Jours avant Tes cas d'Esp\u00e8ce ou Tes questions  par mail, avec des pi\u00e8ces jointes si besoin (en format PDF)  <\/span>\n\t\t\t\t\t\t\t\t\t<\/li>\n\t\t\t\t\t\t\t\t<li class=\"elementor-icon-list-item\">\n\t\t\t\t\t\t\t\t\t\t\t<span class=\"elementor-icon-list-icon\">\n\t\t\t\t\t\t\t\t\t\t\t\t\t\t\t\t<i class=\"fa fa-check\" aria-hidden=\"true\"><\/i>\n\t\t\t\t\t\t\t\t\t\t\t\t\t<\/span>\n\t\t\t\t\t\t\t\t\t\t<span class=\"elementor-icon-list-text\">Pendant Notre rencontre nous allons pouvoir \u00c9changer en direct<\/span>\n\t\t\t\t\t\t\t\t\t<\/li>\n\t\t\t\t\t\t\t\t<li class=\"elementor-icon-list-item\">\n\t\t\t\t\t\t\t\t\t\t\t<span class=\"elementor-icon-list-icon\">\n\t\t\t\t\t\t\t\t\t\t\t\t\t\t\t\t<i class=\"fa fa-check\" aria-hidden=\"true\"><\/i>\n\t\t\t\t\t\t\t\t\t\t\t\t\t<\/span>\n\t\t\t\t\t\t\t\t\t\t<span class=\"elementor-icon-list-text\">Tout est enregistr\u00e9 et le Lendemain Tu Vas retrouver les enregistrements  dans Tes Espaces R\u00e9serv\u00e9s;VIP DT\u00ae et VIP Hypnose<\/span>\n\t\t\t\t\t\t\t\t\t<\/li>\n\t\t\t\t\t\t\t\t<li class=\"elementor-icon-list-item\">\n\t\t\t\t\t\t\t\t\t\t\t<span class=\"elementor-icon-list-icon\">\n\t\t\t\t\t\t\t\t\t\t\t\t\t\t\t\t<i class=\"fa fa-check\" aria-hidden=\"true\"><\/i>\n\t\t\t\t\t\t\t\t\t\t\t\t\t<\/span>\n\t\t\t\t\t\t\t\t\t\t<span class=\"elementor-icon-list-text\">Toutes les vid\u00e9os sont d\u00e9coup\u00e9es en fonction des sujets abord\u00e9s, afin de te faciliter la recherche dans ces tr\u00e9sors de Connaissances<\/span>\n\t\t\t\t\t\t\t\t\t<\/li>\n\t\t\t\t\t\t<\/ul>\n\t\t\t\t\t\t<\/div>\n\t\t\t\t<\/div>\n\t\t\t\t<div class=\"elementor-element elementor-element-152c5c8 elementor-widget elementor-widget-image\" data-id=\"152c5c8\" data-element_type=\"widget\" data-widget_type=\"image.default\">\n\t\t\t\t<div class=\"elementor-widget-container\">\n\t\t\t\t\t\t\t\t\t\t\t\t\t\t\t<img loading=\"lazy\" loading=\"lazy\" decoding=\"async\" width=\"300\" height=\"226\" src=\"https:\/\/la-revolution-therapie.universcghe.fr\/formation-dt\/wp-content\/uploads\/sites\/2\/2018\/06\/eb35b40c2afc003ed1584d05fb1d4197eb7fe7d719ac104497f7c57cafeabdbc_640-300x226.png\" class=\"attachment-medium size-medium wp-image-1752\" alt=\"\" srcset=\"https:\/\/la-revolution-therapie.universcghe.fr\/formation-dt\/wp-content\/uploads\/sites\/2\/2018\/06\/eb35b40c2afc003ed1584d05fb1d4197eb7fe7d719ac104497f7c57cafeabdbc_640-300x226.png 300w, https:\/\/la-revolution-therapie.universcghe.fr\/formation-dt\/wp-content\/uploads\/sites\/2\/2018\/06\/eb35b40c2afc003ed1584d05fb1d4197eb7fe7d719ac104497f7c57cafeabdbc_640.png 623w\" sizes=\"(max-width: 300px) 100vw, 300px\" \/>\t\t\t\t\t\t\t\t\t\t\t\t\t\t\t<\/div>\n\t\t\t\t<\/div>\n\t\t\t\t<div class=\"elementor-element elementor-element-79dc3cb elementor-widget elementor-widget-text-editor\" data-id=\"79dc3cb\" data-element_type=\"widget\" data-widget_type=\"text-editor.default\">\n\t\t\t\t<div class=\"elementor-widget-container\">\n\t\t\t\t\t\t\t\t\t<p>Imagine, je suis \u00e0 Tes C\u00f4t\u00e9s au quotidien, et je T&rsquo;accompagne et te Soutiens pour d\u00e9finitivement\u00a0 te Lib\u00e9rer de :<\/p>\t\t\t\t\t\t\t\t<\/div>\n\t\t\t\t<\/div>\n\t\t\t\t<div class=\"elementor-element elementor-element-9d556e7 elementor-icon-list--layout-traditional elementor-list-item-link-full_width elementor-widget elementor-widget-icon-list\" data-id=\"9d556e7\" data-element_type=\"widget\" data-widget_type=\"icon-list.default\">\n\t\t\t\t<div class=\"elementor-widget-container\">\n\t\t\t\t\t\t\t<ul class=\"elementor-icon-list-items\">\n\t\t\t\t\t\t\t<li class=\"elementor-icon-list-item\">\n\t\t\t\t\t\t\t\t\t\t\t<span class=\"elementor-icon-list-icon\">\n\t\t\t\t\t\t\t\t\t\t\t\t\t\t\t\t<i class=\"fa fa-ban\" aria-hidden=\"true\"><\/i>\n\t\t\t\t\t\t\t\t\t\t\t\t\t<\/span>\n\t\t\t\t\t\t\t\t\t\t<span class=\"elementor-icon-list-text\">Tes Peurs<\/span>\n\t\t\t\t\t\t\t\t\t<\/li>\n\t\t\t\t\t\t\t\t<li class=\"elementor-icon-list-item\">\n\t\t\t\t\t\t\t\t\t\t\t<span class=\"elementor-icon-list-icon\">\n\t\t\t\t\t\t\t\t\t\t\t\t\t\t\t\t<i class=\"fa fa-ban\" aria-hidden=\"true\"><\/i>\n\t\t\t\t\t\t\t\t\t\t\t\t\t<\/span>\n\t\t\t\t\t\t\t\t\t\t<span class=\"elementor-icon-list-text\">Tes Doutes<\/span>\n\t\t\t\t\t\t\t\t\t<\/li>\n\t\t\t\t\t\t\t\t<li class=\"elementor-icon-list-item\">\n\t\t\t\t\t\t\t\t\t\t\t<span class=\"elementor-icon-list-icon\">\n\t\t\t\t\t\t\t\t\t\t\t\t\t\t\t\t<i class=\"fa fa-ban\" aria-hidden=\"true\"><\/i>\n\t\t\t\t\t\t\t\t\t\t\t\t\t<\/span>\n\t\t\t\t\t\t\t\t\t\t<span class=\"elementor-icon-list-text\">Ton Manque de Confiance en  Toi<\/span>\n\t\t\t\t\t\t\t\t\t<\/li>\n\t\t\t\t\t\t\t\t<li class=\"elementor-icon-list-item\">\n\t\t\t\t\t\t\t\t\t\t\t<span class=\"elementor-icon-list-icon\">\n\t\t\t\t\t\t\t\t\t\t\t\t\t\t\t\t<i class=\"fa fa-ban\" aria-hidden=\"true\"><\/i>\n\t\t\t\t\t\t\t\t\t\t\t\t\t<\/span>\n\t\t\t\t\t\t\t\t\t\t<span class=\"elementor-icon-list-text\">Et Bien d'Autres Choses Encore...<\/span>\n\t\t\t\t\t\t\t\t\t<\/li>\n\t\t\t\t\t\t<\/ul>\n\t\t\t\t\t\t<\/div>\n\t\t\t\t<\/div>\n\t\t\t\t<div class=\"elementor-element elementor-element-129e5f9 elementor-widget elementor-widget-text-editor\" data-id=\"129e5f9\" data-element_type=\"widget\" data-widget_type=\"text-editor.default\">\n\t\t\t\t<div class=\"elementor-widget-container\">\n\t\t\t\t\t\t\t\t\t<p>Mon D\u00e9sir est\u00a0 aussi que ces Soir\u00e9es soient Accessibles au plus grand Nombre, c&rsquo;est pourquoi j&rsquo;ai d\u00e9cid\u00e9 de les proposer sous la Forme d&rsquo;un Abonnement Mensuel.<\/p><p>Soit tu es Int\u00e9ress\u00e9(e) que par les 2 Soir\u00e9es mensuelles DT\u00ae et c&rsquo;est la premi\u00e8re Option \u00e0 20\u20ac par Mois<\/p><p>Soit tu es Int\u00e9ress\u00e9(e) que par les 2 Soir\u00e9es mensuelles Hypnose et c&rsquo;est la Deuxi\u00e8me Option \u00e0 20\u20ac par Mois<\/p><p>Soit tu es Int\u00e9ress\u00e9(e)\u00a0 par les 4 Soir\u00e9es mensuelles DT\u00ae et Hypnose et c&rsquo;est le DUO VIP\u00a0 \u00e0 30\u20ac par Mois (Tu dois \u00catre soit dipl\u00f4m\u00e9(e) soit en cours des 2 Formations pour B\u00e9n\u00e9ficier de Cette Option)<\/p><p>Et Voici l&rsquo;Offre que je t&rsquo;ai R\u00e9serv\u00e9e ce Soir et Pendant 24 Heures:<\/p>\t\t\t\t\t\t\t\t<\/div>\n\t\t\t\t<\/div>\n\t\t\t\t<div class=\"elementor-element elementor-element-1acbbe7 elementor-widget elementor-widget-image\" data-id=\"1acbbe7\" data-element_type=\"widget\" data-widget_type=\"image.default\">\n\t\t\t\t<div class=\"elementor-widget-container\">\n\t\t\t\t\t\t\t\t\t\t\t\t\t\t\t<img loading=\"lazy\" loading=\"lazy\" decoding=\"async\" width=\"250\" height=\"211\" src=\"https:\/\/la-revolution-therapie.universcghe.fr\/formation-dt\/wp-content\/uploads\/sites\/2\/2018\/06\/Picto-2.jpg\" class=\"attachment-large size-large wp-image-1749\" alt=\"\" \/>\t\t\t\t\t\t\t\t\t\t\t\t\t\t\t<\/div>\n\t\t\t\t<\/div>\n\t\t\t\t<div class=\"elementor-element elementor-element-57e38cd elementor-widget elementor-widget-text-editor\" data-id=\"57e38cd\" data-element_type=\"widget\" data-widget_type=\"text-editor.default\">\n\t\t\t\t<div class=\"elementor-widget-container\">\n\t\t\t\t\t\t\t\t\t<p><em><strong><span style=\"color: #0000ff;\"><u><span style=\"color: #ff0000;\">Option 1 <\/span><\/u><span style=\"color: #ff0000;\">VIP DT\u00ae<\/span> <br \/><\/span><\/strong><\/em><\/p><p><em><strong><span style=\"color: #0000ff;\">L&rsquo;Abonnement au Pass VIP DT\u00ae au Tarif de 20\u20ac\/Mois pour 2 Soir\u00e9es Mensuelles<br \/><\/span><\/strong><\/em><\/p>\t\t\t\t\t\t\t\t<\/div>\n\t\t\t\t<\/div>\n\t\t\t\t<div class=\"elementor-element elementor-element-5a90f19 elementor-widget elementor-widget-html\" data-id=\"5a90f19\" data-element_type=\"widget\" data-widget_type=\"html.default\">\n\t\t\t\t<div class=\"elementor-widget-container\">\n\t\t\t\t\t<form class=\"purchase-button\" action=\"https:\/\/la-revolution-therapie.universcghe.fr\/formation-dt\/wp-content\/plugins\/commerce-manager\/index.php?action=order&amp;product_id=4&amp;quantity=1&amp;payment_option=1&amp;gateway=paypal\" method=\"post\">\r\n<div><input type=\"hidden\" name=\"referring_url\" value=\"\" \/>\r\n<input type=\"image\" name=\"purchase\" src=\"http:\/\/la-revolution-therapie.universcghe.fr\/formation-dt\/wp-content\/plugins\/commerce-manager\/images\/fr\/subscribe.png\" alt=\"S'abonner\" \/><\/div>\r\n<\/form>\t\t\t\t<\/div>\n\t\t\t\t<\/div>\n\t\t\t\t<div class=\"elementor-element elementor-element-11765e1 elementor-widget elementor-widget-text-editor\" data-id=\"11765e1\" data-element_type=\"widget\" data-widget_type=\"text-editor.default\">\n\t\t\t\t<div class=\"elementor-widget-container\">\n\t\t\t\t\t\t\t\t\t<p><em><strong><span style=\"color: #0000ff;\"><u><span style=\"color: #ff0000;\">Option 2 <\/span><\/u><span style=\"color: #ff0000;\">VIP Hypnose<\/span> <br \/><\/span><\/strong><\/em><\/p><p><em><strong><span style=\"color: #0000ff;\">L&rsquo;Abonnement au Pass VIP Hypnose au Tarif de 20\u20ac\/Mois pour 2 Soir\u00e9es Mensuelles<br \/><\/span><\/strong><\/em><\/p>\t\t\t\t\t\t\t\t<\/div>\n\t\t\t\t<\/div>\n\t\t\t\t<div class=\"elementor-element elementor-element-5bce8ba elementor-widget elementor-widget-html\" data-id=\"5bce8ba\" data-element_type=\"widget\" data-widget_type=\"html.default\">\n\t\t\t\t<div class=\"elementor-widget-container\">\n\t\t\t\t\t<form class=\"purchase-button\" action=\"https:\/\/la-revolution-therapie.universcghe.fr\/formation-dt\/wp-content\/plugins\/commerce-manager\/index.php?action=order&amp;product_id=5&amp;quantity=1&amp;payment_option=1&amp;gateway=paypal\" method=\"post\">\r\n<div><input type=\"hidden\" name=\"referring_url\" value=\"\" \/>\r\n<input type=\"image\" name=\"purchase\" src=\"http:\/\/la-revolution-therapie.universcghe.fr\/formation-dt\/wp-content\/plugins\/commerce-manager\/images\/fr\/subscribe.png\" alt=\"S'abonner\" \/><\/div>\r\n<\/form>\t\t\t\t<\/div>\n\t\t\t\t<\/div>\n\t\t\t\t<div class=\"elementor-element elementor-element-9441a93 elementor-widget elementor-widget-text-editor\" data-id=\"9441a93\" data-element_type=\"widget\" data-widget_type=\"text-editor.default\">\n\t\t\t\t<div class=\"elementor-widget-container\">\n\t\t\t\t\t\t\t\t\t<p><em><strong><span style=\"color: #0000ff;\"><em><strong><span style=\"color: #0000ff;\"><u><span style=\"color: #ff0000;\">DUO VIP <\/span><\/u><span style=\"color: #ff0000;\">DT\u00ae+Hypnose<\/span><u><span style=\"color: #ff0000;\"><br \/><\/span><\/u><\/span><\/strong><\/em><\/span><\/strong><\/em><\/p><p><em><strong><span style=\"color: #0000ff;\">L&rsquo;Abonnement aux Pass DUO VIP DT\u00ae et HYPNOSE (Seulement si tu es Neuroth\u00e9rapeute de DT\u00ae et Hypnoth\u00e9rapeute et Hypnocoach, Dipl\u00f4m\u00e9(e) ou non) au Tarif de 30\u20ac\/Mois <\/span><\/strong><\/em><em><strong><span style=\"color: #0000ff;\"><em><strong><span style=\"color: #0000ff;\">pour 4 Soir\u00e9es Mensuelles (1 fois par Semaine)<br \/><\/span><\/strong><\/em><\/span><\/strong><\/em><\/p>\t\t\t\t\t\t\t\t<\/div>\n\t\t\t\t<\/div>\n\t\t\t\t<div class=\"elementor-element elementor-element-47f2a61 elementor-widget elementor-widget-html\" data-id=\"47f2a61\" data-element_type=\"widget\" data-widget_type=\"html.default\">\n\t\t\t\t<div class=\"elementor-widget-container\">\n\t\t\t\t\t<form class=\"purchase-button\" action=\"https:\/\/la-revolution-therapie.universcghe.fr\/formation-dt\/wp-content\/plugins\/commerce-manager\/index.php?action=order&amp;product_id=6&amp;quantity=1&amp;payment_option=1&amp;gateway=paypal\" method=\"post\">\r\n<div><input type=\"hidden\" name=\"referring_url\" value=\"\" \/>\r\n<input type=\"image\" name=\"purchase\" src=\"http:\/\/la-revolution-therapie.universcghe.fr\/formation-dt\/wp-content\/plugins\/commerce-manager\/images\/fr\/subscribe.png\" alt=\"S'abonner\" \/><\/div>\r\n<\/form>\t\t\t\t<\/div>\n\t\t\t\t<\/div>\n\t\t\t\t<div class=\"elementor-element elementor-element-3febf03 elementor-widget elementor-widget-text-editor\" data-id=\"3febf03\" data-element_type=\"widget\" data-widget_type=\"text-editor.default\">\n\t\t\t\t<div class=\"elementor-widget-container\">\n\t\t\t\t\t\t\t\t\t<h4 style=\"text-align: center;\"><strong><span style=\"color: #ff0000;\">Autorise-Toi Maintenant <br \/><\/span><\/strong><\/h4><p>\u00a0<\/p>\t\t\t\t\t\t\t\t<\/div>\n\t\t\t\t<\/div>\n\t\t\t\t<div class=\"elementor-element elementor-element-88beef5 elementor-widget elementor-widget-shortcode\" data-id=\"88beef5\" data-element_type=\"widget\" data-widget_type=\"shortcode.default\">\n\t\t\t\t<div class=\"elementor-widget-container\">\n\t\t\t\t\t\t\t<div class=\"elementor-shortcode\">[countdown_timer style=\"2\" end_date=\"2018\/6\/7 23:59:00 GMT +2\" redirect_url=\"http:\/\/la-revolution-therapie.universcghe.fr\/formation-dt\/page-offres-espaces-vip-tn\/\" years_text=\"Ann\u00e9es\" years_text_singular=\"Ann\u00e9e\" months_text=\"Mois\" months_text_singular=\"Mois\" days_text=\"Jours\" days_text_singular=\"Jour\" hours_text=\"Heures\" hours_text_singular=\"Heure\" minutes_text=\"Minutes\" minutes_text_singular=\"Minute\" seconds_text=\"Secondes\" seconds_text_singular=\"Seconde\"][\/countdown_timer]<\/div>\n\t\t\t\t\t\t<\/div>\n\t\t\t\t<\/div>\n\t\t\t\t<div class=\"elementor-element elementor-element-5c43bcf elementor-widget elementor-widget-text-editor\" data-id=\"5c43bcf\" data-element_type=\"widget\" data-widget_type=\"text-editor.default\">\n\t\t\t\t<div class=\"elementor-widget-container\">\n\t\t\t\t\t\t\t\t\t<h4 style=\"text-align: center;\"><strong><span style=\"color: #ff0000;\">IMPORTANT !!!<br \/><\/span><\/strong><\/h4><p>NB: Le r\u00e8glement s&rsquo;effectue Gr\u00e2ce \u00e0 Paypal, Tu rentres une fois Tes coordonn\u00e9es Bancaires, le pr\u00e9l\u00e8vement de la Somme correspondante \u00e0 Tes acc\u00e8s est ensuite pr\u00e9lev\u00e9e automatiquement chaque mois. C&rsquo;est Toi qui d\u00e9cides d&rsquo;arr\u00eater, quand Tu le d\u00e9sires, aucune obligation par rapport \u00e0 la dur\u00e9e de Ton Engagement.<\/p><p>Voil\u00e0 c&rsquo;est simple et Tellement Efficace !!!<\/p><p>Si Tu As Besoin d&rsquo;aide, dans le Cas ou Tu devrais cr\u00e9er un compte Paypal (ultra s\u00e9curis\u00e9) et totalement gratuit, nous sommes \u00e0 Ta disposition&#8230;<\/p>\t\t\t\t\t\t\t\t<\/div>\n\t\t\t\t<\/div>\n\t\t\t\t\t<\/div>\n\t\t<\/div>\n\t\t\t\t\t<\/div>\n\t\t<\/section>\n\t\t\t\t<\/div>\n\t\t","protected":false},"excerpt":{"rendered":"<p>Forte de Mon Exp\u00e9rience de Plus de 20 Ans en Neuroth\u00e9rapie de DT\u00ae, Hypnoth\u00e9rapie et Hypnocoaching, Formatrice, Coach et Cr\u00e9atrice du DT\u00ae Gr\u00e2ce aux milliers d&rsquo;heures pass\u00e9es au contact de mes Patients, mes Clients et mes Stagiaires. Et apr\u00e8s avoir form\u00e9 plus de 160 Neuroth\u00e9rapeutes de DT\u00ae et 50 Hynoth\u00e9rapeutes et Hypnocoach, en \u00e9tant \u00e0 [&hellip;]<\/p>\n","protected":false},"author":1,"featured_media":0,"parent":0,"menu_order":1,"comment_status":"closed","ping_status":"closed","template":"elementor_canvas","meta":{"_et_pb_use_builder":"","_et_pb_old_content":"","_et_gb_content_width":"","footnotes":""},"class_list":["post-1742","page","type-page","status-publish","hentry"],"aioseo_notices":[],"jetpack_sharing_enabled":true,"_links":{"self":[{"href":"https:\/\/la-revolution-therapie.universcghe.fr\/formation-dt\/wp-json\/wp\/v2\/pages\/1742","targetHints":{"allow":["GET"]}}],"collection":[{"href":"https:\/\/la-revolution-therapie.universcghe.fr\/formation-dt\/wp-json\/wp\/v2\/pages"}],"about":[{"href":"https:\/\/la-revolution-therapie.universcghe.fr\/formation-dt\/wp-json\/wp\/v2\/types\/page"}],"author":[{"embeddable":true,"href":"https:\/\/la-revolution-therapie.universcghe.fr\/formation-dt\/wp-json\/wp\/v2\/users\/1"}],"replies":[{"embeddable":true,"href":"https:\/\/la-revolution-therapie.universcghe.fr\/formation-dt\/wp-json\/wp\/v2\/comments?post=1742"}],"version-history":[{"count":0,"href":"https:\/\/la-revolution-therapie.universcghe.fr\/formation-dt\/wp-json\/wp\/v2\/pages\/1742\/revisions"}],"wp:attachment":[{"href":"https:\/\/la-revolution-therapie.universcghe.fr\/formation-dt\/wp-json\/wp\/v2\/media?parent=1742"}],"curies":[{"name":"wp","href":"https:\/\/api.w.org\/{rel}","templated":true}]}}