{"id":19269,"date":"2018-11-24T16:13:00","date_gmt":"2018-11-24T15:13:00","guid":{"rendered":"http:\/\/la-revolution-therapie.universcghe.fr\/formation-dt\/espace-membre\/espace-hypnose\/hypnotherapie\/"},"modified":"2022-02-13T15:26:07","modified_gmt":"2022-02-13T14:26:07","slug":"hypnotherapie","status":"publish","type":"page","link":"https:\/\/la-revolution-therapie.universcghe.fr\/formation-dt\/espace-membre\/espace-hypnose\/hypnotherapie\/","title":{"rendered":"Hypnotherapie"},"content":{"rendered":"\t\t<div data-elementor-type=\"wp-post\" data-elementor-id=\"19269\" class=\"elementor elementor-19269\" data-elementor-post-type=\"page\">\n\t\t\t\t\t\t<section class=\"elementor-section elementor-top-section elementor-element elementor-element-33e47928 elementor-section-boxed elementor-section-height-default elementor-section-height-default\" data-id=\"33e47928\" data-element_type=\"section\">\n\t\t\t\t\t\t<div class=\"elementor-container elementor-column-gap-default\">\n\t\t\t\t\t<div class=\"elementor-column elementor-col-100 elementor-top-column elementor-element elementor-element-7a576032\" data-id=\"7a576032\" data-element_type=\"column\">\n\t\t\t<div class=\"elementor-widget-wrap elementor-element-populated\">\n\t\t\t\t\t\t<div class=\"elementor-element elementor-element-7b9edb8b elementor-widget elementor-widget-text-editor\" data-id=\"7b9edb8b\" data-element_type=\"widget\" data-widget_type=\"text-editor.default\">\n\t\t\t\t<div class=\"elementor-widget-container\">\n\t\t\t\t\t\t\t\t\t<p><\/p>\n<h2 style=\"text-align: center;\"><em><strong>DOCUMENTS TH\u00c9RAPIE <br>Hypnoth\u00e9rapie<\/strong><\/em><\/h2>\n<p><img decoding=\"async\" class=\"aligncenter\" src=\"http:\/\/la-revolution-therapie.universcghe.fr\/formation-dt\/wp-content\/uploads\/sites\/2\/2018\/02\/documents-e830b90b2e_640-150x150.png\" alt=\"\" width=\"150\" height=\"150\"><br><\/p>\n<h3 style=\"text-align: center;\"><em><strong>Cet Espace est R\u00e9serv\u00e9 aux Hypnoth\u00e9rapeutes et Hypnocoach en Formation ou en activit\u00e9\u2026<\/strong><\/em><\/h3>\n<p><em><strong>Pour en Savoir Plus sur cette technique Th\u00e9rapeutique:<\/strong><\/em><br><a href=\"http:\/\/la-revolution-therapie.universcghe.fr\/detachement-des-traumatismes\/\">http:\/\/la-revolution-therapie.universcghe.fr\/hypnose\/<br><\/a><br><em><strong>Pour en Savoir plus sur La Formatrice: Martine Clavelli<\/strong><\/em><br><a href=\"http:\/\/la-revolution-therapie.universcghe.fr\/a-propos\/\">http:\/\/la-revolution-therapie.universcghe.fr\/a-propos\/<br><\/a><br><em><strong>Le Calendrier :<\/strong><\/em><br><a href=\"http:\/\/la-revolution-therapie.universcghe.fr\/calendrier-evenements\/\">http:\/\/la-revolution-therapie.universcghe.fr\/calendrier-evenements\/<br><\/a><br><em><strong>Modalit\u00e9s Pratique de la Formation:<\/strong><\/em><br><a href=\"http:\/\/la-revolution-therapie.universcghe.fr\/fiche-dt\/\">http:\/\/la-revolution-therapie.universcghe.fr\/fiche-hypnose\/<\/a><\/p>\n<p><\/p>\t\t\t\t\t\t\t\t<\/div>\n\t\t\t\t<\/div>\n\t\t\t\t\t<\/div>\n\t\t<\/div>\n\t\t\t\t\t<\/div>\n\t\t<\/section>\n\t\t\t\t<\/div>\n\t\t","protected":false},"excerpt":{"rendered":"<p>DOCUMENTS TH\u00c9RAPIE Hypnoth\u00e9rapie<\/p>\n","protected":false},"author":1,"featured_media":0,"parent":1919,"menu_order":1,"comment_status":"open","ping_status":"closed","template":"","meta":{"_et_pb_use_builder":"","_et_pb_old_content":"","_et_gb_content_width":"","footnotes":""},"class_list":["post-19269","page","type-page","status-publish","hentry"],"aioseo_notices":[],"jetpack_sharing_enabled":true,"_links":{"self":[{"href":"https:\/\/la-revolution-therapie.universcghe.fr\/formation-dt\/wp-json\/wp\/v2\/pages\/19269","targetHints":{"allow":["GET"]}}],"collection":[{"href":"https:\/\/la-revolution-therapie.universcghe.fr\/formation-dt\/wp-json\/wp\/v2\/pages"}],"about":[{"href":"https:\/\/la-revolution-therapie.universcghe.fr\/formation-dt\/wp-json\/wp\/v2\/types\/page"}],"author":[{"embeddable":true,"href":"https:\/\/la-revolution-therapie.universcghe.fr\/formation-dt\/wp-json\/wp\/v2\/users\/1"}],"replies":[{"embeddable":true,"href":"https:\/\/la-revolution-therapie.universcghe.fr\/formation-dt\/wp-json\/wp\/v2\/comments?post=19269"}],"version-history":[{"count":0,"href":"https:\/\/la-revolution-therapie.universcghe.fr\/formation-dt\/wp-json\/wp\/v2\/pages\/19269\/revisions"}],"up":[{"embeddable":true,"href":"https:\/\/la-revolution-therapie.universcghe.fr\/formation-dt\/wp-json\/wp\/v2\/pages\/1919"}],"wp:attachment":[{"href":"https:\/\/la-revolution-therapie.universcghe.fr\/formation-dt\/wp-json\/wp\/v2\/media?parent=19269"}],"curies":[{"name":"wp","href":"https:\/\/api.w.org\/{rel}","templated":true}]}}