{"id":20973,"date":"2020-06-14T11:03:18","date_gmt":"2020-06-14T10:03:18","guid":{"rendered":"https:\/\/la-revolution-therapie.universcghe.fr\/formation-dt\/?page_id=20973"},"modified":"2022-11-19T17:53:43","modified_gmt":"2022-11-19T16:53:43","slug":"informatique-2","status":"publish","type":"page","link":"https:\/\/la-revolution-therapie.universcghe.fr\/formation-dt\/espace-membre\/informatique-2\/","title":{"rendered":"Informatique"},"content":{"rendered":"\t\t<div data-elementor-type=\"wp-post\" data-elementor-id=\"20973\" class=\"elementor elementor-20973\" data-elementor-post-type=\"page\">\n\t\t\t\t\t\t<section class=\"elementor-section elementor-top-section elementor-element elementor-element-388ef46a elementor-section-full_width elementor-section-height-default elementor-section-height-default\" data-id=\"388ef46a\" data-element_type=\"section\">\n\t\t\t\t\t\t<div class=\"elementor-container elementor-column-gap-default\">\n\t\t\t\t\t<div class=\"elementor-column elementor-col-100 elementor-top-column elementor-element elementor-element-7e6b8333\" data-id=\"7e6b8333\" data-element_type=\"column\">\n\t\t\t<div class=\"elementor-widget-wrap elementor-element-populated\">\n\t\t\t\t\t\t<div class=\"elementor-element elementor-element-445a4a2 elementor-widget elementor-widget-image\" data-id=\"445a4a2\" data-element_type=\"widget\" data-widget_type=\"image.default\">\n\t\t\t\t<div class=\"elementor-widget-container\">\n\t\t\t\t\t\t\t\t\t\t\t\t\t\t\t<img fetchpriority=\"high\" fetchpriority=\"high\" decoding=\"async\" width=\"480\" height=\"211\" src=\"https:\/\/la-revolution-therapie.universcghe.fr\/formation-dt\/wp-content\/uploads\/sites\/2\/2020\/01\/en-tete2-480x211.png\" class=\"attachment-et-pb-image--responsive--phone size-et-pb-image--responsive--phone wp-image-20181\" alt=\"\" \/>\t\t\t\t\t\t\t\t\t\t\t\t\t\t\t<\/div>\n\t\t\t\t<\/div>\n\t\t\t\t<div class=\"elementor-element elementor-element-bc3a3b8 elementor-widget elementor-widget-text-editor\" data-id=\"bc3a3b8\" data-element_type=\"widget\" data-widget_type=\"text-editor.default\">\n\t\t\t\t<div class=\"elementor-widget-container\">\n\t\t\t\t\t\t\t\t\t<p style=\"text-align: center;\"><\/p>\t\t\t\t\t\t\t\t<\/div>\n\t\t\t\t<\/div>\n\t\t\t\t<div class=\"elementor-element elementor-element-b96b83b elementor-widget elementor-widget-html\" data-id=\"b96b83b\" data-element_type=\"widget\" data-widget_type=\"html.default\">\n\t\t\t\t<div class=\"elementor-widget-container\">\n\t\t\t\t\t\t\t\t\t<\/div>\n\t\t\t\t<\/div>\n\t\t\t\t<div class=\"elementor-element elementor-element-016f73b elementor-widget elementor-widget-text-editor\" data-id=\"016f73b\" data-element_type=\"widget\" data-widget_type=\"text-editor.default\">\n\t\t\t\t<div class=\"elementor-widget-container\">\n\t\t\t\t\t\t\t\t\t<h3 style=\"background-color: rgb(255, 255, 255); text-align: center;\"><span style=\"font-size: 22px; color: rgb(255, 0, 0);\"><em style=\"font-size: 22px;\"><span style=\"font-size: 22px; font-weight: 700;\">Cet Espace est R\u00e9serv\u00e9 aux Ambassadeurs<br>du<br>D\u00e9tachement des Traumatismes\u00ae en Formation ou en activit\u00e9\u2026<\/span><\/em><\/span><\/h3><h3><div style=\"font-size: 16px; background-color: rgb(255, 255, 255); color: rgb(122, 122, 122);\"><div style=\"font-size: 16px;\"><div class=\"styled-hr hr-style-11\" style=\"font-size: 16px;\"><div class=\"hr-1\" style=\"font-size: 16px;\">&nbsp;<\/div><div class=\"hr-2\" style=\"font-size: 16px;\">&nbsp;<\/div><\/div><\/div><div style=\"font-size: 16px;\">&nbsp;<em style=\"font-size: 16px;\"><span style=\"font-size: 16px; font-weight: 700;\">Pour en Savoir Plus sur cette technique Th\u00e9rapeutique:<\/span><\/em><\/div><\/div><p style=\"font-size: 16px; background-color: rgb(255, 255, 255); color: rgb(122, 122, 122);\"><a href=\"http:\/\/la-revolution-therapie.universcghe.fr\/detachement-des-traumatismes\/\" style=\"font-size: 16px; color: rgb(46, 163, 242);\">http:\/\/la-revolution-therapie.universcghe.fr\/detachement-des-traumatismes\/<br><\/a><br><em style=\"font-size: 16px;\"><span style=\"font-size: 16px; font-weight: 700;\">Pour en Savoir plus sur Sa Cr\u00e9atrice: Martine Clavelli<\/span><\/em><br><a href=\"http:\/\/la-revolution-therapie.universcghe.fr\/a-propos\/\" style=\"font-size: 16px; color: rgb(46, 163, 242);\">http:\/\/la-revolution-therapie.universcghe.fr\/a-propos\/<br><\/a><br><em style=\"font-size: 16px;\"><span style=\"font-size: 16px; font-weight: 700;\">Le Calendrier :<\/span><\/em><br><a href=\"http:\/\/la-revolution-therapie.universcghe.fr\/calendrier-evenements\/\" style=\"font-size: 16px; color: rgb(46, 163, 242);\">http:\/\/la-revolution-therapie.universcghe.fr\/calendrier-evenements\/<br><\/a><br><em style=\"font-size: 16px;\"><span style=\"font-size: 16px; font-weight: 700;\">Modalit\u00e9s Pratique de la Formation:<\/span><\/em><br><a href=\"https:\/\/la-revolution-therapie.universcghe.fr\/ambassadeur-du-dt\/\" style=\"font-size: 16px; color: rgb(46, 163, 242);\">https:\/\/la-revolution-therapie.universcghe.fr\/ambassadeur-du-dt<\/a>\/<\/p><\/h3>\t\t\t\t\t\t\t\t<\/div>\n\t\t\t\t<\/div>\n\t\t\t\t<div class=\"elementor-element elementor-element-312adb2 elementor-widget elementor-widget-html\" data-id=\"312adb2\" data-element_type=\"widget\" data-widget_type=\"html.default\">\n\t\t\t\t<div class=\"elementor-widget-container\">\n\t\t\t\t\t\t\t\t\t<\/div>\n\t\t\t\t<\/div>\n\t\t\t\t\t<\/div>\n\t\t<\/div>\n\t\t\t\t\t<\/div>\n\t\t<\/section>\n\t\t\t\t<\/div>\n\t\t","protected":false},"excerpt":{"rendered":"","protected":false},"author":1,"featured_media":0,"parent":703,"menu_order":4,"comment_status":"open","ping_status":"closed","template":"","meta":{"_et_pb_use_builder":"","_et_pb_old_content":"","_et_gb_content_width":"","footnotes":""},"class_list":["post-20973","page","type-page","status-publish","hentry"],"aioseo_notices":[],"jetpack_sharing_enabled":true,"_links":{"self":[{"href":"https:\/\/la-revolution-therapie.universcghe.fr\/formation-dt\/wp-json\/wp\/v2\/pages\/20973","targetHints":{"allow":["GET"]}}],"collection":[{"href":"https:\/\/la-revolution-therapie.universcghe.fr\/formation-dt\/wp-json\/wp\/v2\/pages"}],"about":[{"href":"https:\/\/la-revolution-therapie.universcghe.fr\/formation-dt\/wp-json\/wp\/v2\/types\/page"}],"author":[{"embeddable":true,"href":"https:\/\/la-revolution-therapie.universcghe.fr\/formation-dt\/wp-json\/wp\/v2\/users\/1"}],"replies":[{"embeddable":true,"href":"https:\/\/la-revolution-therapie.universcghe.fr\/formation-dt\/wp-json\/wp\/v2\/comments?post=20973"}],"version-history":[{"count":0,"href":"https:\/\/la-revolution-therapie.universcghe.fr\/formation-dt\/wp-json\/wp\/v2\/pages\/20973\/revisions"}],"up":[{"embeddable":true,"href":"https:\/\/la-revolution-therapie.universcghe.fr\/formation-dt\/wp-json\/wp\/v2\/pages\/703"}],"wp:attachment":[{"href":"https:\/\/la-revolution-therapie.universcghe.fr\/formation-dt\/wp-json\/wp\/v2\/media?parent=20973"}],"curies":[{"name":"wp","href":"https:\/\/api.w.org\/{rel}","templated":true}]}}