{"id":23176,"date":"2021-04-19T20:24:09","date_gmt":"2021-04-19T19:24:09","guid":{"rendered":"https:\/\/la-revolution-therapie.universcghe.fr\/formation-dt\/?page_id=23176"},"modified":"2022-03-27T06:38:05","modified_gmt":"2022-03-27T05:38:05","slug":"espaces-gardiens-de-l-humanite","status":"publish","type":"page","link":"https:\/\/la-revolution-therapie.universcghe.fr\/formation-dt\/espace-membre\/espaces-gardiens-de-l-humanite\/","title":{"rendered":"Espaces Gardiens de l&rsquo;Humanit\u00e9"},"content":{"rendered":"\t\t<div data-elementor-type=\"wp-post\" data-elementor-id=\"23176\" class=\"elementor elementor-23176\" data-elementor-post-type=\"page\">\n\t\t\t\t\t\t<section class=\"elementor-section elementor-top-section elementor-element elementor-element-388ef46a elementor-section-stretched elementor-section-boxed elementor-section-height-default elementor-section-height-default\" data-id=\"388ef46a\" data-element_type=\"section\" data-settings=\"{&quot;stretch_section&quot;:&quot;section-stretched&quot;}\">\n\t\t\t\t\t\t<div class=\"elementor-container elementor-column-gap-default\">\n\t\t\t\t\t<div class=\"elementor-column elementor-col-100 elementor-top-column elementor-element elementor-element-7e6b8333\" data-id=\"7e6b8333\" data-element_type=\"column\">\n\t\t\t<div class=\"elementor-widget-wrap elementor-element-populated\">\n\t\t\t\t\t\t<div class=\"elementor-element elementor-element-445a4a2 elementor-widget elementor-widget-image\" data-id=\"445a4a2\" data-element_type=\"widget\" data-widget_type=\"image.default\">\n\t\t\t\t<div class=\"elementor-widget-container\">\n\t\t\t\t\t\t\t\t\t\t\t\t\t\t\t<img fetchpriority=\"high\" fetchpriority=\"high\" decoding=\"async\" width=\"557\" height=\"499\" src=\"https:\/\/la-revolution-therapie.universcghe.fr\/formation-dt\/wp-content\/uploads\/sites\/2\/2021\/04\/infini.png\" class=\"attachment-large size-large wp-image-23178\" alt=\"\" srcset=\"https:\/\/la-revolution-therapie.universcghe.fr\/formation-dt\/wp-content\/uploads\/sites\/2\/2021\/04\/infini.png 557w, https:\/\/la-revolution-therapie.universcghe.fr\/formation-dt\/wp-content\/uploads\/sites\/2\/2021\/04\/infini-480x430.png 480w\" sizes=\"(min-width: 0px) and (max-width: 480px) 480px, (min-width: 481px) 557px, 100vw\" \/>\t\t\t\t\t\t\t\t\t\t\t\t\t\t\t<\/div>\n\t\t\t\t<\/div>\n\t\t\t\t<div class=\"elementor-element elementor-element-bc3a3b8 elementor-widget elementor-widget-text-editor\" data-id=\"bc3a3b8\" data-element_type=\"widget\" data-widget_type=\"text-editor.default\">\n\t\t\t\t<div class=\"elementor-widget-container\">\n\t\t\t\t\t\t\t\t\t<p style=\"text-align: center;\"><\/p>\t\t\t\t\t\t\t\t<\/div>\n\t\t\t\t<\/div>\n\t\t\t\t\t<\/div>\n\t\t<\/div>\n\t\t\t\t\t<\/div>\n\t\t<\/section>\n\t\t\t\t<section class=\"elementor-section elementor-top-section elementor-element elementor-element-41908a9 elementor-section-stretched elementor-section-boxed elementor-section-height-default elementor-section-height-default\" data-id=\"41908a9\" data-element_type=\"section\" data-settings=\"{&quot;stretch_section&quot;:&quot;section-stretched&quot;}\">\n\t\t\t\t\t\t<div class=\"elementor-container elementor-column-gap-default\">\n\t\t\t\t\t<div class=\"elementor-column elementor-col-100 elementor-top-column elementor-element elementor-element-bce9956\" data-id=\"bce9956\" data-element_type=\"column\">\n\t\t\t<div class=\"elementor-widget-wrap elementor-element-populated\">\n\t\t\t\t\t\t<div class=\"elementor-element elementor-element-e8af071 elementor-widget elementor-widget-html\" data-id=\"e8af071\" data-element_type=\"widget\" data-widget_type=\"html.default\">\n\t\t\t\t<div class=\"elementor-widget-container\">\n\t\t\t\t\t\t\t\t\t<\/div>\n\t\t\t\t<\/div>\n\t\t\t\t<div class=\"elementor-element elementor-element-a48030f elementor-widget elementor-widget-text-editor\" data-id=\"a48030f\" data-element_type=\"widget\" data-widget_type=\"text-editor.default\">\n\t\t\t\t<div class=\"elementor-widget-container\">\n\t\t\t\t\t\t\t\t\t<h3 style=\"text-align: center;\"><span style=\"color: #ff0000;\"><em><strong>Cet Espace est R\u00e9serv\u00e9 aux Gardiennes et Gardiens de L&rsquo;Humanit\u00e9 !!!&#8230;<\/strong><\/em><\/span><\/h3><div><div><div class=\"styled-hr hr-style-11\"><div class=\"hr-1\">\u00a0<\/div><div class=\"hr-2\">\u00a0<\/div><\/div><\/div><div>\u00a0<em><strong>Pour en Savoir Plus:<\/strong><\/em><\/div><\/div><p><a href=\"http:\/\/la-revolution-therapie.universcghe.fr\/detachement-des-traumatismes\/\"><br \/><\/a><br \/><em><strong>Pour en Savoir plus sur Sa Cr\u00e9atrice: Martine Clavelli<\/strong><\/em><br \/><a href=\"http:\/\/la-revolution-therapie.universcghe.fr\/a-propos\/\">http:\/\/la-revolution-therapie.universcghe.fr\/a-propos\/<br \/><\/a><br \/><em><strong>Le Calendrier :<\/strong><\/em><br \/><a href=\"http:\/\/la-revolution-therapie.universcghe.fr\/calendrier-evenements\/\">http:\/\/la-revolution-therapie.universcghe.fr\/calendrier-evenements\/<br \/><\/a><\/p>\t\t\t\t\t\t\t\t<\/div>\n\t\t\t\t<\/div>\n\t\t\t\t<div class=\"elementor-element elementor-element-9bcf776 elementor-widget elementor-widget-html\" data-id=\"9bcf776\" data-element_type=\"widget\" data-widget_type=\"html.default\">\n\t\t\t\t<div class=\"elementor-widget-container\">\n\t\t\t\t\t\t\t\t\t<\/div>\n\t\t\t\t<\/div>\n\t\t\t\t\t<\/div>\n\t\t<\/div>\n\t\t\t\t\t<\/div>\n\t\t<\/section>\n\t\t\t\t<\/div>\n\t\t","protected":false},"excerpt":{"rendered":"","protected":false},"author":1,"featured_media":0,"parent":703,"menu_order":4,"comment_status":"open","ping_status":"closed","template":"","meta":{"_et_pb_use_builder":"","_et_pb_old_content":"","_et_gb_content_width":"","footnotes":""},"class_list":["post-23176","page","type-page","status-publish","hentry"],"aioseo_notices":[],"jetpack_sharing_enabled":true,"_links":{"self":[{"href":"https:\/\/la-revolution-therapie.universcghe.fr\/formation-dt\/wp-json\/wp\/v2\/pages\/23176","targetHints":{"allow":["GET"]}}],"collection":[{"href":"https:\/\/la-revolution-therapie.universcghe.fr\/formation-dt\/wp-json\/wp\/v2\/pages"}],"about":[{"href":"https:\/\/la-revolution-therapie.universcghe.fr\/formation-dt\/wp-json\/wp\/v2\/types\/page"}],"author":[{"embeddable":true,"href":"https:\/\/la-revolution-therapie.universcghe.fr\/formation-dt\/wp-json\/wp\/v2\/users\/1"}],"replies":[{"embeddable":true,"href":"https:\/\/la-revolution-therapie.universcghe.fr\/formation-dt\/wp-json\/wp\/v2\/comments?post=23176"}],"version-history":[{"count":0,"href":"https:\/\/la-revolution-therapie.universcghe.fr\/formation-dt\/wp-json\/wp\/v2\/pages\/23176\/revisions"}],"up":[{"embeddable":true,"href":"https:\/\/la-revolution-therapie.universcghe.fr\/formation-dt\/wp-json\/wp\/v2\/pages\/703"}],"wp:attachment":[{"href":"https:\/\/la-revolution-therapie.universcghe.fr\/formation-dt\/wp-json\/wp\/v2\/media?parent=23176"}],"curies":[{"name":"wp","href":"https:\/\/api.w.org\/{rel}","templated":true}]}}