{"id":30040,"date":"2023-01-20T07:54:26","date_gmt":"2023-01-20T06:54:26","guid":{"rendered":"https:\/\/la-revolution-therapie.universcghe.fr\/formation-dt\/?page_id=30040"},"modified":"2025-05-21T23:18:49","modified_gmt":"2025-05-21T22:18:49","slug":"espace-vip-eveilleurs","status":"publish","type":"page","link":"https:\/\/la-revolution-therapie.universcghe.fr\/formation-dt\/espace-membre\/espaces-vip\/espace-vip-eveilleurs\/","title":{"rendered":"Espace VIP \u00c9veilleurs(es)"},"content":{"rendered":"\t\t<div data-elementor-type=\"wp-post\" data-elementor-id=\"30040\" class=\"elementor elementor-30040\" data-elementor-post-type=\"page\">\n\t\t\t\t\t\t<section class=\"elementor-section elementor-top-section elementor-element elementor-element-5e4664a4 elementor-section-stretched elementor-section-boxed elementor-section-height-default elementor-section-height-default\" data-id=\"5e4664a4\" data-element_type=\"section\" data-settings=\"{&quot;stretch_section&quot;:&quot;section-stretched&quot;}\">\n\t\t\t\t\t\t<div class=\"elementor-container elementor-column-gap-default\">\n\t\t\t\t\t<div class=\"elementor-column elementor-col-100 elementor-top-column elementor-element elementor-element-6af0fe0c\" data-id=\"6af0fe0c\" data-element_type=\"column\">\n\t\t\t<div class=\"elementor-widget-wrap elementor-element-populated\">\n\t\t\t\t\t\t<div class=\"elementor-element elementor-element-9f863e6 elementor-widget elementor-widget-text-editor\" data-id=\"9f863e6\" data-element_type=\"widget\" data-widget_type=\"text-editor.default\">\n\t\t\t\t<div class=\"elementor-widget-container\">\n\t\t\t\t\t\t\t\t\t<p style=\"text-align: center;\"><\/p>\t\t\t\t\t\t\t\t<\/div>\n\t\t\t\t<\/div>\n\t\t\t\t<div class=\"elementor-element elementor-element-74a033c elementor-widget elementor-widget-image\" data-id=\"74a033c\" data-element_type=\"widget\" data-widget_type=\"image.default\">\n\t\t\t\t<div class=\"elementor-widget-container\">\n\t\t\t\t\t\t\t\t\t\t\t\t\t\t\t<img fetchpriority=\"high\" fetchpriority=\"high\" decoding=\"async\" width=\"300\" height=\"282\" src=\"https:\/\/la-revolution-therapie.universcghe.fr\/formation-dt\/wp-content\/uploads\/sites\/2\/2021\/07\/Triangle-300x282.png\" class=\"attachment-medium size-medium wp-image-24096\" alt=\"\" \/>\t\t\t\t\t\t\t\t\t\t\t\t\t\t\t<\/div>\n\t\t\t\t<\/div>\n\t\t\t\t<div class=\"elementor-element elementor-element-05625be elementor-widget elementor-widget-html\" data-id=\"05625be\" data-element_type=\"widget\" data-widget_type=\"html.default\">\n\t\t\t\t<div class=\"elementor-widget-container\">\n\t\t\t\t\t\t\t\t\t<\/div>\n\t\t\t\t<\/div>\n\t\t\t\t<div class=\"elementor-element elementor-element-01bf290 elementor-widget elementor-widget-text-editor\" data-id=\"01bf290\" data-element_type=\"widget\" data-widget_type=\"text-editor.default\">\n\t\t\t\t<div class=\"elementor-widget-container\">\n\t\t\t\t\t\t\t\t\t<h1 style=\"text-align: center;\">\u00a0<em style=\"color: #ff0000; font-size: 22px; text-align: center; font-family: var( --e-global-typography-text-font-family ), Sans-serif; letter-spacing: var( --e-global-typography-text-letter-spacing );\"><strong>Cet Espace est R\u00e9serv\u00e9 aux \u00c9veilleurs(es) de Conscience<\/strong><\/em><\/h1><p><em><strong><span style=\"color: #0000ff;\">Pour en Savoir Plus :<\/span><\/strong><\/em><\/p><p>\u00a0<\/p><p><br \/><span style=\"color: #ff0000;\"><em><strong>Pour en Savoir plus sur Sa Cr\u00e9atrice: Martine Clavelli<\/strong><\/em><\/span><br \/><a href=\"http:\/\/la-revolution-therapie.universcghe.fr\/a-propos\/\">http:\/\/la-revolution-therapie.universcghe.fr\/a-propos\/<\/a><\/p><p>\u00a0<\/p>\t\t\t\t\t\t\t\t<\/div>\n\t\t\t\t<\/div>\n\t\t\t\t<div class=\"elementor-element elementor-element-638271c elementor-widget elementor-widget-html\" data-id=\"638271c\" data-element_type=\"widget\" data-widget_type=\"html.default\">\n\t\t\t\t<div class=\"elementor-widget-container\">\n\t\t\t\t\t\t\t\t\t<\/div>\n\t\t\t\t<\/div>\n\t\t\t\t\t<\/div>\n\t\t<\/div>\n\t\t\t\t\t<\/div>\n\t\t<\/section>\n\t\t\t\t<\/div>\n\t\t","protected":false},"excerpt":{"rendered":"","protected":false},"author":1,"featured_media":0,"parent":1716,"menu_order":1,"comment_status":"closed","ping_status":"closed","template":"","meta":{"_et_pb_use_builder":"","_et_pb_old_content":"","_et_gb_content_width":"","footnotes":""},"class_list":["post-30040","page","type-page","status-publish","hentry"],"aioseo_notices":[],"jetpack_sharing_enabled":true,"_links":{"self":[{"href":"https:\/\/la-revolution-therapie.universcghe.fr\/formation-dt\/wp-json\/wp\/v2\/pages\/30040","targetHints":{"allow":["GET"]}}],"collection":[{"href":"https:\/\/la-revolution-therapie.universcghe.fr\/formation-dt\/wp-json\/wp\/v2\/pages"}],"about":[{"href":"https:\/\/la-revolution-therapie.universcghe.fr\/formation-dt\/wp-json\/wp\/v2\/types\/page"}],"author":[{"embeddable":true,"href":"https:\/\/la-revolution-therapie.universcghe.fr\/formation-dt\/wp-json\/wp\/v2\/users\/1"}],"replies":[{"embeddable":true,"href":"https:\/\/la-revolution-therapie.universcghe.fr\/formation-dt\/wp-json\/wp\/v2\/comments?post=30040"}],"version-history":[{"count":69,"href":"https:\/\/la-revolution-therapie.universcghe.fr\/formation-dt\/wp-json\/wp\/v2\/pages\/30040\/revisions"}],"predecessor-version":[{"id":35893,"href":"https:\/\/la-revolution-therapie.universcghe.fr\/formation-dt\/wp-json\/wp\/v2\/pages\/30040\/revisions\/35893"}],"up":[{"embeddable":true,"href":"https:\/\/la-revolution-therapie.universcghe.fr\/formation-dt\/wp-json\/wp\/v2\/pages\/1716"}],"wp:attachment":[{"href":"https:\/\/la-revolution-therapie.universcghe.fr\/formation-dt\/wp-json\/wp\/v2\/media?parent=30040"}],"curies":[{"name":"wp","href":"https:\/\/api.w.org\/{rel}","templated":true}]}}