{"id":30158,"date":"2023-01-27T13:24:32","date_gmt":"2023-01-27T12:24:32","guid":{"rendered":"https:\/\/la-revolution-therapie.universcghe.fr\/formation-dt\/?page_id=30158"},"modified":"2023-03-07T19:16:23","modified_gmt":"2023-03-07T18:16:23","slug":"atelier-couper-les-liens-toxiques","status":"publish","type":"page","link":"https:\/\/la-revolution-therapie.universcghe.fr\/formation-dt\/atelier-couper-les-liens-toxiques\/","title":{"rendered":""},"content":{"rendered":"\t\t<div data-elementor-type=\"wp-page\" data-elementor-id=\"30158\" class=\"elementor elementor-30158\" data-elementor-post-type=\"page\">\n\t\t\t\t\t\t<section class=\"elementor-section elementor-top-section elementor-element elementor-element-a69a20e elementor-section-full_width elementor-section-stretched elementor-section-height-default elementor-section-height-default\" data-id=\"a69a20e\" data-element_type=\"section\" data-settings=\"{&quot;stretch_section&quot;:&quot;section-stretched&quot;,&quot;background_background&quot;:&quot;classic&quot;}\">\n\t\t\t\t\t\t<div class=\"elementor-container elementor-column-gap-default\">\n\t\t\t\t\t<div class=\"elementor-column elementor-col-100 elementor-top-column elementor-element elementor-element-5393245\" data-id=\"5393245\" data-element_type=\"column\">\n\t\t\t<div class=\"elementor-widget-wrap elementor-element-populated\">\n\t\t\t\t\t\t<section class=\"elementor-section elementor-inner-section elementor-element elementor-element-71b6c67 elementor-section-boxed elementor-section-height-default elementor-section-height-default\" data-id=\"71b6c67\" data-element_type=\"section\">\n\t\t\t\t\t\t<div class=\"elementor-container elementor-column-gap-default\">\n\t\t\t\t\t<div class=\"elementor-column elementor-col-100 elementor-inner-column elementor-element elementor-element-516a328\" data-id=\"516a328\" data-element_type=\"column\">\n\t\t\t<div class=\"elementor-widget-wrap elementor-element-populated\">\n\t\t\t\t\t\t<div class=\"elementor-element elementor-element-8be68dd elementor-widget elementor-widget-image\" data-id=\"8be68dd\" data-element_type=\"widget\" data-widget_type=\"image.default\">\n\t\t\t\t<div class=\"elementor-widget-container\">\n\t\t\t\t\t\t\t\t\t\t\t\t\t\t\t<img fetchpriority=\"high\" fetchpriority=\"high\" decoding=\"async\" width=\"300\" height=\"248\" src=\"https:\/\/la-revolution-therapie.universcghe.fr\/formation-dt\/wp-content\/uploads\/sites\/2\/2023\/01\/Image1-300x248.png\" class=\"attachment-medium size-medium wp-image-30167\" alt=\"\" \/>\t\t\t\t\t\t\t\t\t\t\t\t\t\t\t<\/div>\n\t\t\t\t<\/div>\n\t\t\t\t<div class=\"elementor-element elementor-element-f9ef862 elementor-widget elementor-widget-heading\" data-id=\"f9ef862\" data-element_type=\"widget\" data-widget_type=\"heading.default\">\n\t\t\t\t<div class=\"elementor-widget-container\">\n\t\t\t\t\t<h2 class=\"elementor-heading-title elementor-size-default\">\"ATELIER WEB n\u00b01\"<br>COUPER LES LIENS TOXIQUES <br>TRANSG\u00c9N\u00c9RATIONNELS ET FRATRIE<\/h2>\t\t\t\t<\/div>\n\t\t\t\t<\/div>\n\t\t\t\t\t<\/div>\n\t\t<\/div>\n\t\t\t\t\t<\/div>\n\t\t<\/section>\n\t\t\t\t\t<\/div>\n\t\t<\/div>\n\t\t\t\t\t<\/div>\n\t\t<\/section>\n\t\t\t\t<section class=\"elementor-section elementor-top-section elementor-element elementor-element-1fa6b4e elementor-section-full_width elementor-section-stretched elementor-section-height-default elementor-section-height-default\" data-id=\"1fa6b4e\" data-element_type=\"section\" data-settings=\"{&quot;stretch_section&quot;:&quot;section-stretched&quot;,&quot;background_background&quot;:&quot;classic&quot;}\">\n\t\t\t\t\t\t<div class=\"elementor-container elementor-column-gap-default\">\n\t\t\t\t\t<div class=\"elementor-column elementor-col-100 elementor-top-column elementor-element elementor-element-d5a88c2\" data-id=\"d5a88c2\" data-element_type=\"column\">\n\t\t\t<div class=\"elementor-widget-wrap elementor-element-populated\">\n\t\t\t\t\t\t<div class=\"elementor-element elementor-element-34cd1e5 elementor-widget elementor-widget-heading\" data-id=\"34cd1e5\" data-element_type=\"widget\" data-widget_type=\"heading.default\">\n\t\t\t\t<div class=\"elementor-widget-container\">\n\t\t\t\t\t<h2 class=\"elementor-heading-title elementor-size-default\">Ce Que Tu Vas Recevoir...<\/h2>\t\t\t\t<\/div>\n\t\t\t\t<\/div>\n\t\t\t\t<div class=\"elementor-element elementor-element-d346a36 elementor-widget elementor-widget-text-editor\" data-id=\"d346a36\" data-element_type=\"widget\" data-widget_type=\"text-editor.default\">\n\t\t\t\t<div class=\"elementor-widget-container\">\n\t\t\t\t\t\t\t\t\t<p><b>Dans les 24 heures<br>Un Mail avec le lien vers le Replay &#8230;<br>Pour Couper Tes Liens Toxiques Transg\u00e9n\u00e9rationnels<\/b><\/p>\n<p><br><\/p>\t\t\t\t\t\t\t\t<\/div>\n\t\t\t\t<\/div>\n\t\t\t\t<section class=\"elementor-section elementor-inner-section elementor-element elementor-element-5f2486c elementor-section-boxed elementor-section-height-default elementor-section-height-default\" data-id=\"5f2486c\" data-element_type=\"section\">\n\t\t\t\t\t\t<div class=\"elementor-container elementor-column-gap-default\">\n\t\t\t\t\t<div class=\"elementor-column elementor-col-33 elementor-inner-column elementor-element elementor-element-4007b00\" data-id=\"4007b00\" data-element_type=\"column\">\n\t\t\t<div class=\"elementor-widget-wrap\">\n\t\t\t\t\t\t\t<\/div>\n\t\t<\/div>\n\t\t\t\t<div class=\"elementor-column elementor-col-33 elementor-inner-column elementor-element elementor-element-0aa77be\" data-id=\"0aa77be\" data-element_type=\"column\" data-settings=\"{&quot;background_background&quot;:&quot;classic&quot;}\">\n\t\t\t<div class=\"elementor-widget-wrap elementor-element-populated\">\n\t\t\t\t\t\t<div class=\"elementor-element elementor-element-957eb2a elementor-widget elementor-widget-text-editor\" data-id=\"957eb2a\" data-element_type=\"widget\" data-widget_type=\"text-editor.default\">\n\t\t\t\t<div class=\"elementor-widget-container\">\n\t\t\t\t\t\t\t\t\t<p style=\"text-align: center;\"><form name=\"commerce-form1\" id=\"commerce-form1\" action=\"\/formation-dt\/wp-json\/wp\/v2\/pages\/30158\" method=\"post\" enctype=\"multipart\/form-data\" onsubmit=\"return validate_commerce_form1(this);\"><style scoped=\"scoped\" type=\"text\/css\" media=\"all\">\r\ninput[type=\"submit\"] { background-color: #e0c040; border: 1px solid #a08000; border-radius: 4px; box-shadow: 1px 1px 1px #808080; color: #000000; cursor: pointer; height: 2em; line-height: 1; opacity: 0.9; padding: 0 0.5em; }\r\ninput[type=\"submit\"]:hover { color: #000000; opacity: 1; }\r\n<\/style>\r\n\r\n\r\n\r\n<h4 style=\"color: #000000;\">Tes Informations personnelles :<\/h4>\r\n<p style=\"margin: 0.5em 0;\"><label><strong>Pays<\/strong> : <select name=\"commerce_form1_country_code\" id=\"commerce_form1_country\"><option value=\"\">&#8212;<\/option>\n<option value=\"AF\">Afghanistan<\/option>\n<option value=\"ZA\">Afrique du Sud<\/option>\n<option value=\"AX\">\u00c5land (\u00celes)<\/option>\n<option value=\"AL\">Albanie<\/option>\n<option value=\"DZ\">Alg\u00e9rie<\/option>\n<option value=\"DE\">Allemagne<\/option>\n<option value=\"AD\">Andorre<\/option>\n<option value=\"AO\">Angola<\/option>\n<option value=\"AI\">Anguilla<\/option>\n<option value=\"AQ\">Antarctique<\/option>\n<option value=\"AG\">Antigua-et-Barbuda<\/option>\n<option value=\"SA\">Arabie saoudite<\/option>\n<option value=\"AR\">Argentine<\/option>\n<option value=\"AM\">Arm\u00e9nie<\/option>\n<option value=\"AW\">Aruba<\/option>\n<option value=\"AU\">Australie<\/option>\n<option value=\"AT\">Autriche<\/option>\n<option value=\"AZ\">Azerba\u00efdjan<\/option>\n<option value=\"BS\">Bahamas<\/option>\n<option value=\"BH\">Bahre\u00efn<\/option>\n<option value=\"BD\">Bangladesh<\/option>\n<option value=\"BB\">Barbade<\/option>\n<option value=\"BY\">B\u00e9larus<\/option>\n<option value=\"BE\">Belgique<\/option>\n<option value=\"BZ\">Belize<\/option>\n<option value=\"BJ\">B\u00e9nin<\/option>\n<option value=\"BM\">Bermudes<\/option>\n<option value=\"BT\">Bhoutan<\/option>\n<option value=\"BO\">Bolivie<\/option>\n<option value=\"BQ\">Bonaire, Saint-Eustache et Saba<\/option>\n<option value=\"BA\">Bosnie-Herz\u00e9govine<\/option>\n<option value=\"BW\">Botswana<\/option>\n<option value=\"BV\">Bouvet (\u00cele)<\/option>\n<option value=\"BR\">Br\u00e9sil<\/option>\n<option value=\"BN\">Brun\u00e9i Darussalam<\/option>\n<option value=\"BG\">Bulgarie<\/option>\n<option value=\"BF\">Burkina Faso<\/option>\n<option value=\"BI\">Burundi<\/option>\n<option value=\"CV\">Cabo Verde<\/option>\n<option value=\"KY\">Ca\u00efmans (\u00celes)<\/option>\n<option value=\"KH\">Cambodge<\/option>\n<option value=\"CM\">Cameroun<\/option>\n<option value=\"CA\">Canada<\/option>\n<option value=\"CL\">Chili<\/option>\n<option value=\"CN\">Chine<\/option>\n<option value=\"CX\">Christmas (\u00cele)<\/option>\n<option value=\"CY\">Chypre<\/option>\n<option value=\"CC\">Cocos (Keeling) (\u00celes)<\/option>\n<option value=\"CO\">Colombie<\/option>\n<option value=\"KM\">Comores<\/option>\n<option value=\"CG\">Congo<\/option>\n<option value=\"CD\">Congo (R\u00e9publique d\u00e9mocratique du)<\/option>\n<option value=\"CK\">Cook (\u00celes)<\/option>\n<option value=\"KP\">Cor\u00e9e du Nord<\/option>\n<option value=\"KR\">Cor\u00e9e du Sud<\/option>\n<option value=\"CR\">Costa Rica<\/option>\n<option value=\"CI\">C\u00f4te-d&rsquo;Ivoire<\/option>\n<option value=\"HR\">Croatie<\/option>\n<option value=\"CU\">Cuba<\/option>\n<option value=\"CW\">Cura\u00e7ao<\/option>\n<option value=\"DK\">Danemark<\/option>\n<option value=\"DJ\">Djibouti<\/option>\n<option value=\"DO\">Dominicaine (R\u00e9publique)<\/option>\n<option value=\"DM\">Dominique<\/option>\n<option value=\"EG\">\u00c9gypte<\/option>\n<option value=\"AE\">\u00c9mirats arabes unis<\/option>\n<option value=\"EC\">\u00c9quateur<\/option>\n<option value=\"ER\">\u00c9rythr\u00e9e<\/option>\n<option value=\"ES\">Espagne<\/option>\n<option value=\"EE\">Estonie<\/option>\n<option value=\"US\">\u00c9tats-Unis<\/option>\n<option value=\"ET\">\u00c9thiopie<\/option>\n<option value=\"FO\">F\u00e9ro\u00e9 (\u00celes)<\/option>\n<option value=\"FJ\">Fidji<\/option>\n<option value=\"FI\">Finlande<\/option>\n<option value=\"FR\">France<\/option>\n<option value=\"GA\">Gabon<\/option>\n<option value=\"GM\">Gambie<\/option>\n<option value=\"GE\">G\u00e9orgie<\/option>\n<option value=\"GS\">G\u00e9orgie du Sud-et-les \u00celes Sandwich du Sud<\/option>\n<option value=\"GH\">Ghana<\/option>\n<option value=\"GI\">Gibraltar<\/option>\n<option value=\"GR\">Gr\u00e8ce<\/option>\n<option value=\"GD\">Grenade<\/option>\n<option value=\"GL\">Groenland<\/option>\n<option value=\"GP\">Guadeloupe<\/option>\n<option value=\"GU\">Guam<\/option>\n<option value=\"GT\">Guatemala<\/option>\n<option value=\"GG\">Guernesey<\/option>\n<option value=\"GN\">Guin\u00e9e<\/option>\n<option value=\"GW\">Guin\u00e9e-Bissau<\/option>\n<option value=\"GQ\">Guin\u00e9e \u00e9quatoriale<\/option>\n<option value=\"GY\">Guyana<\/option>\n<option value=\"GF\">Guyane fran\u00e7aise<\/option>\n<option value=\"HT\">Ha\u00efti<\/option>\n<option value=\"HM\">Heard-et-MacDonald (\u00celes)<\/option>\n<option value=\"HN\">Honduras<\/option>\n<option value=\"HK\">Hong Kong<\/option>\n<option value=\"HU\">Hongrie<\/option>\n<option value=\"IM\">\u00cele de Man<\/option>\n<option value=\"UM\">\u00celes mineures \u00e9loign\u00e9es des \u00c9tats-Unis<\/option>\n<option value=\"VG\">\u00celes Vierges britanniques<\/option>\n<option value=\"VI\">\u00celes Vierges des \u00c9tats-Unis<\/option>\n<option value=\"IN\">Inde<\/option>\n<option value=\"IO\">Indien (Territoire britannique de l&rsquo;oc\u00e9an)<\/option>\n<option value=\"ID\">Indon\u00e9sie<\/option>\n<option value=\"IR\">Iran<\/option>\n<option value=\"IQ\">Iraq<\/option>\n<option value=\"IE\">Irlande<\/option>\n<option value=\"IS\">Islande<\/option>\n<option value=\"IL\">Isra\u00ebl<\/option>\n<option value=\"IT\">Italie<\/option>\n<option value=\"JM\">Jama\u00efque<\/option>\n<option value=\"JP\">Japon<\/option>\n<option value=\"JE\">Jersey<\/option>\n<option value=\"JO\">Jordanie<\/option>\n<option value=\"KZ\">Kazakhstan<\/option>\n<option value=\"KE\">Kenya<\/option>\n<option value=\"KG\">Kirghizistan<\/option>\n<option value=\"KI\">Kiribati<\/option>\n<option value=\"KW\">Kowe\u00eft<\/option>\n<option value=\"LA\">Laos<\/option>\n<option value=\"LS\">Lesotho<\/option>\n<option value=\"LV\">Lettonie<\/option>\n<option value=\"LB\">Liban<\/option>\n<option value=\"LR\">Lib\u00e9ria<\/option>\n<option value=\"LY\">Libye<\/option>\n<option value=\"LI\">Liechtenstein<\/option>\n<option value=\"LT\">Lituanie<\/option>\n<option value=\"LU\">Luxembourg<\/option>\n<option value=\"MO\">Macao<\/option>\n<option value=\"MK\">Mac\u00e9doine<\/option>\n<option value=\"MG\">Madagascar<\/option>\n<option value=\"MY\">Malaisie<\/option>\n<option value=\"MW\">Malawi<\/option>\n<option value=\"MV\">Maldives<\/option>\n<option value=\"ML\">Mali<\/option>\n<option value=\"FK\">Malouines (Falkland) (\u00celes)<\/option>\n<option value=\"MT\">Malte<\/option>\n<option value=\"MP\">Mariannes du Nord (\u00celes)<\/option>\n<option value=\"MA\">Maroc<\/option>\n<option value=\"MH\">Marshall (\u00celes)<\/option>\n<option value=\"MQ\">Martinique<\/option>\n<option value=\"MU\">Maurice<\/option>\n<option value=\"MR\">Mauritanie<\/option>\n<option value=\"YT\">Mayotte<\/option>\n<option value=\"MX\">Mexique<\/option>\n<option value=\"FM\">Micron\u00e9sie<\/option>\n<option value=\"MD\">Moldavie<\/option>\n<option value=\"MC\">Monaco<\/option>\n<option value=\"MN\">Mongolie<\/option>\n<option value=\"ME\">Mont\u00e9n\u00e9gro<\/option>\n<option value=\"MS\">Montserrat<\/option>\n<option value=\"MZ\">Mozambique<\/option>\n<option value=\"MM\">Myanmar<\/option>\n<option value=\"NA\">Namibie<\/option>\n<option value=\"NR\">Nauru<\/option>\n<option value=\"NP\">N\u00e9pal<\/option>\n<option value=\"NI\">Nicaragua<\/option>\n<option value=\"NE\">Niger<\/option>\n<option value=\"NG\">Nig\u00e9ria<\/option>\n<option value=\"NU\">Niue<\/option>\n<option value=\"NF\">Norfolk (\u00cele)<\/option>\n<option value=\"NO\">Norv\u00e8ge<\/option>\n<option value=\"NC\">Nouvelle-Cal\u00e9donie<\/option>\n<option value=\"NZ\">Nouvelle-Z\u00e9lande<\/option>\n<option value=\"OM\">Oman<\/option>\n<option value=\"UG\">Ouganda<\/option>\n<option value=\"UZ\">Ouzb\u00e9kistan<\/option>\n<option value=\"PK\">Pakistan<\/option>\n<option value=\"PW\">Palaos<\/option>\n<option value=\"PS\">Palestine<\/option>\n<option value=\"PA\">Panama<\/option>\n<option value=\"PG\">Papouasie-Nouvelle-Guin\u00e9e<\/option>\n<option value=\"PY\">Paraguay<\/option>\n<option value=\"NL\">Pays-Bas<\/option>\n<option value=\"PE\">P\u00e9rou<\/option>\n<option value=\"PH\">Philippines<\/option>\n<option value=\"PN\">Pitcairn (\u00celes)<\/option>\n<option value=\"PL\">Pologne<\/option>\n<option value=\"PF\">Polyn\u00e9sie fran\u00e7aise<\/option>\n<option value=\"PR\">Porto Rico<\/option>\n<option value=\"PT\">Portugal<\/option>\n<option value=\"QA\">Qatar<\/option>\n<option value=\"CF\">R\u00e9publique centrafricaine<\/option>\n<option value=\"RE\">R\u00e9union<\/option>\n<option value=\"RO\">Roumanie<\/option>\n<option value=\"GB\">Royaume-Uni<\/option>\n<option value=\"RU\">Russie<\/option>\n<option value=\"RW\">Rwanda<\/option>\n<option value=\"EH\">Sahara occidental<\/option>\n<option value=\"BL\">Saint-Barth\u00e9lemy<\/option>\n<option value=\"KN\">Saint-Kitts-et-Nevis<\/option>\n<option value=\"SM\">Saint-Marin<\/option>\n<option value=\"MF\">Saint-Martin (Partie fran\u00e7aise)<\/option>\n<option value=\"SX\">Saint-Martin (Partie n\u00e9erlandaise)<\/option>\n<option value=\"PM\">Saint-Pierre-et-Miquelon<\/option>\n<option value=\"VA\">Saint-Si\u00e8ge<\/option>\n<option value=\"VC\">Saint-Vincent-et-les-Grenadines<\/option>\n<option value=\"SH\">Sainte-H\u00e9l\u00e8ne, Ascension et Tristan da Cunha<\/option>\n<option value=\"LC\">Sainte-Lucie<\/option>\n<option value=\"SB\">Salomon (\u00celes)<\/option>\n<option value=\"SV\">Salvador<\/option>\n<option value=\"WS\">Samoa<\/option>\n<option value=\"AS\">Samoa am\u00e9ricaines<\/option>\n<option value=\"ST\">Sao Tom\u00e9-et-Principe<\/option>\n<option value=\"SN\">S\u00e9n\u00e9gal<\/option>\n<option value=\"RS\">Serbie<\/option>\n<option value=\"SC\">Seychelles<\/option>\n<option value=\"SL\">Sierra Leone<\/option>\n<option value=\"SG\">Singapour<\/option>\n<option value=\"SK\">Slovaquie<\/option>\n<option value=\"SI\">Slov\u00e9nie<\/option>\n<option value=\"SO\">Somalie<\/option>\n<option value=\"SD\">Soudan<\/option>\n<option value=\"SS\">Soudan du Sud<\/option>\n<option value=\"LK\">Sri Lanka<\/option>\n<option value=\"SE\">Su\u00e8de<\/option>\n<option value=\"CH\">Suisse<\/option>\n<option value=\"SR\">Suriname<\/option>\n<option value=\"SJ\">Svalbard et l&rsquo;\u00cele Jan Mayen<\/option>\n<option value=\"SZ\">Swaziland<\/option>\n<option value=\"SY\">Syrie<\/option>\n<option value=\"TJ\">Tadjikistan<\/option>\n<option value=\"TW\">Ta\u00efwan<\/option>\n<option value=\"TZ\">Tanzanie<\/option>\n<option value=\"TD\">Tchad<\/option>\n<option value=\"CZ\">Tch\u00e8que (R\u00e9publique)<\/option>\n<option value=\"TF\">Terres australes et antarctiques fran\u00e7aises<\/option>\n<option value=\"TH\">Tha\u00eflande<\/option>\n<option value=\"TL\">Timor-Leste<\/option>\n<option value=\"TG\">Togo<\/option>\n<option value=\"TK\">Tokelau<\/option>\n<option value=\"TO\">Tonga<\/option>\n<option value=\"TT\">Trinit\u00e9-et-Tobago<\/option>\n<option value=\"TN\">Tunisie<\/option>\n<option value=\"TM\">Turkm\u00e9nistan<\/option>\n<option value=\"TC\">Turks-et-Ca\u00efcos (\u00celes)<\/option>\n<option value=\"TR\">Turquie<\/option>\n<option value=\"TV\">Tuvalu<\/option>\n<option value=\"UA\">Ukraine<\/option>\n<option value=\"UY\">Uruguay<\/option>\n<option value=\"VU\">Vanuatu<\/option>\n<option value=\"VE\">Venezuela<\/option>\n<option value=\"VN\">Viet Nam<\/option>\n<option value=\"WF\">Wallis-et-Futuna<\/option>\n<option value=\"YE\">Y\u00e9men<\/option>\n<option value=\"ZM\">Zambie<\/option>\n<option value=\"ZW\">Zimbabwe<\/option>\n<\/select><br \/><span id=\"commerce_form1_country_error\" style=\"display: none; color: #c00000;\" class=\"error\"><\/span><\/label><\/p>\r\n<p style=\"margin: 0.5em 0;\"><label><input name=\"commerce_form1_first_name\" id=\"commerce_form1_first_name\" size=\"40\" placeholder=\"Ton pr\u00e9nom\" type=\"text\" \/><br \/><span id=\"commerce_form1_first_name_error\" style=\"display: none; color: #c00000;\" class=\"error\"><\/span><\/label><\/p>\r\n<p style=\"margin: 0.5em 0;\"><label><input name=\"commerce_form1_last_name\" id=\"commerce_form1_last_name\" size=\"40\" placeholder=\"Ton nom\" type=\"text\" \/><br \/><span id=\"commerce_form1_last_name_error\" style=\"display: none; color: #c00000;\" class=\"error\"><\/span><\/label><\/p>\r\n<p style=\"margin: 0.5em 0;\"><label><input name=\"commerce_form1_email_address\" id=\"commerce_form1_email_address\" size=\"40\" placeholder=\"Ton adresse e-mail\" onblur=\"this.value = kleor_format_email_address(this.value);\" onkeyup=\"this.value = kleor_format_email_address(this.value);\" type=\"email\" \/><br \/><span id=\"commerce_form1_email_address_error\" style=\"display: none; color: #c00000;\" class=\"error\"><\/span><\/label><\/p>\r\n<p style=\"margin: 0.5em 0;\"><label><\/label><\/p>\r\n\r\n<h4 style=\"color: #000000;\">Ton adresse de facturation :<\/h4>\r\n<p style=\"margin: 0.5em 0;\"><label><input name=\"commerce_form1_address\" id=\"commerce_form1_address\" size=\"40\" placeholder=\"Ton adresse postale\" type=\"text\" \/><br \/><span id=\"commerce_form1_address_error\" style=\"display: none; color: #c00000;\" class=\"error\"><\/span><\/label><\/p>\r\n<p style=\"margin: 0.5em 0;\"><label><input name=\"commerce_form1_postcode\" id=\"commerce_form1_postcode\" size=\"20\" placeholder=\"Ton code postal\" type=\"text\" \/><br \/><span id=\"commerce_form1_postcode_error\" style=\"display: none; color: #c00000;\" class=\"error\"><\/span><\/label><\/p>\r\n<p style=\"margin: 0.5em 0;\"><label><input name=\"commerce_form1_town\" id=\"commerce_form1_town\" size=\"40\" placeholder=\"Ta ville\" type=\"text\" \/><br \/><span id=\"commerce_form1_town_error\" style=\"display: none; color: #c00000;\" class=\"error\"><\/span><\/label><\/p>\r\n\r\n\r\n<p style=\"margin: 1.5em 0;\"><label><strong>Paiement<\/strong> : <select name=\"commerce_form1_payment_option\" id=\"commerce_form1_payment_option\">\r\n<option value=\"0\">en une seule fois (50 EUR)<\/option>\r\n<\/select><\/label>\r\n<br \/><span id=\"commerce_form1_payment_option_error\" style=\"display: none; color: #c00000;\" class=\"error\"><\/span><\/p>\r\n\r\n<p style=\"margin: 1.5em 0;\"><label><strong>Moyen de paiement<\/strong> : <select name=\"commerce_form1_payment_mode\" id=\"commerce_form1_payment_mode\" onchange=\"change_commerce_form_action(this.form, this.value);\">\r\n<option value=\"Stripe\">Carte bancaire<\/option>\r\n<option value=\"PayPal\" selected=\"selected\">PayPal<\/option>\r\n<\/select><\/label>\r\n<br \/><span id=\"commerce_form1_payment_mode_error\" style=\"display: none; color: #c00000;\" class=\"error\"><\/span><\/p>\r\n\r\n<p style=\"margin: 1.5em 0;\"><label><input name=\"commerce_form1_terms_and_conditions\" id=\"commerce_form1_terms_and_conditions\" type=\"checkbox\" value=\"yes\" \/> \r\nJ&rsquo;accepte les <a target=\"_blank\" href=\"https:\/\/la-revolution-therapie.universcghe.fr\/conditions-generales-de-vente-dt\/]\">conditions g\u00e9n\u00e9rales de vente<\/a>.<\/label>\r\n<br \/><span id=\"commerce_form1_terms_and_conditions_error\" style=\"display: none; color: #c00000;\" class=\"error\"><\/span><\/p>\r\n\r\n<div style=\"margin: 1.5em;\"><input name=\"commerce_form1_submit\" id=\"commerce_form1_submit\" class=\"kleor\" style=\"background-color: #ffcc00; border: none; border-radius: 1.25em; box-shadow: none; color: #ffffff; cursor: pointer; font-size: 1.25em; font-weight: bold; height: 2.5em; line-height: 2.5; margin: 0 0 1em 0; opacity: 1; padding: 0 1em;\" onmouseover=\"this.style.backgroundColor = '#00a000';\" onmouseout=\"this.style.backgroundColor = '#ffcc00';\" formnovalidate=\"formnovalidate\" value=\"J&#039;acc\u00e8de au replay\" type=\"submit\" \/><\/div>\r\n\r\n<script>\r\ncommerce_form_id = \"commerce_form1_\";\r\ncommerce_form_id = commerce_form_id.substr(0, (commerce_form_id.length - 1));\r\ncommerce_form_id = commerce_form_id.replace(\/[_]\/g, '-');\r\noriginal_commerce_form1_action = document.getElementById(commerce_form_id).getAttribute(\"action\");\r\n\r\nfunction change_commerce_form_action(form, value) {\r\nif (value == 'Ch\u00e8que') { form.setAttribute('action', '\/paiement-par-cheque-2\/?product=atelier'); }\r\nelse if (value == 'Virement') { form.setAttribute('action', '\/paiement-par-virement-2\/?product=atelier'); }\r\nelse { form.setAttribute('action', original_commerce_form1_action); } }\r\n<\/script><div style=\"display: none;\"><input type=\"hidden\" name=\"referring_url\" value=\"\" \/><input type=\"hidden\" name=\"commerce_form1_submit\" value=\"yes\" \/><\/div><\/form><\/p>\t\t\t\t\t\t\t\t<\/div>\n\t\t\t\t<\/div>\n\t\t\t\t\t<\/div>\n\t\t<\/div>\n\t\t\t\t<div class=\"elementor-column elementor-col-33 elementor-inner-column elementor-element elementor-element-3892643\" data-id=\"3892643\" data-element_type=\"column\" data-settings=\"{&quot;background_background&quot;:&quot;classic&quot;}\">\n\t\t\t<div class=\"elementor-widget-wrap\">\n\t\t\t\t\t\t\t<\/div>\n\t\t<\/div>\n\t\t\t\t\t<\/div>\n\t\t<\/section>\n\t\t\t\t<div class=\"elementor-element elementor-element-3514fec elementor-widget elementor-widget-text-editor\" data-id=\"3514fec\" data-element_type=\"widget\" data-widget_type=\"text-editor.default\">\n\t\t\t\t<div class=\"elementor-widget-container\">\n\t\t\t\t\t\t\t\t\t<p style=\"text-align: center;\">\u00a0<\/p><p style=\"text-align: center;\"><span style=\"color: #0000ff;\"><span style=\"font-size: 25px;\"><b>\u00a0<\/b><\/span><\/span><\/p>\t\t\t\t\t\t\t\t<\/div>\n\t\t\t\t<\/div>\n\t\t\t\t\t<\/div>\n\t\t<\/div>\n\t\t\t\t\t<\/div>\n\t\t<\/section>\n\t\t\t\t<\/div>\n\t\t","protected":false},"excerpt":{"rendered":"<p>\u00ab\u00a0ATELIER WEB n\u00b01\u00a0\u00bbCOUPER LES LIENS TOXIQUES TRANSG\u00c9N\u00c9RATIONNELS ET FRATRIE Ce Que Tu Vas Recevoir&#8230; Dans les 24 heuresUn Mail avec le lien vers le Replay &#8230;Pour Couper Tes Liens Toxiques Transg\u00e9n\u00e9rationnels \u00a0 \u00a0<\/p>\n","protected":false},"author":1,"featured_media":0,"parent":0,"menu_order":0,"comment_status":"closed","ping_status":"closed","template":"page-template-blank.php","meta":{"_et_pb_use_builder":"","_et_pb_old_content":"","_et_gb_content_width":"","footnotes":""},"class_list":["post-30158","page","type-page","status-publish","hentry"],"aioseo_notices":[],"jetpack_sharing_enabled":true,"_links":{"self":[{"href":"https:\/\/la-revolution-therapie.universcghe.fr\/formation-dt\/wp-json\/wp\/v2\/pages\/30158","targetHints":{"allow":["GET"]}}],"collection":[{"href":"https:\/\/la-revolution-therapie.universcghe.fr\/formation-dt\/wp-json\/wp\/v2\/pages"}],"about":[{"href":"https:\/\/la-revolution-therapie.universcghe.fr\/formation-dt\/wp-json\/wp\/v2\/types\/page"}],"author":[{"embeddable":true,"href":"https:\/\/la-revolution-therapie.universcghe.fr\/formation-dt\/wp-json\/wp\/v2\/users\/1"}],"replies":[{"embeddable":true,"href":"https:\/\/la-revolution-therapie.universcghe.fr\/formation-dt\/wp-json\/wp\/v2\/comments?post=30158"}],"version-history":[{"count":0,"href":"https:\/\/la-revolution-therapie.universcghe.fr\/formation-dt\/wp-json\/wp\/v2\/pages\/30158\/revisions"}],"wp:attachment":[{"href":"https:\/\/la-revolution-therapie.universcghe.fr\/formation-dt\/wp-json\/wp\/v2\/media?parent=30158"}],"curies":[{"name":"wp","href":"https:\/\/api.w.org\/{rel}","templated":true}]}}