{"id":32118,"date":"2023-07-02T21:40:12","date_gmt":"2023-07-02T20:40:12","guid":{"rendered":"https:\/\/la-revolution-therapie.universcghe.fr\/formation-dt\/?page_id=32118"},"modified":"2024-02-12T22:33:29","modified_gmt":"2024-02-12T21:33:29","slug":"espace-abondance-au-coeur-de-ta-vie","status":"publish","type":"page","link":"https:\/\/la-revolution-therapie.universcghe.fr\/formation-dt\/espace-membre\/espace-abondance-au-coeur-de-ta-vie\/","title":{"rendered":"Espace Abondance au C\u0153ur de Ta Vie"},"content":{"rendered":"\t\t<div data-elementor-type=\"wp-post\" data-elementor-id=\"32118\" class=\"elementor elementor-32118\" data-elementor-post-type=\"page\">\n\t\t\t\t\t\t<section class=\"elementor-section elementor-top-section elementor-element elementor-element-388ef46a elementor-section-stretched elementor-section-boxed elementor-section-height-default elementor-section-height-default\" data-id=\"388ef46a\" data-element_type=\"section\" data-settings=\"{&quot;stretch_section&quot;:&quot;section-stretched&quot;}\">\n\t\t\t\t\t\t<div class=\"elementor-container elementor-column-gap-default\">\n\t\t\t\t\t<div class=\"elementor-column elementor-col-100 elementor-top-column elementor-element elementor-element-7e6b8333\" data-id=\"7e6b8333\" data-element_type=\"column\">\n\t\t\t<div class=\"elementor-widget-wrap elementor-element-populated\">\n\t\t\t\t\t\t<div class=\"elementor-element elementor-element-445a4a2 elementor-widget elementor-widget-image\" data-id=\"445a4a2\" data-element_type=\"widget\" data-widget_type=\"image.default\">\n\t\t\t\t<div class=\"elementor-widget-container\">\n\t\t\t\t\t\t\t\t\t\t\t\t\t\t\t<img fetchpriority=\"high\" fetchpriority=\"high\" decoding=\"async\" width=\"300\" height=\"243\" src=\"https:\/\/la-revolution-therapie.universcghe.fr\/formation-dt\/wp-content\/uploads\/sites\/2\/2023\/07\/Image1-min-2-300x243.png\" class=\"attachment-medium size-medium wp-image-32341\" alt=\"\" \/>\t\t\t\t\t\t\t\t\t\t\t\t\t\t\t<\/div>\n\t\t\t\t<\/div>\n\t\t\t\t<div class=\"elementor-element elementor-element-bc3a3b8 elementor-widget elementor-widget-text-editor\" data-id=\"bc3a3b8\" data-element_type=\"widget\" data-widget_type=\"text-editor.default\">\n\t\t\t\t<div class=\"elementor-widget-container\">\n\t\t\t\t\t\t\t\t\t<p style=\"text-align: center;\"><\/p>\t\t\t\t\t\t\t\t<\/div>\n\t\t\t\t<\/div>\n\t\t\t\t<section class=\"elementor-section elementor-inner-section elementor-element elementor-element-23e7378 elementor-section-boxed elementor-section-height-default elementor-section-height-default\" data-id=\"23e7378\" data-element_type=\"section\">\n\t\t\t\t\t\t<div class=\"elementor-container elementor-column-gap-default\">\n\t\t\t\t\t<div class=\"elementor-column elementor-col-100 elementor-inner-column elementor-element elementor-element-0a08200\" data-id=\"0a08200\" data-element_type=\"column\">\n\t\t\t<div class=\"elementor-widget-wrap elementor-element-populated\">\n\t\t\t\t\t\t<div class=\"elementor-element elementor-element-8406b9c elementor-widget__width-initial elementor-widget elementor-widget-text-editor\" data-id=\"8406b9c\" data-element_type=\"widget\" data-widget_type=\"text-editor.default\">\n\t\t\t\t<div class=\"elementor-widget-container\">\n\t\t\t\t\t\t\t\t\t<h1 style=\"margin-bottom: 18pt; background-color: #ffffff; text-align: center;\" align=\"center\"><span style=\"font-size: 30px; color: #000000;\"><span style=\"font-size: 30px; color: #8e17f6;\"><span style=\"color: #ff6600;\"><span style=\"font-size: 20pt; line-height: 30.6667px;\">Gr<\/span><span style=\"font-size: 20pt; line-height: 30.6667px;\"><span style=\"font-size: 26.6667px;\">atitudes<\/span><\/span><\/span><span style=\"font-size: 30px; font-weight: bold;\"><span style=\"font-size: 20pt; line-height: 30.6667px;\"><span style=\"font-size: 26.6667px; color: #ff6600;\">\u00a0A Chaque Une et Chaque Un de Vous<\/span><br \/><\/span><\/span><br \/><\/span><\/span><\/h1><p style=\"background-color: #ffffff;\"><span style=\"color: #ffcc00;\">Au C\u0153ur de Notre Qu\u00eate pour l&rsquo;Abondance, j&rsquo;ai le Plaisir de T&rsquo;inviter dans L\u2019Unis-Vers Exclusif du CGHE , Voici Ton Espace Membre D\u00e9di\u00e9 \u00e0 Ton Epanouissement et \u00e0 Ta R\u00e9alisation Personnelle. Bienvenue dans ce lieu o\u00f9 l&rsquo;Abondance Positive Sacr\u00e9e prend Vie sous Toutes ses Formes !!!<\/span><\/p><p style=\"background-color: #ffffff;\"><span style=\"color: #ffcc00;\">Imagine avoir acc\u00e8s \u00e0 une Mine d&rsquo;Or de Connaissances et de Ressources Pr\u00e9cieuses, sp\u00e9cialement Con\u00e7ues pour T&rsquo;aider \u00e0 Attirer l&rsquo;Abondance dans Tous les Aspects de Ta Vie. Cet Espace Membre Te Donne l&rsquo;Opportunit\u00e9 de Plonger Profond\u00e9ment dans les Enseignements Puissants sur l&rsquo;Abondance, et Ce, \u00e0 Ton Rythme.<\/span><\/p><p style=\"background-color: #ffffff;\"><span style=\"color: #ffcc00;\">Dans Cet Espace Membre, Tu Trouveras les Replays Complets de Notre Stage \u00ab\u00a0Manifeste L&rsquo;Abondance au C\u0153ur de Ta Vie\u00a0\u00bb. Chaque Session, chaque Enseignement et chaque Exercice sont \u00e0 Ta Disposition, pr\u00eats \u00e0 \u00eatre Explor\u00e9s \u00e0 Nouveau. Tu Auras l&rsquo;opportunit\u00e9 de Revivre l&rsquo;Exp\u00e9rience Inspirante du Stage et d&rsquo;Approfondir Tes Connaissances \u00e0 Chaque Visionnage.<\/span><\/p><p style=\"background-color: #ffffff;\"><span style=\"color: #ffcc00;\">Mais ce n&rsquo;est pas Tout !!! Notre Espace Membre est une V\u00e9ritable Plateforme d&rsquo;Apprentissages Continus. En plus des Replays du Stage, Tu auras acc\u00e8s \u00e0 du Contenu Exclusif, des Ressources Suppl\u00e9mentaires, des Guidances et des Exercices Pratiques pour Nourrir Ton \u00c9volution Personnelle et Amplifier Ton Abondance Sacr\u00e9e dans Tous Les Domaines de Ta Vie &#8230;<\/span><\/p><p style=\"background-color: #ffffff;\"><span style=\"color: #ffcc00;\">Imagine Te Connecter R\u00e9guli\u00e8rement \u00e0 Cet Espace et Te Sentir Envelopp\u00e9(e) d&rsquo;une \u00c9nergie d&rsquo;Abondance Sacr\u00e9e, de Motivation et d&rsquo;Inspiration. Tu Auras la Possibilit\u00e9 d&rsquo;Interagir avec d&rsquo;Autres Membres Gr\u00e2ce \u00e0 un Groupe WhatsApp d\u00e9di\u00e9 \u00e0 L\u2019Abondance, d&rsquo;\u00e9changer des Id\u00e9es, de Partager Tes Exp\u00e9riences et de S&rsquo;Encourager Mutuellement sur le Chemin de l&rsquo;Abondance Sacr\u00e9e.<\/span><\/p><p style=\"background-color: #ffffff;\"><span style=\"color: #ffcc00;\">L&rsquo;Abondance Sacr\u00e9e est un Voyage Infini et Cet Espace Membre Te Soutiendra tout au long de Ton Parcours. Chaque fois que Tu Auras Besoin d&rsquo;un Rappel, d&rsquo;une Dose d&rsquo;Inspiration ou D&rsquo;une Nouvelle Perspective, Tu Sauras o\u00f9 Te Tourner.<\/span><\/p><p style=\"background-color: #ffffff;\"><span style=\"color: #ffcc00;\">Tu Fais Maintenant partie d&rsquo;une Communaut\u00e9 Vibrante et Engag\u00e9e, Partageant la M&rsquo;Aime Vision de l&rsquo;Abondance Sacr\u00e9e et de la R\u00e9alisation Personnelle dans L&rsquo;Unit\u00e9.<\/span><\/p><p style=\"background-color: #ffffff;\"><span style=\"color: #ffcc00;\">Aux Plaisirs de T\u2019Accompagner sur le Chemin o\u00f9 l&rsquo;Abondance Sacr\u00e9e se Manifeste et o\u00f9 Tes R\u00eaves deviennent R\u00e9alit\u00e9.<\/span><\/p><p style=\"background-color: #ffffff;\"><span style=\"color: #ffcc00;\">Martine Clavelli<\/span><\/p><div>\u00a0<\/div>\t\t\t\t\t\t\t\t<\/div>\n\t\t\t\t<\/div>\n\t\t\t\t\t<\/div>\n\t\t<\/div>\n\t\t\t\t\t<\/div>\n\t\t<\/section>\n\t\t\t\t<div class=\"elementor-element elementor-element-ced9499 elementor-widget elementor-widget-html\" data-id=\"ced9499\" data-element_type=\"widget\" data-widget_type=\"html.default\">\n\t\t\t\t<div class=\"elementor-widget-container\">\n\t\t\t\t\t\t\t\t\t<\/div>\n\t\t\t\t<\/div>\n\t\t\t\t<div class=\"elementor-element elementor-element-5ea0028 elementor-widget elementor-widget-text-editor\" data-id=\"5ea0028\" data-element_type=\"widget\" data-widget_type=\"text-editor.default\">\n\t\t\t\t<div class=\"elementor-widget-container\">\n\t\t\t\t\t\t\t\t\t<h1 style=\"text-align: center;\"><span style=\"color: #800080;\"><em><b>Cet Espace est R\u00e9serv\u00e9 !!!&#8230;\u00a0 \u00a0<\/b><b><br \/>Mais Tu Peux Toi Aussi D\u00e9cider de Passer \u00e0 L&rsquo;Action&#8230;<br \/>En Cliquant sur L&rsquo;Image Ci-Dessous &#8230;<\/b><\/em><\/span><\/h1>\t\t\t\t\t\t\t\t<\/div>\n\t\t\t\t<\/div>\n\t\t\t\t<div class=\"elementor-element elementor-element-26e5f9e elementor-widget elementor-widget-image\" data-id=\"26e5f9e\" data-element_type=\"widget\" data-widget_type=\"image.default\">\n\t\t\t\t<div class=\"elementor-widget-container\">\n\t\t\t\t\t\t\t\t\t\t\t\t\t\t\t\t<a href=\"https:\/\/la-revolution-therapie.universcghe.fr\/formation-dt\/libere-toi-de-tes-dettes-karmiques\">\n\t\t\t\t\t\t\t<img decoding=\"async\" width=\"1024\" height=\"576\" src=\"https:\/\/la-revolution-therapie.universcghe.fr\/formation-dt\/wp-content\/uploads\/sites\/2\/2023\/07\/visuel-2-1024x576.png\" class=\"attachment-large size-large wp-image-32572\" alt=\"\" srcset=\"https:\/\/la-revolution-therapie.universcghe.fr\/formation-dt\/wp-content\/uploads\/sites\/2\/2023\/07\/visuel-2-1024x576.png 1024w, https:\/\/la-revolution-therapie.universcghe.fr\/formation-dt\/wp-content\/uploads\/sites\/2\/2023\/07\/visuel-2-980x551.png 980w, https:\/\/la-revolution-therapie.universcghe.fr\/formation-dt\/wp-content\/uploads\/sites\/2\/2023\/07\/visuel-2-480x270.png 480w\" sizes=\"(min-width: 0px) and (max-width: 480px) 480px, (min-width: 481px) and (max-width: 980px) 980px, (min-width: 981px) 1024px, 100vw\" \/>\t\t\t\t\t\t\t\t<\/a>\n\t\t\t\t\t\t\t\t\t\t\t\t\t\t\t<\/div>\n\t\t\t\t<\/div>\n\t\t\t\t<div class=\"elementor-element elementor-element-6ce3bfa elementor-widget elementor-widget-html\" data-id=\"6ce3bfa\" data-element_type=\"widget\" data-widget_type=\"html.default\">\n\t\t\t\t<div class=\"elementor-widget-container\">\n\t\t\t\t\t\t\t\t\t<\/div>\n\t\t\t\t<\/div>\n\t\t\t\t\t<\/div>\n\t\t<\/div>\n\t\t\t\t\t<\/div>\n\t\t<\/section>\n\t\t\t\t<section class=\"elementor-section elementor-top-section elementor-element elementor-element-a583f9b elementor-section-boxed elementor-section-height-default elementor-section-height-default\" data-id=\"a583f9b\" data-element_type=\"section\">\n\t\t\t\t\t\t<div class=\"elementor-container elementor-column-gap-default\">\n\t\t\t\t\t<div class=\"elementor-column elementor-col-100 elementor-top-column elementor-element elementor-element-d7e51d4\" data-id=\"d7e51d4\" data-element_type=\"column\">\n\t\t\t<div class=\"elementor-widget-wrap\">\n\t\t\t\t\t\t\t<\/div>\n\t\t<\/div>\n\t\t\t\t\t<\/div>\n\t\t<\/section>\n\t\t\t\t<\/div>\n\t\t","protected":false},"excerpt":{"rendered":"<p>Gratitudes\u00a0A Chaque Une et Chaque Un de Vous Au C\u0153ur de Notre Qu\u00eate pour l&rsquo;Abondance, j&rsquo;ai le Plaisir de T&rsquo;inviter dans L\u2019Unis-Vers Exclusif du CGHE , Voici Ton Espace Membre D\u00e9di\u00e9 \u00e0 Ton Epanouissement et \u00e0 Ta R\u00e9alisation Personnelle. Bienvenue dans ce lieu o\u00f9 l&rsquo;Abondance Positive Sacr\u00e9e prend Vie sous Toutes ses Formes !!! Imagine [&hellip;]<\/p>\n","protected":false},"author":1,"featured_media":0,"parent":703,"menu_order":4,"comment_status":"open","ping_status":"closed","template":"","meta":{"_et_pb_use_builder":"","_et_pb_old_content":"","_et_gb_content_width":"","footnotes":""},"class_list":["post-32118","page","type-page","status-publish","hentry"],"aioseo_notices":[],"jetpack_sharing_enabled":true,"_links":{"self":[{"href":"https:\/\/la-revolution-therapie.universcghe.fr\/formation-dt\/wp-json\/wp\/v2\/pages\/32118","targetHints":{"allow":["GET"]}}],"collection":[{"href":"https:\/\/la-revolution-therapie.universcghe.fr\/formation-dt\/wp-json\/wp\/v2\/pages"}],"about":[{"href":"https:\/\/la-revolution-therapie.universcghe.fr\/formation-dt\/wp-json\/wp\/v2\/types\/page"}],"author":[{"embeddable":true,"href":"https:\/\/la-revolution-therapie.universcghe.fr\/formation-dt\/wp-json\/wp\/v2\/users\/1"}],"replies":[{"embeddable":true,"href":"https:\/\/la-revolution-therapie.universcghe.fr\/formation-dt\/wp-json\/wp\/v2\/comments?post=32118"}],"version-history":[{"count":57,"href":"https:\/\/la-revolution-therapie.universcghe.fr\/formation-dt\/wp-json\/wp\/v2\/pages\/32118\/revisions"}],"predecessor-version":[{"id":35052,"href":"https:\/\/la-revolution-therapie.universcghe.fr\/formation-dt\/wp-json\/wp\/v2\/pages\/32118\/revisions\/35052"}],"up":[{"embeddable":true,"href":"https:\/\/la-revolution-therapie.universcghe.fr\/formation-dt\/wp-json\/wp\/v2\/pages\/703"}],"wp:attachment":[{"href":"https:\/\/la-revolution-therapie.universcghe.fr\/formation-dt\/wp-json\/wp\/v2\/media?parent=32118"}],"curies":[{"name":"wp","href":"https:\/\/api.w.org\/{rel}","templated":true}]}}