{"id":32880,"date":"2023-08-17T06:04:27","date_gmt":"2023-08-17T05:04:27","guid":{"rendered":"https:\/\/la-revolution-therapie.universcghe.fr\/formation-dt\/?page_id=32880"},"modified":"2023-08-21T07:59:42","modified_gmt":"2023-08-21T06:59:42","slug":"libere-toi-de-tes-dettes-karmiques","status":"publish","type":"page","link":"https:\/\/la-revolution-therapie.universcghe.fr\/formation-dt\/espace-membre\/libere-toi-de-tes-dettes-karmiques\/","title":{"rendered":"Lib\u00e8re-Toi  de Tes Dettes Karmiques"},"content":{"rendered":"\t\t<div data-elementor-type=\"wp-post\" data-elementor-id=\"32880\" class=\"elementor elementor-32880\" data-elementor-post-type=\"page\">\n\t\t\t\t\t\t<section class=\"elementor-section elementor-top-section elementor-element elementor-element-388ef46a elementor-section-stretched elementor-section-boxed elementor-section-height-default elementor-section-height-default\" data-id=\"388ef46a\" data-element_type=\"section\" data-settings=\"{&quot;stretch_section&quot;:&quot;section-stretched&quot;}\">\n\t\t\t\t\t\t<div class=\"elementor-container elementor-column-gap-default\">\n\t\t\t\t\t<div class=\"elementor-column elementor-col-100 elementor-top-column elementor-element elementor-element-7e6b8333\" data-id=\"7e6b8333\" data-element_type=\"column\">\n\t\t\t<div class=\"elementor-widget-wrap elementor-element-populated\">\n\t\t\t\t\t\t<div class=\"elementor-element elementor-element-445a4a2 elementor-widget elementor-widget-image\" data-id=\"445a4a2\" data-element_type=\"widget\" data-widget_type=\"image.default\">\n\t\t\t\t<div class=\"elementor-widget-container\">\n\t\t\t\t\t\t\t\t\t\t\t\t\t\t\t<img fetchpriority=\"high\" fetchpriority=\"high\" decoding=\"async\" width=\"300\" height=\"300\" src=\"https:\/\/la-revolution-therapie.universcghe.fr\/formation-dt\/wp-content\/uploads\/sites\/2\/2023\/07\/Image9-300x300.png\" class=\"attachment-medium size-medium wp-image-32803\" alt=\"\" \/>\t\t\t\t\t\t\t\t\t\t\t\t\t\t\t<\/div>\n\t\t\t\t<\/div>\n\t\t\t\t<div class=\"elementor-element elementor-element-bc3a3b8 elementor-widget elementor-widget-text-editor\" data-id=\"bc3a3b8\" data-element_type=\"widget\" data-widget_type=\"text-editor.default\">\n\t\t\t\t<div class=\"elementor-widget-container\">\n\t\t\t\t\t\t\t\t\t<p style=\"text-align: center;\"><\/p>\t\t\t\t\t\t\t\t<\/div>\n\t\t\t\t<\/div>\n\t\t\t\t<section class=\"elementor-section elementor-inner-section elementor-element elementor-element-23e7378 elementor-section-boxed elementor-section-height-default elementor-section-height-default\" data-id=\"23e7378\" data-element_type=\"section\">\n\t\t\t\t\t\t<div class=\"elementor-container elementor-column-gap-default\">\n\t\t\t\t\t<div class=\"elementor-column elementor-col-100 elementor-inner-column elementor-element elementor-element-0a08200\" data-id=\"0a08200\" data-element_type=\"column\">\n\t\t\t<div class=\"elementor-widget-wrap elementor-element-populated\">\n\t\t\t\t\t\t<div class=\"elementor-element elementor-element-8406b9c elementor-widget__width-initial elementor-widget elementor-widget-text-editor\" data-id=\"8406b9c\" data-element_type=\"widget\" data-widget_type=\"text-editor.default\">\n\t\t\t\t<div class=\"elementor-widget-container\">\n\t\t\t\t\t\t\t\t\t<h1 style=\"margin-bottom: 18pt; background-color: #ffffff; text-align: center;\" align=\"center\"><span style=\"font-size: 30px; color: #000000;\"><span style=\"font-size: 30px; color: #8e17f6;\"><span style=\"color: #00ff00;\"><span style=\"color: #cc99ff;\"><span style=\"font-size: 20pt; line-height: 30.6667px;\">Gr<\/span><span style=\"font-size: 20pt; line-height: 30.6667px;\"><span style=\"font-size: 26.6667px;\">atitudes<\/span><\/span><\/span><span style=\"font-size: 30px; font-weight: bold;\"><span style=\"font-size: 20pt; line-height: 30.6667px;\"><span style=\"font-size: 26.6667px; color: #cc99ff;\">\u00a0A Chaque Une et Chaque Un de Vous<\/span><br \/><\/span><\/span><\/span><br \/><\/span><\/span><\/h1><h1 style=\"background-color: #ffffff; text-align: center;\"><span style=\"color: #ffcc00;\">Bons Jours Belle \u00c2me<\/span><\/h1><p style=\"background-color: #ffffff;\"><span style=\"font-size: 20px; color: #cc99ff;\"><br \/>Tout d\u2019abord, Il est Important pour Moi de Te F\u00e9liciter d\u2019\u00catre Pass\u00e9(e) \u00e0 l\u2019Action et de T\u2019Autoriser sur Ton Chemin d\u2019\u00c9volution et d\u2019\u00c9veil \u00e0 Te Lib\u00e9rer, pour Encore Mieux Te Connecter !!!\u2026<\/span><\/p><p style=\"background-color: #ffffff;\"><span style=\"color: #cc99ff;\">J\u2019ai Besoin aussi de Te Remercier pour la Confiance que Tu M\u2019accordes Et surtout de faire partie Des moins de 10 % d\u2019\u00catre Humains sur la Plan\u00e8te qui Osent Relever Profond\u00e9ment le D\u00e9fi du Karma sur Le Chemin de La Spiritualit\u00e9 !!!\u2026<\/span><\/p><p style=\"background-color: #ffffff;\"><span style=\"color: #cc99ff;\">Cet Espace est pour Toi, il est Important de Te Poser Pour Plonger dans Ton Int\u00e9riorit\u00e9 et Te Lib\u00e9rer de Toutes les Dettes Karmiques\u2026<\/span><\/p><p style=\"background-color: #ffffff;\"><span style=\"color: #cc99ff;\">\u00a0<\/span><\/p><p style=\"background-color: #ffffff;\"><span style=\"color: #cc99ff;\">Pour cela, Tu as Besoin d\u2019\u00catre Vrai(e) avec Toi-m\u2019Aime, pour Avoir les Prises de Conscience Essentielles\u2026 Et bien s\u00fbr c\u2019est avec un Profond Amour pour Toi-m\u2019Aime et en Vibrant le Pardon que Tu Vas Te D\u00e9tacher de Tout ce Karma N\u00e9gatif\u2026<\/span><\/p><p style=\"background-color: #ffffff;\"><span style=\"color: #cc99ff;\">Et Gr\u00e2ce \u00e0 cette Dynamique, la Connexion \u00e0 Ton \u00c2me va s\u2019Activer et Ton Potentiel va s\u2019Exprimer, Rayonne pour Toi, les Tiens, l\u2019Humanit\u00e9, le Monde du Vivant et le Tout\u2026<\/span><\/p><p>\u00a0<\/p><h1 style=\"background-color: #ffffff; text-align: center;\"><span style=\"color: #00ff00;\">\ud83d\ude4f<span style=\"color: #ffcc00;\">MERCI<\/span>\ud83d\ude4f<span style=\"color: #ffcc00;\">MERCI<\/span>\ud83d\ude4f<span style=\"color: #ffcc00;\">MERCI<\/span>\ud83d\ude4f<\/span><\/h1><div>\u00a0<\/div>\t\t\t\t\t\t\t\t<\/div>\n\t\t\t\t<\/div>\n\t\t\t\t\t<\/div>\n\t\t<\/div>\n\t\t\t\t\t<\/div>\n\t\t<\/section>\n\t\t\t\t<div class=\"elementor-element elementor-element-0977949 elementor-widget elementor-widget-spacer\" data-id=\"0977949\" data-element_type=\"widget\" data-widget_type=\"spacer.default\">\n\t\t\t\t<div class=\"elementor-widget-container\">\n\t\t\t\t\t\t\t<div class=\"elementor-spacer\">\n\t\t\t<div class=\"elementor-spacer-inner\"><\/div>\n\t\t<\/div>\n\t\t\t\t\t\t<\/div>\n\t\t\t\t<\/div>\n\t\t\t\t<div class=\"elementor-element elementor-element-ced9499 elementor-widget elementor-widget-html\" data-id=\"ced9499\" data-element_type=\"widget\" data-widget_type=\"html.default\">\n\t\t\t\t<div class=\"elementor-widget-container\">\n\t\t\t\t\t\t\t\t\t<\/div>\n\t\t\t\t<\/div>\n\t\t\t\t<div class=\"elementor-element elementor-element-5ea0028 elementor-widget elementor-widget-text-editor\" data-id=\"5ea0028\" data-element_type=\"widget\" data-widget_type=\"text-editor.default\">\n\t\t\t\t<div class=\"elementor-widget-container\">\n\t\t\t\t\t\t\t\t\t<h1 style=\"text-align: center;\"><em><span style=\"color: #cc99ff;\"><b>Cet Espace est R\u00e9serv\u00e9 !!!&#8230;\u00a0 \u00a0<\/b><\/span><b><br \/><span style=\"color: #cc99ff;\">Mais Tu Peux Toi Aussi D\u00e9cider de Passer \u00e0 L&rsquo;Action&#8230;<\/span><br \/><span style=\"color: #cc99ff;\">En Cliquant sur L&rsquo;Image Ci-Dessous &#8230;<\/span><\/b><\/em><\/h1>\t\t\t\t\t\t\t\t<\/div>\n\t\t\t\t<\/div>\n\t\t\t\t<div class=\"elementor-element elementor-element-281815b elementor-widget elementor-widget-image\" data-id=\"281815b\" data-element_type=\"widget\" data-widget_type=\"image.default\">\n\t\t\t\t<div class=\"elementor-widget-container\">\n\t\t\t\t\t\t\t\t\t\t\t\t\t\t\t\t<a href=\"https:\/\/la-revolution-therapie.universcghe.fr\/formation-dt\/libere-toi-de-tes-dettes-karmiques\/\">\n\t\t\t\t\t\t\t<img decoding=\"async\" width=\"965\" height=\"555\" src=\"https:\/\/la-revolution-therapie.universcghe.fr\/formation-dt\/wp-content\/uploads\/sites\/2\/2023\/08\/mockup-karma.jpg\" class=\"attachment-large size-large wp-image-33000\" alt=\"\" srcset=\"https:\/\/la-revolution-therapie.universcghe.fr\/formation-dt\/wp-content\/uploads\/sites\/2\/2023\/08\/mockup-karma.jpg 965w, https:\/\/la-revolution-therapie.universcghe.fr\/formation-dt\/wp-content\/uploads\/sites\/2\/2023\/08\/mockup-karma-480x276.jpg 480w\" sizes=\"(min-width: 0px) and (max-width: 480px) 480px, (min-width: 481px) 965px, 100vw\" \/>\t\t\t\t\t\t\t\t<\/a>\n\t\t\t\t\t\t\t\t\t\t\t\t\t\t\t<\/div>\n\t\t\t\t<\/div>\n\t\t\t\t<div class=\"elementor-element elementor-element-6ce3bfa elementor-widget elementor-widget-html\" data-id=\"6ce3bfa\" data-element_type=\"widget\" data-widget_type=\"html.default\">\n\t\t\t\t<div class=\"elementor-widget-container\">\n\t\t\t\t\t\t\t\t\t<\/div>\n\t\t\t\t<\/div>\n\t\t\t\t\t<\/div>\n\t\t<\/div>\n\t\t\t\t\t<\/div>\n\t\t<\/section>\n\t\t\t\t<\/div>\n\t\t","protected":false},"excerpt":{"rendered":"<p>Gratitudes\u00a0A Chaque Une et Chaque Un de Vous Bons Jours Belle \u00c2me Tout d\u2019abord, Il est Important pour Moi de Te F\u00e9liciter d\u2019\u00catre Pass\u00e9(e) \u00e0 l\u2019Action et de T\u2019Autoriser sur Ton Chemin d\u2019\u00c9volution et d\u2019\u00c9veil \u00e0 Te Lib\u00e9rer, pour Encore Mieux Te Connecter !!!\u2026 J\u2019ai Besoin aussi de Te Remercier pour la Confiance que Tu [&hellip;]<\/p>\n","protected":false},"author":1,"featured_media":0,"parent":703,"menu_order":4,"comment_status":"open","ping_status":"closed","template":"","meta":{"_et_pb_use_builder":"","_et_pb_old_content":"","_et_gb_content_width":"","footnotes":""},"class_list":["post-32880","page","type-page","status-publish","hentry"],"aioseo_notices":[],"jetpack_sharing_enabled":true,"_links":{"self":[{"href":"https:\/\/la-revolution-therapie.universcghe.fr\/formation-dt\/wp-json\/wp\/v2\/pages\/32880","targetHints":{"allow":["GET"]}}],"collection":[{"href":"https:\/\/la-revolution-therapie.universcghe.fr\/formation-dt\/wp-json\/wp\/v2\/pages"}],"about":[{"href":"https:\/\/la-revolution-therapie.universcghe.fr\/formation-dt\/wp-json\/wp\/v2\/types\/page"}],"author":[{"embeddable":true,"href":"https:\/\/la-revolution-therapie.universcghe.fr\/formation-dt\/wp-json\/wp\/v2\/users\/1"}],"replies":[{"embeddable":true,"href":"https:\/\/la-revolution-therapie.universcghe.fr\/formation-dt\/wp-json\/wp\/v2\/comments?post=32880"}],"version-history":[{"count":94,"href":"https:\/\/la-revolution-therapie.universcghe.fr\/formation-dt\/wp-json\/wp\/v2\/pages\/32880\/revisions"}],"predecessor-version":[{"id":33009,"href":"https:\/\/la-revolution-therapie.universcghe.fr\/formation-dt\/wp-json\/wp\/v2\/pages\/32880\/revisions\/33009"}],"up":[{"embeddable":true,"href":"https:\/\/la-revolution-therapie.universcghe.fr\/formation-dt\/wp-json\/wp\/v2\/pages\/703"}],"wp:attachment":[{"href":"https:\/\/la-revolution-therapie.universcghe.fr\/formation-dt\/wp-json\/wp\/v2\/media?parent=32880"}],"curies":[{"name":"wp","href":"https:\/\/api.w.org\/{rel}","templated":true}]}}