{"id":33250,"date":"2023-09-05T18:54:53","date_gmt":"2023-09-05T17:54:53","guid":{"rendered":"https:\/\/la-revolution-therapie.universcghe.fr\/formation-dt\/?page_id=33250"},"modified":"2023-12-14T17:46:14","modified_gmt":"2023-12-14T16:46:14","slug":"ressources-2","status":"publish","type":"page","link":"https:\/\/la-revolution-therapie.universcghe.fr\/formation-dt\/espace-membre\/ressources-2\/","title":{"rendered":"Ressources : Dossier et\/ou Guide des Pratiques Sacr\u00e9es"},"content":{"rendered":"\t\t<div data-elementor-type=\"wp-post\" data-elementor-id=\"33250\" class=\"elementor elementor-33250\" data-elementor-post-type=\"page\">\n\t\t\t\t\t\t<section class=\"elementor-section elementor-top-section elementor-element elementor-element-43032d0 elementor-section-stretched elementor-section-full_width elementor-section-height-default elementor-section-height-default\" data-id=\"43032d0\" data-element_type=\"section\" data-settings=\"{&quot;stretch_section&quot;:&quot;section-stretched&quot;}\">\n\t\t\t\t\t\t<div class=\"elementor-container elementor-column-gap-default\">\n\t\t\t\t\t<div class=\"elementor-column elementor-col-100 elementor-top-column elementor-element elementor-element-7ae4c60d\" data-id=\"7ae4c60d\" data-element_type=\"column\">\n\t\t\t<div class=\"elementor-widget-wrap elementor-element-populated\">\n\t\t\t\t\t\t<div class=\"elementor-element elementor-element-6784a102 elementor-widget elementor-widget-image\" data-id=\"6784a102\" data-element_type=\"widget\" data-widget_type=\"image.default\">\n\t\t\t\t<div class=\"elementor-widget-container\">\n\t\t\t\t\t\t\t\t\t\t\t\t\t\t\t<img fetchpriority=\"high\" fetchpriority=\"high\" decoding=\"async\" width=\"1024\" height=\"613\" src=\"https:\/\/la-revolution-therapie.universcghe.fr\/formation-dt\/wp-content\/uploads\/sites\/2\/2023\/08\/banniere-2-min-1024x613.png\" class=\"attachment-large size-large wp-image-33210\" alt=\"\" srcset=\"https:\/\/la-revolution-therapie.universcghe.fr\/formation-dt\/wp-content\/uploads\/sites\/2\/2023\/08\/banniere-2-min-980x586.png 980w, https:\/\/la-revolution-therapie.universcghe.fr\/formation-dt\/wp-content\/uploads\/sites\/2\/2023\/08\/banniere-2-min-480x287.png 480w\" sizes=\"(min-width: 0px) and (max-width: 480px) 480px, (min-width: 481px) and (max-width: 980px) 980px, (min-width: 981px) 1024px, 100vw\" \/>\t\t\t\t\t\t\t\t\t\t\t\t\t\t\t<\/div>\n\t\t\t\t<\/div>\n\t\t\t\t<div class=\"elementor-element elementor-element-6a83f0dd elementor-widget elementor-widget-text-editor\" data-id=\"6a83f0dd\" data-element_type=\"widget\" data-widget_type=\"text-editor.default\">\n\t\t\t\t<div class=\"elementor-widget-container\">\n\t\t\t\t\t\t\t\t\t<p style=\"text-align: center;\"><\/p>\t\t\t\t\t\t\t\t<\/div>\n\t\t\t\t<\/div>\n\t\t\t\t<div class=\"elementor-element elementor-element-56f0594c elementor-widget elementor-widget-spacer\" data-id=\"56f0594c\" data-element_type=\"widget\" data-widget_type=\"spacer.default\">\n\t\t\t\t<div class=\"elementor-widget-container\">\n\t\t\t\t\t\t\t<div class=\"elementor-spacer\">\n\t\t\t<div class=\"elementor-spacer-inner\"><\/div>\n\t\t<\/div>\n\t\t\t\t\t\t<\/div>\n\t\t\t\t<\/div>\n\t\t\t\t<div class=\"elementor-element elementor-element-90d4678 elementor-widget__width-initial elementor-nav-menu__align-center elementor-nav-menu--dropdown-mobile elementor-nav-menu__text-align-aside elementor-nav-menu--toggle elementor-nav-menu--burger elementor-widget elementor-widget-nav-menu\" data-id=\"90d4678\" data-element_type=\"widget\" data-settings=\"{&quot;layout&quot;:&quot;horizontal&quot;,&quot;submenu_icon&quot;:{&quot;value&quot;:&quot;&lt;i class=\\&quot;fas fa-caret-down\\&quot; aria-hidden=\\&quot;true\\&quot;&gt;&lt;\\\/i&gt;&quot;,&quot;library&quot;:&quot;fa-solid&quot;},&quot;toggle&quot;:&quot;burger&quot;}\" data-widget_type=\"nav-menu.default\">\n\t\t\t\t<div class=\"elementor-widget-container\">\n\t\t\t\t\t\t\t\t<nav aria-label=\"Menu\" class=\"elementor-nav-menu--main elementor-nav-menu__container elementor-nav-menu--layout-horizontal e--pointer-background e--animation-fade\">\n\t\t\t\t<ul id=\"menu-1-90d4678\" class=\"elementor-nav-menu\"><li class=\"menu-item menu-item-type-post_type menu-item-object-page menu-item-33706\"><a href=\"https:\/\/la-revolution-therapie.universcghe.fr\/formation-dt\/espace-membre\/accueil-reliance-avec-ton-corps-de-lumiere\/\" title=\"Gu\u00e9ris les Blessures de Ton \u00c2me et Souviens-Toi pour Te R\u00e9v\u00e9ler et Manifester\" class=\"elementor-item\">Accueil<\/a><\/li>\n<li class=\"menu-item menu-item-type-post_type menu-item-object-page menu-item-33707\"><a href=\"https:\/\/la-revolution-therapie.universcghe.fr\/formation-dt\/espace-membre\/module-1\/\" title=\"Introduction au Sacr\u00e9\" class=\"elementor-item\">Module 1 : Jour 1<\/a><\/li>\n<li class=\"menu-item menu-item-type-post_type menu-item-object-page menu-item-33705\"><a href=\"https:\/\/la-revolution-therapie.universcghe.fr\/formation-dt\/espace-membre\/module-2\/\" title=\"Lib\u00e9ration et Soin de L\u2019\u00c2me\" class=\"elementor-item\">Module 2 : Jour 2<\/a><\/li>\n<li class=\"menu-item menu-item-type-post_type menu-item-object-page menu-item-33704\"><a href=\"https:\/\/la-revolution-therapie.universcghe.fr\/formation-dt\/espace-membre\/module-3\/\" title=\"Reliance au Corps de Lumi\u00e8re\" class=\"elementor-item\">Module 3 : Jour 3<\/a><\/li>\n<li class=\"menu-item menu-item-type-post_type menu-item-object-page menu-item-33703\"><a href=\"https:\/\/la-revolution-therapie.universcghe.fr\/formation-dt\/espace-membre\/module-4\/\" title=\"Pleine Lune du 31 Ao\u00fbt 2023 et ses Cons\u00e9quences\" class=\"elementor-item\">module 4 : Jour 4<\/a><\/li>\n<li class=\"menu-item menu-item-type-post_type menu-item-object-page menu-item-33702\"><a href=\"https:\/\/la-revolution-therapie.universcghe.fr\/formation-dt\/espace-membre\/ressources-2\/\" title=\"Dossier et\/ou Guide des Pratiques Sacr\u00e9es\" class=\"elementor-item\">Ressources<\/a><\/li>\n<\/ul>\t\t\t<\/nav>\n\t\t\t\t\t<div class=\"elementor-menu-toggle\" role=\"button\" tabindex=\"0\" aria-label=\"Permuter le menu\" aria-expanded=\"false\">\n\t\t\t<i aria-hidden=\"true\" role=\"presentation\" class=\"elementor-menu-toggle__icon--open eicon-menu-bar\"><\/i><i aria-hidden=\"true\" role=\"presentation\" class=\"elementor-menu-toggle__icon--close eicon-close\"><\/i>\t\t<\/div>\n\t\t\t\t\t<nav class=\"elementor-nav-menu--dropdown elementor-nav-menu__container\" aria-hidden=\"true\">\n\t\t\t\t<ul id=\"menu-2-90d4678\" class=\"elementor-nav-menu\"><li class=\"menu-item menu-item-type-post_type menu-item-object-page menu-item-33706\"><a href=\"https:\/\/la-revolution-therapie.universcghe.fr\/formation-dt\/espace-membre\/accueil-reliance-avec-ton-corps-de-lumiere\/\" title=\"Gu\u00e9ris les Blessures de Ton \u00c2me et Souviens-Toi pour Te R\u00e9v\u00e9ler et Manifester\" class=\"elementor-item\" tabindex=\"-1\">Accueil<\/a><\/li>\n<li class=\"menu-item menu-item-type-post_type menu-item-object-page menu-item-33707\"><a href=\"https:\/\/la-revolution-therapie.universcghe.fr\/formation-dt\/espace-membre\/module-1\/\" title=\"Introduction au Sacr\u00e9\" class=\"elementor-item\" tabindex=\"-1\">Module 1 : Jour 1<\/a><\/li>\n<li class=\"menu-item menu-item-type-post_type menu-item-object-page menu-item-33705\"><a href=\"https:\/\/la-revolution-therapie.universcghe.fr\/formation-dt\/espace-membre\/module-2\/\" title=\"Lib\u00e9ration et Soin de L\u2019\u00c2me\" class=\"elementor-item\" tabindex=\"-1\">Module 2 : Jour 2<\/a><\/li>\n<li class=\"menu-item menu-item-type-post_type menu-item-object-page menu-item-33704\"><a href=\"https:\/\/la-revolution-therapie.universcghe.fr\/formation-dt\/espace-membre\/module-3\/\" title=\"Reliance au Corps de Lumi\u00e8re\" class=\"elementor-item\" tabindex=\"-1\">Module 3 : Jour 3<\/a><\/li>\n<li class=\"menu-item menu-item-type-post_type menu-item-object-page menu-item-33703\"><a href=\"https:\/\/la-revolution-therapie.universcghe.fr\/formation-dt\/espace-membre\/module-4\/\" title=\"Pleine Lune du 31 Ao\u00fbt 2023 et ses Cons\u00e9quences\" class=\"elementor-item\" tabindex=\"-1\">module 4 : Jour 4<\/a><\/li>\n<li class=\"menu-item menu-item-type-post_type menu-item-object-page menu-item-33702\"><a href=\"https:\/\/la-revolution-therapie.universcghe.fr\/formation-dt\/espace-membre\/ressources-2\/\" title=\"Dossier et\/ou Guide des Pratiques Sacr\u00e9es\" class=\"elementor-item\" tabindex=\"-1\">Ressources<\/a><\/li>\n<\/ul>\t\t\t<\/nav>\n\t\t\t\t\t\t<\/div>\n\t\t\t\t<\/div>\n\t\t\t\t<div class=\"elementor-element elementor-element-3caa7dce elementor-widget elementor-widget-html\" data-id=\"3caa7dce\" data-element_type=\"widget\" data-widget_type=\"html.default\">\n\t\t\t\t<div class=\"elementor-widget-container\">\n\t\t\t\t\t\t\t\t\t<\/div>\n\t\t\t\t<\/div>\n\t\t\t\t<div class=\"elementor-element elementor-element-d6fbb8d elementor-widget elementor-widget-text-editor\" data-id=\"d6fbb8d\" data-element_type=\"widget\" data-widget_type=\"text-editor.default\">\n\t\t\t\t<div class=\"elementor-widget-container\">\n\t\t\t\t\t\t\t\t\t<h1 style=\"text-align: center;\"><em><span style=\"color: #cc99ff;\"><b>Cet Espace est R\u00e9serv\u00e9 !!!&#8230;\u00a0 \u00a0<\/b><\/span><b><br \/><span style=\"color: #cc99ff;\">Mais Tu Peux Toi Aussi D\u00e9cider de Passer \u00e0 L&rsquo;Action&#8230;<\/span><\/b><\/em><\/h1><div><em><b><span style=\"color: #cc99ff;\">\u00a0<\/span><\/b><\/em><\/div><p>\u00a0<\/p><h1 style=\"text-align: center;\"><em><b><span style=\"color: #cc99ff;\">3 Possibles S&rsquo;Offrent \u00e0 Toi !!!<\/span><\/b><\/em><\/h1><h1 style=\"text-align: center;\"><em><b><span style=\"color: #cc99ff;\">En Cliquant sur L&rsquo;Image Ci-Dessous &#8230;<br \/><\/span><\/b><\/em><\/h1><h1>\u00a0<\/h1><h1 style=\"text-align: center;\">\u00a0<\/h1><div>\u00a0<\/div>\t\t\t\t\t\t\t\t<\/div>\n\t\t\t\t<\/div>\n\t\t\t\t<div class=\"elementor-element elementor-element-f64f1ad elementor-widget elementor-widget-text-editor\" data-id=\"f64f1ad\" data-element_type=\"widget\" data-widget_type=\"text-editor.default\">\n\t\t\t\t<div class=\"elementor-widget-container\">\n\t\t\t\t\t\t\t\t\t<p>Si Tu Es sur Cette Page et que Tu As D\u00e9j\u00e0 Achet\u00e9 ce Produit, clique<span style=\"text-decoration: underline;\"><a href=\"https:\/\/la-revolution-therapie.universcghe.fr\/formation-dt\/espace-membre\/connexion\/\"> ICI<\/a> <\/span>pour Te Connecter \u00e0 Ton Espace Membre et B\u00e9n\u00e9ficier de Cet Enseignement Sacr\u00e9<\/p>\t\t\t\t\t\t\t\t<\/div>\n\t\t\t\t<\/div>\n\t\t\t\t<div class=\"elementor-element elementor-element-17152acb elementor-widget elementor-widget-image\" data-id=\"17152acb\" data-element_type=\"widget\" data-widget_type=\"image.default\">\n\t\t\t\t<div class=\"elementor-widget-container\">\n\t\t\t\t\t\t\t\t\t\t\t\t\t\t\t\t<a href=\"https:\/\/la-revolution-therapie.universcghe.fr\/formation-dt\/ose-et-autorise-toi-a-sortir-du-carcan\/\">\n\t\t\t\t\t\t\t<img decoding=\"async\" width=\"1024\" height=\"587\" src=\"https:\/\/la-revolution-therapie.universcghe.fr\/formation-dt\/wp-content\/uploads\/sites\/2\/2023\/09\/Image14-min-1024x587.jpg\" class=\"attachment-large size-large wp-image-33740\" alt=\"\" srcset=\"https:\/\/la-revolution-therapie.universcghe.fr\/formation-dt\/wp-content\/uploads\/sites\/2\/2023\/09\/Image14-min-1024x587.jpg 1024w, https:\/\/la-revolution-therapie.universcghe.fr\/formation-dt\/wp-content\/uploads\/sites\/2\/2023\/09\/Image14-min-980x562.jpg 980w, https:\/\/la-revolution-therapie.universcghe.fr\/formation-dt\/wp-content\/uploads\/sites\/2\/2023\/09\/Image14-min-480x275.jpg 480w\" sizes=\"(min-width: 0px) and (max-width: 480px) 480px, (min-width: 481px) and (max-width: 980px) 980px, (min-width: 981px) 1024px, 100vw\" \/>\t\t\t\t\t\t\t\t<\/a>\n\t\t\t\t\t\t\t\t\t\t\t\t\t\t\t<\/div>\n\t\t\t\t<\/div>\n\t\t\t\t<section class=\"elementor-section elementor-inner-section elementor-element elementor-element-741be2c elementor-section-full_width elementor-section-height-default elementor-section-height-default\" data-id=\"741be2c\" data-element_type=\"section\">\n\t\t\t\t\t\t<div class=\"elementor-container elementor-column-gap-default\">\n\t\t\t\t\t<div class=\"elementor-column elementor-col-100 elementor-inner-column elementor-element elementor-element-a0d04e2\" data-id=\"a0d04e2\" data-element_type=\"column\">\n\t\t\t<div class=\"elementor-widget-wrap elementor-element-populated\">\n\t\t\t\t\t\t<div class=\"elementor-element elementor-element-0d8353b elementor-widget elementor-widget-text-editor\" data-id=\"0d8353b\" data-element_type=\"widget\" data-widget_type=\"text-editor.default\">\n\t\t\t\t<div class=\"elementor-widget-container\">\n\t\t\t\t\t\t\t\t\t<p style=\"font-size: 14px; background-color: #efab45; color: #0a13b5; font-family: 'Open Sans', Arial, sans-serif; text-align: center;\"><span style=\"font-size: 14px; font-weight: bold; color: #ffffff;\">CGHE\u00a9 2023<\/span><\/p><p style=\"font-size: 14px; background-color: #efab45; color: #0a13b5; font-family: 'Open Sans', Arial, sans-serif; text-align: center;\"><span style=\"font-size: 14px; font-weight: bold; color: #ffffff;\"><span style=\"font-size: 14px;\"><a style=\"font-size: 14px; color: #ffffff; transition: all 0.4s ease-in-out 0s;\" href=\"https:\/\/la-revolution-therapie.universcghe.fr\/politique-de-confidentialite\/\">Politique de Confidentialit\u00e9<\/a>&#8211;<a style=\"font-size: 14px; color: #ffffff; transition: all 0.4s ease-in-out 0s;\" href=\"https:\/\/la-revolution-therapie.universcghe.fr\/conditions-generales-de-vente\">Conditions G\u00e9n\u00e9rales de Ventes<\/a>&#8211;<a style=\"font-size: 14px; color: #ffffff; transition: all 0.4s ease-in-out 0s;\" href=\"https:\/\/la-revolution-therapie.universcghe.fr\/mentions-lgales\">Mentions L\u00e9gales<\/a><\/span><\/span><\/p>\t\t\t\t\t\t\t\t<\/div>\n\t\t\t\t<\/div>\n\t\t\t\t\t<\/div>\n\t\t<\/div>\n\t\t\t\t\t<\/div>\n\t\t<\/section>\n\t\t\t\t<div class=\"elementor-element elementor-element-58147863 elementor-widget elementor-widget-html\" data-id=\"58147863\" data-element_type=\"widget\" data-widget_type=\"html.default\">\n\t\t\t\t<div class=\"elementor-widget-container\">\n\t\t\t\t\t\t\t\t\t<\/div>\n\t\t\t\t<\/div>\n\t\t\t\t\t<\/div>\n\t\t<\/div>\n\t\t\t\t\t<\/div>\n\t\t<\/section>\n\t\t\t\t<\/div>\n\t\t","protected":false},"excerpt":{"rendered":"","protected":false},"author":1,"featured_media":0,"parent":703,"menu_order":4,"comment_status":"open","ping_status":"closed","template":"page-template-blank.php","meta":{"_et_pb_use_builder":"","_et_pb_old_content":"","_et_gb_content_width":"","footnotes":""},"class_list":["post-33250","page","type-page","status-publish","hentry"],"aioseo_notices":[],"jetpack_sharing_enabled":true,"_links":{"self":[{"href":"https:\/\/la-revolution-therapie.universcghe.fr\/formation-dt\/wp-json\/wp\/v2\/pages\/33250","targetHints":{"allow":["GET"]}}],"collection":[{"href":"https:\/\/la-revolution-therapie.universcghe.fr\/formation-dt\/wp-json\/wp\/v2\/pages"}],"about":[{"href":"https:\/\/la-revolution-therapie.universcghe.fr\/formation-dt\/wp-json\/wp\/v2\/types\/page"}],"author":[{"embeddable":true,"href":"https:\/\/la-revolution-therapie.universcghe.fr\/formation-dt\/wp-json\/wp\/v2\/users\/1"}],"replies":[{"embeddable":true,"href":"https:\/\/la-revolution-therapie.universcghe.fr\/formation-dt\/wp-json\/wp\/v2\/comments?post=33250"}],"version-history":[{"count":67,"href":"https:\/\/la-revolution-therapie.universcghe.fr\/formation-dt\/wp-json\/wp\/v2\/pages\/33250\/revisions"}],"predecessor-version":[{"id":34852,"href":"https:\/\/la-revolution-therapie.universcghe.fr\/formation-dt\/wp-json\/wp\/v2\/pages\/33250\/revisions\/34852"}],"up":[{"embeddable":true,"href":"https:\/\/la-revolution-therapie.universcghe.fr\/formation-dt\/wp-json\/wp\/v2\/pages\/703"}],"wp:attachment":[{"href":"https:\/\/la-revolution-therapie.universcghe.fr\/formation-dt\/wp-json\/wp\/v2\/media?parent=33250"}],"curies":[{"name":"wp","href":"https:\/\/api.w.org\/{rel}","templated":true}]}}