{"id":36054,"date":"2025-11-09T07:43:47","date_gmt":"2025-11-09T06:43:47","guid":{"rendered":"https:\/\/la-revolution-therapie.universcghe.fr\/formation-dt\/?page_id=36054"},"modified":"2026-01-23T18:24:36","modified_gmt":"2026-01-23T17:24:36","slug":"detachement-des-traumatismes-quantique-niveau-1","status":"publish","type":"page","link":"https:\/\/la-revolution-therapie.universcghe.fr\/formation-dt\/espace-membre\/espace-dt\/detachement-des-traumatismes-quantique-niveau-1\/","title":{"rendered":"D\u00e9tachement des Traumatismes\u00ae Quantique Niveau 1"},"content":{"rendered":"\t\t<div data-elementor-type=\"wp-post\" data-elementor-id=\"36054\" class=\"elementor elementor-36054\" data-elementor-post-type=\"page\">\n\t\t\t\t\t\t<section class=\"elementor-section elementor-top-section elementor-element elementor-element-7a06a5ad elementor-section-boxed elementor-section-height-default elementor-section-height-default\" data-id=\"7a06a5ad\" data-element_type=\"section\">\n\t\t\t\t\t\t<div class=\"elementor-container elementor-column-gap-default\">\n\t\t\t\t\t<div class=\"elementor-column elementor-col-100 elementor-top-column elementor-element elementor-element-1b28e888\" data-id=\"1b28e888\" data-element_type=\"column\">\n\t\t\t<div class=\"elementor-widget-wrap elementor-element-populated\">\n\t\t\t\t\t\t<div class=\"elementor-element elementor-element-c53bdc6 elementor-widget elementor-widget-html\" data-id=\"c53bdc6\" data-element_type=\"widget\" data-widget_type=\"html.default\">\n\t\t\t\t<div class=\"elementor-widget-container\">\n\t\t\t\t\t\t\t\t\t<\/div>\n\t\t\t\t<\/div>\n\t\t\t\t<div class=\"elementor-element elementor-element-57705eb elementor-widget elementor-widget-text-editor\" data-id=\"57705eb\" data-element_type=\"widget\" data-widget_type=\"text-editor.default\">\n\t\t\t\t<div class=\"elementor-widget-container\">\n\t\t\t\t\t\t\t\t\t<h2 style=\"text-align: center;\"><span style=\"color: #ff0000;\"><em><b style=\"color: #ff0000;\">DOCUMENTS DE <\/b><span style=\"color: #ff0000;\"><b>S\u00c9ANCES<\/b><\/span><b style=\"color: #ff0000;\"> NIVEAU 1<\/b><\/em><\/span><\/h2>\t\t\t\t\t\t\t\t<\/div>\n\t\t\t\t<\/div>\n\t\t\t\t<div class=\"elementor-element elementor-element-6fc0a51 elementor-invisible elementor-widget elementor-widget-image\" data-id=\"6fc0a51\" data-element_type=\"widget\" data-settings=\"{&quot;_animation&quot;:&quot;bounceIn&quot;}\" data-widget_type=\"image.default\">\n\t\t\t\t<div class=\"elementor-widget-container\">\n\t\t\t\t\t\t\t\t\t\t\t\t\t\t\t<img decoding=\"async\" width=\"150\" height=\"150\" src=\"https:\/\/la-revolution-therapie.universcghe.fr\/formation-dt\/wp-content\/uploads\/sites\/2\/2018\/02\/documents-e830b90b2e_640-150x150.png\" class=\"attachment-thumbnail size-thumbnail wp-image-1197\" alt=\"documents\" \/>\t\t\t\t\t\t\t\t\t\t\t\t\t\t\t<\/div>\n\t\t\t\t<\/div>\n\t\t\t\t\t<\/div>\n\t\t<\/div>\n\t\t\t\t\t<\/div>\n\t\t<\/section>\n\t\t\t\t<section class=\"elementor-section elementor-top-section elementor-element elementor-element-93a92cf elementor-section-stretched elementor-section-boxed elementor-section-height-default elementor-section-height-default\" data-id=\"93a92cf\" data-element_type=\"section\" data-settings=\"{&quot;stretch_section&quot;:&quot;section-stretched&quot;}\">\n\t\t\t\t\t\t<div class=\"elementor-container elementor-column-gap-default\">\n\t\t\t\t\t<div class=\"elementor-column elementor-col-100 elementor-top-column elementor-element elementor-element-3679c35\" data-id=\"3679c35\" data-element_type=\"column\">\n\t\t\t<div class=\"elementor-widget-wrap elementor-element-populated\">\n\t\t\t\t\t\t<div class=\"elementor-element elementor-element-6889d70 elementor-widget elementor-widget-html\" data-id=\"6889d70\" data-element_type=\"widget\" data-widget_type=\"html.default\">\n\t\t\t\t<div class=\"elementor-widget-container\">\n\t\t\t\t\t\t\t\t\t<\/div>\n\t\t\t\t<\/div>\n\t\t\t\t<div class=\"elementor-element elementor-element-237ae5b elementor-widget elementor-widget-text-editor\" data-id=\"237ae5b\" data-element_type=\"widget\" data-widget_type=\"text-editor.default\">\n\t\t\t\t<div class=\"elementor-widget-container\">\n\t\t\t\t\t\t\t\t\t<h3 style=\"text-align: center;\"><em><strong><span style=\"color: #ff0000;\">Cet Espace est R\u00e9serv\u00e9 aux Neuroth\u00e9rapeutes<br \/>de<br \/>D\u00e9tachement des Traumatismes\u00ae Quantique en Formation ou en activit\u00e9\u2026<\/span><\/strong><\/em><\/h3><div class=\"styled-hr hr-style-11\"><div class=\"hr-1\">\u00a0<\/div><div class=\"hr-2\">\u00a0<\/div><\/div><p><span style=\"color: #790700;\"><em><strong>Pour en Savoir Plus sur cette technique Th\u00e9rapeutique:<\/strong><\/em><\/span><br \/><a href=\"http:\/\/la-revolution-therapie.universcghe.fr\/detachement-des-traumatismes\/\"><br \/><\/a><br \/><span style=\"color: #790700;\"><em><strong>Pour en Savoir plus sur Sa Cr\u00e9atrice: Martine Clavelli<\/strong><\/em><\/span><br \/><a href=\"http:\/\/la-revolution-therapie.universcghe.fr\/a-propos\/\">http:\/\/la-revolution-therapie.universcghe.fr\/a-propos\/<br \/><\/a><br \/><span style=\"color: #790700;\"><em><strong>Le Calendrier :<\/strong><\/em><\/span><br \/><a href=\"http:\/\/la-revolution-therapie.universcghe.fr\/calendrier-evenements\/\">http:\/\/la-revolution-therapie.universcghe.fr\/calendrier-evenements\/<br \/><\/a><br \/><span style=\"color: #790700;\"><em><strong>Modalit\u00e9s Pratique de la Formation:<\/strong><\/em><\/span><\/p>\t\t\t\t\t\t\t\t<\/div>\n\t\t\t\t<\/div>\n\t\t\t\t<div class=\"elementor-element elementor-element-4b732f4 elementor-widget elementor-widget-html\" data-id=\"4b732f4\" data-element_type=\"widget\" data-widget_type=\"html.default\">\n\t\t\t\t<div class=\"elementor-widget-container\">\n\t\t\t\t\t\t\t\t\t<\/div>\n\t\t\t\t<\/div>\n\t\t\t\t\t<\/div>\n\t\t<\/div>\n\t\t\t\t\t<\/div>\n\t\t<\/section>\n\t\t\t\t<\/div>\n\t\t","protected":false},"excerpt":{"rendered":"<p>DOCUMENTS DE S\u00c9ANCES NIVEAU 1<\/p>\n","protected":false},"author":1,"featured_media":0,"parent":1712,"menu_order":0,"comment_status":"open","ping_status":"closed","template":"","meta":{"_et_pb_use_builder":"","_et_pb_old_content":"","_et_gb_content_width":"","footnotes":""},"class_list":["post-36054","page","type-page","status-publish","hentry"],"aioseo_notices":[],"jetpack_sharing_enabled":true,"_links":{"self":[{"href":"https:\/\/la-revolution-therapie.universcghe.fr\/formation-dt\/wp-json\/wp\/v2\/pages\/36054","targetHints":{"allow":["GET"]}}],"collection":[{"href":"https:\/\/la-revolution-therapie.universcghe.fr\/formation-dt\/wp-json\/wp\/v2\/pages"}],"about":[{"href":"https:\/\/la-revolution-therapie.universcghe.fr\/formation-dt\/wp-json\/wp\/v2\/types\/page"}],"author":[{"embeddable":true,"href":"https:\/\/la-revolution-therapie.universcghe.fr\/formation-dt\/wp-json\/wp\/v2\/users\/1"}],"replies":[{"embeddable":true,"href":"https:\/\/la-revolution-therapie.universcghe.fr\/formation-dt\/wp-json\/wp\/v2\/comments?post=36054"}],"version-history":[{"count":34,"href":"https:\/\/la-revolution-therapie.universcghe.fr\/formation-dt\/wp-json\/wp\/v2\/pages\/36054\/revisions"}],"predecessor-version":[{"id":36128,"href":"https:\/\/la-revolution-therapie.universcghe.fr\/formation-dt\/wp-json\/wp\/v2\/pages\/36054\/revisions\/36128"}],"up":[{"embeddable":true,"href":"https:\/\/la-revolution-therapie.universcghe.fr\/formation-dt\/wp-json\/wp\/v2\/pages\/1712"}],"wp:attachment":[{"href":"https:\/\/la-revolution-therapie.universcghe.fr\/formation-dt\/wp-json\/wp\/v2\/media?parent=36054"}],"curies":[{"name":"wp","href":"https:\/\/api.w.org\/{rel}","templated":true}]}}