{"id":707,"date":"2018-02-21T14:49:40","date_gmt":"2018-02-21T13:49:40","guid":{"rendered":"http:\/\/la-revolution-therapie.universcghe.fr\/formation-dt\/espace-membre\/reinitialisation\/"},"modified":"2023-07-17T07:34:11","modified_gmt":"2023-07-17T06:34:11","slug":"reinitialisation","status":"publish","type":"page","link":"https:\/\/la-revolution-therapie.universcghe.fr\/formation-dt\/espace-membre\/reinitialisation\/","title":{"rendered":"R\u00e9initialisation du mot de passe"},"content":{"rendered":"<p>Si vous avez oubli\u00e9 votre mot de passe, vous pouvez le r\u00e9initialiser et votre nouveau mot de passe vous sera envoy\u00e9 par e-mail.<\/p>\n<form name=\"membership-form-password-reset\" id=\"membership-form-password-reset\" action=\"\/formation-dt\/wp-json\/wp\/v2\/pages\/707\" method=\"post\" enctype=\"multipart\/form-data\" onsubmit=\"return validate_membership_form_password_reset(this);\"><style scoped=\"scoped\" type=\"text\/css\" media=\"all\">\r\ninput[type=\"submit\"] { background-color: #e0c040; border: 1px solid #a08000; border-radius: 4px; box-shadow: 1px 1px 1px #808080; color: #000000; cursor: pointer; height: 2em; line-height: 1; opacity: 0.9; padding: 0 0.5em; }\r\ninput[type=\"submit\"]:hover { color: #000000; opacity: 1; }\r\n<\/style>\r\n\r\n\r\n\r\n<div style=\"text-align: center;\">\r\n<p><label><strong>Votre adresse e-mail ou login :<\/strong><br \/>\r\n<input name=\"membership_form_password_reset_email_address\" id=\"membership_form_password_reset_email_address\" size=\"40\" onblur=\"this.value = kleor_format_email_address(this.value);\" onkeyup=\"this.value = kleor_format_email_address(this.value);\" type=\"email\" \/><br \/>\r\n<span id=\"membership_form_password_reset_email_address_error\" style=\"display: none; color: #c00000;\" class=\"error\"><\/span><\/label><\/p>\r\n<div style=\"margin: 1.5em 0;\"><input name=\"membership_form_password_reset_submit\" id=\"membership_form_password_reset_submit\" formnovalidate=\"formnovalidate\" value=\"R\u00e9initialiser\" type=\"submit\" \/><\/div>\r\n<\/div><div style=\"display: none;\"><input type=\"hidden\" name=\"referring_url\" value=\"\" \/><input type=\"hidden\" name=\"membership_form_password_reset_submit\" value=\"yes\" \/><\/div><\/form>\n<p style=\"margin: 1.5em 0; text-align: center;\"><a href=\"http:\/\/la-revolution-therapie.universcghe.fr\/formation-dt\/espace-membre\/inscription\/\">S&rsquo;inscrire<\/a> | <a href=\"http:\/\/la-revolution-therapie.universcghe.fr\/formation-dt\/espace-membre\/connexion\/\">Se connecter<\/a><\/p>\n","protected":false},"excerpt":{"rendered":"<p>Si vous avez oubli\u00e9 votre mot de passe, vous pouvez le r\u00e9initialiser et votre nouveau mot de passe vous sera envoy\u00e9 par e-mail. S&rsquo;inscrire | Se connecter<\/p>\n","protected":false},"author":1,"featured_media":0,"parent":703,"menu_order":13,"comment_status":"closed","ping_status":"closed","template":"","meta":{"_et_pb_use_builder":"","_et_pb_old_content":"","_et_gb_content_width":"","footnotes":""},"class_list":["post-707","page","type-page","status-publish","hentry"],"aioseo_notices":[],"jetpack_sharing_enabled":true,"_links":{"self":[{"href":"https:\/\/la-revolution-therapie.universcghe.fr\/formation-dt\/wp-json\/wp\/v2\/pages\/707","targetHints":{"allow":["GET"]}}],"collection":[{"href":"https:\/\/la-revolution-therapie.universcghe.fr\/formation-dt\/wp-json\/wp\/v2\/pages"}],"about":[{"href":"https:\/\/la-revolution-therapie.universcghe.fr\/formation-dt\/wp-json\/wp\/v2\/types\/page"}],"author":[{"embeddable":true,"href":"https:\/\/la-revolution-therapie.universcghe.fr\/formation-dt\/wp-json\/wp\/v2\/users\/1"}],"replies":[{"embeddable":true,"href":"https:\/\/la-revolution-therapie.universcghe.fr\/formation-dt\/wp-json\/wp\/v2\/comments?post=707"}],"version-history":[{"count":0,"href":"https:\/\/la-revolution-therapie.universcghe.fr\/formation-dt\/wp-json\/wp\/v2\/pages\/707\/revisions"}],"up":[{"embeddable":true,"href":"https:\/\/la-revolution-therapie.universcghe.fr\/formation-dt\/wp-json\/wp\/v2\/pages\/703"}],"wp:attachment":[{"href":"https:\/\/la-revolution-therapie.universcghe.fr\/formation-dt\/wp-json\/wp\/v2\/media?parent=707"}],"curies":[{"name":"wp","href":"https:\/\/api.w.org\/{rel}","templated":true}]}}