{"id":708,"date":"2018-02-21T14:49:40","date_gmt":"2018-02-21T13:49:40","guid":{"rendered":"http:\/\/la-revolution-therapie.universcghe.fr\/formation-dt\/espace-membre\/connexion\/"},"modified":"2023-01-23T21:17:54","modified_gmt":"2023-01-23T20:17:54","slug":"connexion","status":"publish","type":"page","link":"https:\/\/la-revolution-therapie.universcghe.fr\/formation-dt\/espace-membre\/connexion\/","title":{"rendered":"Connexion"},"content":{"rendered":"\t\t<div data-elementor-type=\"wp-post\" data-elementor-id=\"708\" class=\"elementor elementor-708\" data-elementor-post-type=\"page\">\n\t\t\t\t\t\t<section class=\"elementor-section elementor-top-section elementor-element elementor-element-65448a66 elementor-section-boxed elementor-section-height-default elementor-section-height-default\" data-id=\"65448a66\" data-element_type=\"section\">\n\t\t\t\t\t\t<div class=\"elementor-container elementor-column-gap-default\">\n\t\t\t\t\t<div class=\"elementor-column elementor-col-100 elementor-top-column elementor-element elementor-element-461d0b4a\" data-id=\"461d0b4a\" data-element_type=\"column\">\n\t\t\t<div class=\"elementor-widget-wrap elementor-element-populated\">\n\t\t\t\t\t\t<div class=\"elementor-element elementor-element-384e0fe1 elementor-widget elementor-widget-text-editor\" data-id=\"384e0fe1\" data-element_type=\"widget\" data-widget_type=\"text-editor.default\">\n\t\t\t\t<div class=\"elementor-widget-container\">\n\t\t\t\t\t\t\t\t\t<p><form name=\"membership-form-login\" id=\"membership-form-login\" action=\"\/formation-dt\/wp-json\/wp\/v2\/pages\/708\" method=\"post\" enctype=\"multipart\/form-data\" onsubmit=\"return validate_membership_form_login(this);\"><style scoped=\"scoped\" type=\"text\/css\" media=\"all\">\r\ninput[type=\"submit\"] { background-color: #e0c040; border: 1px solid #a08000; border-radius: 4px; box-shadow: 1px 1px 1px #808080; color: #000000; cursor: pointer; height: 2em; line-height: 1; opacity: 0.9; padding: 0 0.5em; }\r\ninput[type=\"submit\"]:hover { color: #000000; opacity: 1; }\r\n<\/style>\r\n\r\n\r\n\r\n<table style=\"width: 100%;\">\r\n<tr style=\"vertical-align: top;\"><td style=\"width: 40%;\"><strong><label for=\"membership_form_login_login\">Login<\/label><\/strong><\/td>\r\n<td style=\"width: 60%;\"><input name=\"membership_form_login_login\" id=\"membership_form_login_login\" size=\"20\" onblur=\"this.value = kleor_format_email_address(this.value);\" onkeyup=\"this.value = kleor_format_email_address(this.value);\" type=\"text\" \/><br \/><span id=\"membership_form_login_login_error\" style=\"display: none; color: #c00000;\" class=\"error\"><\/span><\/td><\/tr>\r\n<tr style=\"vertical-align: top;\"><td style=\"width: 40%;\"><strong><label for=\"membership_form_login_password\">Mot de passe<\/label><\/strong><\/td>\r\n<td style=\"width: 60%;\"><input name=\"membership_form_login_password\" id=\"membership_form_login_password\" size=\"20\" type=\"password\" \/><br \/><span id=\"membership_form_login_password_error\" style=\"display: none; color: #c00000;\" class=\"error\"><\/span><\/td><\/tr>\r\n<\/table>\r\n<p style=\"margin: 0.75em; text-align: center;\"><label><input name=\"membership_form_login_remember\" id=\"membership_form_login_remember\" value=\"yes\" type=\"checkbox\" \/> Se souvenir de moi<\/label><\/p>\r\n<div style=\"margin: 1.5em 0; text-align: center;\"><input name=\"membership_form_login_submit\" id=\"membership_form_login_submit\" formnovalidate=\"formnovalidate\" value=\"Se connecter\" type=\"submit\" \/><\/div><div style=\"display: none;\"><input type=\"hidden\" name=\"referring_url\" value=\"\" \/><input type=\"hidden\" name=\"membership_form_login_submit\" value=\"yes\" \/><\/div><\/form><\/p>\n<p style=\"margin: 1.5em 0; text-align: center;\"><a href=\"http:\/\/la-revolution-therapie.universcghe.fr\/formation-dt\/espace-membre\/inscription\/\">S&rsquo;inscrire<\/a> | <a href=\"http:\/\/la-revolution-therapie.universcghe.fr\/formation-dt\/espace-membre\/reinitialisation\/\">Mot de passe oubli\u00e9<\/a><\/p>\n<h3 style=\"text-align: center;\"><em><strong><span style=\"color: #ff0000;\">Cet Espace est R\u00e9serv\u00e9 aux Neuroth\u00e9rapeutes<br>de<br>D\u00e9tachement des Traumatismes\u00ae en Formation ou en activit\u00e9&#8230;<\/span><\/strong><\/em><\/h3>\n<p><\/p>\n<p><span style=\"color: #790700;\"><em><strong>Pour en Savoir Plus sur cette technique Th\u00e9rapeutique:<\/strong><\/em><\/span><br><a href=\"http:\/\/la-revolution-therapie.universcghe.fr\/detachement-des-traumatismes\/\">http:\/\/la-revolution-therapie.universcghe.fr\/detachement-des-traumatismes\/<br><\/a><br><span style=\"color: #790700;\"><em><strong>Pour en Savoir plus sur Sa Cr\u00e9atrice: Martine Clavelli<\/strong><\/em><\/span><br><a href=\"http:\/\/la-revolution-therapie.universcghe.fr\/a-propos\/\">http:\/\/la-revolution-therapie.universcghe.fr\/a-propos\/<br><\/a><br><span style=\"color: #790700;\"><em><strong>Le Calendrier :<\/strong><\/em><\/span><br><a href=\"http:\/\/la-revolution-therapie.universcghe.fr\/calendrier-evenements\/\">http:\/\/la-revolution-therapie.universcghe.fr\/calendrier-evenements\/<br><\/a><br><span style=\"color: #790700;\"><em><strong>Modalit\u00e9s Pratique de la Formation:<\/strong><\/em><\/span><br><a href=\"http:\/\/la-revolution-therapie.universcghe.fr\/fiche-dt\/\">http:\/\/la-revolution-therapie.universcghe.fr\/fiche-dt\/<\/a><\/p>\n<p><br><\/p>\n<p><\/p>\n<p style=\"color: #808080; text-align: center;\"><em>Espace membre propuls\u00e9 par <a href=\"https:\/\/www.kleor.com\/membership-manager\/fr\/\" target=\"_blank\" rel=\"noopener noreferrer\">Membership Manager<\/a><\/em><\/p>\t\t\t\t\t\t\t\t<\/div>\n\t\t\t\t<\/div>\n\t\t\t\t\t<\/div>\n\t\t<\/div>\n\t\t\t\t\t<\/div>\n\t\t<\/section>\n\t\t\t\t<\/div>\n\t\t","protected":false},"excerpt":{"rendered":"<p>S&rsquo;inscrire | Mot de passe oubli\u00e9 Cet Espace est R\u00e9serv\u00e9 aux Neuroth\u00e9rapeutesdeD\u00e9tachement des Traumatismes\u00ae en Formation ou en activit\u00e9&#8230; Pour en Savoir Plus sur cette technique Th\u00e9rapeutique:http:\/\/la-revolution-therapie.universcghe.fr\/detachement-des-traumatismes\/Pour en Savoir plus sur Sa Cr\u00e9atrice: Martine Clavellihttp:\/\/la-revolution-therapie.universcghe.fr\/a-propos\/Le Calendrier :http:\/\/la-revolution-therapie.universcghe.fr\/calendrier-evenements\/Modalit\u00e9s Pratique de la Formation:http:\/\/la-revolution-therapie.universcghe.fr\/fiche-dt\/ Espace membre propuls\u00e9 par Membership Manager<\/p>\n","protected":false},"author":1,"featured_media":0,"parent":703,"menu_order":5,"comment_status":"closed","ping_status":"closed","template":"","meta":{"_et_pb_use_builder":"","_et_pb_old_content":"","_et_gb_content_width":"","footnotes":""},"class_list":["post-708","page","type-page","status-publish","hentry"],"aioseo_notices":[],"jetpack_sharing_enabled":true,"_links":{"self":[{"href":"https:\/\/la-revolution-therapie.universcghe.fr\/formation-dt\/wp-json\/wp\/v2\/pages\/708","targetHints":{"allow":["GET"]}}],"collection":[{"href":"https:\/\/la-revolution-therapie.universcghe.fr\/formation-dt\/wp-json\/wp\/v2\/pages"}],"about":[{"href":"https:\/\/la-revolution-therapie.universcghe.fr\/formation-dt\/wp-json\/wp\/v2\/types\/page"}],"author":[{"embeddable":true,"href":"https:\/\/la-revolution-therapie.universcghe.fr\/formation-dt\/wp-json\/wp\/v2\/users\/1"}],"replies":[{"embeddable":true,"href":"https:\/\/la-revolution-therapie.universcghe.fr\/formation-dt\/wp-json\/wp\/v2\/comments?post=708"}],"version-history":[{"count":0,"href":"https:\/\/la-revolution-therapie.universcghe.fr\/formation-dt\/wp-json\/wp\/v2\/pages\/708\/revisions"}],"up":[{"embeddable":true,"href":"https:\/\/la-revolution-therapie.universcghe.fr\/formation-dt\/wp-json\/wp\/v2\/pages\/703"}],"wp:attachment":[{"href":"https:\/\/la-revolution-therapie.universcghe.fr\/formation-dt\/wp-json\/wp\/v2\/media?parent=708"}],"curies":[{"name":"wp","href":"https:\/\/api.w.org\/{rel}","templated":true}]}}