{"id":970,"date":"2018-02-24T17:31:24","date_gmt":"2018-02-24T16:31:24","guid":{"rendered":"http:\/\/la-revolution-therapie.universcghe.fr\/formation-dt\/bibliotheques\/"},"modified":"2020-01-15T23:42:13","modified_gmt":"2020-01-15T22:42:13","slug":"bibliotheques","status":"publish","type":"page","link":"https:\/\/la-revolution-therapie.universcghe.fr\/formation-dt\/espace-membre\/ressources\/bibliotheques\/","title":{"rendered":"Biblioth\u00e8ques"},"content":{"rendered":"\t\t<div data-elementor-type=\"wp-post\" data-elementor-id=\"970\" class=\"elementor elementor-970\" data-elementor-post-type=\"page\">\n\t\t\t\t\t\t<section class=\"elementor-section elementor-top-section elementor-element elementor-element-ee8f87e elementor-section-boxed elementor-section-height-default elementor-section-height-default\" data-id=\"ee8f87e\" data-element_type=\"section\">\n\t\t\t\t\t\t<div class=\"elementor-container elementor-column-gap-default\">\n\t\t\t\t\t<div class=\"elementor-column elementor-col-100 elementor-top-column elementor-element elementor-element-d42e89d\" data-id=\"d42e89d\" data-element_type=\"column\">\n\t\t\t<div class=\"elementor-widget-wrap elementor-element-populated\">\n\t\t\t\t\t\t<div class=\"elementor-element elementor-element-09919b8 elementor-widget elementor-widget-html\" data-id=\"09919b8\" data-element_type=\"widget\" data-widget_type=\"html.default\">\n\t\t\t\t<div class=\"elementor-widget-container\">\n\t\t\t\t\t\t\t\t\t<\/div>\n\t\t\t\t<\/div>\n\t\t\t\t<div class=\"elementor-element elementor-element-083938c elementor-widget elementor-widget-text-editor\" data-id=\"083938c\" data-element_type=\"widget\" data-widget_type=\"text-editor.default\">\n\t\t\t\t<div class=\"elementor-widget-container\">\n\t\t\t\t\t\t\t\t\t<h1 style=\"text-align: center;\"><span style=\"color: #ff0000;\"><em><strong><span style=\"color: #0000ff;\">Les Biblioth\u00e8ques<\/span><br \/><\/strong><\/em><\/span><\/h1><p>\u00a0<\/p>\t\t\t\t\t\t\t\t<\/div>\n\t\t\t\t<\/div>\n\t\t\t\t<div class=\"elementor-element elementor-element-dabf13d elementor-invisible elementor-widget elementor-widget-image\" data-id=\"dabf13d\" data-element_type=\"widget\" data-settings=\"{&quot;_animation&quot;:&quot;bounceIn&quot;}\" data-widget_type=\"image.default\">\n\t\t\t\t<div class=\"elementor-widget-container\">\n\t\t\t\t\t\t\t\t\t\t\t\t\t\t\t<img decoding=\"async\" src=\"https:\/\/la-revolution-therapie.universcghe.fr\/formation-dt\/wp-content\/uploads\/sites\/2\/elementor\/thumbs\/biblioth\u00e8ques-nmsgs842t9qeimg6c3rqo3wvqhz1de0p3oxuhywot4.jpg\" title=\"biblioth\u00e8ques\" alt=\"biblioth\u00e8ques\" loading=\"lazy\" \/>\t\t\t\t\t\t\t\t\t\t\t\t\t\t\t<\/div>\n\t\t\t\t<\/div>\n\t\t\t\t<div class=\"elementor-element elementor-element-169454f elementor-widget elementor-widget-html\" data-id=\"169454f\" data-element_type=\"widget\" data-widget_type=\"html.default\">\n\t\t\t\t<div class=\"elementor-widget-container\">\n\t\t\t\t\t\t\t\t\t<\/div>\n\t\t\t\t<\/div>\n\t\t\t\t<div class=\"elementor-element elementor-element-efd6af3 elementor-widget elementor-widget-text-editor\" data-id=\"efd6af3\" data-element_type=\"widget\" data-widget_type=\"text-editor.default\">\n\t\t\t\t<div class=\"elementor-widget-container\">\n\t\t\t\t\t\t\t\t\t<div><div data-elementor-setting-key=\"editor\" data-elementor-inline-editing-toolbar=\"advanced\"><h3 style=\"text-align: center;\"><em><strong><span style=\"color: #ff0000;\">Cet Espace est R\u00e9serv\u00e9 aux Neuroth\u00e9rapeutes<br \/> de<br \/> D\u00e9tachement des Traumatismes\u00ae en Formation ou en activit\u00e9\u2026<\/span><\/strong><\/em><\/h3><div><div><div class=\"styled-hr hr-style-11\"><div class=\"hr-1\">\u00a0<\/div><div class=\"hr-2\">\u00a0<\/div><\/div><\/div><div>\u00a0<span style=\"color: #790700;\"><em><strong>Pour en Savoir Plus sur cette technique Th\u00e9rapeutique:<\/strong><\/em><\/span><\/div><\/div><p><a href=\"http:\/\/la-revolution-therapie.universcghe.fr\/detachement-des-traumatismes\/\">http:\/\/la-revolution-therapie.universcghe.fr\/detachement-des-traumatismes\/<br \/> <\/a><br \/> <span style=\"color: #790700;\"><em><strong>Pour en Savoir plus sur Sa Cr\u00e9atrice: Martine Clavelli<\/strong><\/em><\/span><br \/> <a href=\"http:\/\/la-revolution-therapie.universcghe.fr\/a-propos\/\">http:\/\/la-revolution-therapie.universcghe.fr\/a-propos\/<br \/> <\/a><br \/> <span style=\"color: #790700;\"><em><strong>Le Calendrier :<\/strong><\/em><\/span><br \/> <a href=\"http:\/\/la-revolution-therapie.universcghe.fr\/calendrier-evenements\/\">http:\/\/la-revolution-therapie.universcghe.fr\/calendrier-evenements\/<br \/> <\/a><br \/> <span style=\"color: #790700;\"><em><strong>Modalit\u00e9s Pratique de la Formation:<\/strong><\/em><\/span><br \/> <a href=\"http:\/\/la-revolution-therapie.universcghe.fr\/fiche-dt\/\">http:\/\/la-revolution-therapie.universcghe.fr\/fiche-dt\/<\/a><\/p><\/div><\/div>\t\t\t\t\t\t\t\t<\/div>\n\t\t\t\t<\/div>\n\t\t\t\t<div class=\"elementor-element elementor-element-283f039 elementor-widget elementor-widget-html\" data-id=\"283f039\" data-element_type=\"widget\" data-widget_type=\"html.default\">\n\t\t\t\t<div class=\"elementor-widget-container\">\n\t\t\t\t\t\t\t\t\t<\/div>\n\t\t\t\t<\/div>\n\t\t\t\t\t<\/div>\n\t\t<\/div>\n\t\t\t\t\t<\/div>\n\t\t<\/section>\n\t\t\t\t<\/div>\n\t\t","protected":false},"excerpt":{"rendered":"<p>Les Biblioth\u00e8ques<\/p>\n","protected":false},"author":1,"featured_media":0,"parent":728,"menu_order":3,"comment_status":"closed","ping_status":"closed","template":"","meta":{"_et_pb_use_builder":"","_et_pb_old_content":"","_et_gb_content_width":"","footnotes":""},"class_list":["post-970","page","type-page","status-publish","hentry"],"aioseo_notices":[],"jetpack_sharing_enabled":true,"_links":{"self":[{"href":"https:\/\/la-revolution-therapie.universcghe.fr\/formation-dt\/wp-json\/wp\/v2\/pages\/970","targetHints":{"allow":["GET"]}}],"collection":[{"href":"https:\/\/la-revolution-therapie.universcghe.fr\/formation-dt\/wp-json\/wp\/v2\/pages"}],"about":[{"href":"https:\/\/la-revolution-therapie.universcghe.fr\/formation-dt\/wp-json\/wp\/v2\/types\/page"}],"author":[{"embeddable":true,"href":"https:\/\/la-revolution-therapie.universcghe.fr\/formation-dt\/wp-json\/wp\/v2\/users\/1"}],"replies":[{"embeddable":true,"href":"https:\/\/la-revolution-therapie.universcghe.fr\/formation-dt\/wp-json\/wp\/v2\/comments?post=970"}],"version-history":[{"count":0,"href":"https:\/\/la-revolution-therapie.universcghe.fr\/formation-dt\/wp-json\/wp\/v2\/pages\/970\/revisions"}],"up":[{"embeddable":true,"href":"https:\/\/la-revolution-therapie.universcghe.fr\/formation-dt\/wp-json\/wp\/v2\/pages\/728"}],"wp:attachment":[{"href":"https:\/\/la-revolution-therapie.universcghe.fr\/formation-dt\/wp-json\/wp\/v2\/media?parent=970"}],"curies":[{"name":"wp","href":"https:\/\/api.w.org\/{rel}","templated":true}]}}