{"id":1033,"date":"2018-01-04T21:40:57","date_gmt":"2018-01-04T20:40:57","guid":{"rendered":"http:\/\/la-revolution-therapie.universcghe.fr\/reprogrammer-votre-cerveau-pour\/page-de-choix_pack-des-packs-videos\/"},"modified":"2019-12-18T20:47:36","modified_gmt":"2019-12-18T19:47:36","slug":"page-de-choix_pack-des-packs-videos","status":"publish","type":"page","link":"https:\/\/la-revolution-therapie.universcghe.fr\/reprogrammer-votre-cerveau-pour\/page-de-choix_pack-des-packs-videos\/","title":{"rendered":"Le PACK des PACKS Vid\u00e9os Subliminales"},"content":{"rendered":"<h2 style=\"text-align: center;\"><span style=\"color: #ff0000;\"><strong><span style=\"color: #0000ff;\">Ton Pack Complet des Vid\u00e9os Subliminales<br \/>\nSoit 14 Vid\u00e9os au Total<\/span><br \/>\n<\/strong><\/span><\/h2>\n<p><span style=\"color: #000000;\">Le Subliminal est une Technique Puissante, Efficace, Facile et Rapide, prouv\u00e9e scientifiquement. Elle consiste \u00e0 envoyer des Messages Sonores qui s&rsquo;adressent directement \u00e0 votre Inconscient pour Reprogrammer Votre Cerveau.<\/span><\/p>\n<p><span style=\"color: #000000;\">Il y a aussi les images ins\u00e9r\u00e9es dans la s\u00e9quence Vid\u00e9o, qui int\u00e8grent des phrases, que seul l&rsquo;Inconscient per\u00e7oit Facilement et Efficacement, elles sont trop Rapides pour \u00eatre lues Consciemment.<\/span><\/p>\n<p><span style=\"color: #000000;\">Accouplement des deux messages subliminaux (cr\u00e9e le stimulus n\u00e9cessaire pour Activer le Changement au niveau Inconscient)<\/span><\/p>\n<p>&nbsp;<\/p>\n\n<table id=\"tablepress-2\" class=\"tablepress tablepress-id-2\">\n<thead>\n<tr class=\"row-1\">\n\t<th class=\"column-1\">Titre<\/th><th class=\"column-2\">Description<\/th>\n<\/tr>\n<\/thead>\n<tbody class=\"row-striping row-hover\">\n<tr class=\"row-2\">\n\t<td class=\"column-1\"><a name=\"Ancre1\"><\/a><font color=\"#0000ff\" size=\"3\" face=\"Arial\"><strong><em>Attirez l'Abondance de Richesses<\/em><\/strong><\/font><br \/>\n<img decoding=\"async\" src=\"http:\/\/la-revolution-therapie.universcghe.fr\/reprogrammer-votre-cerveau-pour\/wp-content\/uploads\/sites\/11\/2018\/01\/Richesses.png\" alt=\"\" width=\"200\" height=\"119\" class=\"aligncenter size-full wp-image-973\" \/><\/td><td class=\"column-2\">Si par le pass\u00e9 ou dans le pr\u00e9sent Ton rapport \u00e0 l'Argent Te pose des Probl\u00e8mes : Cette vid\u00e9o Subliminale est pour Toi !!!...Ose...Autorise-Toi \u00e0 Reprogrammer Ton Cerveau pour L'Abondance de Richesses Dans Ton Quotidien...<\/td>\n<\/tr>\n<tr class=\"row-3\">\n\t<td class=\"column-1\"><font color=\"#0000ff\" size=\"3\" face=\"Arial\"><strong><em>Attirez l'Abondance d'Amour<\/em><\/strong><\/font><br \/>\n<img decoding=\"async\" src=\"http:\/\/la-revolution-therapie.universcghe.fr\/reprogrammer-votre-cerveau-pour\/wp-content\/uploads\/sites\/11\/2018\/01\/Amour.png\" alt=\"\" width=\"200\" height=\"119\" class=\"aligncenter size-full wp-image-975\" \/><\/td><td class=\"column-2\">Si par le pass\u00e9 ou dans le pr\u00e9sent Ta Relation en Couple ou L'Amour de Toi M'Aime Te fait Vivre des Frustrations, Souffrances, Manques, Peurs, Conflits... C'est Peut-\u00eatre une Fid\u00e9lit\u00e9 Inconsciente au Mod\u00e8le de Tes Parents, Des Croyances Limitantes suite \u00e0 tes Exp\u00e9riences V\u00e9cues etc...Alors, Cette vid\u00e9o Subliminale est pour Toi !!!...Ose...Autorise-Toi \u00e0 Reprogrammer Ton Cerveau pour L'Abondance d'Amour Dans Ton Quotidien...<\/td>\n<\/tr>\n<tr class=\"row-4\">\n\t<td class=\"column-1\"><font color=\"#0000ff\" size=\"3\" face=\"Arial\"><strong><em>Attirez l'Abondance de Sant\u00e9<\/em><\/strong><\/font><br \/>\n<img decoding=\"async\" src=\"http:\/\/la-revolution-therapie.universcghe.fr\/reprogrammer-votre-cerveau-pour\/wp-content\/uploads\/sites\/11\/2018\/01\/Sante.png\" alt=\"\" width=\"200\" height=\"142\" class=\"aligncenter size-full wp-image-981\" \/><\/td><td class=\"column-2\">Si par le pass\u00e9 ou dans le pr\u00e9sent Ta Vitalit\u00e9 est Faible et Ta Sant\u00e9 Fragile ... C'est Peut-\u00eatre une Fid\u00e9lit\u00e9 Inconsciente au Mod\u00e8le Familial, Des Croyances Limitantes suite \u00e0 tes Exp\u00e9riences V\u00e9cues, Des Peurs ou toute autre chose encore etc...Alors, Je Te Propose cette vid\u00e9o Subliminale pour Am\u00e9liorer la Sant\u00e9 qui est la Tienne !!!...Ose...Autorise-Toi \u00e0 Reprogrammer Ton Cerveau pour Etre en Sant\u00e9 et Enchant\u00e9(e)!!! L'Utilisation de cette m\u00e9thode est compl\u00e9mentaire aux Traitements \u00e9ventuels que tu peux Suivre...<\/td>\n<\/tr>\n<tr class=\"row-5\">\n\t<td class=\"column-1\"><font color=\"#0000ff\" size=\"3\" face=\"Arial\"><strong><em>Attirez l'Abondance d'Am\u00e9lioration Personnelle<\/em><\/strong><\/font><br \/>\n<img loading=\"lazy\" loading=\"lazy\" decoding=\"async\" src=\"http:\/\/la-revolution-therapie.universcghe.fr\/reprogrammer-votre-cerveau-pour\/wp-content\/uploads\/sites\/11\/2018\/01\/Amelioration-personnelle.png\" alt=\"\" width=\"200\" height=\"146\" class=\"aligncenter size-full wp-image-985\" \/><\/td><td class=\"column-2\">Tu as Besoin de te R\u00e9concilier avec Toi M'Aime, avec la Vie, Avec ce que tu fais et ce que tu As...Alors cette Vid\u00e9o Subliminale, va te permettre de Reprogrammer Ton Cerveau Pour Laisser Circuler l'Abondance d'Amour et de Vie en Toi...Nous Sommes dans l\u2019\u00c8re du Verseau, qui demande \u00e0 Chacun de Nous d\u2019\u00catre dans l'individualit\u00e9 au service de...Alors Ose, Autorise-Toi \u00e0 Te Choisir, \u00e0 te Choyer, \u00e0 te Respecter, \u00e0 T'Aimer et \u00e0 T'Estimer !!!<\/td>\n<\/tr>\n<tr class=\"row-6\">\n\t<td class=\"column-1\"><font color=\"#0000ff\" size=\"3\" face=\"Arial\"><strong><em>Attirez l'Abondance de Confiance en Soi et en ses Capacit\u00e9s<\/em><\/strong><\/font><br \/>\n<img loading=\"lazy\" loading=\"lazy\" decoding=\"async\" src=\"http:\/\/la-revolution-therapie.universcghe.fr\/reprogrammer-votre-cerveau-pour\/wp-content\/uploads\/sites\/11\/2018\/01\/Confiance-en-Soi.png\" alt=\"\" width=\"200\" height=\"119\" class=\"aligncenter size-full wp-image-988\" \/><\/td><td class=\"column-2\">Si Tu manques de Confiance en Toi et\/ou en Tes Capacit\u00e9s c'est Que l'Enfant int\u00e9rieur qui est en Toi, a de 0 \u00e0 7 ans, manqu\u00e9 de rassurance Physique et \u00c9motionnelle...Quand \u00e0 Tes Capacit\u00e9s, c'est l'enfant de 7 \u00e0 14 ans qui a manqu\u00e9 de Soutien, de Rep\u00e8res ou qui a eu des difficult\u00e9s avec le Mod\u00e8le Paternel...<br \/>\nSois Rassur\u00e9(e) Cette Vid\u00e9o peut t'Aider \u00e0 Reprogrammer Ton Cerveau pour ressentir Pleinement la Confiance en Toi et en Tes Capacit\u00e9s !!!...Alors Ose...<\/td>\n<\/tr>\n<tr class=\"row-7\">\n\t<td class=\"column-1\"><font color=\"#0000ff\" size=\"3\" face=\"Arial\"><strong><em>Attirez l'Abondance de Communication Gagnant\/Gagnant<\/em><\/strong><\/font><br \/>\n<img loading=\"lazy\" loading=\"lazy\" decoding=\"async\" src=\"http:\/\/la-revolution-therapie.universcghe.fr\/reprogrammer-votre-cerveau-pour\/wp-content\/uploads\/sites\/11\/2018\/01\/Communication-Gagnant-Gagnant.png\" alt=\"\" width=\"200\" height=\"121\" class=\"aligncenter size-full wp-image-990\" \/><\/td><td class=\"column-2\">Communiquer Signifie Comunicare qui veut dire mettre en Commun...Alors, si Tu as L'impression de ne pas \u00catre \u00c9cout\u00e9(e), Compris(e), Respect\u00e9(e) etc... Si Pour Toi Communiquer est Difficile, Conflictuel, sources d'Incompr\u00e9hension et d'Impuissance... Alors Cette Vid\u00e9o Subliminale va te Permettre de reprogrammer Ton Cerveau Pour Communiquer Dans un Esprit Gagnant\/Gagnant et mieux Partager au Quotidien avec les Tiens et Les Autres.Autorise-Toi ce Changement B\u00e9n\u00e9fique !!!... <\/td>\n<\/tr>\n<tr class=\"row-8\">\n\t<td class=\"column-1\"><font color=\"#0000ff\" size=\"3\" face=\"Arial\"><strong><em>Attirez l'Abondance de Cr\u00e9ativit\u00e9<\/em><\/strong><\/font><br \/>\n<img loading=\"lazy\" loading=\"lazy\" decoding=\"async\" src=\"http:\/\/la-revolution-therapie.universcghe.fr\/reprogrammer-votre-cerveau-pour\/wp-content\/uploads\/sites\/11\/2018\/01\/creativit\u00e9.png\" alt=\"\" width=\"200\" height=\"120\" class=\"aligncenter size-full wp-image-995\" \/><\/td><td class=\"column-2\">Si tu as L'Impression de ne Pas R\u00eaver la Nuit quand tu Dors, si tu ne Sais plus r\u00eaver \u00c9veill\u00e9(e)...Si tu manques d'Imagination et que tu as la Sensation d\u2019\u00catre \u00e0 Cours d'id\u00e9es...Si tu Fais Partie des \u00catres qui ne se reconnaissent aucun talent Artistiques, qui critiquent leurs Cr\u00e9ativit\u00e9s : Alors cette Vid\u00e9o Subliminale est pour Toi.Elle Va te Permettre d'Acc\u00e9der \u00e0 la Source et de Reprogrammer Ton Cerveau...<\/td>\n<\/tr>\n<tr class=\"row-9\">\n\t<td class=\"column-1\"><font color=\"#0000ff\" size=\"3\" face=\"Arial\"><strong><em>Attirez l'Abondance d'Energie<\/em><\/strong><\/font><br \/>\n<img loading=\"lazy\" loading=\"lazy\" decoding=\"async\" src=\"http:\/\/la-revolution-therapie.universcghe.fr\/reprogrammer-votre-cerveau-pour\/wp-content\/uploads\/sites\/11\/2018\/01\/Energie.png\" alt=\"\" width=\"200\" height=\"118\" class=\"aligncenter size-full wp-image-997\" \/><\/td><td class=\"column-2\">Si Tu manques d'Envie, d\u2019\u00c9nergie et de Vitalit\u00e9...Si ton Taux Vibratoire est affaibli et que la Fatigue est Souvent Pr\u00e9sente ...Si tu Te Sens D\u00e9motiv\u00e9(e) en Perte de Sens.Alors il est important pour Toi de Reprogrammer Ton Cerveau afin d'Activer l'Abondance d\u2019\u00c9nergie qui va te permettre de donner du Sens \u00e0 ta Vie d'Avancer et de Profiter Pleinement !!!...Alors Ose !!!...    <\/td>\n<\/tr>\n<tr class=\"row-10\">\n\t<td class=\"column-1\"><font color=\"#0000ff\" size=\"3\" face=\"Arial\"><strong><em>Attirez l'Abondance de M\u00e9moire et Concentration<\/em><\/strong><\/font><br \/>\n<img loading=\"lazy\" loading=\"lazy\" decoding=\"async\" src=\"http:\/\/la-revolution-therapie.universcghe.fr\/reprogrammer-votre-cerveau-pour\/wp-content\/uploads\/sites\/11\/2018\/01\/Memoire-et-Concentration.png\" alt=\"\" width=\"200\" height=\"118\" class=\"aligncenter size-full wp-image-999\" \/><\/td><td class=\"column-2\">Si tu manques de M\u00e9moire et\/ou de Concentration, c'est Certainement que tu t'effaces dans la Vie, Que tu T'Oublies, Que tu Fais Passer les Autres Avant...C'est Peut \u00eatre aussi que tu cherches \u00e0 Oublier Des \u00e9v\u00e9nements du Pass\u00e9 et enfin et Surtout qu'il te manque de l\u2019int\u00e9r\u00eat, de l'Envie et du Plaisir dans Ton Quotidien !!!...Alors Ose Pour Toi car cette Vid\u00e9o Subliminale va t'Aider \u00e0 reprogrammer Ton Cerveau pour Exister Pleinement et Profiter de la Belle Personne que Tu es et de Ta Vie...<\/td>\n<\/tr>\n<tr class=\"row-11\">\n\t<td class=\"column-1\"><font color=\"#0000ff\" size=\"3\" face=\"Arial\"><strong><em>Attirez l'Abondance de R\u00e9ussite Professionnelle<\/em><\/strong><\/font><br \/>\n<img loading=\"lazy\" loading=\"lazy\" decoding=\"async\" src=\"http:\/\/la-revolution-therapie.universcghe.fr\/reprogrammer-votre-cerveau-pour\/wp-content\/uploads\/sites\/11\/2018\/01\/Reussite-Professionnelle.png\" alt=\"\" width=\"200\" height=\"138\" class=\"aligncenter size-full wp-image-1009\" \/><\/td><td class=\"column-2\">Si tu Fais Partie des \u00catres qui se L\u00e8vent Chaque Matin Sans Envie d'Aller au Travail ou de Ceux qui Cherchent leur Voie, ou encore tu Aimes ton m\u00e9tier mais la R\u00e9ussite est encore loin...Alors il est temps Pour Toi de t'Epanouir Pleinement, Professionnellement et d'Attirer la R\u00e9ussite Dans ce Domaine!!! Arr\u00eate de r\u00eaver ta Vie et Vis la Vie de Tes R\u00eaves !!!...Cette Vid\u00e9o Subliminale va t'Aider \u00e0 Reprogrammer Ton Cerveau pour Ton Abondance de R\u00e9ussite Professionnelle : OSE!!!...<\/td>\n<\/tr>\n<tr class=\"row-12\">\n\t<td class=\"column-1\"><font color=\"#0000ff\" size=\"3\" face=\"Arial\"><strong><em>Attirez l'Abondance d'Organisation du temps<\/em><\/strong><\/font><img loading=\"lazy\" loading=\"lazy\" decoding=\"async\" src=\"http:\/\/la-revolution-therapie.universcghe.fr\/reprogrammer-votre-cerveau-pour\/wp-content\/uploads\/sites\/11\/2018\/01\/Organisation-du-temps.png\" alt=\"\" width=\"200\" height=\"134\" class=\"aligncenter size-full wp-image-1000\" \/><\/td><td class=\"column-2\">Si tu fais partie des \u00catres Qui n'ont Jamais assez de Temps, qui ont des difficult\u00e9s \u00e0 s'Organiser, qui d\u00e9s\u00e9quilibrent ou n\u00e9gligent certains domaines de Leur Vie et se laissent Submerger par les Choses \u00e0 faire...Il y a un BUG dans Ton Programme...Il est temps de le reprogrammer pour Mieux Profiter de ta Vie et de te Servir du Temps Comme Ton Alli\u00e9 : Autorise-Toi, C'est Possible!!!...   <\/td>\n<\/tr>\n<tr class=\"row-13\">\n\t<td class=\"column-1\"><font color=\"#0000ff\" size=\"3\" face=\"Arial\"><strong><em>Attirez l'Abondance de Sensualit\u00e9 et Sexualit\u00e9<\/em><\/strong><\/font><br \/>\n<img loading=\"lazy\" loading=\"lazy\" decoding=\"async\" src=\"http:\/\/la-revolution-therapie.universcghe.fr\/reprogrammer-votre-cerveau-pour\/wp-content\/uploads\/sites\/11\/2018\/01\/Sensualite-et-Sexualite.png\" alt=\"\" width=\"200\" height=\"119\" class=\"aligncenter size-full wp-image-1001\" \/><\/td><td class=\"column-2\">Si Tu Rencontres des Difficult\u00e9s dans ta Sexualit\u00e9...Un Manque, Des Frustrations, Des Complications etc...Il est Indispensable de Reprogrammer Ton Cerveau pour Activer l'Abondance d\u2019\u00c9quilibre dans ce Domaine pour Jouir Pleinement de la Vie Qui est la Tienne et Du Plaisir!!! Ose...Autorise-Toi \u00e0 Combler ce Domaine de Ta Vie pour Te Sentir Pleinement \u00c9panoui(e)!!!...La Sensualit\u00e9 Tout comme la Sexualit\u00e9 est une Occasion de Recevoir et de Donner qui apporte \u00e0 l\u2019\u00catre Humain quel qu'il soit, une R\u00e9g\u00e9n\u00e9ration des Cellules !!! <\/td>\n<\/tr>\n<tr class=\"row-14\">\n\t<td class=\"column-1\"><font color=\"#0000ff\" size=\"3\" face=\"Arial\"><strong><em>Attirez l'Abondance de Spiritualit\u00e9<\/em><\/strong><\/font><br \/>\n<img loading=\"lazy\" loading=\"lazy\" decoding=\"async\" src=\"http:\/\/la-revolution-therapie.universcghe.fr\/reprogrammer-votre-cerveau-pour\/wp-content\/uploads\/sites\/11\/2018\/01\/Spiritualite.png\" alt=\"\" width=\"200\" height=\"135\" class=\"aligncenter size-full wp-image-1003\" \/><\/td><td class=\"column-2\">Nous Sommes entr\u00e9s dans l\u2019\u00c8re du Verseau, et plus que Jamais il nous est indispensable en Grande Conscience de s'Ouvrir aux \u00c9nergies Vibratoires de l'Invisible et des Aidants...D\u00e9velopper sa Spiritualit\u00e9, quel qu'elle soit est un Devoir pour Chacun de Nous...Autorise-Toi \u00e0 Donner du Sens \u00e0 Ta Vie en B\u00e9n\u00e9ficiant des \u00c9nergies de l'Univers!!!...<\/td>\n<\/tr>\n<tr class=\"row-15\">\n\t<td class=\"column-1\"><font color=\"#0000ff\" size=\"3\" face=\"Arial\"><strong><em>Attirez l'Abondance de Penser Positif en Pilotage Automatique<\/em><\/strong><\/font><br \/>\n<img loading=\"lazy\" loading=\"lazy\" decoding=\"async\" src=\"http:\/\/la-revolution-therapie.universcghe.fr\/reprogrammer-votre-cerveau-pour\/wp-content\/uploads\/sites\/11\/2018\/01\/penser-positif-en-pilotage-automatique.png\" alt=\"\" width=\"200\" height=\"142\" class=\"aligncenter size-full wp-image-1004\" \/><\/td><td class=\"column-2\">Il y a 2 Sortes d'individus, ceux dont le pilotage Automatique est orient\u00e9 catastrophes, probl\u00e8mes, peurs, n\u00e9gativisme...et Ceux orient\u00e9s Solutions, R\u00e9ussites, Confiances, Optimismes etc...Si tu Fais Partie de la Premi\u00e8re Cat\u00e9gorie, Alors Ose, Autorise-Toi cette Vid\u00e9o Subliminale qui va te permettre une reprogrammation Automatique  profonde et d\u00e9finitive de penser positivement!!!...  <\/td>\n<\/tr>\n<tr class=\"row-16\">\n\t<td class=\"column-1\"><font color=\"#0000ff\" size=\"3\" face=\"Arial\"><strong><em>B\u00e9n\u00e9ficiez du Soutien de l'Univers<\/em><\/strong><\/font><br \/>\n<img loading=\"lazy\" loading=\"lazy\" decoding=\"async\" src=\"http:\/\/la-revolution-therapie.universcghe.fr\/reprogrammer-votre-cerveau-pour\/wp-content\/uploads\/sites\/11\/2019\/12\/Univers-150x150.png\" alt=\"\" width=\"150\" height=\"150\" class=\"alignnone size-thumbnail wp-image-2337\" \/><\/td><td class=\"column-2\"><\/td>\n<\/tr>\n<\/tbody>\n<\/table>\n<!-- #tablepress-2 from cache -->\n<h2><span style=\"color: #ff0000;\">La Valeur R\u00e9elle du PACK (14 Vid\u00e9os \u00e0 47\u20ac soit <del>658\u20ac<\/del>)<\/span><br \/>\n<span style=\"color: #0000ff;\">Ton Offre Sp\u00e9ciale 250\u20ac<\/span><\/h2>\n<p style=\"text-align: left;\">Pour Commander le PACK Complet des Vid\u00e9os Vid\u00e9os Subliminales<br \/>\n<form class=\"purchase-button\" action=\"https:\/\/la-revolution-therapie.universcghe.fr\/reprogrammer-votre-cerveau-pour\/wp-content\/plugins\/commerce-manager\/index.php?action=order&amp;product_id=6&amp;quantity=1&amp;payment_option=0&amp;gateway=paypal\" method=\"post\">\r\n<div><input type=\"hidden\" name=\"referring_url\" value=\"\" \/>\r\n<input type=\"image\" name=\"purchase\" src=\"https:\/\/la-revolution-therapie.universcghe.fr\/reprogrammer-votre-cerveau-pour\/wp-content\/uploads\/sites\/11\/2017\/12\/Acheter-1-e1578944878946.jpg\" alt=\"Commander\" \/><\/div>\r\n<\/form><\/p>\n<form action=\"https:\/\/www.paypal.com\/cgi-bin\/webscr\" method=\"post\" target=\"_top\"><input name=\"cmd\" type=\"hidden\" value=\"_s-xclick\" \/><\/form>\n","protected":false},"excerpt":{"rendered":"<p>Ton Pack Complet des Vid\u00e9os Subliminales Soit 14 Vid\u00e9os au Total Le Subliminal est une Technique Puissante, Efficace, Facile et Rapide, prouv\u00e9e scientifiquement. Elle consiste \u00e0 envoyer des Messages Sonores qui s&rsquo;adressent directement \u00e0 votre Inconscient pour Reprogrammer Votre Cerveau. Il y a aussi les images ins\u00e9r\u00e9es dans la s\u00e9quence Vid\u00e9o, qui int\u00e8grent des phrases, [&hellip;]<\/p>\n","protected":false},"author":1,"featured_media":0,"parent":0,"menu_order":34,"comment_status":"closed","ping_status":"closed","template":"","meta":{"_et_pb_use_builder":"","_et_pb_old_content":"","_et_gb_content_width":"","footnotes":""},"class_list":["post-1033","page","type-page","status-publish","hentry"],"aioseo_notices":[],"_links":{"self":[{"href":"https:\/\/la-revolution-therapie.universcghe.fr\/reprogrammer-votre-cerveau-pour\/wp-json\/wp\/v2\/pages\/1033","targetHints":{"allow":["GET"]}}],"collection":[{"href":"https:\/\/la-revolution-therapie.universcghe.fr\/reprogrammer-votre-cerveau-pour\/wp-json\/wp\/v2\/pages"}],"about":[{"href":"https:\/\/la-revolution-therapie.universcghe.fr\/reprogrammer-votre-cerveau-pour\/wp-json\/wp\/v2\/types\/page"}],"author":[{"embeddable":true,"href":"https:\/\/la-revolution-therapie.universcghe.fr\/reprogrammer-votre-cerveau-pour\/wp-json\/wp\/v2\/users\/1"}],"replies":[{"embeddable":true,"href":"https:\/\/la-revolution-therapie.universcghe.fr\/reprogrammer-votre-cerveau-pour\/wp-json\/wp\/v2\/comments?post=1033"}],"version-history":[{"count":0,"href":"https:\/\/la-revolution-therapie.universcghe.fr\/reprogrammer-votre-cerveau-pour\/wp-json\/wp\/v2\/pages\/1033\/revisions"}],"wp:attachment":[{"href":"https:\/\/la-revolution-therapie.universcghe.fr\/reprogrammer-votre-cerveau-pour\/wp-json\/wp\/v2\/media?parent=1033"}],"curies":[{"name":"wp","href":"https:\/\/api.w.org\/{rel}","templated":true}]}}