{"id":2578,"date":"2020-01-12T14:56:33","date_gmt":"2020-01-12T13:56:33","guid":{"rendered":"https:\/\/la-revolution-therapie.universcghe.fr\/reprogrammer-votre-cerveau-pour\/?page_id=2578"},"modified":"2020-04-22T10:18:24","modified_gmt":"2020-04-22T08:18:24","slug":"hypnoses","status":"publish","type":"page","link":"https:\/\/la-revolution-therapie.universcghe.fr\/reprogrammer-votre-cerveau-pour\/votre-espace-pour-attirer-labondance\/hypnoses\/","title":{"rendered":"Hypnoses"},"content":{"rendered":"\t\t<div data-elementor-type=\"wp-page\" data-elementor-id=\"2578\" class=\"elementor elementor-2578\" data-elementor-post-type=\"page\">\n\t\t\t\t\t\t<section class=\"elementor-section elementor-top-section elementor-element elementor-element-18d02642 elementor-section-stretched elementor-section-boxed elementor-section-height-default elementor-section-height-default\" data-id=\"18d02642\" data-element_type=\"section\" data-settings=\"{&quot;stretch_section&quot;:&quot;section-stretched&quot;}\">\n\t\t\t\t\t\t<div class=\"elementor-container elementor-column-gap-default\">\n\t\t\t\t\t<div class=\"elementor-column elementor-col-100 elementor-top-column elementor-element elementor-element-7dd74513\" data-id=\"7dd74513\" data-element_type=\"column\">\n\t\t\t<div class=\"elementor-widget-wrap elementor-element-populated\">\n\t\t\t\t\t\t<div class=\"elementor-element elementor-element-68fc96df elementor-widget elementor-widget-text-editor\" data-id=\"68fc96df\" data-element_type=\"widget\" data-widget_type=\"text-editor.default\">\n\t\t\t\t<div class=\"elementor-widget-container\">\n\t\t\t\t\t\t\t\t\t<p>\r\n<\/p><h1><span style=\"color: #ff9900;\"><em><strong>TON ESPACE S\u00e9ances Hypnotiques POUR ATTIRER L&rsquo;ABONDANCE DE !!!&#8230;<\/strong><\/em><\/span><\/h1><p><span style=\"color: #000000;\">L&rsquo;Hypnose est une Technique Puissante, Efficace, Facile et Rapide, prouv\u00e9e scientifiquement. Elle consiste \u00e0 envoyer des Messages Sonores qui s\u2019adressent directement \u00e0 votre Inconscient pour Reprogrammer Votre Cerveau.<\/span><\/p><p><span style=\"color: #000000;\">Il y a aussi les images ins\u00e9r\u00e9es dans la s\u00e9quence Vid\u00e9o, qui int\u00e8grent des phrases, que seul l\u2019Inconscient per\u00e7oit Facilement et Efficacement, elles sont trop Rapides pour \u00eatre lues Consciemment.<\/span><\/p><p><span style=\"color: #000000;\">Accouplement des deux messages subliminaux (cr\u00e9e le stimulus n\u00e9cessaire pour Activer le Changement au niveau Inconscient)<\/span><\/p><h1 style=\"text-align: center;\"><span style=\"color: #ff9900;\"><em><b>Au C\u0153ur de l\u2019\u00c9volution<\/b><\/em><\/span><\/h1><p><\/p><h3 style=\"text-align: center;\"><img fetchpriority=\"high\" fetchpriority=\"high\" decoding=\"async\" class=\"wp-image-2583 aligncenter\" src=\"https:\/\/la-revolution-therapie.universcghe.fr\/reprogrammer-votre-cerveau-pour\/wp-content\/uploads\/sites\/11\/2020\/01\/au-coeur-de-levolution.jpg\" alt=\"\" width=\"237\" height=\"215\" \/><\/h3><p style=\"text-align: center;\"><span style=\"color: #3366ff;\"><em><strong>Pour Te Procurer cette S\u00e9ance d&rsquo;Hypnose clique sur le Bouton \u00e7a m&rsquo;int\u00e9resse<\/strong><\/em><\/span><\/p><p><a href=\"https:\/\/la-revolution-therapie.universcghe.fr\/reprogrammer-votre-cerveau-pour\/page-de-choix-seances-hypnose\"><img decoding=\"async\" class=\"wp-image-2270 aligncenter\" src=\"http:\/\/la-revolution-therapie.universcghe.fr\/reprogrammer-votre-cerveau-pour\/wp-content\/uploads\/sites\/11\/2019\/12\/Image3.png\" alt=\"\" width=\"140\" height=\"59\" \/><\/a><\/p><p style=\"text-align: center;\"><span style=\"color: #3366ff;\"><em><strong>ET\/<\/strong><\/em><em><strong>OU<br \/><\/strong><\/em><em><strong>Pour B\u00e9n\u00e9ficier des Prochaines Offres Sp\u00e9ciales !!!&#8230;<\/strong><\/em><\/span><\/p><p><a href=\"https:\/\/martine-clavelli.systeme.io\/7b0d8240\"><img decoding=\"async\" class=\"wp-image-2271 aligncenter\" src=\"http:\/\/la-revolution-therapie.universcghe.fr\/reprogrammer-votre-cerveau-pour\/wp-content\/uploads\/sites\/11\/2019\/12\/je-mincris.png\" alt=\"\" width=\"140\" height=\"63\" \/><\/a><\/p><p><\/p><hr \/><h1 style=\"text-align: center;\"><span style=\"color: #d95716;\"><strong><em>La Loi du Clan<\/em><\/strong><\/span><\/h1><p><\/p><p><img loading=\"lazy\" loading=\"lazy\" decoding=\"async\" class=\"wp-image-2588 aligncenter\" src=\"https:\/\/la-revolution-therapie.universcghe.fr\/reprogrammer-votre-cerveau-pour\/wp-content\/uploads\/sites\/11\/2020\/01\/clan-mini.png\" alt=\"\" width=\"249\" height=\"231\" \/><\/p><p style=\"text-align: center;\"><span style=\"color: #3366ff;\"><em><strong>Pour Te Procurer cette S\u00e9ance d&rsquo;Hypnose clique sur le Bouton \u00e7a m&rsquo;int\u00e9resse<\/strong><\/em><\/span><\/p><p><a href=\"https:\/\/la-revolution-therapie.universcghe.fr\/reprogrammer-votre-cerveau-pour\/page-de-choix-seances-hypnose\"><img decoding=\"async\" class=\"wp-image-2270 aligncenter\" src=\"http:\/\/la-revolution-therapie.universcghe.fr\/reprogrammer-votre-cerveau-pour\/wp-content\/uploads\/sites\/11\/2019\/12\/Image3.png\" alt=\"\" width=\"140\" height=\"59\" \/><\/a><\/p><p style=\"text-align: center;\"><span style=\"color: #3366ff;\"><em><strong>ET\/<\/strong><\/em><em><strong>OU<br \/><\/strong><\/em><em><strong>Pour B\u00e9n\u00e9ficier des Prochaines Offres Sp\u00e9ciales !!!&#8230;<\/strong><\/em><\/span><\/p><p><a href=\"https:\/\/martine-clavelli.systeme.io\/7b0d8240\"><img decoding=\"async\" class=\"wp-image-2271 aligncenter\" src=\"http:\/\/la-revolution-therapie.universcghe.fr\/reprogrammer-votre-cerveau-pour\/wp-content\/uploads\/sites\/11\/2019\/12\/je-mincris.png\" alt=\"\" width=\"140\" height=\"63\" \/><\/a><\/p><p><\/p><hr \/><h1 style=\"text-align: center;\"><span style=\"color: #ff00ff;\"><em><strong>Attirer l&rsquo;Abondance d&rsquo;Amour<\/strong><\/em><\/span><\/h1><p><\/p><p><img loading=\"lazy\" loading=\"lazy\" decoding=\"async\" class=\"wp-image-2600 aligncenter\" src=\"https:\/\/la-revolution-therapie.universcghe.fr\/reprogrammer-votre-cerveau-pour\/wp-content\/uploads\/sites\/11\/2020\/01\/image-hypnose.jpg\" alt=\"\" width=\"264\" height=\"193\" srcset=\"https:\/\/la-revolution-therapie.universcghe.fr\/reprogrammer-votre-cerveau-pour\/wp-content\/uploads\/sites\/11\/2020\/01\/image-hypnose.jpg 408w, https:\/\/la-revolution-therapie.universcghe.fr\/reprogrammer-votre-cerveau-pour\/wp-content\/uploads\/sites\/11\/2020\/01\/image-hypnose-300x221.jpg 300w\" sizes=\"(max-width: 264px) 100vw, 264px\" \/><\/p><p style=\"text-align: center;\"><span style=\"color: #3366ff;\"><em><strong>Pour Te Procurer cette S\u00e9ance d&rsquo;Hypnose clique sur le Bouton \u00e7a m&rsquo;int\u00e9resse<\/strong><\/em><\/span><\/p><p><a href=\"https:\/\/la-revolution-therapie.universcghe.fr\/reprogrammer-votre-cerveau-pour\/page-de-choix-seances-hypnose\"><img decoding=\"async\" class=\"wp-image-2270 aligncenter\" src=\"http:\/\/la-revolution-therapie.universcghe.fr\/reprogrammer-votre-cerveau-pour\/wp-content\/uploads\/sites\/11\/2019\/12\/Image3.png\" alt=\"\" width=\"140\" height=\"59\" \/><\/a><\/p><p style=\"text-align: center;\"><span style=\"color: #3366ff;\"><em><strong>ET\/<\/strong><\/em><em><strong>OU<br \/><\/strong><\/em><em><strong>Pour B\u00e9n\u00e9ficier des Prochaines Offres Sp\u00e9ciales !!!&#8230;<\/strong><\/em><\/span><\/p><p><a href=\"https:\/\/martine-clavelli.systeme.io\/7b0d8240\"><img decoding=\"async\" class=\"wp-image-2271 aligncenter\" src=\"http:\/\/la-revolution-therapie.universcghe.fr\/reprogrammer-votre-cerveau-pour\/wp-content\/uploads\/sites\/11\/2019\/12\/je-mincris.png\" alt=\"\" width=\"140\" height=\"63\" \/><\/a><\/p><p><\/p><hr \/><h3 style=\"text-align: center;\"><span style=\"color: #ff9900;\"><em><strong>Attirer L&rsquo;Abondance de Richesses<\/strong><\/em><\/span><\/h3><p><br \/><img loading=\"lazy\" loading=\"lazy\" decoding=\"async\" class=\"wp-image-2605 aligncenter\" src=\"https:\/\/la-revolution-therapie.universcghe.fr\/reprogrammer-votre-cerveau-pour\/wp-content\/uploads\/sites\/11\/2020\/01\/image-richesses.jpg\" alt=\"\" width=\"266\" height=\"199\" \/><\/p><p style=\"text-align: center;\"><span style=\"color: #3366ff;\"><em><strong>Pour Te Procurer cette S\u00e9ance d&rsquo;Hypnose clique sur le Bouton \u00e7a m&rsquo;int\u00e9resse<\/strong><\/em><\/span><\/p><p><a href=\"https:\/\/la-revolution-therapie.universcghe.fr\/reprogrammer-votre-cerveau-pour\/page-de-choix-seances-hypnose\"><img decoding=\"async\" class=\"wp-image-2270 aligncenter\" src=\"http:\/\/la-revolution-therapie.universcghe.fr\/reprogrammer-votre-cerveau-pour\/wp-content\/uploads\/sites\/11\/2019\/12\/Image3.png\" alt=\"\" width=\"140\" height=\"59\" \/><\/a><\/p><p style=\"text-align: center;\"><span style=\"color: #3366ff;\"><em><strong>ET\/<\/strong><\/em><em><strong>OU<br \/><\/strong><\/em><em><strong>Pour B\u00e9n\u00e9ficier des Prochaines Offres Sp\u00e9ciales !!!&#8230;<\/strong><\/em><\/span><\/p><p><a href=\"https:\/\/martine-clavelli.systeme.io\/7b0d8240\"><img decoding=\"async\" class=\"wp-image-2271 aligncenter\" src=\"http:\/\/la-revolution-therapie.universcghe.fr\/reprogrammer-votre-cerveau-pour\/wp-content\/uploads\/sites\/11\/2019\/12\/je-mincris.png\" alt=\"\" width=\"140\" height=\"63\" \/><\/a><\/p><p><\/p><hr \/><h3 style=\"text-align: center;\"><em><strong><span style=\"color: #0000ff;\"><span style=\"color: #339966;\">Attirer l&rsquo;Abondance de Sant\u00e9<\/span><\/span><\/strong><\/em><\/h3><p><\/span><em><strong><span style=\"color: #0000ff;\"><br \/><img loading=\"lazy\" loading=\"lazy\" decoding=\"async\" class=\"wp-image-2613 aligncenter\" src=\"https:\/\/la-revolution-therapie.universcghe.fr\/reprogrammer-votre-cerveau-pour\/wp-content\/uploads\/sites\/11\/2020\/01\/image-sant\u00e9.jpg\" alt=\"\" width=\"266\" height=\"197\" srcset=\"https:\/\/la-revolution-therapie.universcghe.fr\/reprogrammer-votre-cerveau-pour\/wp-content\/uploads\/sites\/11\/2020\/01\/image-sant\u00e9.jpg 361w, https:\/\/la-revolution-therapie.universcghe.fr\/reprogrammer-votre-cerveau-pour\/wp-content\/uploads\/sites\/11\/2020\/01\/image-sant\u00e9-300x222.jpg 300w\" sizes=\"(max-width: 266px) 100vw, 266px\" \/><br \/><\/span><\/strong><\/em><\/p><p style=\"text-align: center;\"><span style=\"color: #3366ff;\"><em><strong>Pour Te Procurer cette S\u00e9ance d&rsquo;Hypnose clique sur le Bouton \u00e7a m&rsquo;int\u00e9resse<\/strong><\/em><\/span><\/p><p><a href=\"https:\/\/la-revolution-therapie.universcghe.fr\/reprogrammer-votre-cerveau-pour\/page-de-choix-seances-hypnose\"><img decoding=\"async\" class=\"wp-image-2270 aligncenter\" src=\"http:\/\/la-revolution-therapie.universcghe.fr\/reprogrammer-votre-cerveau-pour\/wp-content\/uploads\/sites\/11\/2019\/12\/Image3.png\" alt=\"\" width=\"140\" height=\"59\" \/><\/a><\/p><p style=\"text-align: center;\"><span style=\"color: #0000ff;\"><em><strong>ET\/<\/strong><\/em><em><strong>OU<br \/><\/strong><\/em><em><strong>Pour B\u00e9n\u00e9ficier des Prochaines Offres Sp\u00e9ciales !!!&#8230;<\/strong><\/em><\/span><\/p><p><a href=\"https:\/\/martine-clavelli.systeme.io\/7b0d8240\"><img decoding=\"async\" class=\"wp-image-2271 aligncenter\" src=\"http:\/\/la-revolution-therapie.universcghe.fr\/reprogrammer-votre-cerveau-pour\/wp-content\/uploads\/sites\/11\/2019\/12\/je-mincris.png\" alt=\"\" width=\"140\" height=\"63\" \/><\/a><\/p><p><\/p>\t\t\t\t\t\t\t\t<\/div>\n\t\t\t\t<\/div>\n\t\t\t\t\t<\/div>\n\t\t<\/div>\n\t\t\t\t\t<\/div>\n\t\t<\/section>\n\t\t\t\t<\/div>\n\t\t","protected":false},"excerpt":{"rendered":"<p>TON ESPACE S\u00e9ances Hypnotiques POUR ATTIRER L&rsquo;ABONDANCE DE !!!&#8230; L&rsquo;Hypnose est une Technique Puissante, Efficace, Facile et Rapide, prouv\u00e9e scientifiquement. Elle consiste \u00e0 envoyer des Messages Sonores qui s\u2019adressent directement \u00e0 votre Inconscient pour Reprogrammer Votre Cerveau. Il y a aussi les images ins\u00e9r\u00e9es dans la s\u00e9quence Vid\u00e9o, qui int\u00e8grent des phrases, que seul l\u2019Inconscient [&hellip;]<\/p>\n","protected":false},"author":1,"featured_media":0,"parent":395,"menu_order":4,"comment_status":"closed","ping_status":"closed","template":"","meta":{"_et_pb_use_builder":"","_et_pb_old_content":"","_et_gb_content_width":"","footnotes":""},"class_list":["post-2578","page","type-page","status-publish","hentry"],"aioseo_notices":[],"_links":{"self":[{"href":"https:\/\/la-revolution-therapie.universcghe.fr\/reprogrammer-votre-cerveau-pour\/wp-json\/wp\/v2\/pages\/2578","targetHints":{"allow":["GET"]}}],"collection":[{"href":"https:\/\/la-revolution-therapie.universcghe.fr\/reprogrammer-votre-cerveau-pour\/wp-json\/wp\/v2\/pages"}],"about":[{"href":"https:\/\/la-revolution-therapie.universcghe.fr\/reprogrammer-votre-cerveau-pour\/wp-json\/wp\/v2\/types\/page"}],"author":[{"embeddable":true,"href":"https:\/\/la-revolution-therapie.universcghe.fr\/reprogrammer-votre-cerveau-pour\/wp-json\/wp\/v2\/users\/1"}],"replies":[{"embeddable":true,"href":"https:\/\/la-revolution-therapie.universcghe.fr\/reprogrammer-votre-cerveau-pour\/wp-json\/wp\/v2\/comments?post=2578"}],"version-history":[{"count":0,"href":"https:\/\/la-revolution-therapie.universcghe.fr\/reprogrammer-votre-cerveau-pour\/wp-json\/wp\/v2\/pages\/2578\/revisions"}],"up":[{"embeddable":true,"href":"https:\/\/la-revolution-therapie.universcghe.fr\/reprogrammer-votre-cerveau-pour\/wp-json\/wp\/v2\/pages\/395"}],"wp:attachment":[{"href":"https:\/\/la-revolution-therapie.universcghe.fr\/reprogrammer-votre-cerveau-pour\/wp-json\/wp\/v2\/media?parent=2578"}],"curies":[{"name":"wp","href":"https:\/\/api.w.org\/{rel}","templated":true}]}}