{"id":2594,"date":"2020-01-12T18:27:23","date_gmt":"2020-01-12T17:27:23","guid":{"rendered":"https:\/\/la-revolution-therapie.universcghe.fr\/reprogrammer-votre-cerveau-pour\/?page_id=2594"},"modified":"2020-01-13T01:52:13","modified_gmt":"2020-01-13T00:52:13","slug":"hypnose-amour","status":"publish","type":"page","link":"https:\/\/la-revolution-therapie.universcghe.fr\/reprogrammer-votre-cerveau-pour\/votre-espace-pour-attirer-labondance\/hypnose-amour\/","title":{"rendered":""},"content":{"rendered":"<form action=\"https:\/\/www.paypal.com\/cgi-bin\/webscr\" method=\"post\" target=\"_top\"><input name=\"cmd\" type=\"hidden\" value=\"_s-xclick\" \/>\r\n<\/p>\n<h1 style=\"text-align: center;\"><span style=\"color: #ff00ff;\">TON ESPACE HYPNOSE<br \/>\n<img fetchpriority=\"high\" fetchpriority=\"high\" decoding=\"async\" class=\"alignnone size-full wp-image-2601\" src=\"https:\/\/la-revolution-therapie.universcghe.fr\/reprogrammer-votre-cerveau-pour\/wp-content\/uploads\/sites\/11\/2020\/01\/Image6.png\" alt=\"\" width=\"2031\" height=\"372\" srcset=\"https:\/\/la-revolution-therapie.universcghe.fr\/reprogrammer-votre-cerveau-pour\/wp-content\/uploads\/sites\/11\/2020\/01\/Image6.png 2031w, https:\/\/la-revolution-therapie.universcghe.fr\/reprogrammer-votre-cerveau-pour\/wp-content\/uploads\/sites\/11\/2020\/01\/Image6-1280x234.png 1280w, https:\/\/la-revolution-therapie.universcghe.fr\/reprogrammer-votre-cerveau-pour\/wp-content\/uploads\/sites\/11\/2020\/01\/Image6-980x179.png 980w, https:\/\/la-revolution-therapie.universcghe.fr\/reprogrammer-votre-cerveau-pour\/wp-content\/uploads\/sites\/11\/2020\/01\/Image6-480x88.png 480w\" sizes=\"(min-width: 0px) and (max-width: 480px) 480px, (min-width: 481px) and (max-width: 980px) 980px, (min-width: 981px) and (max-width: 1280px) 1280px, (min-width: 1281px) 2031px, 100vw\" \/><br \/>\n<\/span><\/h1>\n<\/form>\n<form action=\"https:\/\/www.paypal.com\/cgi-bin\/webscr\" method=\"post\" target=\"_top\">\n<h1 style=\"text-align: center;\"><img decoding=\"async\" class=\"alignnone size-full wp-image-2600\" src=\"https:\/\/la-revolution-therapie.universcghe.fr\/reprogrammer-votre-cerveau-pour\/wp-content\/uploads\/sites\/11\/2020\/01\/image-hypnose.jpg\" alt=\"\" width=\"408\" height=\"300\" srcset=\"https:\/\/la-revolution-therapie.universcghe.fr\/reprogrammer-votre-cerveau-pour\/wp-content\/uploads\/sites\/11\/2020\/01\/image-hypnose.jpg 408w, https:\/\/la-revolution-therapie.universcghe.fr\/reprogrammer-votre-cerveau-pour\/wp-content\/uploads\/sites\/11\/2020\/01\/image-hypnose-300x221.jpg 300w\" sizes=\"(max-width: 408px) 100vw, 408px\" \/><\/h1>\n<hr \/>\n<\/form>\n<form action=\"https:\/\/www.paypal.com\/cgi-bin\/webscr\" method=\"post\" target=\"_top\"><\/p>\n<p style=\"text-align: center;\"><span style=\"color: #ff0000;\"><em><strong>Ce Contenu est r\u00e9serv\u00e9<\/strong><\/em><\/span><br \/>\n<span style=\"color: #0000ff;\"><em><strong> Pour Acc\u00e9der \u00e0 Cet Espace !!!&#8230;<\/strong><\/em><\/span><\/p>\n<p style=\"text-align: center;\"><a href=\"http:\/\/la-revolution-therapie.universcghe.fr\/reprogrammer-votre-cerveau-pour\/page-de-vente-147-tn\/\"><img decoding=\"async\" class=\"alignnone wp-image-2270\" src=\"http:\/\/la-revolution-therapie.universcghe.fr\/reprogrammer-votre-cerveau-pour\/wp-content\/uploads\/sites\/11\/2019\/12\/Image3.png\" alt=\"\" width=\"140\" height=\"59\" \/><\/a><br \/>\n<span style=\"color: #ff0000;\"><em><strong>ET\/<\/strong><\/em><em><strong>OU<br \/>\n<\/strong><\/em><\/span><em style=\"color: #ff0000;\"><strong>Pour B\u00e9n\u00e9ficier des Prochaines Offres Sp\u00e9ciales !!!&#8230;<\/strong><\/em><\/p>\n<p style=\"text-align: center;\"><a href=\"https:\/\/martine-clavelli.systeme.io\/7b0d8240\"><img loading=\"lazy\" loading=\"lazy\" decoding=\"async\" class=\"alignnone wp-image-2271\" src=\"http:\/\/la-revolution-therapie.universcghe.fr\/reprogrammer-votre-cerveau-pour\/wp-content\/uploads\/sites\/11\/2019\/12\/je-mincris.png\" alt=\"\" width=\"140\" height=\"63\" \/><\/a><\/p>\n<p><\/p>\n<p>&nbsp;<\/p>\n<\/form>\n<form action=\"https:\/\/www.paypal.com\/cgi-bin\/webscr\" method=\"post\" target=\"_top\"><\/form>\n<form action=\"https:\/\/www.paypal.com\/cgi-bin\/webscr\" method=\"post\" target=\"_top\"><input name=\"cmd\" type=\"hidden\" value=\"_s-xclick\" \/><\/form>\n","protected":false},"excerpt":{"rendered":"<p>TON ESPACE HYPNOSE &nbsp;<\/p>\n","protected":false},"author":1,"featured_media":0,"parent":395,"menu_order":1,"comment_status":"closed","ping_status":"closed","template":"","meta":{"_et_pb_use_builder":"","_et_pb_old_content":"","_et_gb_content_width":"","footnotes":""},"class_list":["post-2594","page","type-page","status-publish","hentry"],"aioseo_notices":[],"_links":{"self":[{"href":"https:\/\/la-revolution-therapie.universcghe.fr\/reprogrammer-votre-cerveau-pour\/wp-json\/wp\/v2\/pages\/2594","targetHints":{"allow":["GET"]}}],"collection":[{"href":"https:\/\/la-revolution-therapie.universcghe.fr\/reprogrammer-votre-cerveau-pour\/wp-json\/wp\/v2\/pages"}],"about":[{"href":"https:\/\/la-revolution-therapie.universcghe.fr\/reprogrammer-votre-cerveau-pour\/wp-json\/wp\/v2\/types\/page"}],"author":[{"embeddable":true,"href":"https:\/\/la-revolution-therapie.universcghe.fr\/reprogrammer-votre-cerveau-pour\/wp-json\/wp\/v2\/users\/1"}],"replies":[{"embeddable":true,"href":"https:\/\/la-revolution-therapie.universcghe.fr\/reprogrammer-votre-cerveau-pour\/wp-json\/wp\/v2\/comments?post=2594"}],"version-history":[{"count":0,"href":"https:\/\/la-revolution-therapie.universcghe.fr\/reprogrammer-votre-cerveau-pour\/wp-json\/wp\/v2\/pages\/2594\/revisions"}],"up":[{"embeddable":true,"href":"https:\/\/la-revolution-therapie.universcghe.fr\/reprogrammer-votre-cerveau-pour\/wp-json\/wp\/v2\/pages\/395"}],"wp:attachment":[{"href":"https:\/\/la-revolution-therapie.universcghe.fr\/reprogrammer-votre-cerveau-pour\/wp-json\/wp\/v2\/media?parent=2594"}],"curies":[{"name":"wp","href":"https:\/\/api.w.org\/{rel}","templated":true}]}}