{"id":2607,"date":"2020-01-12T19:33:02","date_gmt":"2020-01-12T18:33:02","guid":{"rendered":"https:\/\/la-revolution-therapie.universcghe.fr\/reprogrammer-votre-cerveau-pour\/?page_id=2607"},"modified":"2020-01-13T01:59:58","modified_gmt":"2020-01-13T00:59:58","slug":"hypnose-sante","status":"publish","type":"page","link":"https:\/\/la-revolution-therapie.universcghe.fr\/reprogrammer-votre-cerveau-pour\/votre-espace-pour-attirer-labondance\/hypnose-sante\/","title":{"rendered":"Hypnose Sant\u00e9"},"content":{"rendered":"<form action=\"https:\/\/www.paypal.com\/cgi-bin\/webscr\" method=\"post\" target=\"_top\"><input name=\"cmd\" type=\"hidden\" value=\"_s-xclick\" \/>\r\n<\/p>\n<h1 style=\"text-align: center;\"><span style=\"color: #ff00ff;\"><span style=\"color: #339966;\">TON ESPACE HYPNOSE<br \/>\n<img fetchpriority=\"high\" fetchpriority=\"high\" decoding=\"async\" class=\"alignnone wp-image-2623\" src=\"https:\/\/la-revolution-therapie.universcghe.fr\/reprogrammer-votre-cerveau-pour\/wp-content\/uploads\/sites\/11\/2020\/01\/Titre.png\" alt=\"\" width=\"667\" height=\"118\" \/><br \/>\n<\/span><\/span><\/h1>\n<p><span style=\"color: #ff0000;\">Si par le pass\u00e9 ou dans le pr\u00e9sent Ton rapport \u00e0 l&rsquo;Argent Te pose des Probl\u00e8mes : Cette vid\u00e9o Subliminale est pour Toi !!!&#8230;Ose&#8230;Autorise-Toi \u00e0 Reprogrammer Ton Cerveau pour L&rsquo;Abondance de Richesses Dans Ton Quotidien..<\/span><\/p>\n<\/form>\n<form action=\"https:\/\/www.paypal.com\/cgi-bin\/webscr\" method=\"post\" target=\"_top\"><img decoding=\"async\" class=\" wp-image-2613 aligncenter\" src=\"https:\/\/la-revolution-therapie.universcghe.fr\/reprogrammer-votre-cerveau-pour\/wp-content\/uploads\/sites\/11\/2020\/01\/image-sant\u00e9.jpg\" alt=\"\" width=\"458\" height=\"339\" srcset=\"https:\/\/la-revolution-therapie.universcghe.fr\/reprogrammer-votre-cerveau-pour\/wp-content\/uploads\/sites\/11\/2020\/01\/image-sant\u00e9.jpg 361w, https:\/\/la-revolution-therapie.universcghe.fr\/reprogrammer-votre-cerveau-pour\/wp-content\/uploads\/sites\/11\/2020\/01\/image-sant\u00e9-300x222.jpg 300w\" sizes=\"(max-width: 458px) 100vw, 458px\" \/><\/p>\n<hr \/>\n<\/form>\n<form action=\"https:\/\/www.paypal.com\/cgi-bin\/webscr\" method=\"post\" target=\"_top\"><\/p>\n<p style=\"text-align: center;\"><span style=\"color: #ff0000;\"><em><strong>Ce Contenu est r\u00e9serv\u00e9<\/strong><\/em><\/span><br \/>\n<span style=\"color: #0000ff;\"><em><strong> Pour Acc\u00e9der \u00e0 Cet Espace !!!&#8230;<\/strong><\/em><\/span><\/p>\n<p style=\"text-align: center;\"><a href=\"http:\/\/la-revolution-therapie.universcghe.fr\/reprogrammer-votre-cerveau-pour\/page-de-vente-147-tn\/\"><img decoding=\"async\" class=\"alignnone wp-image-2270\" src=\"http:\/\/la-revolution-therapie.universcghe.fr\/reprogrammer-votre-cerveau-pour\/wp-content\/uploads\/sites\/11\/2019\/12\/Image3.png\" alt=\"\" width=\"140\" height=\"59\" \/><\/a><br \/>\n<span style=\"color: #ff0000;\"><em><strong>ET\/<\/strong><\/em><em><strong>OU<br \/>\n<\/strong><\/em><\/span><em style=\"color: #ff0000;\"><strong>Pour B\u00e9n\u00e9ficier des Prochaines Offres Sp\u00e9ciales !!!&#8230;<\/strong><\/em><\/p>\n<p style=\"text-align: center;\"><a href=\"https:\/\/martine-clavelli.systeme.io\/7b0d8240\"><img loading=\"lazy\" loading=\"lazy\" decoding=\"async\" class=\"alignnone wp-image-2271\" src=\"http:\/\/la-revolution-therapie.universcghe.fr\/reprogrammer-votre-cerveau-pour\/wp-content\/uploads\/sites\/11\/2019\/12\/je-mincris.png\" alt=\"\" width=\"140\" height=\"63\" \/><\/a><\/p>\n<p><\/p>\n<p>&nbsp;<\/p>\n<\/form>\n<form action=\"https:\/\/www.paypal.com\/cgi-bin\/webscr\" method=\"post\" target=\"_top\"><\/form>\n<form action=\"https:\/\/www.paypal.com\/cgi-bin\/webscr\" method=\"post\" target=\"_top\"><input name=\"cmd\" type=\"hidden\" value=\"_s-xclick\" \/><\/form>\n","protected":false},"excerpt":{"rendered":"<p>TON ESPACE HYPNOSE Si par le pass\u00e9 ou dans le pr\u00e9sent Ton rapport \u00e0 l&rsquo;Argent Te pose des Probl\u00e8mes : Cette vid\u00e9o Subliminale est pour Toi !!!&#8230;Ose&#8230;Autorise-Toi \u00e0 Reprogrammer Ton Cerveau pour L&rsquo;Abondance de Richesses Dans Ton Quotidien.. &nbsp;<\/p>\n","protected":false},"author":1,"featured_media":0,"parent":395,"menu_order":1,"comment_status":"closed","ping_status":"closed","template":"","meta":{"_et_pb_use_builder":"","_et_pb_old_content":"","_et_gb_content_width":"","footnotes":""},"class_list":["post-2607","page","type-page","status-publish","hentry"],"aioseo_notices":[],"_links":{"self":[{"href":"https:\/\/la-revolution-therapie.universcghe.fr\/reprogrammer-votre-cerveau-pour\/wp-json\/wp\/v2\/pages\/2607","targetHints":{"allow":["GET"]}}],"collection":[{"href":"https:\/\/la-revolution-therapie.universcghe.fr\/reprogrammer-votre-cerveau-pour\/wp-json\/wp\/v2\/pages"}],"about":[{"href":"https:\/\/la-revolution-therapie.universcghe.fr\/reprogrammer-votre-cerveau-pour\/wp-json\/wp\/v2\/types\/page"}],"author":[{"embeddable":true,"href":"https:\/\/la-revolution-therapie.universcghe.fr\/reprogrammer-votre-cerveau-pour\/wp-json\/wp\/v2\/users\/1"}],"replies":[{"embeddable":true,"href":"https:\/\/la-revolution-therapie.universcghe.fr\/reprogrammer-votre-cerveau-pour\/wp-json\/wp\/v2\/comments?post=2607"}],"version-history":[{"count":0,"href":"https:\/\/la-revolution-therapie.universcghe.fr\/reprogrammer-votre-cerveau-pour\/wp-json\/wp\/v2\/pages\/2607\/revisions"}],"up":[{"embeddable":true,"href":"https:\/\/la-revolution-therapie.universcghe.fr\/reprogrammer-votre-cerveau-pour\/wp-json\/wp\/v2\/pages\/395"}],"wp:attachment":[{"href":"https:\/\/la-revolution-therapie.universcghe.fr\/reprogrammer-votre-cerveau-pour\/wp-json\/wp\/v2\/media?parent=2607"}],"curies":[{"name":"wp","href":"https:\/\/api.w.org\/{rel}","templated":true}]}}