{"id":708,"date":"2017-12-26T23:44:12","date_gmt":"2017-12-26T22:44:12","guid":{"rendered":"http:\/\/la-revolution-therapie.universcghe.fr\/reprogrammer-votre-cerveau-pour\/espace-membre\/page-test\/votre-espace-pour-attirer-labondance-richesses\/"},"modified":"2020-01-14T00:40:49","modified_gmt":"2020-01-13T23:40:49","slug":"votre-espace-pour-attirer-labondance-richesses","status":"publish","type":"page","link":"https:\/\/la-revolution-therapie.universcghe.fr\/reprogrammer-votre-cerveau-pour\/votre-espace-pour-attirer-labondance\/votre-espace-pour-attirer-labondance-richesses\/","title":{"rendered":""},"content":{"rendered":"\t\t<div data-elementor-type=\"wp-page\" data-elementor-id=\"708\" class=\"elementor elementor-708\" data-elementor-post-type=\"page\">\n\t\t\t\t\t\t<section class=\"elementor-section elementor-top-section elementor-element elementor-element-9abb0dc elementor-section-stretched elementor-section-boxed elementor-section-height-default elementor-section-height-default\" data-id=\"9abb0dc\" data-element_type=\"section\" data-settings=\"{&quot;stretch_section&quot;:&quot;section-stretched&quot;}\">\n\t\t\t\t\t\t<div class=\"elementor-container elementor-column-gap-default\">\n\t\t\t\t\t<div class=\"elementor-column elementor-col-100 elementor-top-column elementor-element elementor-element-1f7fdd0\" data-id=\"1f7fdd0\" data-element_type=\"column\">\n\t\t\t<div class=\"elementor-widget-wrap elementor-element-populated\">\n\t\t\t\t\t\t<div class=\"elementor-element elementor-element-19fb553 elementor-widget elementor-widget-text-editor\" data-id=\"19fb553\" data-element_type=\"widget\" data-widget_type=\"text-editor.default\">\n\t\t\t\t<div class=\"elementor-widget-container\">\n\t\t\t\t\t\t\t\t\t<form style=\"background-color: #ffffff; font-size: 15px;\" action=\"https:\/\/www.paypal.com\/cgi-bin\/webscr\" method=\"post\" target=\"_top\"><br \/>\r\n<p style=\"font-size: 15px;\">\u00a0<\/p><h1 style=\"text-align: center;\"><span style=\"font-size: 29px; color: #ff6600;\">ATTIRER L&rsquo;ABONDANCE DE RICHESSES!!!&#8230;<\/span><\/h1><p style=\"font-size: 15px;\"><img fetchpriority=\"high\" fetchpriority=\"high\" decoding=\"async\" class=\"size-medium wp-image-500 aligncenter\" style=\"font-size: 15px;\" src=\"http:\/\/la-revolution-therapie.universcghe.fr\/reprogrammer-votre-cerveau-pour\/wp-content\/uploads\/sites\/11\/2017\/12\/Amour1-175x300.png\" alt=\"\" width=\"175\" height=\"300\" srcset=\"https:\/\/la-revolution-therapie.universcghe.fr\/reprogrammer-votre-cerveau-pour\/wp-content\/uploads\/sites\/11\/2017\/12\/Amour1-175x300.png 175w, https:\/\/la-revolution-therapie.universcghe.fr\/reprogrammer-votre-cerveau-pour\/wp-content\/uploads\/sites\/11\/2017\/12\/Amour1.png 317w\" sizes=\"(max-width: 175px) 100vw, 175px\" \/><\/p><hr \/><\/form><form style=\"background-color: #ffffff; font-size: 15px;\" action=\"https:\/\/www.paypal.com\/cgi-bin\/webscr\" method=\"post\" target=\"_top\"><p style=\"font-size: 15px;\"><\/p><p style=\"font-size: 15px; text-align: center;\"><span style=\"font-size: 15px; color: #ff0000;\"><em style=\"font-size: 15px;\"><span style=\"font-size: 15px; font-weight: bold;\">Ce Contenu est r\u00e9serv\u00e9<\/span><\/em><\/span><br \/><span style=\"font-size: 15px; color: #0000ff;\"><em style=\"font-size: 15px;\"><span style=\"font-size: 15px; font-weight: bold;\">Pour Acc\u00e9der \u00e0 Cet Espace !!!&#8230;<\/span><\/em><\/span><\/p><p style=\"font-size: 15px; text-align: center;\"><a style=\"font-size: 15px;\" href=\"http:\/\/la-revolution-therapie.universcghe.fr\/reprogrammer-votre-cerveau-pour\/page-de-vente-147-tn\/\"><img decoding=\"async\" class=\"alignnone wp-image-2270\" style=\"font-size: 15px;\" src=\"http:\/\/la-revolution-therapie.universcghe.fr\/reprogrammer-votre-cerveau-pour\/wp-content\/uploads\/sites\/11\/2019\/12\/Image3.png\" alt=\"\" width=\"140\" height=\"59\" \/><\/a><br \/><span style=\"font-size: 15px; color: #ff0000;\"><em style=\"font-size: 15px;\"><span style=\"font-size: 15px; font-weight: bold;\">ET\/<\/span><\/em><em style=\"font-size: 15px;\"><span style=\"font-size: 15px; font-weight: bold;\">OU<br \/><\/span><\/em><\/span><em style=\"font-size: 15px; color: #ff0000;\"><span style=\"font-size: 15px; font-weight: bold;\">Pour B\u00e9n\u00e9ficier des Prochaines Offres Sp\u00e9ciales !!!&#8230;<\/span><\/em><\/p><p style=\"font-size: 15px; text-align: center;\"><a style=\"font-size: 15px;\" href=\"https:\/\/martine-clavelli.systeme.io\/7b0d8240\"><img decoding=\"async\" class=\"alignnone wp-image-2271\" style=\"font-size: 15px;\" src=\"http:\/\/la-revolution-therapie.universcghe.fr\/reprogrammer-votre-cerveau-pour\/wp-content\/uploads\/sites\/11\/2019\/12\/je-mincris.png\" alt=\"\" width=\"140\" height=\"63\" \/><\/a><\/p><p style=\"font-size: 15px;\"><\/p><\/form>\t\t\t\t\t\t\t\t<\/div>\n\t\t\t\t<\/div>\n\t\t\t\t\t<\/div>\n\t\t<\/div>\n\t\t\t\t\t<\/div>\n\t\t<\/section>\n\t\t\t\t<\/div>\n\t\t","protected":false},"excerpt":{"rendered":"<p>ATTIRER L&rsquo;ABONDANCE DE RICHESSES!!!&#8230;<\/p>\n","protected":false},"author":1,"featured_media":0,"parent":395,"menu_order":0,"comment_status":"closed","ping_status":"closed","template":"","meta":{"_et_pb_use_builder":"","_et_pb_old_content":"","_et_gb_content_width":"","footnotes":""},"class_list":["post-708","page","type-page","status-publish","hentry"],"aioseo_notices":[],"_links":{"self":[{"href":"https:\/\/la-revolution-therapie.universcghe.fr\/reprogrammer-votre-cerveau-pour\/wp-json\/wp\/v2\/pages\/708","targetHints":{"allow":["GET"]}}],"collection":[{"href":"https:\/\/la-revolution-therapie.universcghe.fr\/reprogrammer-votre-cerveau-pour\/wp-json\/wp\/v2\/pages"}],"about":[{"href":"https:\/\/la-revolution-therapie.universcghe.fr\/reprogrammer-votre-cerveau-pour\/wp-json\/wp\/v2\/types\/page"}],"author":[{"embeddable":true,"href":"https:\/\/la-revolution-therapie.universcghe.fr\/reprogrammer-votre-cerveau-pour\/wp-json\/wp\/v2\/users\/1"}],"replies":[{"embeddable":true,"href":"https:\/\/la-revolution-therapie.universcghe.fr\/reprogrammer-votre-cerveau-pour\/wp-json\/wp\/v2\/comments?post=708"}],"version-history":[{"count":0,"href":"https:\/\/la-revolution-therapie.universcghe.fr\/reprogrammer-votre-cerveau-pour\/wp-json\/wp\/v2\/pages\/708\/revisions"}],"up":[{"embeddable":true,"href":"https:\/\/la-revolution-therapie.universcghe.fr\/reprogrammer-votre-cerveau-pour\/wp-json\/wp\/v2\/pages\/395"}],"wp:attachment":[{"href":"https:\/\/la-revolution-therapie.universcghe.fr\/reprogrammer-votre-cerveau-pour\/wp-json\/wp\/v2\/media?parent=708"}],"curies":[{"name":"wp","href":"https:\/\/api.w.org\/{rel}","templated":true}]}}