{"id":785,"date":"2017-12-30T17:06:04","date_gmt":"2017-12-30T16:06:04","guid":{"rendered":"http:\/\/la-revolution-therapie.universcghe.fr\/reprogrammer-votre-cerveau-pour\/votre-espace-videos-pour-attirer-labondance-de\/"},"modified":"2019-12-18T19:11:59","modified_gmt":"2019-12-18T18:11:59","slug":"votre-espace-videos-pour-attirer-labondance-de","status":"publish","type":"page","link":"https:\/\/la-revolution-therapie.universcghe.fr\/reprogrammer-votre-cerveau-pour\/votre-espace-pour-attirer-labondance\/votre-espace-videos-pour-attirer-labondance-de\/","title":{"rendered":""},"content":{"rendered":"\r\n\n<h1><span style=\"color: #ff9900;\"><em><strong>TON ESPACE VID\u00c9OS SUBLIMINALES POUR ATTIRER L&rsquo;ABONDANCE DE !!!&#8230;<\/strong><\/em><\/span><\/h1>\n<p><span style=\"color: #000000;\">Le Subliminal est une Technique Puissante, Efficace, Facile et Rapide, prouv\u00e9e scientifiquement. Elle consiste \u00e0 envoyer des Messages Sonores qui s\u2019adressent directement \u00e0 votre Inconscient pour Reprogrammer Votre Cerveau.<\/span><\/p>\n<p><span style=\"color: #000000;\">Il y a aussi les images ins\u00e9r\u00e9es dans la s\u00e9quence Vid\u00e9o, qui int\u00e8grent des phrases, que seul l\u2019Inconscient per\u00e7oit Facilement et Efficacement, elles sont trop Rapides pour \u00eatre lues Consciemment.<\/span><\/p>\n<p><span style=\"color: #000000;\">Accouplement des deux messages subliminaux (cr\u00e9e le stimulus n\u00e9cessaire pour Activer le Changement au niveau Inconscient)<\/span><\/p>\n<br \/>\n<br \/>\n<br \/>\n<br \/>\n<br \/>\n<br \/>\n<br \/>\n<br \/>\n<br \/>\n<br \/>\n<br \/>\n<br \/>\n<br \/>\n<\/p>\n<p style=\"text-align: center;\"><span style=\"color: #ff0000;\"><em><strong>Ce Contenu est r\u00e9serv\u00e9<\/strong><\/em><\/span><br \/>\n<span style=\"color: #ff0000;\"><em><strong>Pour Acc\u00e9der \u00e0 l&rsquo;ensemble des Vid\u00e9os Subliminales \u00e0 un tarif Pr\u00e9f\u00e9rentiel<\/strong><\/em><\/span><\/p>\n<p><a href=\"http:\/\/la-revolution-therapie.universcghe.fr\/reprogrammer-votre-cerveau-pour\/page-de-choix_pack-des-packs-videos\/\"><img decoding=\"async\" class=\"wp-image-2270 aligncenter\" src=\"http:\/\/la-revolution-therapie.universcghe.fr\/reprogrammer-votre-cerveau-pour\/wp-content\/uploads\/sites\/11\/2019\/12\/Image3.png\" alt=\"\" width=\"140\" height=\"59\" \/><\/a><\/p>\n<p style=\"text-align: center;\"><span style=\"color: #ff0000;\"><em><strong>ET\/<\/strong><\/em><em><strong>OU<br \/>\n<\/strong><\/em><\/span><em style=\"color: #ff0000;\"><strong>Pour B\u00e9n\u00e9ficier des Prochaines Offres Sp\u00e9ciales !!!&#8230;<\/strong><\/em><\/p>\n<p style=\"text-align: center;\"><a href=\"https:\/\/martine-clavelli.systeme.io\/7b0d8240\"><img decoding=\"async\" class=\"alignnone wp-image-2271\" src=\"http:\/\/la-revolution-therapie.universcghe.fr\/reprogrammer-votre-cerveau-pour\/wp-content\/uploads\/sites\/11\/2019\/12\/je-mincris.png\" alt=\"\" width=\"140\" height=\"63\" \/><\/a><\/p>\n<p><\/p>\n","protected":false},"excerpt":{"rendered":"<p>TON ESPACE VID\u00c9OS SUBLIMINALES POUR ATTIRER L&rsquo;ABONDANCE DE !!!&#8230; Le Subliminal est une Technique Puissante, Efficace, Facile et Rapide, prouv\u00e9e scientifiquement. Elle consiste \u00e0 envoyer des Messages Sonores qui s\u2019adressent directement \u00e0 votre Inconscient pour Reprogrammer Votre Cerveau. Il y a aussi les images ins\u00e9r\u00e9es dans la s\u00e9quence Vid\u00e9o, qui int\u00e8grent des phrases, que seul [&hellip;]<\/p>\n","protected":false},"author":1,"featured_media":0,"parent":395,"menu_order":4,"comment_status":"closed","ping_status":"closed","template":"","meta":{"_et_pb_use_builder":"","_et_pb_old_content":"","_et_gb_content_width":"","footnotes":""},"class_list":["post-785","page","type-page","status-publish","hentry"],"aioseo_notices":[],"_links":{"self":[{"href":"https:\/\/la-revolution-therapie.universcghe.fr\/reprogrammer-votre-cerveau-pour\/wp-json\/wp\/v2\/pages\/785","targetHints":{"allow":["GET"]}}],"collection":[{"href":"https:\/\/la-revolution-therapie.universcghe.fr\/reprogrammer-votre-cerveau-pour\/wp-json\/wp\/v2\/pages"}],"about":[{"href":"https:\/\/la-revolution-therapie.universcghe.fr\/reprogrammer-votre-cerveau-pour\/wp-json\/wp\/v2\/types\/page"}],"author":[{"embeddable":true,"href":"https:\/\/la-revolution-therapie.universcghe.fr\/reprogrammer-votre-cerveau-pour\/wp-json\/wp\/v2\/users\/1"}],"replies":[{"embeddable":true,"href":"https:\/\/la-revolution-therapie.universcghe.fr\/reprogrammer-votre-cerveau-pour\/wp-json\/wp\/v2\/comments?post=785"}],"version-history":[{"count":0,"href":"https:\/\/la-revolution-therapie.universcghe.fr\/reprogrammer-votre-cerveau-pour\/wp-json\/wp\/v2\/pages\/785\/revisions"}],"up":[{"embeddable":true,"href":"https:\/\/la-revolution-therapie.universcghe.fr\/reprogrammer-votre-cerveau-pour\/wp-json\/wp\/v2\/pages\/395"}],"wp:attachment":[{"href":"https:\/\/la-revolution-therapie.universcghe.fr\/reprogrammer-votre-cerveau-pour\/wp-json\/wp\/v2\/media?parent=785"}],"curies":[{"name":"wp","href":"https:\/\/api.w.org\/{rel}","templated":true}]}}