{"id":823,"date":"2017-12-30T18:54:00","date_gmt":"2017-12-30T17:54:00","guid":{"rendered":"http:\/\/la-revolution-therapie.universcghe.fr\/reprogrammer-votre-cerveau-pour\/votre-espace-videos-pour-attirer-labondance-confiance-en-soi-et-en-ses-capacites\/"},"modified":"2019-12-19T12:21:02","modified_gmt":"2019-12-19T11:21:02","slug":"votre-espace-videos-pour-attirer-labondance-confiance-en-soi-et-en-ses-capacites","status":"publish","type":"page","link":"https:\/\/la-revolution-therapie.universcghe.fr\/reprogrammer-votre-cerveau-pour\/votre-espace-pour-attirer-labondance\/votre-espace-videos-pour-attirer-labondance-de\/votre-espace-videos-pour-attirer-labondance-confiance-en-soi-et-en-ses-capacites\/","title":{"rendered":""},"content":{"rendered":"<p style=\"text-align: left;\">\r\n<\/p>\n<h1 style=\"text-align: center;\"><span style=\"color: #ff00ff;\"><em><strong><span style=\"color: #993366;\">TON ESPACE VID\u00c9O POUR ATTIRER L&rsquo;ABONDANCE DE CONFIANCE EN SOI ET EN SES CAPACIT\u00c9S !!!&#8230;<\/span><\/strong><\/em><\/span><\/h1>\n<p><span style=\"color: #000000;\">Si Tu manques de Confiance en Toi et\/ou en Tes Capacit\u00e9s c&rsquo;est Que l&rsquo;Enfant int\u00e9rieur qui est en Toi, a de 0 \u00e0 7 ans, manqu\u00e9 de rassurance Physique et \u00c9motionnelle&#8230;Quand \u00e0 Tes Capacit\u00e9s, c&rsquo;est l&rsquo;enfant de 7 \u00e0 14 ans qui a manqu\u00e9 de Soutien, de Rep\u00e8res ou qui a eu des difficult\u00e9s avec le Mod\u00e8le Paternel&#8230;<\/span><br \/>\n<span style=\"color: #000000;\">Sois Rassur\u00e9(e) Cette Vid\u00e9o peut t&rsquo;Aider \u00e0 Reprogrammer Ton Cerveau pour ressentir Pleinement la Confiance en Toi et en Tes Capacit\u00e9s !!!&#8230;Alors Ose&#8230;<\/span><\/p>\n<p><img decoding=\"async\" class=\"wp-image-2239 aligncenter\" src=\"http:\/\/la-revolution-therapie.universcghe.fr\/reprogrammer-votre-cerveau-pour\/wp-content\/uploads\/sites\/11\/2019\/12\/Confiance-en-Soi.png\" alt=\"\" width=\"259\" height=\"154\" \/><\/p>\n<h1 style=\"text-align: center;\"><span style=\"color: #666666; font-size: 14px;\"><\/p>\n<p style=\"text-align: center;\"><span style=\"color: #ff0000;\"><em><strong>Ce Contenu est r\u00e9serv\u00e9<\/strong><\/em><\/span><br \/>\n<span style=\"color: #0000ff;\"><em><strong> Pour Acc\u00e9der \u00e0 Cette Vid\u00e9o Subliminale !!!&#8230;<\/strong><\/em><\/span><\/p>\n<p style=\"text-align: center;\"><a href=\"http:\/\/la-revolution-therapie.universcghe.fr\/reprogrammer-votre-cerveau-pour\/page-de-choix-videos-subliminales-pt\/\"><img decoding=\"async\" class=\"alignnone wp-image-2270\" src=\"http:\/\/la-revolution-therapie.universcghe.fr\/reprogrammer-votre-cerveau-pour\/wp-content\/uploads\/sites\/11\/2019\/12\/Image3.png\" alt=\"\" width=\"140\" height=\"59\" \/><\/a><\/p>\n<p style=\"text-align: center;\"><span style=\"color: #ff0000;\"><em><strong><span style=\"color: #0000ff;\">OU<\/span><br \/>\nPour Acc\u00e9der \u00e0 l&rsquo;ensemble des Vid\u00e9os Subliminales \u00e0 un tarif Pr\u00e9f\u00e9rentiel<\/strong><\/em><\/span><\/p>\n<p><a href=\"http:\/\/la-revolution-therapie.universcghe.fr\/reprogrammer-votre-cerveau-pour\/page-de-choix_pack-des-packs-videos\/\"><img decoding=\"async\" class=\"wp-image-2270 aligncenter\" src=\"http:\/\/la-revolution-therapie.universcghe.fr\/reprogrammer-votre-cerveau-pour\/wp-content\/uploads\/sites\/11\/2019\/12\/Image3.png\" alt=\"\" width=\"140\" height=\"59\" \/><\/a><\/p>\n<p style=\"text-align: center;\"><span style=\"color: #ff0000;\"><span style=\"color: #0000ff;\"><em><strong>ET\/<\/strong><\/em><\/span><em><strong><span style=\"color: #0000ff;\">OU<\/span><br \/>\n<\/strong><\/em><\/span><em style=\"color: #ff0000;\"><strong>Pour B\u00e9n\u00e9ficier des Prochaines Offres Sp\u00e9ciales !!!&#8230;<\/strong><\/em><\/p>\n<p style=\"text-align: center;\"><a href=\"https:\/\/martine-clavelli.systeme.io\/7b0d8240\"><img loading=\"lazy\" loading=\"lazy\" decoding=\"async\" class=\"alignnone wp-image-2271\" src=\"http:\/\/la-revolution-therapie.universcghe.fr\/reprogrammer-votre-cerveau-pour\/wp-content\/uploads\/sites\/11\/2019\/12\/je-mincris.png\" alt=\"\" width=\"140\" height=\"63\" \/><\/a><\/p>\n<p><\/p>\n","protected":false},"excerpt":{"rendered":"<p>TON ESPACE VID\u00c9O POUR ATTIRER L&rsquo;ABONDANCE DE CONFIANCE EN SOI ET EN SES CAPACIT\u00c9S !!!&#8230; Si Tu manques de Confiance en Toi et\/ou en Tes Capacit\u00e9s c&rsquo;est Que l&rsquo;Enfant int\u00e9rieur qui est en Toi, a de 0 \u00e0 7 ans, manqu\u00e9 de rassurance Physique et \u00c9motionnelle&#8230;Quand \u00e0 Tes Capacit\u00e9s, c&rsquo;est l&rsquo;enfant de 7 \u00e0 14 [&hellip;]<\/p>\n","protected":false},"author":1,"featured_media":0,"parent":785,"menu_order":4,"comment_status":"closed","ping_status":"closed","template":"","meta":{"_et_pb_use_builder":"","_et_pb_old_content":"","_et_gb_content_width":"","footnotes":""},"class_list":["post-823","page","type-page","status-publish","hentry"],"aioseo_notices":[],"_links":{"self":[{"href":"https:\/\/la-revolution-therapie.universcghe.fr\/reprogrammer-votre-cerveau-pour\/wp-json\/wp\/v2\/pages\/823","targetHints":{"allow":["GET"]}}],"collection":[{"href":"https:\/\/la-revolution-therapie.universcghe.fr\/reprogrammer-votre-cerveau-pour\/wp-json\/wp\/v2\/pages"}],"about":[{"href":"https:\/\/la-revolution-therapie.universcghe.fr\/reprogrammer-votre-cerveau-pour\/wp-json\/wp\/v2\/types\/page"}],"author":[{"embeddable":true,"href":"https:\/\/la-revolution-therapie.universcghe.fr\/reprogrammer-votre-cerveau-pour\/wp-json\/wp\/v2\/users\/1"}],"replies":[{"embeddable":true,"href":"https:\/\/la-revolution-therapie.universcghe.fr\/reprogrammer-votre-cerveau-pour\/wp-json\/wp\/v2\/comments?post=823"}],"version-history":[{"count":0,"href":"https:\/\/la-revolution-therapie.universcghe.fr\/reprogrammer-votre-cerveau-pour\/wp-json\/wp\/v2\/pages\/823\/revisions"}],"up":[{"embeddable":true,"href":"https:\/\/la-revolution-therapie.universcghe.fr\/reprogrammer-votre-cerveau-pour\/wp-json\/wp\/v2\/pages\/785"}],"wp:attachment":[{"href":"https:\/\/la-revolution-therapie.universcghe.fr\/reprogrammer-votre-cerveau-pour\/wp-json\/wp\/v2\/media?parent=823"}],"curies":[{"name":"wp","href":"https:\/\/api.w.org\/{rel}","templated":true}]}}