{"id":847,"date":"2017-12-30T19:30:03","date_gmt":"2017-12-30T18:30:03","guid":{"rendered":"http:\/\/la-revolution-therapie.universcghe.fr\/reprogrammer-votre-cerveau-pour\/votre-espace-videos-pour-attirer-labondance-d-energie\/"},"modified":"2019-12-19T12:22:25","modified_gmt":"2019-12-19T11:22:25","slug":"votre-espace-videos-pour-attirer-labondance-d-energie","status":"publish","type":"page","link":"https:\/\/la-revolution-therapie.universcghe.fr\/reprogrammer-votre-cerveau-pour\/votre-espace-pour-attirer-labondance\/votre-espace-videos-pour-attirer-labondance-de\/votre-espace-videos-pour-attirer-labondance-d-energie\/","title":{"rendered":""},"content":{"rendered":"<p style=\"text-align: left;\">\r\n<\/p>\n<h1 style=\"text-align: center;\"><span style=\"color: #99cc00;\"><em><b>TON ESPACE VID\u00c9O POUR ATTIRER<\/b><br \/>\n<b>L&rsquo;ABONDANCE D&rsquo;<\/b><span style=\"color: #99cc00;\"><b>\u00c9NERGIE<\/b><\/span><b> <\/b><\/em><\/span><span style=\"color: #ff00ff;\"><em><strong><span style=\"color: #99cc00;\">!!!&#8230;<\/span><\/strong><\/em><\/span><\/h1>\n<p style=\"text-align: left;\"><span style=\"color: #ff00ff;\"><span style=\"color: #99cc00;\"><span style=\"color: #000000;\">Si Tu manques d&rsquo;Envie, d\u2019\u00c9nergie et de Vitalit\u00e9&#8230;Si ton Taux Vibratoire est affaibli et que la Fatigue est Souvent Pr\u00e9sente &#8230;Si tu Te Sens D\u00e9motiv\u00e9(e) en Perte de Sens.Alors il est important pour Toi de Reprogrammer Ton Cerveau afin d&rsquo;Activer l&rsquo;Abondance d\u2019\u00c9nergie qui va te permettre de donner du Sens \u00e0 ta Vie d&rsquo;Avancer et de Profiter Pleinement !!!&#8230;Alors Ose !!!&#8230;<\/span><\/span><\/span><\/p>\n<p><span style=\"color: #ff00ff;\"><em><strong><span style=\"color: #99cc00;\"><img decoding=\"async\" class=\"wp-image-2241 aligncenter\" src=\"http:\/\/la-revolution-therapie.universcghe.fr\/reprogrammer-votre-cerveau-pour\/wp-content\/uploads\/sites\/11\/2019\/12\/Energie.png\" alt=\"\" width=\"259\" height=\"153\" \/><\/span><\/strong><\/em><\/span><\/p>\n<p style=\"text-align: center;\"><span style=\"color: #ff0000;\"><em><strong>Ce Contenu est r\u00e9serv\u00e9<\/strong><\/em><\/span><br \/>\n<span style=\"color: #0000ff;\"><em><strong> Pour Acc\u00e9der \u00e0 Cette Vid\u00e9o Subliminale !!!&#8230;<\/strong><\/em><\/span><\/p>\n<p style=\"text-align: center;\"><a href=\"http:\/\/la-revolution-therapie.universcghe.fr\/reprogrammer-votre-cerveau-pour\/page-de-choix-videos-subliminales-pt\/\"><img decoding=\"async\" class=\"alignnone wp-image-2270\" src=\"http:\/\/la-revolution-therapie.universcghe.fr\/reprogrammer-votre-cerveau-pour\/wp-content\/uploads\/sites\/11\/2019\/12\/Image3.png\" alt=\"\" width=\"140\" height=\"59\" \/><\/a><\/p>\n<p style=\"text-align: center;\"><span style=\"color: #ff0000;\"><em><strong><span style=\"color: #0000ff;\">OU<\/span><br \/>\nPour Acc\u00e9der \u00e0 l&rsquo;ensemble des Vid\u00e9os Subliminales \u00e0 un tarif Pr\u00e9f\u00e9rentiel<\/strong><\/em><\/span><\/p>\n<p><a href=\"http:\/\/la-revolution-therapie.universcghe.fr\/reprogrammer-votre-cerveau-pour\/page-de-choix_pack-des-packs-videos\/\"><img decoding=\"async\" class=\"wp-image-2270 aligncenter\" src=\"http:\/\/la-revolution-therapie.universcghe.fr\/reprogrammer-votre-cerveau-pour\/wp-content\/uploads\/sites\/11\/2019\/12\/Image3.png\" alt=\"\" width=\"140\" height=\"59\" \/><\/a><\/p>\n<p style=\"text-align: center;\"><span style=\"color: #ff0000;\"><span style=\"color: #0000ff;\"><em><strong>ET\/<\/strong><\/em><\/span><em><strong><span style=\"color: #0000ff;\">OU<\/span><br \/>\n<\/strong><\/em><\/span><em style=\"color: #ff0000;\"><strong>Pour B\u00e9n\u00e9ficier des Prochaines Offres Sp\u00e9ciales !!!&#8230;<\/strong><\/em><\/p>\n<p style=\"text-align: center;\"><a href=\"https:\/\/martine-clavelli.systeme.io\/7b0d8240\"><img loading=\"lazy\" loading=\"lazy\" decoding=\"async\" class=\"alignnone wp-image-2271\" src=\"http:\/\/la-revolution-therapie.universcghe.fr\/reprogrammer-votre-cerveau-pour\/wp-content\/uploads\/sites\/11\/2019\/12\/je-mincris.png\" alt=\"\" width=\"140\" height=\"63\" \/><\/a><\/p>\n<p><\/p>\n","protected":false},"excerpt":{"rendered":"<p>TON ESPACE VID\u00c9O POUR ATTIRER L&rsquo;ABONDANCE D&rsquo;\u00c9NERGIE !!!&#8230; Si Tu manques d&rsquo;Envie, d\u2019\u00c9nergie et de Vitalit\u00e9&#8230;Si ton Taux Vibratoire est affaibli et que la Fatigue est Souvent Pr\u00e9sente &#8230;Si tu Te Sens D\u00e9motiv\u00e9(e) en Perte de Sens.Alors il est important pour Toi de Reprogrammer Ton Cerveau afin d&rsquo;Activer l&rsquo;Abondance d\u2019\u00c9nergie qui va te permettre de [&hellip;]<\/p>\n","protected":false},"author":1,"featured_media":0,"parent":785,"menu_order":7,"comment_status":"closed","ping_status":"closed","template":"","meta":{"_et_pb_use_builder":"","_et_pb_old_content":"","_et_gb_content_width":"","footnotes":""},"class_list":["post-847","page","type-page","status-publish","hentry"],"aioseo_notices":[],"_links":{"self":[{"href":"https:\/\/la-revolution-therapie.universcghe.fr\/reprogrammer-votre-cerveau-pour\/wp-json\/wp\/v2\/pages\/847","targetHints":{"allow":["GET"]}}],"collection":[{"href":"https:\/\/la-revolution-therapie.universcghe.fr\/reprogrammer-votre-cerveau-pour\/wp-json\/wp\/v2\/pages"}],"about":[{"href":"https:\/\/la-revolution-therapie.universcghe.fr\/reprogrammer-votre-cerveau-pour\/wp-json\/wp\/v2\/types\/page"}],"author":[{"embeddable":true,"href":"https:\/\/la-revolution-therapie.universcghe.fr\/reprogrammer-votre-cerveau-pour\/wp-json\/wp\/v2\/users\/1"}],"replies":[{"embeddable":true,"href":"https:\/\/la-revolution-therapie.universcghe.fr\/reprogrammer-votre-cerveau-pour\/wp-json\/wp\/v2\/comments?post=847"}],"version-history":[{"count":0,"href":"https:\/\/la-revolution-therapie.universcghe.fr\/reprogrammer-votre-cerveau-pour\/wp-json\/wp\/v2\/pages\/847\/revisions"}],"up":[{"embeddable":true,"href":"https:\/\/la-revolution-therapie.universcghe.fr\/reprogrammer-votre-cerveau-pour\/wp-json\/wp\/v2\/pages\/785"}],"wp:attachment":[{"href":"https:\/\/la-revolution-therapie.universcghe.fr\/reprogrammer-votre-cerveau-pour\/wp-json\/wp\/v2\/media?parent=847"}],"curies":[{"name":"wp","href":"https:\/\/api.w.org\/{rel}","templated":true}]}}