{"id":852,"date":"2017-12-30T19:43:53","date_gmt":"2017-12-30T18:43:53","guid":{"rendered":"http:\/\/la-revolution-therapie.universcghe.fr\/reprogrammer-votre-cerveau-pour\/votre-espace-videos-pour-attirer-labondance-de-memoire-et-concentration\/"},"modified":"2019-12-19T14:57:23","modified_gmt":"2019-12-19T13:57:23","slug":"votre-espace-videos-pour-attirer-labondance-de-memoire-et-concentration","status":"publish","type":"page","link":"https:\/\/la-revolution-therapie.universcghe.fr\/reprogrammer-votre-cerveau-pour\/votre-espace-pour-attirer-labondance\/votre-espace-videos-pour-attirer-labondance-de\/votre-espace-videos-pour-attirer-labondance-de-memoire-et-concentration\/","title":{"rendered":""},"content":{"rendered":"<p style=\"text-align: left;\">\r\n<\/p>\n<h1 style=\"text-align: center;\"><span style=\"color: #0da2cc;\"><em><strong>TON ESPACE VID\u00c9O POUR ATTIRER<br \/>\nL&rsquo;ABONDANCE DE M\u00c9MOIRE ET CONCENTRATION <\/strong><\/em><\/span><span style=\"color: #ff00ff;\"><em><strong><span style=\"color: #0da2cc;\">!!!&#8230;<\/span><\/strong><\/em><\/span><\/h1>\n<p style=\"text-align: left;\"><span style=\"color: #ff00ff;\"><span style=\"color: #000000;\">Si tu manques de M\u00e9moire et\/ou de Concentration, c&rsquo;est Certainement que tu t&rsquo;effaces dans la Vie, Que tu T&rsquo;Oublies, Que tu Fais Passer les Autres Avant&#8230;C&rsquo;est Peut \u00eatre aussi que tu cherches \u00e0 Oublier Des \u00e9v\u00e9nements du Pass\u00e9 et enfin et Surtout qu&rsquo;il te manque de l\u2019int\u00e9r\u00eat, de l&rsquo;Envie et du Plaisir dans Ton Quotidien !!!&#8230;Alors Ose Pour Toi car cette Vid\u00e9o Subliminale va t&rsquo;Aider \u00e0 reprogrammer Ton Cerveau pour Exister Pleinement et Profiter de la Belle Personne que Tu es et de Ta Vie&#8230;<br \/>\n<\/span><strong><span style=\"color: #0da2cc;\"><br \/>\n<\/span><\/strong><em><strong><span style=\"color: #0da2cc;\"><img decoding=\"async\" class=\"wp-image-2242 aligncenter\" src=\"http:\/\/la-revolution-therapie.universcghe.fr\/reprogrammer-votre-cerveau-pour\/wp-content\/uploads\/sites\/11\/2019\/12\/Memoire-et-Concentration.png\" alt=\"\" width=\"259\" height=\"153\" \/><\/span><br \/>\n<\/strong><\/em><\/span><\/p>\n<\/p>\n<p style=\"text-align: center;\"><span style=\"color: #ff0000;\"><em><strong>Ce Contenu est r\u00e9serv\u00e9<\/strong><\/em><\/span><br \/>\n<span style=\"color: #0000ff;\"><em><strong> Pour Acc\u00e9der \u00e0 Cette Vid\u00e9o Subliminale !!!&#8230;<\/strong><\/em><\/span><\/p>\n<p style=\"text-align: center;\"><a href=\"http:\/\/la-revolution-therapie.universcghe.fr\/reprogrammer-votre-cerveau-pour\/page-de-choix-videos-subliminales-pt\/\"><img decoding=\"async\" class=\"alignnone wp-image-2270\" src=\"http:\/\/la-revolution-therapie.universcghe.fr\/reprogrammer-votre-cerveau-pour\/wp-content\/uploads\/sites\/11\/2019\/12\/Image3.png\" alt=\"\" width=\"140\" height=\"59\" \/><\/a><\/p>\n<p style=\"text-align: center;\"><span style=\"color: #ff0000;\"><em><strong><span style=\"color: #0000ff;\">OU<\/span><br \/>\nPour Acc\u00e9der \u00e0 l&rsquo;ensemble des Vid\u00e9os Subliminales \u00e0 un tarif Pr\u00e9f\u00e9rentiel<\/strong><\/em><\/span><\/p>\n<p><a href=\"http:\/\/la-revolution-therapie.universcghe.fr\/reprogrammer-votre-cerveau-pour\/page-de-choix_pack-des-packs-videos\/\"><img decoding=\"async\" class=\"wp-image-2270 aligncenter\" src=\"http:\/\/la-revolution-therapie.universcghe.fr\/reprogrammer-votre-cerveau-pour\/wp-content\/uploads\/sites\/11\/2019\/12\/Image3.png\" alt=\"\" width=\"140\" height=\"59\" \/><\/a><\/p>\n<p style=\"text-align: center;\"><span style=\"color: #ff0000;\"><span style=\"color: #0000ff;\"><em><strong>ET\/<\/strong><\/em><\/span><em><strong><span style=\"color: #0000ff;\">OU<\/span><br \/>\n<\/strong><\/em><\/span><em style=\"color: #ff0000;\"><strong>Pour B\u00e9n\u00e9ficier des Prochaines Offres Sp\u00e9ciales !!!&#8230;<\/strong><\/em><\/p>\n<p style=\"text-align: center;\"><a href=\"https:\/\/martine-clavelli.systeme.io\/7b0d8240\"><img loading=\"lazy\" loading=\"lazy\" decoding=\"async\" class=\"alignnone wp-image-2271\" src=\"http:\/\/la-revolution-therapie.universcghe.fr\/reprogrammer-votre-cerveau-pour\/wp-content\/uploads\/sites\/11\/2019\/12\/je-mincris.png\" alt=\"\" width=\"140\" height=\"63\" \/><\/a><\/p>\n<p>\n","protected":false},"excerpt":{"rendered":"<p>TON ESPACE VID\u00c9O POUR ATTIRER L&rsquo;ABONDANCE DE M\u00c9MOIRE ET CONCENTRATION !!!&#8230; Si tu manques de M\u00e9moire et\/ou de Concentration, c&rsquo;est Certainement que tu t&rsquo;effaces dans la Vie, Que tu T&rsquo;Oublies, Que tu Fais Passer les Autres Avant&#8230;C&rsquo;est Peut \u00eatre aussi que tu cherches \u00e0 Oublier Des \u00e9v\u00e9nements du Pass\u00e9 et enfin et Surtout qu&rsquo;il te [&hellip;]<\/p>\n","protected":false},"author":1,"featured_media":0,"parent":785,"menu_order":8,"comment_status":"closed","ping_status":"closed","template":"","meta":{"_et_pb_use_builder":"","_et_pb_old_content":"","_et_gb_content_width":"","footnotes":""},"class_list":["post-852","page","type-page","status-publish","hentry"],"aioseo_notices":[],"_links":{"self":[{"href":"https:\/\/la-revolution-therapie.universcghe.fr\/reprogrammer-votre-cerveau-pour\/wp-json\/wp\/v2\/pages\/852","targetHints":{"allow":["GET"]}}],"collection":[{"href":"https:\/\/la-revolution-therapie.universcghe.fr\/reprogrammer-votre-cerveau-pour\/wp-json\/wp\/v2\/pages"}],"about":[{"href":"https:\/\/la-revolution-therapie.universcghe.fr\/reprogrammer-votre-cerveau-pour\/wp-json\/wp\/v2\/types\/page"}],"author":[{"embeddable":true,"href":"https:\/\/la-revolution-therapie.universcghe.fr\/reprogrammer-votre-cerveau-pour\/wp-json\/wp\/v2\/users\/1"}],"replies":[{"embeddable":true,"href":"https:\/\/la-revolution-therapie.universcghe.fr\/reprogrammer-votre-cerveau-pour\/wp-json\/wp\/v2\/comments?post=852"}],"version-history":[{"count":0,"href":"https:\/\/la-revolution-therapie.universcghe.fr\/reprogrammer-votre-cerveau-pour\/wp-json\/wp\/v2\/pages\/852\/revisions"}],"up":[{"embeddable":true,"href":"https:\/\/la-revolution-therapie.universcghe.fr\/reprogrammer-votre-cerveau-pour\/wp-json\/wp\/v2\/pages\/785"}],"wp:attachment":[{"href":"https:\/\/la-revolution-therapie.universcghe.fr\/reprogrammer-votre-cerveau-pour\/wp-json\/wp\/v2\/media?parent=852"}],"curies":[{"name":"wp","href":"https:\/\/api.w.org\/{rel}","templated":true}]}}