{"id":862,"date":"2017-12-30T19:58:53","date_gmt":"2017-12-30T18:58:53","guid":{"rendered":"http:\/\/la-revolution-therapie.universcghe.fr\/reprogrammer-votre-cerveau-pour\/votre-espace-videos-pour-attirer-labondance-d-organisation-du-temps\/"},"modified":"2019-12-19T22:11:32","modified_gmt":"2019-12-19T21:11:32","slug":"votre-espace-videos-pour-attirer-labondance-de-sensualite-et-sexualite","status":"publish","type":"page","link":"https:\/\/la-revolution-therapie.universcghe.fr\/reprogrammer-votre-cerveau-pour\/votre-espace-pour-attirer-labondance\/votre-espace-videos-pour-attirer-labondance-de\/votre-espace-videos-pour-attirer-labondance-de-sensualite-et-sexualite\/","title":{"rendered":""},"content":{"rendered":"<p style=\"text-align: left;\">\r\n<\/p>\n<h1 style=\"text-align: center;\"><span style=\"color: #9980ff;\"><em><strong>TON ESPACE VID\u00c9O POUR ATTIRER L&rsquo;ABONDANCE DE <span style=\"color: #ff99ff;\">SENSUALIT\u00c9<\/span> ET <span style=\"color: #3366ff;\">SEXUALIT\u00c9<\/span><\/strong><\/em><\/span><span style=\"color: #ff00ff;\"><em><strong><span style=\"color: #9980ff;\"><span style=\"color: #3366ff;\">!<\/span>!!&#8230;<\/span><\/strong><\/em><\/span><\/h1>\n<p style=\"text-align: left;\"><span style=\"color: #000000;\">Si Tu Rencontres des Difficult\u00e9s dans ta Sexualit\u00e9&#8230;Un Manque, Des Frustrations, Des Complications etc&#8230;Il est Indispensable de Reprogrammer Ton Cerveau pour Activer l&rsquo;Abondance d\u2019\u00c9quilibre dans ce Domaine pour Jouir Pleinement de la Vie Qui est la Tienne et Du Plaisir!!! Ose&#8230;Autorise-Toi \u00e0 Combler ce Domaine de Ta Vie pour Te Sentir Pleinement \u00c9panoui(e)!!!&#8230;La Sensualit\u00e9 Tout comme la Sexualit\u00e9 est une Occasion de Recevoir et de Donner qui apporte \u00e0 l\u2019\u00catre Humain quel qu&rsquo;il soit, une R\u00e9g\u00e9n\u00e9ration des Cellules !!!<\/span><\/p>\n<p><span style=\"color: #ff00ff;\"><em><strong><span style=\"color: #9980ff;\"><img decoding=\"async\" class=\"wp-image-2248 aligncenter\" src=\"http:\/\/la-revolution-therapie.universcghe.fr\/reprogrammer-votre-cerveau-pour\/wp-content\/uploads\/sites\/11\/2019\/12\/Sensualite-et-Sexualite.png\" alt=\"\" width=\"259\" height=\"154\" \/><\/span><\/strong><\/em><\/span><\/p>\n<p style=\"text-align: center;\"><span style=\"color: #ff0000;\"><em><strong>Ce Contenu est r\u00e9serv\u00e9<\/strong><\/em><\/span><br \/>\n<span style=\"color: #0000ff;\"><em><strong> Pour Acc\u00e9der \u00e0 Cette Vid\u00e9o Subliminale !!!&#8230;<\/strong><\/em><\/span><\/p>\n<p style=\"text-align: center;\"><a href=\"http:\/\/la-revolution-therapie.universcghe.fr\/reprogrammer-votre-cerveau-pour\/page-de-choix-videos-subliminales-pt\/\"><img decoding=\"async\" class=\"alignnone wp-image-2270\" src=\"http:\/\/la-revolution-therapie.universcghe.fr\/reprogrammer-votre-cerveau-pour\/wp-content\/uploads\/sites\/11\/2019\/12\/Image3.png\" alt=\"\" width=\"140\" height=\"59\" \/><\/a><\/p>\n<p style=\"text-align: center;\"><span style=\"color: #ff0000;\"><em><strong><span style=\"color: #0000ff;\">OU<\/span><br \/>\nPour Acc\u00e9der \u00e0 l&rsquo;ensemble des Vid\u00e9os Subliminales \u00e0 un tarif Pr\u00e9f\u00e9rentiel<\/strong><\/em><\/span><\/p>\n<p><a href=\"http:\/\/la-revolution-therapie.universcghe.fr\/reprogrammer-votre-cerveau-pour\/page-de-choix_pack-des-packs-videos\/\"><img decoding=\"async\" class=\"wp-image-2270 aligncenter\" src=\"http:\/\/la-revolution-therapie.universcghe.fr\/reprogrammer-votre-cerveau-pour\/wp-content\/uploads\/sites\/11\/2019\/12\/Image3.png\" alt=\"\" width=\"140\" height=\"59\" \/><\/a><\/p>\n<p style=\"text-align: center;\"><span style=\"color: #ff0000;\"><span style=\"color: #0000ff;\"><em><strong>ET\/<\/strong><\/em><\/span><em><strong><span style=\"color: #0000ff;\">OU<\/span><br \/>\n<\/strong><\/em><\/span><em style=\"color: #ff0000;\"><strong>Pour B\u00e9n\u00e9ficier des Prochaines Offres Sp\u00e9ciales !!!&#8230;<\/strong><\/em><\/p>\n<p style=\"text-align: center;\"><a href=\"https:\/\/martine-clavelli.systeme.io\/7b0d8240\"><img loading=\"lazy\" loading=\"lazy\" decoding=\"async\" class=\"alignnone wp-image-2271\" src=\"http:\/\/la-revolution-therapie.universcghe.fr\/reprogrammer-votre-cerveau-pour\/wp-content\/uploads\/sites\/11\/2019\/12\/je-mincris.png\" alt=\"\" width=\"140\" height=\"63\" \/><\/a><\/p>\n<p><\/p>\n","protected":false},"excerpt":{"rendered":"<p>TON ESPACE VID\u00c9O POUR ATTIRER L&rsquo;ABONDANCE DE SENSUALIT\u00c9 ET SEXUALIT\u00c9!!!&#8230; Si Tu Rencontres des Difficult\u00e9s dans ta Sexualit\u00e9&#8230;Un Manque, Des Frustrations, Des Complications etc&#8230;Il est Indispensable de Reprogrammer Ton Cerveau pour Activer l&rsquo;Abondance d\u2019\u00c9quilibre dans ce Domaine pour Jouir Pleinement de la Vie Qui est la Tienne et Du Plaisir!!! Ose&#8230;Autorise-Toi \u00e0 Combler ce Domaine [&hellip;]<\/p>\n","protected":false},"author":1,"featured_media":0,"parent":785,"menu_order":11,"comment_status":"closed","ping_status":"closed","template":"","meta":{"_et_pb_use_builder":"","_et_pb_old_content":"","_et_gb_content_width":"","footnotes":""},"class_list":["post-862","page","type-page","status-publish","hentry"],"aioseo_notices":[],"_links":{"self":[{"href":"https:\/\/la-revolution-therapie.universcghe.fr\/reprogrammer-votre-cerveau-pour\/wp-json\/wp\/v2\/pages\/862","targetHints":{"allow":["GET"]}}],"collection":[{"href":"https:\/\/la-revolution-therapie.universcghe.fr\/reprogrammer-votre-cerveau-pour\/wp-json\/wp\/v2\/pages"}],"about":[{"href":"https:\/\/la-revolution-therapie.universcghe.fr\/reprogrammer-votre-cerveau-pour\/wp-json\/wp\/v2\/types\/page"}],"author":[{"embeddable":true,"href":"https:\/\/la-revolution-therapie.universcghe.fr\/reprogrammer-votre-cerveau-pour\/wp-json\/wp\/v2\/users\/1"}],"replies":[{"embeddable":true,"href":"https:\/\/la-revolution-therapie.universcghe.fr\/reprogrammer-votre-cerveau-pour\/wp-json\/wp\/v2\/comments?post=862"}],"version-history":[{"count":0,"href":"https:\/\/la-revolution-therapie.universcghe.fr\/reprogrammer-votre-cerveau-pour\/wp-json\/wp\/v2\/pages\/862\/revisions"}],"up":[{"embeddable":true,"href":"https:\/\/la-revolution-therapie.universcghe.fr\/reprogrammer-votre-cerveau-pour\/wp-json\/wp\/v2\/pages\/785"}],"wp:attachment":[{"href":"https:\/\/la-revolution-therapie.universcghe.fr\/reprogrammer-votre-cerveau-pour\/wp-json\/wp\/v2\/media?parent=862"}],"curies":[{"name":"wp","href":"https:\/\/api.w.org\/{rel}","templated":true}]}}