{"id":883,"date":"2017-12-30T22:37:41","date_gmt":"2017-12-30T21:37:41","guid":{"rendered":"http:\/\/la-revolution-therapie.universcghe.fr\/reprogrammer-votre-cerveau-pour\/votre-espace-videos-pour-attirer-labondance-de-penser-positif-en-pilotage-automatique\/"},"modified":"2019-12-19T22:16:43","modified_gmt":"2019-12-19T21:16:43","slug":"votre-espace-videos-pour-attirer-labondance-de-penser-positif-en-pilotage-automatique","status":"publish","type":"page","link":"https:\/\/la-revolution-therapie.universcghe.fr\/reprogrammer-votre-cerveau-pour\/votre-espace-pour-attirer-labondance\/votre-espace-videos-pour-attirer-labondance-de\/votre-espace-videos-pour-attirer-labondance-de-penser-positif-en-pilotage-automatique\/","title":{"rendered":""},"content":{"rendered":"<p style=\"text-align: left;\">\u00a0 \r\n<\/p>\n<h1 style=\"text-align: center;\"><span style=\"color: #ff4dff;\"><em><strong>TON ESPACE VID\u00c9O POUR ATTIRER<br \/>\nL&rsquo;ABONDANCE DE PENSER POSITIF EN PILOTAGE AUTOMATIQUE<\/strong><\/em><\/span><span style=\"color: #ff00ff;\"><em><strong><span style=\"color: #ff4dff;\">!!!&#8230;<\/span><\/strong><\/em><\/span><\/h1>\n<p style=\"text-align: left;\"><span style=\"color: #ff00ff;\"><span style=\"color: #000000;\">Il y a 2 Sortes d&rsquo;individus, ceux dont le pilotage Automatique est orient\u00e9 catastrophes, probl\u00e8mes, peurs, n\u00e9gativisme&#8230;et Ceux orient\u00e9s Solutions, R\u00e9ussites, Confiances, Optimismes etc&#8230;Si tu Fais Partie de la Premi\u00e8re Cat\u00e9gorie, Alors Ose, Autorise-Toi cette Vid\u00e9o Subliminale qui va te permettre une reprogrammation Automatique profonde et d\u00e9finitive de penser positivement!!!&#8230;<br \/>\n<\/span><strong><span style=\"color: #ff4dff;\"><br \/>\n<\/span><\/strong><em><strong><span style=\"color: #ff4dff;\"><img decoding=\"async\" class=\"wp-image-2244 aligncenter\" src=\"http:\/\/la-revolution-therapie.universcghe.fr\/reprogrammer-votre-cerveau-pour\/wp-content\/uploads\/sites\/11\/2019\/12\/penser-positif-en-pilotage-automatique.png\" alt=\"\" width=\"259\" height=\"184\" \/><\/span><br \/>\n<\/strong><\/em><\/span><\/p>\n<\/p>\n<p style=\"text-align: center;\"><span style=\"color: #ff0000;\"><em><strong>Ce Contenu est r\u00e9serv\u00e9<\/strong><\/em><\/span><br \/>\n<span style=\"color: #0000ff;\"><em><strong> Pour Acc\u00e9der \u00e0 Cette Vid\u00e9o Subliminale !!!&#8230;<\/strong><\/em><\/span><\/p>\n<p style=\"text-align: center;\"><a href=\"http:\/\/la-revolution-therapie.universcghe.fr\/reprogrammer-votre-cerveau-pour\/page-de-choix-videos-subliminales-pt\/\"><img decoding=\"async\" class=\"alignnone wp-image-2270\" src=\"http:\/\/la-revolution-therapie.universcghe.fr\/reprogrammer-votre-cerveau-pour\/wp-content\/uploads\/sites\/11\/2019\/12\/Image3.png\" alt=\"\" width=\"140\" height=\"59\" \/><\/a><\/p>\n<p style=\"text-align: center;\"><span style=\"color: #ff0000;\"><em><strong><span style=\"color: #0000ff;\">OU<\/span><br \/>\nPour Acc\u00e9der \u00e0 l&rsquo;ensemble des Vid\u00e9os Subliminales \u00e0 un tarif Pr\u00e9f\u00e9rentiel<\/strong><\/em><\/span><\/p>\n<p><a href=\"http:\/\/la-revolution-therapie.universcghe.fr\/reprogrammer-votre-cerveau-pour\/page-de-choix_pack-des-packs-videos\/\"><img decoding=\"async\" class=\"wp-image-2270 aligncenter\" src=\"http:\/\/la-revolution-therapie.universcghe.fr\/reprogrammer-votre-cerveau-pour\/wp-content\/uploads\/sites\/11\/2019\/12\/Image3.png\" alt=\"\" width=\"140\" height=\"59\" \/><\/a><\/p>\n<p style=\"text-align: center;\"><span style=\"color: #ff0000;\"><span style=\"color: #0000ff;\"><em><strong>ET\/<\/strong><\/em><\/span><em><strong><span style=\"color: #0000ff;\">OU<\/span><br \/>\n<\/strong><\/em><\/span><em style=\"color: #ff0000;\"><strong>Pour B\u00e9n\u00e9ficier des Prochaines Offres Sp\u00e9ciales !!!&#8230;<\/strong><\/em><\/p>\n<p style=\"text-align: center;\"><a href=\"https:\/\/martine-clavelli.systeme.io\/7b0d8240\"><img loading=\"lazy\" loading=\"lazy\" decoding=\"async\" class=\"alignnone wp-image-2271\" src=\"http:\/\/la-revolution-therapie.universcghe.fr\/reprogrammer-votre-cerveau-pour\/wp-content\/uploads\/sites\/11\/2019\/12\/je-mincris.png\" alt=\"\" width=\"140\" height=\"63\" \/><\/a><\/p>\n<p>\n","protected":false},"excerpt":{"rendered":"<p>\u00a0 TON ESPACE VID\u00c9O POUR ATTIRER L&rsquo;ABONDANCE DE PENSER POSITIF EN PILOTAGE AUTOMATIQUE!!!&#8230; Il y a 2 Sortes d&rsquo;individus, ceux dont le pilotage Automatique est orient\u00e9 catastrophes, probl\u00e8mes, peurs, n\u00e9gativisme&#8230;et Ceux orient\u00e9s Solutions, R\u00e9ussites, Confiances, Optimismes etc&#8230;Si tu Fais Partie de la Premi\u00e8re Cat\u00e9gorie, Alors Ose, Autorise-Toi cette Vid\u00e9o Subliminale qui va te permettre une [&hellip;]<\/p>\n","protected":false},"author":1,"featured_media":0,"parent":785,"menu_order":13,"comment_status":"closed","ping_status":"closed","template":"","meta":{"_et_pb_use_builder":"","_et_pb_old_content":"","_et_gb_content_width":"","footnotes":""},"class_list":["post-883","page","type-page","status-publish","hentry"],"aioseo_notices":[],"_links":{"self":[{"href":"https:\/\/la-revolution-therapie.universcghe.fr\/reprogrammer-votre-cerveau-pour\/wp-json\/wp\/v2\/pages\/883","targetHints":{"allow":["GET"]}}],"collection":[{"href":"https:\/\/la-revolution-therapie.universcghe.fr\/reprogrammer-votre-cerveau-pour\/wp-json\/wp\/v2\/pages"}],"about":[{"href":"https:\/\/la-revolution-therapie.universcghe.fr\/reprogrammer-votre-cerveau-pour\/wp-json\/wp\/v2\/types\/page"}],"author":[{"embeddable":true,"href":"https:\/\/la-revolution-therapie.universcghe.fr\/reprogrammer-votre-cerveau-pour\/wp-json\/wp\/v2\/users\/1"}],"replies":[{"embeddable":true,"href":"https:\/\/la-revolution-therapie.universcghe.fr\/reprogrammer-votre-cerveau-pour\/wp-json\/wp\/v2\/comments?post=883"}],"version-history":[{"count":0,"href":"https:\/\/la-revolution-therapie.universcghe.fr\/reprogrammer-votre-cerveau-pour\/wp-json\/wp\/v2\/pages\/883\/revisions"}],"up":[{"embeddable":true,"href":"https:\/\/la-revolution-therapie.universcghe.fr\/reprogrammer-votre-cerveau-pour\/wp-json\/wp\/v2\/pages\/785"}],"wp:attachment":[{"href":"https:\/\/la-revolution-therapie.universcghe.fr\/reprogrammer-votre-cerveau-pour\/wp-json\/wp\/v2\/media?parent=883"}],"curies":[{"name":"wp","href":"https:\/\/api.w.org\/{rel}","templated":true}]}}